{"id":4634,"date":"2022-10-03T07:59:13","date_gmt":"2022-10-03T07:59:13","guid":{"rendered":"https:\/\/www.murtra.com\/producto\/non%20class\u00e9\/at8x9\/"},"modified":"2023-10-17T15:03:22","modified_gmt":"2023-10-17T15:03:22","slug":"at8x9","status":"publish","type":"product","link":"https:\/\/www.murtra.com\/fr\/produit\/deco\/motoriser\/at8x9\/","title":{"rendered":"PAROI JAPONAISE"},"content":{"rendered":"<div class=\"wpb-content-wrapper\"><p>[vc_row el_class=\u00a0\u00bbdisplay-none-desktop\u00a0\u00bb][vc_column][vc_wp_text el_class=\u00a0\u00bbproduct-text title-decor-responsive-icons\u00a0\u00bb]<\/p>\n<h1 class=\"title-product color-blue\">PAROI JAPONAISE<\/h1>\n<div class=\"product-mini-logos\" style=\"margin-top: 25px;\"><img decoding=\"async\" src=\"https:\/\/www.murtra.com\/wp-content\/uploads\/2022\/11\/icono_cortinas_panel_japones.png\" \/> <img decoding=\"async\" src=\"https:\/\/www.murtra.com\/wp-content\/uploads\/2022\/02\/murtra-blue-logo-01.png\" \/> <img loading=\"lazy\" decoding=\"async\" class=\"alignnone size-full wp-image-3031\" src=\"https:\/\/www.murtra.com\/wp-content\/uploads\/2022\/02\/murtra-blue-logo-02-2.png\" alt=\"\" width=\"80\" height=\"80\" \/><\/div>\n<p>[\/vc_wp_text][\/vc_column][\/vc_row][vc_row full_width=\u00a0\u00bbstretch_row\u00a0\u00bb el_class=\u00a0\u00bbsection-product-type-4&Prime;][vc_column width=\u00a0\u00bb1\/2&Prime;][vc_wp_text el_class=\u00a0\u00bbproduct-text product-text-line-height\u00a0\u00bb]<\/p>\n<h1 class=\"title-product color-blue display-none-responsive\">PAROI JAPONAISE<\/h1>\n<div class=\"product-mini-logos display-none-responsive\" style=\"margin-top: 25px;\"><img decoding=\"async\" src=\"https:\/\/www.murtra.com\/wp-content\/uploads\/2022\/11\/icono_cortinas_panel_japones.png\" \/><img decoding=\"async\" src=\"https:\/\/www.murtra.com\/wp-content\/uploads\/2022\/02\/murtra-blue-logo-01.png\" \/><img loading=\"lazy\" decoding=\"async\" class=\"alignnone size-full wp-image-3031\" src=\"https:\/\/www.murtra.com\/wp-content\/uploads\/2022\/02\/murtra-blue-logo-02.png\" alt=\"\" width=\"80\" height=\"80\" \/><\/div>\n<p class=\"subtitle-product\">Syst\u00e8me tr\u00e8s silencieux.<br \/>\nD\u00e9marrage et stop ralentis.<br \/>\nTouch control: D\u00e9marrage automatique en tirant sur le tissu.<br \/>\nManoeuvre manuelle en cas de coupure de courant.<br \/>\nStop After Resistance: Arr\u00eat automatique si le tissu s\u2019accroche \u00e0 la fen\u00eatre ou \u00e0 la porte.<br \/>\nLimites et positions programmables.<br \/>\nAcc\u00e8s au Wi-Fi par dispositif \u00e0 connexion facile et rapide.<\/p>\n<p><a class=\"link-product\" href=\"#contacto\">Demander des informations<\/a>[\/vc_wp_text][\/vc_column][vc_column width=\u00a0\u00bb1\/2&Prime;]<div id=\"ult-carousel-262616873869f4d3abe319d\" class=\"ult-carousel-wrapper  slider-products not-slider ult_horizontal\" data-gutter=\"15\" data-rtl=\"false\" ><div class=\"ult-carousel-425845207569f4d3abe30ed \" >[vc_single_image image=\u00a0\u00bb3107&Prime; img_size=\u00a0\u00bbfull\u00a0\u00bb]<\/div><\/div>\t\t\t<script type=\"text\/javascript\">\n\t\t\t\tjQuery(document).ready(function ($) {\n\t\t\t\t\tif( typeof jQuery('.ult-carousel-425845207569f4d3abe30ed').slick == \"function\"){\n\t\t\t\t\t\t$('.ult-carousel-425845207569f4d3abe30ed').slick({dots: true,autoplaySpeed: \"5000\",speed: \"300\",infinite: true,arrows: false,slidesToScroll:1,slidesToShow:1,swipe: true,draggable: true,touchMove: true,pauseOnHover: true,pauseOnFocus: false,responsive: [\n\t\t\t\t\t\t\t{\n\t\t\t\t\t\t\t  breakpoint: 1026,\n\t\t\t\t\t\t\t  settings: {\n\t\t\t\t\t\t\t\tslidesToShow: 1,\n\t\t\t\t\t\t\t\tslidesToScroll: 1,  \n\t\t\t\t\t\t\t  }\n\t\t\t\t\t\t\t},\n\t\t\t\t\t\t\t{\n\t\t\t\t\t\t\t  breakpoint: 1025,\n\t\t\t\t\t\t\t  settings: {\n\t\t\t\t\t\t\t\tslidesToShow: 1,\n\t\t\t\t\t\t\t\tslidesToScroll: 1\n\t\t\t\t\t\t\t  }\n\t\t\t\t\t\t\t},\n\t\t\t\t\t\t\t{\n\t\t\t\t\t\t\t  breakpoint: 760,\n\t\t\t\t\t\t\t  settings: {\n\t\t\t\t\t\t\t\tslidesToShow: 1,\n\t\t\t\t\t\t\t\tslidesToScroll: 1\n\t\t\t\t\t\t\t  }\n\t\t\t\t\t\t\t}\n\t\t\t\t\t\t],pauseOnDotsHover: true,customPaging: function(slider, i) {\n                   return '<i type=\"button\" style= \"color:#333333;\" class=\"ultsl-record\" data-role=\"none\"><\/i>';\n                },});\n\t\t\t\t\t}\n\t\t\t\t});\n\t\t\t<\/script>\n\t\t\t[\/vc_column][\/vc_row][vc_row el_class=\u00a0\u00bbtext-default-p detalles-tecnicos-section-decor\u00a0\u00bb css=\u00a0\u00bb.vc_custom_1669761221482{margin-top: 45px !important;}\u00a0\u00bb][vc_column][vc_wp_text]<\/p>\n<p class=\"descargable-title title-1 heavy-duty-ficha-tecnica\">Fiche technique<\/p>\n<p>[\/vc_wp_text][vc_row_inner el_class=\u00a0\u00bbheavy-duty-list\u00a0\u00bb][vc_column_inner width=\u00a0\u00bb1\/2&Prime;][vc_wp_text]<\/p>\n<ul>\n<li><img decoding=\"async\" class=\"detalles-tecnicos\" src=\"https:\/\/www.murtra.com\/wp-content\/uploads\/2022\/02\/murtra-blue-logo-04.png\" \/>Dimensions moteur \u00a060 x 339 x 40 mm<\/li>\n<li><img decoding=\"async\" class=\"detalles-tecnicos\" src=\"https:\/\/www.murtra.com\/wp-content\/uploads\/2022\/02\/murtra-blue-logo-05.png\" \/>Force 0,8 Nm<\/li>\n<li><img decoding=\"async\" class=\"detalles-tecnicos\" src=\"https:\/\/www.murtra.com\/wp-content\/uploads\/2022\/02\/murtra-blue-logo-06.png\" \/>Vitesse 110 tr\/min, 0,11 m\/s<\/li>\n<li><img decoding=\"async\" class=\"detalles-tecnicos\" src=\"https:\/\/www.murtra.com\/wp-content\/uploads\/2022\/02\/murtra-blue-logo-07.png\" \/>Capacit\u00e9 de charge 30 kg<\/li>\n<li><img decoding=\"async\" class=\"detalles-tecnicos\" src=\"https:\/\/www.murtra.com\/wp-content\/uploads\/2022\/02\/murtra-blue-logo-08.png\" \/>Son &lt;35 dB<\/li>\n<li><img decoding=\"async\" class=\"detalles-tecnicos\" src=\"https:\/\/www.murtra.com\/wp-content\/uploads\/2022\/02\/murtra-blue-logo-09.png\" \/>Tension 110-240 V<\/li>\n<\/ul>\n<p>[\/vc_wp_text][\/vc_column_inner][vc_column_inner width=\u00a0\u00bb1\/2&Prime;][vc_wp_text]<\/p>\n<ul>\n<li><img decoding=\"async\" class=\"detalles-tecnicos\" src=\"https:\/\/www.murtra.com\/wp-content\/uploads\/2022\/02\/murtra-blue-logo-10.png\" \/>Puissance 30 W<\/li>\n<li><img decoding=\"async\" class=\"detalles-tecnicos\" src=\"https:\/\/www.murtra.com\/wp-content\/uploads\/2022\/02\/murtra-blue-logo-11.png\" \/>Radiofr\u00e9quence FSK 433.92 MHz<\/li>\n<li><img decoding=\"async\" class=\"detalles-tecnicos\" src=\"https:\/\/www.murtra.com\/wp-content\/uploads\/2022\/02\/murtra-blue-logo-12.png\" \/>Temp\u00e9rature de fonctionnement -10\u00b0C ~ 80\u00b0C<\/li>\n<li><img decoding=\"async\" class=\"detalles-tecnicos\" src=\"https:\/\/www.murtra.com\/wp-content\/uploads\/2022\/02\/murtra-blue-logo-13.png\" \/>T\u00e9l\u00e9commande 6 canaux<\/li>\n<li><img decoding=\"async\" class=\"detalles-tecnicos\" src=\"https:\/\/www.murtra.com\/wp-content\/uploads\/2022\/02\/murtra-blue-logo-14.png\" \/>Bouton 1 canal<\/li>\n<li><img loading=\"lazy\" decoding=\"async\" class=\"detalles-tecnicos alignnone wp-image-3028 \" src=\"https:\/\/www.murtra.com\/wp-content\/uploads\/2022\/02\/murtra-blue-logo-02-1.png\" alt=\"\" width=\"54\" height=\"54\" \/> Wifi Alexa, Google Home\u2026<\/li>\n<\/ul>\n<p>[\/vc_wp_text][\/vc_column_inner][\/vc_row_inner][\/vc_column][\/vc_row][vc_row el_class=\u00a0\u00bbtext-default-p detalles-tecnicos-section-decor\u00a0\u00bb css=\u00a0\u00bb.vc_custom_1669759383062{margin-top: 45px !important;}\u00a0\u00bb][vc_column width=\u00a0\u00bb1\/3&Prime; el_class=\u00a0\u00bbdetalles-tecnicos-margin-at943&Prime;][vc_wp_text]<\/p>\n<p class=\"descargable-title title-1\">D\u00e9tails techniques<\/p>\n<p>[\/vc_wp_text][\/vc_column][vc_column width=\u00a0\u00bb2\/3&Prime; el_class=\u00a0\u00bbpadding-top-0px\u00a0\u00bb]<div class=\"ult-spacer spacer-69f4d3abe324c\" data-id=\"69f4d3abe324c\" data-height=\"55\" data-height-mobile=\"0\" data-height-tab=\"0\" data-height-tab-portrait=\"0\" data-height-mobile-landscape=\"0\" style=\"clear:both;display:block;\"><\/div>[vc_wp_text]Poids maximum rideau: 8,5 kg<br \/>\nLargeur maximum rideau: 5,7 m<br \/>\nCouleur: Blanc<\/p>\n<p>Man\u0153uvres <img decoding=\"async\" class=\"detalles-tecnicos\" src=\"https:\/\/www.murtra.com\/wp-content\/uploads\/2022\/02\/murtra-blue-logo-01.png\" \/><br \/>\nMotoris\u00e9<\/p>\n<p>Nombre de voies: 3 \/ 4 \/ 5<\/p>\n<p>Cintrages: -[\/vc_wp_text][\/vc_column][\/vc_row][vc_column width=\u00a0\u00bb1\/3&Prime;][\/vc_column]<\/p>\n<\/div>","protected":false},"excerpt":{"rendered":"<p>[vc_row el_class=\u00a0\u00bbdisplay-none-desktop\u00a0\u00bb][vc_column][vc_wp_text el_class=\u00a0\u00bbproduct-text title-decor-responsive-icons\u00a0\u00bb] PAROI JAPONAISE [\/vc_wp_text][\/vc_column][\/vc_row][vc_row full_width=\u00a0\u00bbstretch_row\u00a0\u00bb el_class=\u00a0\u00bbsection-product-type-4&Prime;][vc_column width=\u00a0\u00bb1\/2&Prime;][vc_wp_text el_class=\u00a0\u00bbproduct-text product-text-line-height\u00a0\u00bb] PAROI JAPONAISE Syst\u00e8me tr\u00e8s silencieux. D\u00e9marrage et stop ralentis. Touch control: D\u00e9marrage automatique en tirant sur le tissu. Manoeuvre manuelle en cas de coupure de courant. Stop After Resistance: Arr\u00eat automatique si le tissu s\u2019accroche \u00e0 la fen\u00eatre ou \u00e0 la porte. Limites [&hellip;]<\/p>\n","protected":false},"featured_media":3107,"comment_status":"open","ping_status":"closed","template":"","meta":{"_acf_changed":false},"product_brand":[],"product_cat":[266],"product_tag":[],"class_list":{"0":"post-4634","1":"product","2":"type-product","3":"status-publish","4":"has-post-thumbnail","6":"product_cat-systemes-a-moteur-moving-murtra","8":"first","9":"instock","10":"shipping-taxable","11":"product-type-simple"},"acf":[],"yoast_head":"<!-- This site is optimized with the Yoast SEO plugin v27.3 - https:\/\/yoast.com\/product\/yoast-seo-wordpress\/ -->\n<title>PAROI JAPONAISE<\/title>\n<meta name=\"robots\" content=\"index, follow, max-snippet:-1, max-image-preview:large, max-video-preview:-1\" \/>\n<link rel=\"canonical\" href=\"https:\/\/www.murtra.com\/fr\/produit\/deco\/motoriser\/at8x9\/\" \/>\n<meta property=\"og:locale\" content=\"fr_FR\" \/>\n<meta property=\"og:type\" content=\"article\" \/>\n<meta property=\"og:title\" content=\"PAROI JAPONAISE\" \/>\n<meta property=\"og:description\" content=\"[vc_row el_class=\u00a0\u00bbdisplay-none-desktop\u00a0\u00bb][vc_column][vc_wp_text el_class=\u00a0\u00bbproduct-text title-decor-responsive-icons\u00a0\u00bb] PAROI JAPONAISE [\/vc_wp_text][\/vc_column][\/vc_row][vc_row full_width=\u00a0\u00bbstretch_row\u00a0\u00bb el_class=\u00a0\u00bbsection-product-type-4&Prime;][vc_column width=\u00a0\u00bb1\/2&Prime;][vc_wp_text el_class=\u00a0\u00bbproduct-text product-text-line-height\u00a0\u00bb] PAROI JAPONAISE Syst\u00e8me tr\u00e8s silencieux. D\u00e9marrage et stop ralentis. Touch control: D\u00e9marrage automatique en tirant sur le tissu. Manoeuvre manuelle en cas de coupure de courant. Stop After Resistance: Arr\u00eat automatique si le tissu s\u2019accroche \u00e0 la fen\u00eatre ou \u00e0 la porte. Limites [&hellip;]\" \/>\n<meta property=\"og:url\" content=\"https:\/\/www.murtra.com\/fr\/produit\/deco\/motoriser\/at8x9\/\" \/>\n<meta property=\"og:site_name\" content=\"Murtra\" \/>\n<meta property=\"article:modified_time\" content=\"2023-10-17T15:03:22+00:00\" \/>\n<meta property=\"og:image\" content=\"https:\/\/www.murtra.com\/wp-content\/uploads\/2022\/10\/AT8X9_1-min.jpg\" \/>\n\t<meta property=\"og:image:width\" content=\"635\" \/>\n\t<meta property=\"og:image:height\" content=\"500\" \/>\n\t<meta property=\"og:image:type\" content=\"image\/jpeg\" \/>\n<meta name=\"twitter:card\" content=\"summary_large_image\" \/>\n<meta name=\"twitter:label1\" content=\"Dur\u00e9e de lecture estim\u00e9e\" \/>\n\t<meta name=\"twitter:data1\" content=\"5 minutes\" \/>\n<script type=\"application\/ld+json\" class=\"yoast-schema-graph\">{\"@context\":\"https:\\\/\\\/schema.org\",\"@graph\":[{\"@type\":\"WebPage\",\"@id\":\"https:\\\/\\\/www.murtra.com\\\/fr\\\/produit\\\/deco\\\/motoriser\\\/at8x9\\\/\",\"url\":\"https:\\\/\\\/www.murtra.com\\\/fr\\\/produit\\\/deco\\\/motoriser\\\/at8x9\\\/\",\"name\":\"PAROI JAPONAISE\",\"isPartOf\":{\"@id\":\"https:\\\/\\\/www.murtra.com\\\/fr\\\/#website\"},\"primaryImageOfPage\":{\"@id\":\"https:\\\/\\\/www.murtra.com\\\/fr\\\/produit\\\/deco\\\/motoriser\\\/at8x9\\\/#primaryimage\"},\"image\":{\"@id\":\"https:\\\/\\\/www.murtra.com\\\/fr\\\/produit\\\/deco\\\/motoriser\\\/at8x9\\\/#primaryimage\"},\"thumbnailUrl\":\"https:\\\/\\\/www.murtra.com\\\/wp-content\\\/uploads\\\/2022\\\/10\\\/AT8X9_1-min.jpg\",\"datePublished\":\"2022-10-03T07:59:13+00:00\",\"dateModified\":\"2023-10-17T15:03:22+00:00\",\"breadcrumb\":{\"@id\":\"https:\\\/\\\/www.murtra.com\\\/fr\\\/produit\\\/deco\\\/motoriser\\\/at8x9\\\/#breadcrumb\"},\"inLanguage\":\"fr-FR\",\"potentialAction\":[{\"@type\":\"ReadAction\",\"target\":[\"https:\\\/\\\/www.murtra.com\\\/fr\\\/produit\\\/deco\\\/motoriser\\\/at8x9\\\/\"]}]},{\"@type\":\"ImageObject\",\"inLanguage\":\"fr-FR\",\"@id\":\"https:\\\/\\\/www.murtra.com\\\/fr\\\/produit\\\/deco\\\/motoriser\\\/at8x9\\\/#primaryimage\",\"url\":\"https:\\\/\\\/www.murtra.com\\\/wp-content\\\/uploads\\\/2022\\\/10\\\/AT8X9_1-min.jpg\",\"contentUrl\":\"https:\\\/\\\/www.murtra.com\\\/wp-content\\\/uploads\\\/2022\\\/10\\\/AT8X9_1-min.jpg\",\"width\":635,\"height\":500},{\"@type\":\"BreadcrumbList\",\"@id\":\"https:\\\/\\\/www.murtra.com\\\/fr\\\/produit\\\/deco\\\/motoriser\\\/at8x9\\\/#breadcrumb\",\"itemListElement\":[{\"@type\":\"ListItem\",\"position\":1,\"name\":\"Home\",\"item\":\"https:\\\/\\\/www.murtra.com\\\/fr\\\/\"},{\"@type\":\"ListItem\",\"position\":2,\"name\":\"D\u00e9coration\",\"item\":\"https:\\\/\\\/www.murtra.com\\\/fr\\\/categoria\\\/decoration-fr\\\/\"},{\"@type\":\"ListItem\",\"position\":3,\"name\":\"Syst\u00e8mes \u00e0 Moteur Moving Murtra\",\"item\":\"https:\\\/\\\/www.murtra.com\\\/fr\\\/decoration\\\/motorise\\\/\"},{\"@type\":\"ListItem\",\"position\":4,\"name\":\"PAROI JAPONAISE\"}]},{\"@type\":\"WebSite\",\"@id\":\"https:\\\/\\\/www.murtra.com\\\/fr\\\/#website\",\"url\":\"https:\\\/\\\/www.murtra.com\\\/fr\\\/\",\"name\":\"Murtra Grupo textil industrial\",\"description\":\"Murtra Grupo textil industrial\",\"publisher\":{\"@id\":\"https:\\\/\\\/www.murtra.com\\\/fr\\\/#organization\"},\"potentialAction\":[{\"@type\":\"SearchAction\",\"target\":{\"@type\":\"EntryPoint\",\"urlTemplate\":\"https:\\\/\\\/www.murtra.com\\\/fr\\\/?s={search_term_string}\"},\"query-input\":{\"@type\":\"PropertyValueSpecification\",\"valueRequired\":true,\"valueName\":\"search_term_string\"}}],\"inLanguage\":\"fr-FR\"},{\"@type\":\"Organization\",\"@id\":\"https:\\\/\\\/www.murtra.com\\\/fr\\\/#organization\",\"name\":\"Murtra\",\"url\":\"https:\\\/\\\/www.murtra.com\\\/fr\\\/\",\"logo\":{\"@type\":\"ImageObject\",\"inLanguage\":\"fr-FR\",\"@id\":\"https:\\\/\\\/www.murtra.com\\\/fr\\\/#\\\/schema\\\/logo\\\/image\\\/\",\"url\":\"https:\\\/\\\/www.murtra.com\\\/wp-content\\\/uploads\\\/2021\\\/11\\\/mutra-logo.png\",\"contentUrl\":\"https:\\\/\\\/www.murtra.com\\\/wp-content\\\/uploads\\\/2021\\\/11\\\/mutra-logo.png\",\"width\":156,\"height\":201,\"caption\":\"Murtra\"},\"image\":{\"@id\":\"https:\\\/\\\/www.murtra.com\\\/fr\\\/#\\\/schema\\\/logo\\\/image\\\/\"}}]}<\/script>\n<!-- \/ Yoast SEO plugin. -->","yoast_head_json":{"title":"PAROI JAPONAISE","robots":{"index":"index","follow":"follow","max-snippet":"max-snippet:-1","max-image-preview":"max-image-preview:large","max-video-preview":"max-video-preview:-1"},"canonical":"https:\/\/www.murtra.com\/fr\/produit\/deco\/motoriser\/at8x9\/","og_locale":"fr_FR","og_type":"article","og_title":"PAROI JAPONAISE","og_description":"[vc_row el_class=\u00a0\u00bbdisplay-none-desktop\u00a0\u00bb][vc_column][vc_wp_text el_class=\u00a0\u00bbproduct-text title-decor-responsive-icons\u00a0\u00bb] PAROI JAPONAISE [\/vc_wp_text][\/vc_column][\/vc_row][vc_row full_width=\u00a0\u00bbstretch_row\u00a0\u00bb el_class=\u00a0\u00bbsection-product-type-4&Prime;][vc_column width=\u00a0\u00bb1\/2&Prime;][vc_wp_text el_class=\u00a0\u00bbproduct-text product-text-line-height\u00a0\u00bb] PAROI JAPONAISE Syst\u00e8me tr\u00e8s silencieux. D\u00e9marrage et stop ralentis. Touch control: D\u00e9marrage automatique en tirant sur le tissu. Manoeuvre manuelle en cas de coupure de courant. Stop After Resistance: Arr\u00eat automatique si le tissu s\u2019accroche \u00e0 la fen\u00eatre ou \u00e0 la porte. Limites [&hellip;]","og_url":"https:\/\/www.murtra.com\/fr\/produit\/deco\/motoriser\/at8x9\/","og_site_name":"Murtra","article_modified_time":"2023-10-17T15:03:22+00:00","og_image":[{"width":635,"height":500,"url":"https:\/\/www.murtra.com\/wp-content\/uploads\/2022\/10\/AT8X9_1-min.jpg","type":"image\/jpeg"}],"twitter_card":"summary_large_image","twitter_misc":{"Dur\u00e9e de lecture estim\u00e9e":"5 minutes"},"schema":{"@context":"https:\/\/schema.org","@graph":[{"@type":"WebPage","@id":"https:\/\/www.murtra.com\/fr\/produit\/deco\/motoriser\/at8x9\/","url":"https:\/\/www.murtra.com\/fr\/produit\/deco\/motoriser\/at8x9\/","name":"PAROI JAPONAISE","isPartOf":{"@id":"https:\/\/www.murtra.com\/fr\/#website"},"primaryImageOfPage":{"@id":"https:\/\/www.murtra.com\/fr\/produit\/deco\/motoriser\/at8x9\/#primaryimage"},"image":{"@id":"https:\/\/www.murtra.com\/fr\/produit\/deco\/motoriser\/at8x9\/#primaryimage"},"thumbnailUrl":"https:\/\/www.murtra.com\/wp-content\/uploads\/2022\/10\/AT8X9_1-min.jpg","datePublished":"2022-10-03T07:59:13+00:00","dateModified":"2023-10-17T15:03:22+00:00","breadcrumb":{"@id":"https:\/\/www.murtra.com\/fr\/produit\/deco\/motoriser\/at8x9\/#breadcrumb"},"inLanguage":"fr-FR","potentialAction":[{"@type":"ReadAction","target":["https:\/\/www.murtra.com\/fr\/produit\/deco\/motoriser\/at8x9\/"]}]},{"@type":"ImageObject","inLanguage":"fr-FR","@id":"https:\/\/www.murtra.com\/fr\/produit\/deco\/motoriser\/at8x9\/#primaryimage","url":"https:\/\/www.murtra.com\/wp-content\/uploads\/2022\/10\/AT8X9_1-min.jpg","contentUrl":"https:\/\/www.murtra.com\/wp-content\/uploads\/2022\/10\/AT8X9_1-min.jpg","width":635,"height":500},{"@type":"BreadcrumbList","@id":"https:\/\/www.murtra.com\/fr\/produit\/deco\/motoriser\/at8x9\/#breadcrumb","itemListElement":[{"@type":"ListItem","position":1,"name":"Home","item":"https:\/\/www.murtra.com\/fr\/"},{"@type":"ListItem","position":2,"name":"D\u00e9coration","item":"https:\/\/www.murtra.com\/fr\/categoria\/decoration-fr\/"},{"@type":"ListItem","position":3,"name":"Syst\u00e8mes \u00e0 Moteur Moving Murtra","item":"https:\/\/www.murtra.com\/fr\/decoration\/motorise\/"},{"@type":"ListItem","position":4,"name":"PAROI JAPONAISE"}]},{"@type":"WebSite","@id":"https:\/\/www.murtra.com\/fr\/#website","url":"https:\/\/www.murtra.com\/fr\/","name":"Murtra Grupo textil industrial","description":"Murtra Grupo textil industrial","publisher":{"@id":"https:\/\/www.murtra.com\/fr\/#organization"},"potentialAction":[{"@type":"SearchAction","target":{"@type":"EntryPoint","urlTemplate":"https:\/\/www.murtra.com\/fr\/?s={search_term_string}"},"query-input":{"@type":"PropertyValueSpecification","valueRequired":true,"valueName":"search_term_string"}}],"inLanguage":"fr-FR"},{"@type":"Organization","@id":"https:\/\/www.murtra.com\/fr\/#organization","name":"Murtra","url":"https:\/\/www.murtra.com\/fr\/","logo":{"@type":"ImageObject","inLanguage":"fr-FR","@id":"https:\/\/www.murtra.com\/fr\/#\/schema\/logo\/image\/","url":"https:\/\/www.murtra.com\/wp-content\/uploads\/2021\/11\/mutra-logo.png","contentUrl":"https:\/\/www.murtra.com\/wp-content\/uploads\/2021\/11\/mutra-logo.png","width":156,"height":201,"caption":"Murtra"},"image":{"@id":"https:\/\/www.murtra.com\/fr\/#\/schema\/logo\/image\/"}}]}},"_links":{"self":[{"href":"https:\/\/www.murtra.com\/fr\/wp-json\/wp\/v2\/product\/4634","targetHints":{"allow":["GET"]}}],"collection":[{"href":"https:\/\/www.murtra.com\/fr\/wp-json\/wp\/v2\/product"}],"about":[{"href":"https:\/\/www.murtra.com\/fr\/wp-json\/wp\/v2\/types\/product"}],"replies":[{"embeddable":true,"href":"https:\/\/www.murtra.com\/fr\/wp-json\/wp\/v2\/comments?post=4634"}],"wp:featuredmedia":[{"embeddable":true,"href":"https:\/\/www.murtra.com\/fr\/wp-json\/wp\/v2\/media\/3107"}],"wp:attachment":[{"href":"https:\/\/www.murtra.com\/fr\/wp-json\/wp\/v2\/media?parent=4634"}],"wp:term":[{"taxonomy":"product_brand","embeddable":true,"href":"https:\/\/www.murtra.com\/fr\/wp-json\/wp\/v2\/product_brand?post=4634"},{"taxonomy":"product_cat","embeddable":true,"href":"https:\/\/www.murtra.com\/fr\/wp-json\/wp\/v2\/product_cat?post=4634"},{"taxonomy":"product_tag","embeddable":true,"href":"https:\/\/www.murtra.com\/fr\/wp-json\/wp\/v2\/product_tag?post=4634"}],"curies":[{"name":"wp","href":"https:\/\/api.w.org\/{rel}","templated":true}]}}