{"id":4630,"date":"2022-10-04T08:54:39","date_gmt":"2022-10-04T08:54:39","guid":{"rendered":"https:\/\/www.murtra.com\/producto\/non%20class\u00e9\/at943-at944-at945\/"},"modified":"2025-03-27T15:06:59","modified_gmt":"2025-03-27T15:06:59","slug":"at943-at944-at945","status":"publish","type":"product","link":"https:\/\/www.murtra.com\/fr\/produit\/decoration\/motorise\/at520\/","title":{"rendered":"STORES BATEAUX HEAVY DUTY"},"content":{"rendered":"<div class=\"wpb-content-wrapper\"><p>[vc_row el_class=\u00a0\u00bbdisplay-none-desktop\u00a0\u00bb][vc_column][vc_wp_text el_class=\u00a0\u00bbproduct-text title-decor-responsive-icons\u00a0\u00bb]<\/p>\n<h1 class=\"title-product color-blue\">STORES BATEAUX HEAVY DUTY<\/h1>\n<div class=\"product-mini-logos\" style=\"margin-top: 25px;\"><img decoding=\"async\" src=\"https:\/\/www.murtra.com\/wp-content\/uploads\/2022\/11\/icono_cortinas_estor-2.png\" \/>\u00a0\u00a0<img decoding=\"async\" src=\"https:\/\/www.murtra.com\/wp-content\/uploads\/2022\/02\/murtra-blue-logo-01.png\" \/><\/div>\n<p>[\/vc_wp_text][\/vc_column][\/vc_row][vc_row full_width=\u00a0\u00bbstretch_row\u00a0\u00bb el_class=\u00a0\u00bbsection-product-type-4&Prime;][vc_column width=\u00a0\u00bb1\/2&Prime;][vc_wp_text el_class=\u00a0\u00bbproduct-text product-text-line-height\u00a0\u00bb]<\/p>\n<h1 class=\"title-product color-blue display-none-responsive\">STORES BATEAUX HEAVY DUTY<\/h1>\n<div class=\"product-mini-logos display-none-responsive\" style=\"margin-top: 25px;\"><img decoding=\"async\" src=\"https:\/\/www.murtra.com\/wp-content\/uploads\/2022\/11\/icono_cortinas_estor-2.png\" \/> <img decoding=\"async\" src=\"https:\/\/www.murtra.com\/wp-content\/uploads\/2022\/02\/murtra-blue-logo-01.png\" \/><\/div>\n<p>&nbsp;<\/p>\n<p>Syst\u00e8me robuste et tr\u00e8s silencieux.<\/p>\n<p>R\u00e9glage facile aux extr\u00e9mit\u00e9s (haut\/bas).<\/p>\n<p>Pour rideaux lourds, id\u00e9al pour b\u00e2timent \u00e0 usage commercial.<\/p>\n<p>Facile \u00e0 installer<\/p>\n<p><a class=\"link-product\" href=\"#contacto\">Demander des informations<\/a>[\/vc_wp_text][\/vc_column][vc_column width=\u00a0\u00bb1\/2&Prime;]<div id=\"ult-carousel-285360542069df6bed0e6ea\" class=\"ult-carousel-wrapper  slider-products not-slider ult_horizontal\" data-gutter=\"15\" data-rtl=\"false\" ><div class=\"ult-carousel-263304546669df6bed0e5fe \" >[vc_single_image image=\u00a0\u00bb3091&Prime; img_size=\u00a0\u00bbfull\u00a0\u00bb]<\/div><\/div>\t\t\t<script type=\"text\/javascript\">\n\t\t\t\tjQuery(document).ready(function ($) {\n\t\t\t\t\tif( typeof jQuery('.ult-carousel-263304546669df6bed0e5fe').slick == \"function\"){\n\t\t\t\t\t\t$('.ult-carousel-263304546669df6bed0e5fe').slick({dots: true,autoplaySpeed: \"5000\",speed: \"300\",infinite: true,arrows: false,slidesToScroll:1,slidesToShow:1,swipe: true,draggable: true,touchMove: true,pauseOnHover: true,pauseOnFocus: false,responsive: [\n\t\t\t\t\t\t\t{\n\t\t\t\t\t\t\t  breakpoint: 1026,\n\t\t\t\t\t\t\t  settings: {\n\t\t\t\t\t\t\t\tslidesToShow: 1,\n\t\t\t\t\t\t\t\tslidesToScroll: 1,  \n\t\t\t\t\t\t\t  }\n\t\t\t\t\t\t\t},\n\t\t\t\t\t\t\t{\n\t\t\t\t\t\t\t  breakpoint: 1025,\n\t\t\t\t\t\t\t  settings: {\n\t\t\t\t\t\t\t\tslidesToShow: 1,\n\t\t\t\t\t\t\t\tslidesToScroll: 1\n\t\t\t\t\t\t\t  }\n\t\t\t\t\t\t\t},\n\t\t\t\t\t\t\t{\n\t\t\t\t\t\t\t  breakpoint: 760,\n\t\t\t\t\t\t\t  settings: {\n\t\t\t\t\t\t\t\tslidesToShow: 1,\n\t\t\t\t\t\t\t\tslidesToScroll: 1\n\t\t\t\t\t\t\t  }\n\t\t\t\t\t\t\t}\n\t\t\t\t\t\t],pauseOnDotsHover: true,customPaging: function(slider, i) {\n                   return '<i type=\"button\" style= \"color:#333333;\" class=\"ultsl-record\" data-role=\"none\"><\/i>';\n                },});\n\t\t\t\t\t}\n\t\t\t\t});\n\t\t\t<\/script>\n\t\t\t[\/vc_column][\/vc_row][vc_row full_width=\u00a0\u00bbstretch_row\u00a0\u00bb css=\u00a0\u00bb.vc_custom_1645005190310{background-color: #f9f9fa !important;}\u00a0\u00bb el_class=\u00a0\u00bbdetalles-tecnicos-section detalles-tecnicos-section-at943&Prime;][vc_column][vc_wp_text el_class=\u00a0\u00bbcontainer\u00a0\u00bb]<\/p>\n<h2 class=\"title-1\">Fiche technique<\/h2>\n<p>[\/vc_wp_text][vc_wp_text el_class=\u00a0\u00bbproduct-table-section anillas-table anillas-table-normal-last blue-table-header decor-4-columns-table\u00a0\u00bb]<\/p>\n<table class=\"product-table-last-big\">\n<tbody>\n<tr>\n<th><\/th>\n<th>MEC\u00c1NIQUE<\/th>\n<th>VIA RADIO<\/th>\n<\/tr>\n<tr>\n<td>Dimensions moteur<\/td>\n<td>\u00d835 x 480 mm<\/td>\n<td>\u00d835 x 595 mm<\/td>\n<\/tr>\n<tr>\n<td>Force<\/td>\n<td>6 Nm<\/td>\n<td>6 Nm<\/td>\n<\/tr>\n<tr>\n<td>Vitesse<\/td>\n<td>28 tr\/min<\/td>\n<td>28 tr\/min<\/td>\n<\/tr>\n<tr>\n<td>Capacit\u00e9 de charge<\/td>\n<td>15 kg<\/td>\n<td>15 kg<\/td>\n<\/tr>\n<tr>\n<td>Son<\/td>\n<td>56 dB<\/td>\n<td>56 dB<\/td>\n<\/tr>\n<tr>\n<td>Tension<\/td>\n<td>230 V<\/td>\n<td>230 V<\/td>\n<\/tr>\n<tr>\n<td>Puissance<\/td>\n<td>121 W<\/td>\n<td>155 W<\/td>\n<\/tr>\n<tr>\n<td>Radiofr\u00e9quence<\/td>\n<td>&#8211;<\/td>\n<td>2,4 GHz<\/td>\n<\/tr>\n<tr>\n<td>Temp\u00e9rature de fonctionnement<\/td>\n<td>-10\u00b0C ~ 50\u00b0C<\/td>\n<td>-10\u00b0C ~ 50\u00b0C<\/td>\n<\/tr>\n<tr>\n<td>T\u00e9l\u00e9commande<\/td>\n<td>&#8211;<\/td>\n<td>1 canal<\/td>\n<\/tr>\n<tr>\n<td>Bouton<\/td>\n<td>1 canal<\/td>\n<td>&#8211;<\/td>\n<\/tr>\n<\/tbody>\n<\/table>\n<p>[\/vc_wp_text][\/vc_column][\/vc_row][vc_row el_class=\u00a0\u00bbtext-default-p detalles-tecnicos-section-decor detalles-tecnicos-section-decor-at-943&Prime;][vc_column width=\u00a0\u00bb1\/3&Prime; el_class=\u00a0\u00bbdetalles-tecnicos-margin-at943&Prime;][vc_wp_text]<\/p>\n<p class=\"descargable-title title-1\">D\u00e9tails techniques<\/p>\n<p>[\/vc_wp_text][\/vc_column][vc_column width=\u00a0\u00bb2\/3&Prime; el_class=\u00a0\u00bbpadding-top-0px\u00a0\u00bb]<div class=\"ult-spacer spacer-69df6bed0e7a2\" data-id=\"69df6bed0e7a2\" data-height=\"55\" data-height-mobile=\"0\" data-height-tab=\"0\" data-height-tab-portrait=\"0\" data-height-mobile-landscape=\"0\" style=\"clear:both;display:block;\"><\/div>[vc_wp_text]Poids maximum rideau: 15 kg<br \/>\nLargeur maximum rideau: 5 m.<br \/>\nCouleur: Blanc<\/p>\n<p>Man\u0153uvres <img decoding=\"async\" class=\"detalles-tecnicos\" src=\"https:\/\/www.murtra.com\/wp-content\/uploads\/2022\/02\/murtra-blue-logo-01.png\" \/><br \/>\nMotoris\u00e9<\/p>\n<p>Cintrages: -[\/vc_wp_text][\/vc_column][\/vc_row][vc_column][\/vc_column][vc_column width=\u00a0\u00bb1\/2&Prime;][\/vc_column]<\/p>\n<\/div>","protected":false},"excerpt":{"rendered":"<p>[vc_row el_class=\u00a0\u00bbdisplay-none-desktop\u00a0\u00bb][vc_column][vc_wp_text el_class=\u00a0\u00bbproduct-text title-decor-responsive-icons\u00a0\u00bb] STORES BATEAUX HEAVY DUTY \u00a0\u00a0 [\/vc_wp_text][\/vc_column][\/vc_row][vc_row full_width=\u00a0\u00bbstretch_row\u00a0\u00bb el_class=\u00a0\u00bbsection-product-type-4&Prime;][vc_column width=\u00a0\u00bb1\/2&Prime;][vc_wp_text el_class=\u00a0\u00bbproduct-text product-text-line-height\u00a0\u00bb] STORES BATEAUX HEAVY DUTY &nbsp; Syst\u00e8me robuste et tr\u00e8s silencieux. R\u00e9glage facile aux extr\u00e9mit\u00e9s (haut\/bas). Pour rideaux lourds, id\u00e9al pour b\u00e2timent \u00e0 usage commercial. Facile \u00e0 installer Demander des informations[\/vc_wp_text][\/vc_column][vc_column width=\u00a0\u00bb1\/2&Prime;][\/vc_column][\/vc_row][vc_row full_width=\u00a0\u00bbstretch_row\u00a0\u00bb css=\u00a0\u00bb.vc_custom_1645005190310{background-color: #f9f9fa !important;}\u00a0\u00bb el_class=\u00a0\u00bbdetalles-tecnicos-section detalles-tecnicos-section-at943&Prime;][vc_column][vc_wp_text el_class=\u00a0\u00bbcontainer\u00a0\u00bb] Fiche technique [&hellip;]<\/p>\n","protected":false},"featured_media":3091,"comment_status":"open","ping_status":"closed","template":"","meta":{"_acf_changed":false},"product_brand":[],"product_cat":[266],"product_tag":[],"class_list":{"0":"post-4630","1":"product","2":"type-product","3":"status-publish","4":"has-post-thumbnail","6":"product_cat-systemes-a-moteur-moving-murtra","8":"first","9":"instock","10":"shipping-taxable","11":"product-type-simple"},"acf":[],"yoast_head":"<!-- This site is optimized with the Yoast SEO plugin v27.3 - https:\/\/yoast.com\/product\/yoast-seo-wordpress\/ -->\n<title>STORES BATEAUX HEAVY DUTY<\/title>\n<meta name=\"robots\" content=\"index, follow, max-snippet:-1, max-image-preview:large, max-video-preview:-1\" \/>\n<link rel=\"canonical\" href=\"https:\/\/www.murtra.com\/fr\/produit\/decoration\/motorise\/at520\/\" \/>\n<meta property=\"og:locale\" content=\"fr_FR\" \/>\n<meta property=\"og:type\" content=\"article\" \/>\n<meta property=\"og:title\" content=\"STORES BATEAUX HEAVY DUTY\" \/>\n<meta property=\"og:description\" content=\"[vc_row el_class=\u00a0\u00bbdisplay-none-desktop\u00a0\u00bb][vc_column][vc_wp_text el_class=\u00a0\u00bbproduct-text title-decor-responsive-icons\u00a0\u00bb] STORES BATEAUX HEAVY DUTY \u00a0\u00a0 [\/vc_wp_text][\/vc_column][\/vc_row][vc_row full_width=\u00a0\u00bbstretch_row\u00a0\u00bb el_class=\u00a0\u00bbsection-product-type-4&Prime;][vc_column width=\u00a0\u00bb1\/2&Prime;][vc_wp_text el_class=\u00a0\u00bbproduct-text product-text-line-height\u00a0\u00bb] STORES BATEAUX HEAVY DUTY &nbsp; Syst\u00e8me robuste et tr\u00e8s silencieux. R\u00e9glage facile aux extr\u00e9mit\u00e9s (haut\/bas). Pour rideaux lourds, id\u00e9al pour b\u00e2timent \u00e0 usage commercial. Facile \u00e0 installer Demander des informations[\/vc_wp_text][\/vc_column][vc_column width=\u00a0\u00bb1\/2&Prime;][\/vc_column][\/vc_row][vc_row full_width=\u00a0\u00bbstretch_row\u00a0\u00bb css=\u00a0\u00bb.vc_custom_1645005190310{background-color: #f9f9fa !important;}\u00a0\u00bb el_class=\u00a0\u00bbdetalles-tecnicos-section detalles-tecnicos-section-at943&Prime;][vc_column][vc_wp_text el_class=\u00a0\u00bbcontainer\u00a0\u00bb] Fiche technique [&hellip;]\" \/>\n<meta property=\"og:url\" content=\"https:\/\/www.murtra.com\/fr\/produit\/decoration\/motorise\/at520\/\" \/>\n<meta property=\"og:site_name\" content=\"Murtra\" \/>\n<meta property=\"article:modified_time\" content=\"2025-03-27T15:06:59+00:00\" \/>\n<meta property=\"og:image\" content=\"https:\/\/www.murtra.com\/wp-content\/uploads\/2022\/02\/AT520_1-min.jpg\" \/>\n\t<meta property=\"og:image:width\" content=\"635\" \/>\n\t<meta property=\"og:image:height\" content=\"500\" \/>\n\t<meta property=\"og:image:type\" content=\"image\/jpeg\" \/>\n<meta name=\"twitter:card\" content=\"summary_large_image\" \/>\n<meta name=\"twitter:label1\" content=\"Dur\u00e9e de lecture estim\u00e9e\" \/>\n\t<meta name=\"twitter:data1\" content=\"2 minutes\" \/>\n<script type=\"application\/ld+json\" class=\"yoast-schema-graph\">{\"@context\":\"https:\\\/\\\/schema.org\",\"@graph\":[{\"@type\":\"WebPage\",\"@id\":\"https:\\\/\\\/www.murtra.com\\\/fr\\\/produit\\\/decoration\\\/motorise\\\/at520\\\/\",\"url\":\"https:\\\/\\\/www.murtra.com\\\/fr\\\/produit\\\/decoration\\\/motorise\\\/at520\\\/\",\"name\":\"STORES BATEAUX HEAVY DUTY\",\"isPartOf\":{\"@id\":\"https:\\\/\\\/www.murtra.com\\\/fr\\\/#website\"},\"primaryImageOfPage\":{\"@id\":\"https:\\\/\\\/www.murtra.com\\\/fr\\\/produit\\\/decoration\\\/motorise\\\/at520\\\/#primaryimage\"},\"image\":{\"@id\":\"https:\\\/\\\/www.murtra.com\\\/fr\\\/produit\\\/decoration\\\/motorise\\\/at520\\\/#primaryimage\"},\"thumbnailUrl\":\"https:\\\/\\\/www.murtra.com\\\/wp-content\\\/uploads\\\/2022\\\/02\\\/AT520_1-min.jpg\",\"datePublished\":\"2022-10-04T08:54:39+00:00\",\"dateModified\":\"2025-03-27T15:06:59+00:00\",\"breadcrumb\":{\"@id\":\"https:\\\/\\\/www.murtra.com\\\/fr\\\/produit\\\/decoration\\\/motorise\\\/at520\\\/#breadcrumb\"},\"inLanguage\":\"fr-FR\",\"potentialAction\":[{\"@type\":\"ReadAction\",\"target\":[\"https:\\\/\\\/www.murtra.com\\\/fr\\\/produit\\\/decoration\\\/motorise\\\/at520\\\/\"]}]},{\"@type\":\"ImageObject\",\"inLanguage\":\"fr-FR\",\"@id\":\"https:\\\/\\\/www.murtra.com\\\/fr\\\/produit\\\/decoration\\\/motorise\\\/at520\\\/#primaryimage\",\"url\":\"https:\\\/\\\/www.murtra.com\\\/wp-content\\\/uploads\\\/2022\\\/02\\\/AT520_1-min.jpg\",\"contentUrl\":\"https:\\\/\\\/www.murtra.com\\\/wp-content\\\/uploads\\\/2022\\\/02\\\/AT520_1-min.jpg\",\"width\":635,\"height\":500},{\"@type\":\"BreadcrumbList\",\"@id\":\"https:\\\/\\\/www.murtra.com\\\/fr\\\/produit\\\/decoration\\\/motorise\\\/at520\\\/#breadcrumb\",\"itemListElement\":[{\"@type\":\"ListItem\",\"position\":1,\"name\":\"Home\",\"item\":\"https:\\\/\\\/www.murtra.com\\\/fr\\\/\"},{\"@type\":\"ListItem\",\"position\":2,\"name\":\"D\u00e9coration\",\"item\":\"https:\\\/\\\/www.murtra.com\\\/fr\\\/categoria\\\/decoration-fr\\\/\"},{\"@type\":\"ListItem\",\"position\":3,\"name\":\"Syst\u00e8mes \u00e0 Moteur Moving Murtra\",\"item\":\"https:\\\/\\\/www.murtra.com\\\/fr\\\/decoration\\\/motorise\\\/\"},{\"@type\":\"ListItem\",\"position\":4,\"name\":\"STORES BATEAUX HEAVY DUTY\"}]},{\"@type\":\"WebSite\",\"@id\":\"https:\\\/\\\/www.murtra.com\\\/fr\\\/#website\",\"url\":\"https:\\\/\\\/www.murtra.com\\\/fr\\\/\",\"name\":\"Murtra Grupo textil industrial\",\"description\":\"Murtra Grupo textil industrial\",\"publisher\":{\"@id\":\"https:\\\/\\\/www.murtra.com\\\/fr\\\/#organization\"},\"potentialAction\":[{\"@type\":\"SearchAction\",\"target\":{\"@type\":\"EntryPoint\",\"urlTemplate\":\"https:\\\/\\\/www.murtra.com\\\/fr\\\/?s={search_term_string}\"},\"query-input\":{\"@type\":\"PropertyValueSpecification\",\"valueRequired\":true,\"valueName\":\"search_term_string\"}}],\"inLanguage\":\"fr-FR\"},{\"@type\":\"Organization\",\"@id\":\"https:\\\/\\\/www.murtra.com\\\/fr\\\/#organization\",\"name\":\"Murtra\",\"url\":\"https:\\\/\\\/www.murtra.com\\\/fr\\\/\",\"logo\":{\"@type\":\"ImageObject\",\"inLanguage\":\"fr-FR\",\"@id\":\"https:\\\/\\\/www.murtra.com\\\/fr\\\/#\\\/schema\\\/logo\\\/image\\\/\",\"url\":\"https:\\\/\\\/www.murtra.com\\\/wp-content\\\/uploads\\\/2021\\\/11\\\/mutra-logo.png\",\"contentUrl\":\"https:\\\/\\\/www.murtra.com\\\/wp-content\\\/uploads\\\/2021\\\/11\\\/mutra-logo.png\",\"width\":156,\"height\":201,\"caption\":\"Murtra\"},\"image\":{\"@id\":\"https:\\\/\\\/www.murtra.com\\\/fr\\\/#\\\/schema\\\/logo\\\/image\\\/\"}}]}<\/script>\n<!-- \/ Yoast SEO plugin. -->","yoast_head_json":{"title":"STORES BATEAUX HEAVY DUTY","robots":{"index":"index","follow":"follow","max-snippet":"max-snippet:-1","max-image-preview":"max-image-preview:large","max-video-preview":"max-video-preview:-1"},"canonical":"https:\/\/www.murtra.com\/fr\/produit\/decoration\/motorise\/at520\/","og_locale":"fr_FR","og_type":"article","og_title":"STORES BATEAUX HEAVY DUTY","og_description":"[vc_row el_class=\u00a0\u00bbdisplay-none-desktop\u00a0\u00bb][vc_column][vc_wp_text el_class=\u00a0\u00bbproduct-text title-decor-responsive-icons\u00a0\u00bb] STORES BATEAUX HEAVY DUTY \u00a0\u00a0 [\/vc_wp_text][\/vc_column][\/vc_row][vc_row full_width=\u00a0\u00bbstretch_row\u00a0\u00bb el_class=\u00a0\u00bbsection-product-type-4&Prime;][vc_column width=\u00a0\u00bb1\/2&Prime;][vc_wp_text el_class=\u00a0\u00bbproduct-text product-text-line-height\u00a0\u00bb] STORES BATEAUX HEAVY DUTY &nbsp; Syst\u00e8me robuste et tr\u00e8s silencieux. R\u00e9glage facile aux extr\u00e9mit\u00e9s (haut\/bas). Pour rideaux lourds, id\u00e9al pour b\u00e2timent \u00e0 usage commercial. Facile \u00e0 installer Demander des informations[\/vc_wp_text][\/vc_column][vc_column width=\u00a0\u00bb1\/2&Prime;][\/vc_column][\/vc_row][vc_row full_width=\u00a0\u00bbstretch_row\u00a0\u00bb css=\u00a0\u00bb.vc_custom_1645005190310{background-color: #f9f9fa !important;}\u00a0\u00bb el_class=\u00a0\u00bbdetalles-tecnicos-section detalles-tecnicos-section-at943&Prime;][vc_column][vc_wp_text el_class=\u00a0\u00bbcontainer\u00a0\u00bb] Fiche technique [&hellip;]","og_url":"https:\/\/www.murtra.com\/fr\/produit\/decoration\/motorise\/at520\/","og_site_name":"Murtra","article_modified_time":"2025-03-27T15:06:59+00:00","og_image":[{"width":635,"height":500,"url":"https:\/\/www.murtra.com\/wp-content\/uploads\/2022\/02\/AT520_1-min.jpg","type":"image\/jpeg"}],"twitter_card":"summary_large_image","twitter_misc":{"Dur\u00e9e de lecture estim\u00e9e":"2 minutes"},"schema":{"@context":"https:\/\/schema.org","@graph":[{"@type":"WebPage","@id":"https:\/\/www.murtra.com\/fr\/produit\/decoration\/motorise\/at520\/","url":"https:\/\/www.murtra.com\/fr\/produit\/decoration\/motorise\/at520\/","name":"STORES BATEAUX HEAVY DUTY","isPartOf":{"@id":"https:\/\/www.murtra.com\/fr\/#website"},"primaryImageOfPage":{"@id":"https:\/\/www.murtra.com\/fr\/produit\/decoration\/motorise\/at520\/#primaryimage"},"image":{"@id":"https:\/\/www.murtra.com\/fr\/produit\/decoration\/motorise\/at520\/#primaryimage"},"thumbnailUrl":"https:\/\/www.murtra.com\/wp-content\/uploads\/2022\/02\/AT520_1-min.jpg","datePublished":"2022-10-04T08:54:39+00:00","dateModified":"2025-03-27T15:06:59+00:00","breadcrumb":{"@id":"https:\/\/www.murtra.com\/fr\/produit\/decoration\/motorise\/at520\/#breadcrumb"},"inLanguage":"fr-FR","potentialAction":[{"@type":"ReadAction","target":["https:\/\/www.murtra.com\/fr\/produit\/decoration\/motorise\/at520\/"]}]},{"@type":"ImageObject","inLanguage":"fr-FR","@id":"https:\/\/www.murtra.com\/fr\/produit\/decoration\/motorise\/at520\/#primaryimage","url":"https:\/\/www.murtra.com\/wp-content\/uploads\/2022\/02\/AT520_1-min.jpg","contentUrl":"https:\/\/www.murtra.com\/wp-content\/uploads\/2022\/02\/AT520_1-min.jpg","width":635,"height":500},{"@type":"BreadcrumbList","@id":"https:\/\/www.murtra.com\/fr\/produit\/decoration\/motorise\/at520\/#breadcrumb","itemListElement":[{"@type":"ListItem","position":1,"name":"Home","item":"https:\/\/www.murtra.com\/fr\/"},{"@type":"ListItem","position":2,"name":"D\u00e9coration","item":"https:\/\/www.murtra.com\/fr\/categoria\/decoration-fr\/"},{"@type":"ListItem","position":3,"name":"Syst\u00e8mes \u00e0 Moteur Moving Murtra","item":"https:\/\/www.murtra.com\/fr\/decoration\/motorise\/"},{"@type":"ListItem","position":4,"name":"STORES BATEAUX HEAVY DUTY"}]},{"@type":"WebSite","@id":"https:\/\/www.murtra.com\/fr\/#website","url":"https:\/\/www.murtra.com\/fr\/","name":"Murtra Grupo textil industrial","description":"Murtra Grupo textil industrial","publisher":{"@id":"https:\/\/www.murtra.com\/fr\/#organization"},"potentialAction":[{"@type":"SearchAction","target":{"@type":"EntryPoint","urlTemplate":"https:\/\/www.murtra.com\/fr\/?s={search_term_string}"},"query-input":{"@type":"PropertyValueSpecification","valueRequired":true,"valueName":"search_term_string"}}],"inLanguage":"fr-FR"},{"@type":"Organization","@id":"https:\/\/www.murtra.com\/fr\/#organization","name":"Murtra","url":"https:\/\/www.murtra.com\/fr\/","logo":{"@type":"ImageObject","inLanguage":"fr-FR","@id":"https:\/\/www.murtra.com\/fr\/#\/schema\/logo\/image\/","url":"https:\/\/www.murtra.com\/wp-content\/uploads\/2021\/11\/mutra-logo.png","contentUrl":"https:\/\/www.murtra.com\/wp-content\/uploads\/2021\/11\/mutra-logo.png","width":156,"height":201,"caption":"Murtra"},"image":{"@id":"https:\/\/www.murtra.com\/fr\/#\/schema\/logo\/image\/"}}]}},"_links":{"self":[{"href":"https:\/\/www.murtra.com\/fr\/wp-json\/wp\/v2\/product\/4630","targetHints":{"allow":["GET"]}}],"collection":[{"href":"https:\/\/www.murtra.com\/fr\/wp-json\/wp\/v2\/product"}],"about":[{"href":"https:\/\/www.murtra.com\/fr\/wp-json\/wp\/v2\/types\/product"}],"replies":[{"embeddable":true,"href":"https:\/\/www.murtra.com\/fr\/wp-json\/wp\/v2\/comments?post=4630"}],"wp:featuredmedia":[{"embeddable":true,"href":"https:\/\/www.murtra.com\/fr\/wp-json\/wp\/v2\/media\/3091"}],"wp:attachment":[{"href":"https:\/\/www.murtra.com\/fr\/wp-json\/wp\/v2\/media?parent=4630"}],"wp:term":[{"taxonomy":"product_brand","embeddable":true,"href":"https:\/\/www.murtra.com\/fr\/wp-json\/wp\/v2\/product_brand?post=4630"},{"taxonomy":"product_cat","embeddable":true,"href":"https:\/\/www.murtra.com\/fr\/wp-json\/wp\/v2\/product_cat?post=4630"},{"taxonomy":"product_tag","embeddable":true,"href":"https:\/\/www.murtra.com\/fr\/wp-json\/wp\/v2\/product_tag?post=4630"}],"curies":[{"name":"wp","href":"https:\/\/api.w.org\/{rel}","templated":true}]}}