{"id":4584,"date":"2022-10-06T14:49:48","date_gmt":"2022-10-06T14:49:48","guid":{"rendered":"https:\/\/www.murtra.com\/producto\/non%20class\u00e9\/at520-heavy-dut\/"},"modified":"2025-01-16T14:09:50","modified_gmt":"2025-01-16T14:09:50","slug":"at520-heavy-dut","status":"publish","type":"product","link":"https:\/\/www.murtra.com\/fr\/produit\/deco\/moteur\/at943-at944-at945\/","title":{"rendered":"RAILS PROFESSIONNELS"},"content":{"rendered":"<div class=\"wpb-content-wrapper\"><p>[vc_row el_class=\u00a0\u00bbdisplay-none-desktop\u00a0\u00bb][vc_column][vc_wp_text el_class=\u00a0\u00bbproduct-text title-decor-responsive-icons\u00a0\u00bb]<\/p>\n<h1 class=\"title-product color-blue\">RAILS PROFESSIONNELS<\/h1>\n<div class=\"product-mini-logos\" style=\"margin-top: 25px;\"><img decoding=\"async\" src=\"https:\/\/www.murtra.com\/wp-content\/uploads\/2022\/02\/murtra-blue-logo-00.png\" \/><img decoding=\"async\" src=\"https:\/\/www.murtra.com\/wp-content\/uploads\/2022\/02\/murtra-blue-logo-01.png\" \/><img decoding=\"async\" src=\"https:\/\/www.murtra.com\/wp-content\/uploads\/2022\/02\/murtra-blue-logo-03.png\" \/><img decoding=\"async\" src=\"https:\/\/www.murtra.com\/wp-content\/uploads\/2022\/02\/murtra-blue-logo-02.png\" \/><\/div>\n<p>[\/vc_wp_text][\/vc_column][\/vc_row][vc_row full_width=\u00a0\u00bbstretch_row\u00a0\u00bb el_class=\u00a0\u00bbsection-product-type-4&Prime;][vc_column width=\u00a0\u00bb1\/2&Prime;][vc_wp_text el_class=\u00a0\u00bbproduct-text product-text-line-height\u00a0\u00bb]<\/p>\n<h1 class=\"title-product color-blue display-none-responsive\">RAILS PROFESSIONNELS<\/h1>\n<div class=\"product-mini-logos display-none-responsive\" style=\"margin-top: 25px;\"><img decoding=\"async\" src=\"https:\/\/www.murtra.com\/wp-content\/uploads\/2022\/02\/murtra-blue-logo-00.png\" \/><img decoding=\"async\" src=\"https:\/\/www.murtra.com\/wp-content\/uploads\/2022\/02\/murtra-blue-logo-01.png\" \/><img decoding=\"async\" src=\"https:\/\/www.murtra.com\/wp-content\/uploads\/2022\/02\/murtra-blue-logo-03.png\" \/><img decoding=\"async\" src=\"https:\/\/www.murtra.com\/wp-content\/uploads\/2022\/02\/murtra-blue-logo-02.png\" \/><\/div>\n<p>&nbsp;<\/p>\n<p class=\"subtitle-product\">Syst\u00e8me tr\u00e8s silencieux.<br \/>\nD\u00e9marrage et stop ralentis.<br \/>\nTouch control: D\u00e9marrage automatique en tirant sur le tissu.<br \/>\nManoeuvre manuelle en cas de coupure de courant.<br \/>\nStop After Resistance: Arr\u00eat automatique si le tissu s\u2019accroche \u00e0 la fen\u00eatre ou \u00e0 la porte.<br \/>\nR\u00e9glage automatique des limites.<\/p>\n<p><a class=\"link-product\" href=\"#contacto\">Demander des informations<\/a>[\/vc_wp_text][\/vc_column][vc_column width=\u00a0\u00bb1\/2&Prime;]<div id=\"ult-carousel-34715789469e1d1872fc05\" class=\"ult-carousel-wrapper  slider-default-product ult_horizontal\" data-gutter=\"15\" data-rtl=\"false\" ><div class=\"ult-carousel-189638410169e1d1872fa71 \" >[vc_single_image image=\u00a0\u00bb3052&Prime; img_size=\u00a0\u00bbfull\u00a0\u00bb][vc_single_image image=\u00a0\u00bb3055&Prime; img_size=\u00a0\u00bbfull\u00a0\u00bb]<\/div><\/div>\t\t\t<script type=\"text\/javascript\">\n\t\t\t\tjQuery(document).ready(function ($) {\n\t\t\t\t\tif( typeof jQuery('.ult-carousel-189638410169e1d1872fa71').slick == \"function\"){\n\t\t\t\t\t\t$('.ult-carousel-189638410169e1d1872fa71').slick({dots: true,autoplaySpeed: \"5000\",speed: \"300\",infinite: true,arrows: false,slidesToScroll:1,slidesToShow:1,swipe: true,draggable: true,touchMove: true,pauseOnHover: true,pauseOnFocus: false,responsive: [\n\t\t\t\t\t\t\t{\n\t\t\t\t\t\t\t  breakpoint: 1026,\n\t\t\t\t\t\t\t  settings: {\n\t\t\t\t\t\t\t\tslidesToShow: 1,\n\t\t\t\t\t\t\t\tslidesToScroll: 1,  \n\t\t\t\t\t\t\t  }\n\t\t\t\t\t\t\t},\n\t\t\t\t\t\t\t{\n\t\t\t\t\t\t\t  breakpoint: 1025,\n\t\t\t\t\t\t\t  settings: {\n\t\t\t\t\t\t\t\tslidesToShow: 1,\n\t\t\t\t\t\t\t\tslidesToScroll: 1\n\t\t\t\t\t\t\t  }\n\t\t\t\t\t\t\t},\n\t\t\t\t\t\t\t{\n\t\t\t\t\t\t\t  breakpoint: 760,\n\t\t\t\t\t\t\t  settings: {\n\t\t\t\t\t\t\t\tslidesToShow: 1,\n\t\t\t\t\t\t\t\tslidesToScroll: 1\n\t\t\t\t\t\t\t  }\n\t\t\t\t\t\t\t}\n\t\t\t\t\t\t],pauseOnDotsHover: true,customPaging: function(slider, i) {\n                   return '<i type=\"button\" style= \"color:#333333;\" class=\"ultsl-record\" data-role=\"none\"><\/i>';\n                },});\n\t\t\t\t\t}\n\t\t\t\t});\n\t\t\t<\/script>\n\t\t\t[\/vc_column][\/vc_row][vc_row el_class=\u00a0\u00bbtext-default-p detalles-tecnicos-section-decor\u00a0\u00bb css=\u00a0\u00bb.vc_custom_1644937108365{margin-top: 45px !important;}\u00a0\u00bb][vc_column][vc_wp_text]<\/p>\n<p class=\"descargable-title title-1 heavy-duty-ficha-tecnica\">Caract\u00e9ristiques du syst\u00e8me<\/p>\n<p>[\/vc_wp_text][vc_row_inner][vc_column_inner width=\u00a0\u00bb1\/5&Prime;][vc_wp_text el_class=\u00a0\u00bbtitle-product-caract caract-title-image\u00a0\u00bb]AT943<br \/>\n<img decoding=\"async\" class=\"detalles-tecnicos\" src=\"https:\/\/www.murtra.com\/wp-content\/uploads\/2022\/02\/murtra-blue-logo-01.png\" \/><img decoding=\"async\" class=\"detalles-tecnicos\" src=\"https:\/\/www.murtra.com\/wp-content\/uploads\/2022\/02\/murtra-blue-logo-02.png\" \/>[\/vc_wp_text][\/vc_column_inner][vc_column_inner width=\u00a0\u00bb4\/5&Prime;][vc_wp_text el_class=\u00a0\u00bbcaracteristicas-at943&Prime;]R\u00e9cepteur Wi-Fi int\u00e9gr\u00e9, moteur DC, design de moteur compact contr\u00f4lable via l\u2019appli.<br \/>\nId\u00e9al pour rideaux transparents \u00e0 plis l\u00e9gers droits.<br \/>\nCommand\u00e9 \u00e0 distance, interrupteur de contact sec ou Wi-Fi.[\/vc_wp_text][\/vc_column_inner][\/vc_row_inner][vc_row_inner][vc_column_inner width=\u00a0\u00bb1\/5&Prime;][vc_wp_text el_class=\u00a0\u00bbtitle-product-caract caract-title-image\u00a0\u00bb]AT944<br \/>\n<img decoding=\"async\" class=\"detalles-tecnicos\" src=\"https:\/\/www.murtra.com\/wp-content\/uploads\/2022\/02\/murtra-blue-logo-03.png\" \/><img decoding=\"async\" class=\"detalles-tecnicos\" src=\"https:\/\/www.murtra.com\/wp-content\/uploads\/2022\/02\/murtra-blue-logo-02.png\" \/>[\/vc_wp_text][\/vc_column_inner][vc_column_inner width=\u00a0\u00bb4\/5&Prime;][vc_wp_text el_class=\u00a0\u00bbcaracteristicas-at943&Prime;]Batterie lithium amovible avec 5 V, 1A de consommation en charge.<br \/>\nR\u00e9cepteur radio int\u00e9gr\u00e9, moteur DC, design unique e moteur compact.<br \/>\nId\u00e9al pour rideaux transparents \u00e0 plis l\u00e9gers droits.<br \/>\nCommand\u00e9 \u00e0 distance par t\u00e9l\u00e9commande ou interrupteur de contact sec.<br \/>\nAcc\u00e8s au Wi-Fi par dispositif \u00e0 connexion facile et rapide.[\/vc_wp_text][\/vc_column_inner][\/vc_row_inner][vc_row_inner][vc_column_inner width=\u00a0\u00bb1\/5&Prime;][vc_wp_text el_class=\u00a0\u00bbtitle-product-caract caract-title-image\u00a0\u00bb]AT945<br \/>\n<img decoding=\"async\" class=\"detalles-tecnicos\" src=\"https:\/\/www.murtra.com\/wp-content\/uploads\/2022\/02\/murtra-blue-logo-01.png\" \/><img decoding=\"async\" class=\"detalles-tecnicos\" src=\"https:\/\/www.murtra.com\/wp-content\/uploads\/2022\/02\/murtra-blue-logo-02.png\" \/>[\/vc_wp_text][\/vc_column_inner][vc_column_inner width=\u00a0\u00bb4\/5&Prime;][vc_wp_text el_class=\u00a0\u00bbcaracteristicas-at943&Prime;]Moteur et bouton AC.<br \/>\nSyst\u00e8me pour rideaux \u00e0 moteur, droits ou cintr\u00e9s.<br \/>\nFonction \u00e0 deux arr\u00eats interm\u00e9diaires.<br \/>\nCommand\u00e9 \u00e0 distance par t\u00e9l\u00e9commande ou interrupteur de contact sec.<br \/>\nAcc\u00e8s au Wi-Fi par dispositif \u00e0 connexion facile et rapide[\/vc_wp_text][\/vc_column_inner][\/vc_row_inner][\/vc_column][\/vc_row][vc_row full_width=\u00a0\u00bbstretch_row\u00a0\u00bb css=\u00a0\u00bb.vc_custom_1645005190310{background-color: #f9f9fa !important;}\u00a0\u00bb el_class=\u00a0\u00bbdetalles-tecnicos-section detalles-tecnicos-section-at943&Prime;][vc_column][vc_wp_text el_class=\u00a0\u00bbcontainer\u00a0\u00bb]<\/p>\n<h2 class=\"title-1\">Fiche technique<\/h2>\n<p>[\/vc_wp_text][vc_wp_text el_class=\u00a0\u00bbproduct-table-section anillas-table anillas-table-normal-last blue-table-header decor-4-columns-table\u00a0\u00bb]<\/p>\n<table class=\"product-table-last-big\">\n<tbody>\n<tr>\n<th><\/th>\n<th>AT943<\/th>\n<th>AT944<\/th>\n<th>AT945<\/th>\n<\/tr>\n<tr>\n<td>Dimensions moteur<\/td>\n<td>255 x 40 x 40 mm<\/td>\n<td>328 x 40 x 40 mm<\/td>\n<td>346 x 40 x 40 mm<\/td>\n<\/tr>\n<tr>\n<td>Force<\/td>\n<td>1,2 Nm<\/td>\n<td>1 Nm<\/td>\n<td>1,2 Nm<\/td>\n<\/tr>\n<tr>\n<td>Vitesse<\/td>\n<td>130 tr\/min<\/td>\n<td>75 tr\/min<\/td>\n<td>118 tr\/min<\/td>\n<\/tr>\n<tr>\n<td>Capacit\u00e9 de charge<\/td>\n<td>45 Kg<\/td>\n<td>35 Kg<\/td>\n<td>45 Kg<\/td>\n<\/tr>\n<tr>\n<td>Son<\/td>\n<td>&lt;35 dB<\/td>\n<td>&lt;38 dB<\/td>\n<td>&lt;38 dB<\/td>\n<\/tr>\n<tr>\n<td>Tension<\/td>\n<td>110-240 V<\/td>\n<td>12,6 V<\/td>\n<td>110-240 V<\/td>\n<\/tr>\n<tr>\n<td>Puissance<\/td>\n<td>30 W<\/td>\n<td>20 W<\/td>\n<td>30 W<\/td>\n<\/tr>\n<tr>\n<td>Radiofr\u00e9quence<\/td>\n<td>FSK 433,92 MHz<\/td>\n<td>FSK 433,92 MHz<\/td>\n<td>FSK 433,92 MHz<\/td>\n<\/tr>\n<tr>\n<td>Temp\u00e9rature de fonctionnement<\/td>\n<td>-10\u00b0C ~ 80\u00b0C<\/td>\n<td>-10\u00b0C ~ 80\u00b0C<\/td>\n<td>-10\u00b0C ~ 80\u00b0C<\/td>\n<\/tr>\n<tr>\n<td>Batterie<\/td>\n<td>&#8211;<\/td>\n<td>2.200 mA<\/td>\n<td>&#8211;<\/td>\n<\/tr>\n<tr>\n<td>T\u00e9l\u00e9commande<\/td>\n<td>6 canaux<\/td>\n<td>6 canaux<\/td>\n<td>6 canaux<\/td>\n<\/tr>\n<tr>\n<td>Bouton<\/td>\n<td>1 canal<\/td>\n<td>1 canal<\/td>\n<td>1 canal<\/td>\n<\/tr>\n<tr>\n<td>Wifi<\/td>\n<td>Alexa, Google Home\u2026<\/td>\n<td>Alexa, Google Home\u2026<\/td>\n<td>Alexa, Google Home\u2026<\/td>\n<\/tr>\n<\/tbody>\n<\/table>\n<p>[\/vc_wp_text][\/vc_column][\/vc_row][vc_row el_class=\u00a0\u00bbtext-default-p detalles-tecnicos-section-decor detalles-tecnicos-section-decor-at-943&Prime;][vc_column width=\u00a0\u00bb1\/3&Prime; el_class=\u00a0\u00bbdetalles-tecnicos-margin-at943&Prime;][vc_wp_text]<\/p>\n<p class=\"descargable-title title-1\">D\u00e9tails techniques<\/p>\n<p>[\/vc_wp_text][\/vc_column][vc_column width=\u00a0\u00bb2\/3&Prime; el_class=\u00a0\u00bbpadding-top-0px\u00a0\u00bb]<div class=\"ult-spacer spacer-69e1d1872fca1\" data-id=\"69e1d1872fca1\" data-height=\"55\" data-height-mobile=\"0\" data-height-tab=\"0\" data-height-tab-portrait=\"0\" data-height-mobile-landscape=\"0\" style=\"clear:both;display:block;\"><\/div>[vc_wp_text]Poids maximum rideau: 45 kg x moteur<br \/>\nLargeur maximum rideau: 11 m<br \/>\nCouleur: Blanc<\/p>\n<p>Man\u0153uvres <img decoding=\"async\" class=\"detalles-tecnicos\" src=\"https:\/\/www.murtra.com\/wp-content\/uploads\/2022\/02\/murtra-blue-logo-01.png\" \/><img decoding=\"async\" class=\"detalles-tecnicos\" src=\"https:\/\/www.murtra.com\/wp-content\/uploads\/2022\/02\/murtra-blue-logo-03.png\" \/><br \/>\nMotoris\u00e9<\/p>\n<p>Onda parfaite: Onda<br \/>\nNombre de voies: 1<br \/>\nCintrages: R37 \/ R100 <img decoding=\"async\" class=\"detalles-murtra-curvas\" src=\"https:\/\/www.murtra.com\/wp-content\/uploads\/2022\/02\/murtra-curvas.png\" \/>[\/vc_wp_text][\/vc_column][\/vc_row][vc_column][\/vc_column]<\/p>\n<\/div>","protected":false},"excerpt":{"rendered":"<p>[vc_row el_class=\u00a0\u00bbdisplay-none-desktop\u00a0\u00bb][vc_column][vc_wp_text el_class=\u00a0\u00bbproduct-text title-decor-responsive-icons\u00a0\u00bb] RAILS PROFESSIONNELS [\/vc_wp_text][\/vc_column][\/vc_row][vc_row full_width=\u00a0\u00bbstretch_row\u00a0\u00bb el_class=\u00a0\u00bbsection-product-type-4&Prime;][vc_column width=\u00a0\u00bb1\/2&Prime;][vc_wp_text el_class=\u00a0\u00bbproduct-text product-text-line-height\u00a0\u00bb] RAILS PROFESSIONNELS &nbsp; Syst\u00e8me tr\u00e8s silencieux. D\u00e9marrage et stop ralentis. Touch control: D\u00e9marrage automatique en tirant sur le tissu. Manoeuvre manuelle en cas de coupure de courant. Stop After Resistance: Arr\u00eat automatique si le tissu s\u2019accroche \u00e0 la fen\u00eatre ou \u00e0 la porte. [&hellip;]<\/p>\n","protected":false},"featured_media":3052,"comment_status":"open","ping_status":"closed","template":"","meta":{"_acf_changed":false},"product_brand":[],"product_cat":[266],"product_tag":[],"class_list":{"0":"post-4584","1":"product","2":"type-product","3":"status-publish","4":"has-post-thumbnail","6":"product_cat-systemes-a-moteur-moving-murtra","8":"first","9":"instock","10":"shipping-taxable","11":"product-type-simple"},"acf":[],"yoast_head":"<!-- This site is optimized with the Yoast SEO plugin v27.3 - https:\/\/yoast.com\/product\/yoast-seo-wordpress\/ -->\n<title>RAILS PROFESSIONNELS<\/title>\n<meta name=\"description\" content=\"Rail \u00e9lectrique professionnel avec d\u00e9marrage et arr\u00eat lent.\" \/>\n<meta name=\"robots\" content=\"index, follow, max-snippet:-1, max-image-preview:large, max-video-preview:-1\" \/>\n<link rel=\"canonical\" href=\"https:\/\/www.murtra.com\/fr\/produit\/deco\/moteur\/at943-at944-at945\/\" \/>\n<meta property=\"og:locale\" content=\"fr_FR\" \/>\n<meta property=\"og:type\" content=\"article\" \/>\n<meta property=\"og:title\" content=\"RAILS PROFESSIONNELS\" \/>\n<meta property=\"og:description\" content=\"Rail \u00e9lectrique professionnel avec d\u00e9marrage et arr\u00eat lent.\" \/>\n<meta property=\"og:url\" content=\"https:\/\/www.murtra.com\/fr\/produit\/deco\/moteur\/at943-at944-at945\/\" \/>\n<meta property=\"og:site_name\" content=\"Murtra\" \/>\n<meta property=\"article:modified_time\" content=\"2025-01-16T14:09:50+00:00\" \/>\n<meta property=\"og:image\" content=\"https:\/\/www.murtra.com\/wp-content\/uploads\/2022\/02\/AT94X_1_bateria-min.jpg\" \/>\n\t<meta property=\"og:image:width\" content=\"635\" \/>\n\t<meta property=\"og:image:height\" content=\"500\" \/>\n\t<meta property=\"og:image:type\" content=\"image\/jpeg\" \/>\n<meta name=\"twitter:card\" content=\"summary_large_image\" \/>\n<meta name=\"twitter:label1\" content=\"Dur\u00e9e de lecture estim\u00e9e\" \/>\n\t<meta name=\"twitter:data1\" content=\"6 minutes\" \/>\n<script type=\"application\/ld+json\" class=\"yoast-schema-graph\">{\"@context\":\"https:\\\/\\\/schema.org\",\"@graph\":[{\"@type\":\"WebPage\",\"@id\":\"https:\\\/\\\/www.murtra.com\\\/fr\\\/produit\\\/deco\\\/moteur\\\/at943-at944-at945\\\/\",\"url\":\"https:\\\/\\\/www.murtra.com\\\/fr\\\/produit\\\/deco\\\/moteur\\\/at943-at944-at945\\\/\",\"name\":\"RAILS PROFESSIONNELS\",\"isPartOf\":{\"@id\":\"https:\\\/\\\/www.murtra.com\\\/fr\\\/#website\"},\"primaryImageOfPage\":{\"@id\":\"https:\\\/\\\/www.murtra.com\\\/fr\\\/produit\\\/deco\\\/moteur\\\/at943-at944-at945\\\/#primaryimage\"},\"image\":{\"@id\":\"https:\\\/\\\/www.murtra.com\\\/fr\\\/produit\\\/deco\\\/moteur\\\/at943-at944-at945\\\/#primaryimage\"},\"thumbnailUrl\":\"https:\\\/\\\/www.murtra.com\\\/wp-content\\\/uploads\\\/2022\\\/02\\\/AT94X_1_bateria-min.jpg\",\"datePublished\":\"2022-10-06T14:49:48+00:00\",\"dateModified\":\"2025-01-16T14:09:50+00:00\",\"description\":\"Rail \u00e9lectrique professionnel avec d\u00e9marrage et arr\u00eat lent.\",\"breadcrumb\":{\"@id\":\"https:\\\/\\\/www.murtra.com\\\/fr\\\/produit\\\/deco\\\/moteur\\\/at943-at944-at945\\\/#breadcrumb\"},\"inLanguage\":\"fr-FR\",\"potentialAction\":[{\"@type\":\"ReadAction\",\"target\":[\"https:\\\/\\\/www.murtra.com\\\/fr\\\/produit\\\/deco\\\/moteur\\\/at943-at944-at945\\\/\"]}]},{\"@type\":\"ImageObject\",\"inLanguage\":\"fr-FR\",\"@id\":\"https:\\\/\\\/www.murtra.com\\\/fr\\\/produit\\\/deco\\\/moteur\\\/at943-at944-at945\\\/#primaryimage\",\"url\":\"https:\\\/\\\/www.murtra.com\\\/wp-content\\\/uploads\\\/2022\\\/02\\\/AT94X_1_bateria-min.jpg\",\"contentUrl\":\"https:\\\/\\\/www.murtra.com\\\/wp-content\\\/uploads\\\/2022\\\/02\\\/AT94X_1_bateria-min.jpg\",\"width\":635,\"height\":500},{\"@type\":\"BreadcrumbList\",\"@id\":\"https:\\\/\\\/www.murtra.com\\\/fr\\\/produit\\\/deco\\\/moteur\\\/at943-at944-at945\\\/#breadcrumb\",\"itemListElement\":[{\"@type\":\"ListItem\",\"position\":1,\"name\":\"Home\",\"item\":\"https:\\\/\\\/www.murtra.com\\\/fr\\\/\"},{\"@type\":\"ListItem\",\"position\":2,\"name\":\"D\u00e9coration\",\"item\":\"https:\\\/\\\/www.murtra.com\\\/fr\\\/categoria\\\/decoration-fr\\\/\"},{\"@type\":\"ListItem\",\"position\":3,\"name\":\"Syst\u00e8mes \u00e0 Moteur Moving Murtra\",\"item\":\"https:\\\/\\\/www.murtra.com\\\/fr\\\/decoration\\\/motorise\\\/\"},{\"@type\":\"ListItem\",\"position\":4,\"name\":\"RAILS PROFESSIONNELS\"}]},{\"@type\":\"WebSite\",\"@id\":\"https:\\\/\\\/www.murtra.com\\\/fr\\\/#website\",\"url\":\"https:\\\/\\\/www.murtra.com\\\/fr\\\/\",\"name\":\"Murtra Grupo textil industrial\",\"description\":\"Murtra Grupo textil industrial\",\"publisher\":{\"@id\":\"https:\\\/\\\/www.murtra.com\\\/fr\\\/#organization\"},\"potentialAction\":[{\"@type\":\"SearchAction\",\"target\":{\"@type\":\"EntryPoint\",\"urlTemplate\":\"https:\\\/\\\/www.murtra.com\\\/fr\\\/?s={search_term_string}\"},\"query-input\":{\"@type\":\"PropertyValueSpecification\",\"valueRequired\":true,\"valueName\":\"search_term_string\"}}],\"inLanguage\":\"fr-FR\"},{\"@type\":\"Organization\",\"@id\":\"https:\\\/\\\/www.murtra.com\\\/fr\\\/#organization\",\"name\":\"Murtra\",\"url\":\"https:\\\/\\\/www.murtra.com\\\/fr\\\/\",\"logo\":{\"@type\":\"ImageObject\",\"inLanguage\":\"fr-FR\",\"@id\":\"https:\\\/\\\/www.murtra.com\\\/fr\\\/#\\\/schema\\\/logo\\\/image\\\/\",\"url\":\"https:\\\/\\\/www.murtra.com\\\/wp-content\\\/uploads\\\/2021\\\/11\\\/mutra-logo.png\",\"contentUrl\":\"https:\\\/\\\/www.murtra.com\\\/wp-content\\\/uploads\\\/2021\\\/11\\\/mutra-logo.png\",\"width\":156,\"height\":201,\"caption\":\"Murtra\"},\"image\":{\"@id\":\"https:\\\/\\\/www.murtra.com\\\/fr\\\/#\\\/schema\\\/logo\\\/image\\\/\"}}]}<\/script>\n<!-- \/ Yoast SEO plugin. -->","yoast_head_json":{"title":"RAILS PROFESSIONNELS","description":"Rail \u00e9lectrique professionnel avec d\u00e9marrage et arr\u00eat lent.","robots":{"index":"index","follow":"follow","max-snippet":"max-snippet:-1","max-image-preview":"max-image-preview:large","max-video-preview":"max-video-preview:-1"},"canonical":"https:\/\/www.murtra.com\/fr\/produit\/deco\/moteur\/at943-at944-at945\/","og_locale":"fr_FR","og_type":"article","og_title":"RAILS PROFESSIONNELS","og_description":"Rail \u00e9lectrique professionnel avec d\u00e9marrage et arr\u00eat lent.","og_url":"https:\/\/www.murtra.com\/fr\/produit\/deco\/moteur\/at943-at944-at945\/","og_site_name":"Murtra","article_modified_time":"2025-01-16T14:09:50+00:00","og_image":[{"width":635,"height":500,"url":"https:\/\/www.murtra.com\/wp-content\/uploads\/2022\/02\/AT94X_1_bateria-min.jpg","type":"image\/jpeg"}],"twitter_card":"summary_large_image","twitter_misc":{"Dur\u00e9e de lecture estim\u00e9e":"6 minutes"},"schema":{"@context":"https:\/\/schema.org","@graph":[{"@type":"WebPage","@id":"https:\/\/www.murtra.com\/fr\/produit\/deco\/moteur\/at943-at944-at945\/","url":"https:\/\/www.murtra.com\/fr\/produit\/deco\/moteur\/at943-at944-at945\/","name":"RAILS PROFESSIONNELS","isPartOf":{"@id":"https:\/\/www.murtra.com\/fr\/#website"},"primaryImageOfPage":{"@id":"https:\/\/www.murtra.com\/fr\/produit\/deco\/moteur\/at943-at944-at945\/#primaryimage"},"image":{"@id":"https:\/\/www.murtra.com\/fr\/produit\/deco\/moteur\/at943-at944-at945\/#primaryimage"},"thumbnailUrl":"https:\/\/www.murtra.com\/wp-content\/uploads\/2022\/02\/AT94X_1_bateria-min.jpg","datePublished":"2022-10-06T14:49:48+00:00","dateModified":"2025-01-16T14:09:50+00:00","description":"Rail \u00e9lectrique professionnel avec d\u00e9marrage et arr\u00eat lent.","breadcrumb":{"@id":"https:\/\/www.murtra.com\/fr\/produit\/deco\/moteur\/at943-at944-at945\/#breadcrumb"},"inLanguage":"fr-FR","potentialAction":[{"@type":"ReadAction","target":["https:\/\/www.murtra.com\/fr\/produit\/deco\/moteur\/at943-at944-at945\/"]}]},{"@type":"ImageObject","inLanguage":"fr-FR","@id":"https:\/\/www.murtra.com\/fr\/produit\/deco\/moteur\/at943-at944-at945\/#primaryimage","url":"https:\/\/www.murtra.com\/wp-content\/uploads\/2022\/02\/AT94X_1_bateria-min.jpg","contentUrl":"https:\/\/www.murtra.com\/wp-content\/uploads\/2022\/02\/AT94X_1_bateria-min.jpg","width":635,"height":500},{"@type":"BreadcrumbList","@id":"https:\/\/www.murtra.com\/fr\/produit\/deco\/moteur\/at943-at944-at945\/#breadcrumb","itemListElement":[{"@type":"ListItem","position":1,"name":"Home","item":"https:\/\/www.murtra.com\/fr\/"},{"@type":"ListItem","position":2,"name":"D\u00e9coration","item":"https:\/\/www.murtra.com\/fr\/categoria\/decoration-fr\/"},{"@type":"ListItem","position":3,"name":"Syst\u00e8mes \u00e0 Moteur Moving Murtra","item":"https:\/\/www.murtra.com\/fr\/decoration\/motorise\/"},{"@type":"ListItem","position":4,"name":"RAILS PROFESSIONNELS"}]},{"@type":"WebSite","@id":"https:\/\/www.murtra.com\/fr\/#website","url":"https:\/\/www.murtra.com\/fr\/","name":"Murtra Grupo textil industrial","description":"Murtra Grupo textil industrial","publisher":{"@id":"https:\/\/www.murtra.com\/fr\/#organization"},"potentialAction":[{"@type":"SearchAction","target":{"@type":"EntryPoint","urlTemplate":"https:\/\/www.murtra.com\/fr\/?s={search_term_string}"},"query-input":{"@type":"PropertyValueSpecification","valueRequired":true,"valueName":"search_term_string"}}],"inLanguage":"fr-FR"},{"@type":"Organization","@id":"https:\/\/www.murtra.com\/fr\/#organization","name":"Murtra","url":"https:\/\/www.murtra.com\/fr\/","logo":{"@type":"ImageObject","inLanguage":"fr-FR","@id":"https:\/\/www.murtra.com\/fr\/#\/schema\/logo\/image\/","url":"https:\/\/www.murtra.com\/wp-content\/uploads\/2021\/11\/mutra-logo.png","contentUrl":"https:\/\/www.murtra.com\/wp-content\/uploads\/2021\/11\/mutra-logo.png","width":156,"height":201,"caption":"Murtra"},"image":{"@id":"https:\/\/www.murtra.com\/fr\/#\/schema\/logo\/image\/"}}]}},"_links":{"self":[{"href":"https:\/\/www.murtra.com\/fr\/wp-json\/wp\/v2\/product\/4584","targetHints":{"allow":["GET"]}}],"collection":[{"href":"https:\/\/www.murtra.com\/fr\/wp-json\/wp\/v2\/product"}],"about":[{"href":"https:\/\/www.murtra.com\/fr\/wp-json\/wp\/v2\/types\/product"}],"replies":[{"embeddable":true,"href":"https:\/\/www.murtra.com\/fr\/wp-json\/wp\/v2\/comments?post=4584"}],"wp:featuredmedia":[{"embeddable":true,"href":"https:\/\/www.murtra.com\/fr\/wp-json\/wp\/v2\/media\/3052"}],"wp:attachment":[{"href":"https:\/\/www.murtra.com\/fr\/wp-json\/wp\/v2\/media?parent=4584"}],"wp:term":[{"taxonomy":"product_brand","embeddable":true,"href":"https:\/\/www.murtra.com\/fr\/wp-json\/wp\/v2\/product_brand?post=4584"},{"taxonomy":"product_cat","embeddable":true,"href":"https:\/\/www.murtra.com\/fr\/wp-json\/wp\/v2\/product_cat?post=4584"},{"taxonomy":"product_tag","embeddable":true,"href":"https:\/\/www.murtra.com\/fr\/wp-json\/wp\/v2\/product_tag?post=4584"}],"curies":[{"name":"wp","href":"https:\/\/api.w.org\/{rel}","templated":true}]}}