{"id":4568,"date":"2022-09-29T14:10:57","date_gmt":"2022-09-29T14:10:57","guid":{"rendered":"https:\/\/www.murtra.com\/producto\/non%20class\u00e9\/at8xx\/"},"modified":"2023-10-17T14:53:36","modified_gmt":"2023-10-17T14:53:36","slug":"at8xx","status":"publish","type":"product","link":"https:\/\/www.murtra.com\/fr\/produit\/decoracion\/paroi-japonaise\/at8xx\/","title":{"rendered":"AT8XX"},"content":{"rendered":"<div class=\"wpb-content-wrapper\"><p>[vc_row el_class=\u00a0\u00bbdisplay-none-desktop title-default-product\u00a0\u00bb][vc_column][vc_wp_text]<\/p>\n<h1 class=\"title-product\">AT8XX<\/h1>\n<p>[\/vc_wp_text][\/vc_column][\/vc_row][vc_row full_width=\u00a0\u00bbstretch_row\u00a0\u00bb el_class=\u00a0\u00bbsection-product-type-1&Prime;][vc_column width=\u00a0\u00bb1\/2&Prime;][vc_wp_text el_class=\u00a0\u00bbproduct-text\u00a0\u00bb]<\/p>\n<h1 class=\"title-product display-none-responsive\">AT8XX<\/h1>\n<p><img class=\"detalles-tecnicos\" \/><\/p>\n<p class=\"subtitle-product subtitle-product-big\">Classique<br \/>\nSilencieux<br \/>\nFonctionnel<\/p>\n<p class=\"subtitle-product subtitle-max-width\">Syst\u00e8me classique et \u00e9l\u00e9gant de paroi japonaise, \u00e0 man\u0153uvre \u00e0 cordon et manuelle, qui offre la solution la plus compl\u00e8te du march\u00e9 en ouverture et fermeture<\/p>\n<p><a class=\"link-product\" href=\"#contacto\">Demander des informations<\/a>[\/vc_wp_text][\/vc_column][vc_column width=\u00a0\u00bb1\/2&Prime; el_class=\u00a0\u00bbslider-imagen-cortada slider-imagen-cortada-decor\u00a0\u00bb]<div id=\"ult-carousel-320937102969de50680c2fa\" class=\"ult-carousel-wrapper  slider-default-product ult_horizontal\" data-gutter=\"15\" data-rtl=\"false\" ><div class=\"ult-carousel-42810262869de50680c261 \" >[vc_single_image image=\u00a0\u00bb2784&Prime; img_size=\u00a0\u00bbfull\u00a0\u00bb][vc_single_image image=\u00a0\u00bb2787&Prime; img_size=\u00a0\u00bbfull\u00a0\u00bb]<\/div><\/div>\t\t\t<script type=\"text\/javascript\">\n\t\t\t\tjQuery(document).ready(function ($) {\n\t\t\t\t\tif( typeof jQuery('.ult-carousel-42810262869de50680c261').slick == \"function\"){\n\t\t\t\t\t\t$('.ult-carousel-42810262869de50680c261').slick({dots: true,autoplaySpeed: \"5000\",speed: \"300\",infinite: true,arrows: false,slidesToScroll:1,slidesToShow:1,swipe: true,draggable: true,touchMove: true,pauseOnHover: true,pauseOnFocus: false,responsive: [\n\t\t\t\t\t\t\t{\n\t\t\t\t\t\t\t  breakpoint: 1026,\n\t\t\t\t\t\t\t  settings: {\n\t\t\t\t\t\t\t\tslidesToShow: 1,\n\t\t\t\t\t\t\t\tslidesToScroll: 1,  \n\t\t\t\t\t\t\t  }\n\t\t\t\t\t\t\t},\n\t\t\t\t\t\t\t{\n\t\t\t\t\t\t\t  breakpoint: 1025,\n\t\t\t\t\t\t\t  settings: {\n\t\t\t\t\t\t\t\tslidesToShow: 1,\n\t\t\t\t\t\t\t\tslidesToScroll: 1\n\t\t\t\t\t\t\t  }\n\t\t\t\t\t\t\t},\n\t\t\t\t\t\t\t{\n\t\t\t\t\t\t\t  breakpoint: 760,\n\t\t\t\t\t\t\t  settings: {\n\t\t\t\t\t\t\t\tslidesToShow: 1,\n\t\t\t\t\t\t\t\tslidesToScroll: 1\n\t\t\t\t\t\t\t  }\n\t\t\t\t\t\t\t}\n\t\t\t\t\t\t],pauseOnDotsHover: true,customPaging: function(slider, i) {\n                   return '<i type=\"button\" style= \"color:#333333;\" class=\"ultsl-record\" data-role=\"none\"><\/i>';\n                },});\n\t\t\t\t\t}\n\t\t\t\t});\n\t\t\t<\/script>\n\t\t\t[\/vc_column][\/vc_row][vc_section el_class=\u00a0\u00bbcaracteristicas-expander text-expander\u00a0\u00bb][vc_row el_class=\u00a0\u00bbtext-default-p\u00a0\u00bb][vc_column][vc_wp_text]<\/p>\n<p class=\"descargable-title title-1\">Caract\u00e9ristiques du syst\u00e8me<\/p>\n<p>[\/vc_wp_text][\/vc_column][\/vc_row][vc_row el_class=\u00a0\u00bbtext-default-p\u00a0\u00bb][vc_column width=\u00a0\u00bb1\/4&Prime;][vc_wp_text]Man\u0153uvre \u00e0 cordon et manuelle.[\/vc_wp_text][\/vc_column][vc_column width=\u00a0\u00bb3\/4&Prime;][\/vc_column][\/vc_row][vc_row el_class=\u00a0\u00bbtext-default-p\u00a0\u00bb][vc_column width=\u00a0\u00bb1\/2&Prime;][vc_wp_text]Canaux m\u00faltiples (2, 3, 4 et 5 voies).[\/vc_wp_text][\/vc_column][vc_column width=\u00a0\u00bb1\/2&Prime;][\/vc_column][\/vc_row][vc_row el_class=\u00a0\u00bbtext-default-p\u00a0\u00bb][vc_column width=\u00a0\u00bb5\/6&Prime;][vc_wp_text]Glissement doux et silencieux.[\/vc_wp_text][\/vc_column][vc_column width=\u00a0\u00bb1\/6&Prime;][\/vc_column][\/vc_row][vc_row el_class=\u00a0\u00bbtext-default-p\u00a0\u00bb][vc_column width=\u00a0\u00bb5\/6&Prime;][vc_wp_text]Grande gamme d\u2019options d\u2019ouverture, fermeture et montages sp\u00e9ciaux.[\/vc_wp_text][\/vc_column][vc_column width=\u00a0\u00bb1\/6&Prime;][\/vc_column][\/vc_row][vc_row el_class=\u00a0\u00bbtext-default-p\u00a0\u00bb][vc_column width=\u00a0\u00bb1\/4&Prime;][\/vc_column][vc_column width=\u00a0\u00bb3\/4&Prime;][\/vc_column][\/vc_row][vc_row el_class=\u00a0\u00bbtext-default-p\u00a0\u00bb][vc_column width=\u00a0\u00bb1\/4&Prime; el_class=\u00a0\u00bbsistema-motorizado-solicitar-info\u00a0\u00bb][\/vc_column][\/vc_row][\/vc_section][vc_row el_class=\u00a0\u00bbtext-default-p detalles-tecnicos-section-decor\u00a0\u00bb css=\u00a0\u00bb.vc_custom_1644937108365{margin-top: 45px !important;}\u00a0\u00bb][vc_column width=\u00a0\u00bb1\/3&Prime;][vc_wp_text]<\/p>\n<p class=\"descargable-title title-1\">D\u00e9tails techniques<\/p>\n<p>[\/vc_wp_text][\/vc_column][vc_column width=\u00a0\u00bb2\/3&Prime;]<div class=\"ult-spacer spacer-69de50680c3f0\" data-id=\"69de50680c3f0\" data-height=\"55\" data-height-mobile=\"0\" data-height-tab=\"0\" data-height-tab-portrait=\"0\" data-height-mobile-landscape=\"0\" style=\"clear:both;display:block;\"><\/div>[vc_wp_text]Poids maximum rideau: 8,5 kg<br \/>\nLargeur maximum rideau: 6 m<br \/>\nCouleur: Blanc<\/p>\n<p>Man\u0153uvres\u00a0\u00a0 <img loading=\"lazy\" decoding=\"async\" class=\"alignnone wp-image-2492\" src=\"https:\/\/www.murtra.com\/wp-content\/uploads\/2022\/09\/icono_manual-2.png\" alt=\"\" width=\"30\" height=\"30\" \/> \u00a0<img loading=\"lazy\" decoding=\"async\" class=\"alignnone wp-image-2408\" src=\"https:\/\/www.murtra.com\/wp-content\/uploads\/2022\/09\/thumbnail-1.png\" alt=\"\" width=\"30\" height=\"30\" \/><br \/>\nManuelle<br \/>\n\u00c0 cordon<\/p>\n<p>Nombre de voies: 2 \/ 3 \/ 4 \/ 5<\/p>\n<p>Cintrages: -[\/vc_wp_text][\/vc_column][\/vc_row]<\/p>\n<\/div>","protected":false},"excerpt":{"rendered":"<p>[vc_row el_class=\u00a0\u00bbdisplay-none-desktop title-default-product\u00a0\u00bb][vc_column][vc_wp_text] AT8XX [\/vc_wp_text][\/vc_column][\/vc_row][vc_row full_width=\u00a0\u00bbstretch_row\u00a0\u00bb el_class=\u00a0\u00bbsection-product-type-1&Prime;][vc_column width=\u00a0\u00bb1\/2&Prime;][vc_wp_text el_class=\u00a0\u00bbproduct-text\u00a0\u00bb] AT8XX Classique Silencieux Fonctionnel Syst\u00e8me classique et \u00e9l\u00e9gant de paroi japonaise, \u00e0 man\u0153uvre \u00e0 cordon et manuelle, qui offre la solution la plus compl\u00e8te du march\u00e9 en ouverture et fermeture Demander des informations[\/vc_wp_text][\/vc_column][vc_column width=\u00a0\u00bb1\/2&Prime; el_class=\u00a0\u00bbslider-imagen-cortada slider-imagen-cortada-decor\u00a0\u00bb][\/vc_column][\/vc_row][vc_section el_class=\u00a0\u00bbcaracteristicas-expander text-expander\u00a0\u00bb][vc_row el_class=\u00a0\u00bbtext-default-p\u00a0\u00bb][vc_column][vc_wp_text] Caract\u00e9ristiques du syst\u00e8me [\/vc_wp_text][\/vc_column][\/vc_row][vc_row el_class=\u00a0\u00bbtext-default-p\u00a0\u00bb][vc_column width=\u00a0\u00bb1\/4&Prime;][vc_wp_text]Man\u0153uvre \u00e0 [&hellip;]<\/p>\n","protected":false},"featured_media":2787,"comment_status":"open","ping_status":"closed","template":"","meta":{"_acf_changed":false},"product_brand":[],"product_cat":[268],"product_tag":[],"class_list":{"0":"post-4568","1":"product","2":"type-product","3":"status-publish","4":"has-post-thumbnail","6":"product_cat-paroi-japonaise","8":"first","9":"instock","10":"shipping-taxable","11":"product-type-simple"},"acf":[],"yoast_head":"<!-- This site is optimized with the Yoast SEO plugin v27.3 - https:\/\/yoast.com\/product\/yoast-seo-wordpress\/ -->\n<title>paroi-japonaise AT8XX<\/title>\n<meta name=\"robots\" content=\"index, follow, max-snippet:-1, max-image-preview:large, max-video-preview:-1\" \/>\n<link rel=\"canonical\" href=\"https:\/\/www.murtra.com\/fr\/produit\/decoracion\/paroi-japonaise\/at8xx\/\" \/>\n<meta property=\"og:locale\" content=\"fr_FR\" \/>\n<meta property=\"og:type\" content=\"article\" \/>\n<meta property=\"og:title\" content=\"paroi-japonaise AT8XX\" \/>\n<meta property=\"og:description\" content=\"[vc_row el_class=\u00a0\u00bbdisplay-none-desktop title-default-product\u00a0\u00bb][vc_column][vc_wp_text] AT8XX [\/vc_wp_text][\/vc_column][\/vc_row][vc_row full_width=\u00a0\u00bbstretch_row\u00a0\u00bb el_class=\u00a0\u00bbsection-product-type-1&Prime;][vc_column width=\u00a0\u00bb1\/2&Prime;][vc_wp_text el_class=\u00a0\u00bbproduct-text\u00a0\u00bb] AT8XX Classique Silencieux Fonctionnel Syst\u00e8me classique et \u00e9l\u00e9gant de paroi japonaise, \u00e0 man\u0153uvre \u00e0 cordon et manuelle, qui offre la solution la plus compl\u00e8te du march\u00e9 en ouverture et fermeture Demander des informations[\/vc_wp_text][\/vc_column][vc_column width=\u00a0\u00bb1\/2&Prime; el_class=\u00a0\u00bbslider-imagen-cortada slider-imagen-cortada-decor\u00a0\u00bb][\/vc_column][\/vc_row][vc_section el_class=\u00a0\u00bbcaracteristicas-expander text-expander\u00a0\u00bb][vc_row el_class=\u00a0\u00bbtext-default-p\u00a0\u00bb][vc_column][vc_wp_text] Caract\u00e9ristiques du syst\u00e8me [\/vc_wp_text][\/vc_column][\/vc_row][vc_row el_class=\u00a0\u00bbtext-default-p\u00a0\u00bb][vc_column width=\u00a0\u00bb1\/4&Prime;][vc_wp_text]Man\u0153uvre \u00e0 [&hellip;]\" \/>\n<meta property=\"og:url\" content=\"https:\/\/www.murtra.com\/fr\/produit\/decoracion\/paroi-japonaise\/at8xx\/\" \/>\n<meta property=\"og:site_name\" content=\"Murtra\" \/>\n<meta property=\"article:modified_time\" content=\"2023-10-17T14:53:36+00:00\" \/>\n<meta property=\"og:image\" content=\"https:\/\/www.murtra.com\/wp-content\/uploads\/2022\/09\/AT8XX_2_AT840_cordon-min.jpg\" \/>\n\t<meta property=\"og:image:width\" content=\"635\" \/>\n\t<meta property=\"og:image:height\" content=\"500\" \/>\n\t<meta property=\"og:image:type\" content=\"image\/jpeg\" \/>\n<meta name=\"twitter:card\" content=\"summary_large_image\" \/>\n<meta name=\"twitter:label1\" content=\"Dur\u00e9e de lecture estim\u00e9e\" \/>\n\t<meta name=\"twitter:data1\" content=\"2 minutes\" \/>\n<script type=\"application\/ld+json\" class=\"yoast-schema-graph\">{\"@context\":\"https:\\\/\\\/schema.org\",\"@graph\":[{\"@type\":\"WebPage\",\"@id\":\"https:\\\/\\\/www.murtra.com\\\/fr\\\/produit\\\/decoracion\\\/paroi-japonaise\\\/at8xx\\\/\",\"url\":\"https:\\\/\\\/www.murtra.com\\\/fr\\\/produit\\\/decoracion\\\/paroi-japonaise\\\/at8xx\\\/\",\"name\":\"paroi-japonaise AT8XX\",\"isPartOf\":{\"@id\":\"https:\\\/\\\/www.murtra.com\\\/fr\\\/#website\"},\"primaryImageOfPage\":{\"@id\":\"https:\\\/\\\/www.murtra.com\\\/fr\\\/produit\\\/decoracion\\\/paroi-japonaise\\\/at8xx\\\/#primaryimage\"},\"image\":{\"@id\":\"https:\\\/\\\/www.murtra.com\\\/fr\\\/produit\\\/decoracion\\\/paroi-japonaise\\\/at8xx\\\/#primaryimage\"},\"thumbnailUrl\":\"https:\\\/\\\/www.murtra.com\\\/wp-content\\\/uploads\\\/2022\\\/09\\\/AT8XX_2_AT840_cordon-min.jpg\",\"datePublished\":\"2022-09-29T14:10:57+00:00\",\"dateModified\":\"2023-10-17T14:53:36+00:00\",\"breadcrumb\":{\"@id\":\"https:\\\/\\\/www.murtra.com\\\/fr\\\/produit\\\/decoracion\\\/paroi-japonaise\\\/at8xx\\\/#breadcrumb\"},\"inLanguage\":\"fr-FR\",\"potentialAction\":[{\"@type\":\"ReadAction\",\"target\":[\"https:\\\/\\\/www.murtra.com\\\/fr\\\/produit\\\/decoracion\\\/paroi-japonaise\\\/at8xx\\\/\"]}]},{\"@type\":\"ImageObject\",\"inLanguage\":\"fr-FR\",\"@id\":\"https:\\\/\\\/www.murtra.com\\\/fr\\\/produit\\\/decoracion\\\/paroi-japonaise\\\/at8xx\\\/#primaryimage\",\"url\":\"https:\\\/\\\/www.murtra.com\\\/wp-content\\\/uploads\\\/2022\\\/09\\\/AT8XX_2_AT840_cordon-min.jpg\",\"contentUrl\":\"https:\\\/\\\/www.murtra.com\\\/wp-content\\\/uploads\\\/2022\\\/09\\\/AT8XX_2_AT840_cordon-min.jpg\",\"width\":635,\"height\":500},{\"@type\":\"BreadcrumbList\",\"@id\":\"https:\\\/\\\/www.murtra.com\\\/fr\\\/produit\\\/decoracion\\\/paroi-japonaise\\\/at8xx\\\/#breadcrumb\",\"itemListElement\":[{\"@type\":\"ListItem\",\"position\":1,\"name\":\"Home\",\"item\":\"https:\\\/\\\/www.murtra.com\\\/fr\\\/\"},{\"@type\":\"ListItem\",\"position\":2,\"name\":\"D\u00e9coration\",\"item\":\"https:\\\/\\\/www.murtra.com\\\/fr\\\/categoria\\\/decoration-fr\\\/\"},{\"@type\":\"ListItem\",\"position\":3,\"name\":\"Paroi Japonaise\",\"item\":\"https:\\\/\\\/www.murtra.com\\\/fr\\\/decoration\\\/panneau-japonais\\\/\"},{\"@type\":\"ListItem\",\"position\":4,\"name\":\"AT8XX\"}]},{\"@type\":\"WebSite\",\"@id\":\"https:\\\/\\\/www.murtra.com\\\/fr\\\/#website\",\"url\":\"https:\\\/\\\/www.murtra.com\\\/fr\\\/\",\"name\":\"Murtra Grupo textil industrial\",\"description\":\"Murtra Grupo textil industrial\",\"publisher\":{\"@id\":\"https:\\\/\\\/www.murtra.com\\\/fr\\\/#organization\"},\"potentialAction\":[{\"@type\":\"SearchAction\",\"target\":{\"@type\":\"EntryPoint\",\"urlTemplate\":\"https:\\\/\\\/www.murtra.com\\\/fr\\\/?s={search_term_string}\"},\"query-input\":{\"@type\":\"PropertyValueSpecification\",\"valueRequired\":true,\"valueName\":\"search_term_string\"}}],\"inLanguage\":\"fr-FR\"},{\"@type\":\"Organization\",\"@id\":\"https:\\\/\\\/www.murtra.com\\\/fr\\\/#organization\",\"name\":\"Murtra\",\"url\":\"https:\\\/\\\/www.murtra.com\\\/fr\\\/\",\"logo\":{\"@type\":\"ImageObject\",\"inLanguage\":\"fr-FR\",\"@id\":\"https:\\\/\\\/www.murtra.com\\\/fr\\\/#\\\/schema\\\/logo\\\/image\\\/\",\"url\":\"https:\\\/\\\/www.murtra.com\\\/wp-content\\\/uploads\\\/2021\\\/11\\\/mutra-logo.png\",\"contentUrl\":\"https:\\\/\\\/www.murtra.com\\\/wp-content\\\/uploads\\\/2021\\\/11\\\/mutra-logo.png\",\"width\":156,\"height\":201,\"caption\":\"Murtra\"},\"image\":{\"@id\":\"https:\\\/\\\/www.murtra.com\\\/fr\\\/#\\\/schema\\\/logo\\\/image\\\/\"}}]}<\/script>\n<!-- \/ Yoast SEO plugin. -->","yoast_head_json":{"title":"paroi-japonaise AT8XX","robots":{"index":"index","follow":"follow","max-snippet":"max-snippet:-1","max-image-preview":"max-image-preview:large","max-video-preview":"max-video-preview:-1"},"canonical":"https:\/\/www.murtra.com\/fr\/produit\/decoracion\/paroi-japonaise\/at8xx\/","og_locale":"fr_FR","og_type":"article","og_title":"paroi-japonaise AT8XX","og_description":"[vc_row el_class=\u00a0\u00bbdisplay-none-desktop title-default-product\u00a0\u00bb][vc_column][vc_wp_text] AT8XX [\/vc_wp_text][\/vc_column][\/vc_row][vc_row full_width=\u00a0\u00bbstretch_row\u00a0\u00bb el_class=\u00a0\u00bbsection-product-type-1&Prime;][vc_column width=\u00a0\u00bb1\/2&Prime;][vc_wp_text el_class=\u00a0\u00bbproduct-text\u00a0\u00bb] AT8XX Classique Silencieux Fonctionnel Syst\u00e8me classique et \u00e9l\u00e9gant de paroi japonaise, \u00e0 man\u0153uvre \u00e0 cordon et manuelle, qui offre la solution la plus compl\u00e8te du march\u00e9 en ouverture et fermeture Demander des informations[\/vc_wp_text][\/vc_column][vc_column width=\u00a0\u00bb1\/2&Prime; el_class=\u00a0\u00bbslider-imagen-cortada slider-imagen-cortada-decor\u00a0\u00bb][\/vc_column][\/vc_row][vc_section el_class=\u00a0\u00bbcaracteristicas-expander text-expander\u00a0\u00bb][vc_row el_class=\u00a0\u00bbtext-default-p\u00a0\u00bb][vc_column][vc_wp_text] Caract\u00e9ristiques du syst\u00e8me [\/vc_wp_text][\/vc_column][\/vc_row][vc_row el_class=\u00a0\u00bbtext-default-p\u00a0\u00bb][vc_column width=\u00a0\u00bb1\/4&Prime;][vc_wp_text]Man\u0153uvre \u00e0 [&hellip;]","og_url":"https:\/\/www.murtra.com\/fr\/produit\/decoracion\/paroi-japonaise\/at8xx\/","og_site_name":"Murtra","article_modified_time":"2023-10-17T14:53:36+00:00","og_image":[{"width":635,"height":500,"url":"https:\/\/www.murtra.com\/wp-content\/uploads\/2022\/09\/AT8XX_2_AT840_cordon-min.jpg","type":"image\/jpeg"}],"twitter_card":"summary_large_image","twitter_misc":{"Dur\u00e9e de lecture estim\u00e9e":"2 minutes"},"schema":{"@context":"https:\/\/schema.org","@graph":[{"@type":"WebPage","@id":"https:\/\/www.murtra.com\/fr\/produit\/decoracion\/paroi-japonaise\/at8xx\/","url":"https:\/\/www.murtra.com\/fr\/produit\/decoracion\/paroi-japonaise\/at8xx\/","name":"paroi-japonaise AT8XX","isPartOf":{"@id":"https:\/\/www.murtra.com\/fr\/#website"},"primaryImageOfPage":{"@id":"https:\/\/www.murtra.com\/fr\/produit\/decoracion\/paroi-japonaise\/at8xx\/#primaryimage"},"image":{"@id":"https:\/\/www.murtra.com\/fr\/produit\/decoracion\/paroi-japonaise\/at8xx\/#primaryimage"},"thumbnailUrl":"https:\/\/www.murtra.com\/wp-content\/uploads\/2022\/09\/AT8XX_2_AT840_cordon-min.jpg","datePublished":"2022-09-29T14:10:57+00:00","dateModified":"2023-10-17T14:53:36+00:00","breadcrumb":{"@id":"https:\/\/www.murtra.com\/fr\/produit\/decoracion\/paroi-japonaise\/at8xx\/#breadcrumb"},"inLanguage":"fr-FR","potentialAction":[{"@type":"ReadAction","target":["https:\/\/www.murtra.com\/fr\/produit\/decoracion\/paroi-japonaise\/at8xx\/"]}]},{"@type":"ImageObject","inLanguage":"fr-FR","@id":"https:\/\/www.murtra.com\/fr\/produit\/decoracion\/paroi-japonaise\/at8xx\/#primaryimage","url":"https:\/\/www.murtra.com\/wp-content\/uploads\/2022\/09\/AT8XX_2_AT840_cordon-min.jpg","contentUrl":"https:\/\/www.murtra.com\/wp-content\/uploads\/2022\/09\/AT8XX_2_AT840_cordon-min.jpg","width":635,"height":500},{"@type":"BreadcrumbList","@id":"https:\/\/www.murtra.com\/fr\/produit\/decoracion\/paroi-japonaise\/at8xx\/#breadcrumb","itemListElement":[{"@type":"ListItem","position":1,"name":"Home","item":"https:\/\/www.murtra.com\/fr\/"},{"@type":"ListItem","position":2,"name":"D\u00e9coration","item":"https:\/\/www.murtra.com\/fr\/categoria\/decoration-fr\/"},{"@type":"ListItem","position":3,"name":"Paroi Japonaise","item":"https:\/\/www.murtra.com\/fr\/decoration\/panneau-japonais\/"},{"@type":"ListItem","position":4,"name":"AT8XX"}]},{"@type":"WebSite","@id":"https:\/\/www.murtra.com\/fr\/#website","url":"https:\/\/www.murtra.com\/fr\/","name":"Murtra Grupo textil industrial","description":"Murtra Grupo textil industrial","publisher":{"@id":"https:\/\/www.murtra.com\/fr\/#organization"},"potentialAction":[{"@type":"SearchAction","target":{"@type":"EntryPoint","urlTemplate":"https:\/\/www.murtra.com\/fr\/?s={search_term_string}"},"query-input":{"@type":"PropertyValueSpecification","valueRequired":true,"valueName":"search_term_string"}}],"inLanguage":"fr-FR"},{"@type":"Organization","@id":"https:\/\/www.murtra.com\/fr\/#organization","name":"Murtra","url":"https:\/\/www.murtra.com\/fr\/","logo":{"@type":"ImageObject","inLanguage":"fr-FR","@id":"https:\/\/www.murtra.com\/fr\/#\/schema\/logo\/image\/","url":"https:\/\/www.murtra.com\/wp-content\/uploads\/2021\/11\/mutra-logo.png","contentUrl":"https:\/\/www.murtra.com\/wp-content\/uploads\/2021\/11\/mutra-logo.png","width":156,"height":201,"caption":"Murtra"},"image":{"@id":"https:\/\/www.murtra.com\/fr\/#\/schema\/logo\/image\/"}}]}},"_links":{"self":[{"href":"https:\/\/www.murtra.com\/fr\/wp-json\/wp\/v2\/product\/4568","targetHints":{"allow":["GET"]}}],"collection":[{"href":"https:\/\/www.murtra.com\/fr\/wp-json\/wp\/v2\/product"}],"about":[{"href":"https:\/\/www.murtra.com\/fr\/wp-json\/wp\/v2\/types\/product"}],"replies":[{"embeddable":true,"href":"https:\/\/www.murtra.com\/fr\/wp-json\/wp\/v2\/comments?post=4568"}],"wp:featuredmedia":[{"embeddable":true,"href":"https:\/\/www.murtra.com\/fr\/wp-json\/wp\/v2\/media\/2787"}],"wp:attachment":[{"href":"https:\/\/www.murtra.com\/fr\/wp-json\/wp\/v2\/media?parent=4568"}],"wp:term":[{"taxonomy":"product_brand","embeddable":true,"href":"https:\/\/www.murtra.com\/fr\/wp-json\/wp\/v2\/product_brand?post=4568"},{"taxonomy":"product_cat","embeddable":true,"href":"https:\/\/www.murtra.com\/fr\/wp-json\/wp\/v2\/product_cat?post=4568"},{"taxonomy":"product_tag","embeddable":true,"href":"https:\/\/www.murtra.com\/fr\/wp-json\/wp\/v2\/product_tag?post=4568"}],"curies":[{"name":"wp","href":"https:\/\/api.w.org\/{rel}","templated":true}]}}