{"id":4553,"date":"2022-02-15T12:45:17","date_gmt":"2022-02-15T12:45:17","guid":{"rendered":"https:\/\/www.murtra.com\/producto\/non%20class\u00e9\/at500\/"},"modified":"2023-10-17T14:50:43","modified_gmt":"2023-10-17T14:50:43","slug":"at500","status":"publish","type":"product","link":"https:\/\/www.murtra.com\/fr\/produit\/decoration\/stores-bateaux\/at500\/","title":{"rendered":"AT500"},"content":{"rendered":"<div class=\"wpb-content-wrapper\"><p>[vc_row el_class=\u00a0\u00bbdisplay-none-desktop title-default-product\u00a0\u00bb][vc_column][vc_wp_text]<\/p>\n<h1 class=\"title-product\">AT500<\/h1>\n<p>[\/vc_wp_text][\/vc_column][\/vc_row][vc_row full_width=\u00a0\u00bbstretch_row\u00a0\u00bb el_class=\u00a0\u00bbsection-product-type-1&Prime;][vc_column width=\u00a0\u00bb1\/2&Prime;][vc_wp_text el_class=\u00a0\u00bbproduct-text\u00a0\u00bb]<\/p>\n<h1 class=\"title-product display-none-responsive\">AT500<\/h1>\n<p>Produit brevet\u00e9 <img class=\"detalles-tecnicos\" \/><\/p>\n<p class=\"subtitle-product subtitle-product-big\">Fonctionnalit\u00e9<br \/>\nTechnique<br \/>\nDesign<\/p>\n<p class=\"subtitle-product subtitle-max-width\">La meilleure innovation en syst\u00e8mes \u00e0 accessoires magn\u00e9tiques. Le nouveau design du syst\u00e8me compact r\u00e9unit \u00e0 la perfection, la fonctionnalit\u00e9 des solutions incorpor\u00e9es avec une esth\u00e9tique soign\u00e9e, en cr\u00e9ant un syst\u00e8me enti\u00e8rement int\u00e9gr\u00e9 au design.<\/p>\n<p><a class=\"link-product\" href=\"#contacto\">Demander des informations<\/a>[\/vc_wp_text][\/vc_column][vc_column width=\u00a0\u00bb1\/2&Prime; el_class=\u00a0\u00bbslider-imagen-cortada slider-imagen-cortada-decor\u00a0\u00bb]<div id=\"ult-carousel-61851007069e73e31eb95a\" class=\"ult-carousel-wrapper  slider-default-product ult_horizontal\" data-gutter=\"15\" data-rtl=\"false\" ><div class=\"ult-carousel-165602786769e73e31eb882 \" >[vc_single_image image=\u00a0\u00bb2758&Prime; img_size=\u00a0\u00bbfull\u00a0\u00bb][vc_single_image image=\u00a0\u00bb2761&Prime; img_size=\u00a0\u00bbfull\u00a0\u00bb]<\/div><\/div>\t\t\t<script type=\"text\/javascript\">\n\t\t\t\tjQuery(document).ready(function ($) {\n\t\t\t\t\tif( typeof jQuery('.ult-carousel-165602786769e73e31eb882').slick == \"function\"){\n\t\t\t\t\t\t$('.ult-carousel-165602786769e73e31eb882').slick({dots: true,autoplaySpeed: \"5000\",speed: \"300\",infinite: true,arrows: false,slidesToScroll:1,slidesToShow:1,swipe: true,draggable: true,touchMove: true,pauseOnHover: true,pauseOnFocus: false,responsive: [\n\t\t\t\t\t\t\t{\n\t\t\t\t\t\t\t  breakpoint: 1026,\n\t\t\t\t\t\t\t  settings: {\n\t\t\t\t\t\t\t\tslidesToShow: 1,\n\t\t\t\t\t\t\t\tslidesToScroll: 1,  \n\t\t\t\t\t\t\t  }\n\t\t\t\t\t\t\t},\n\t\t\t\t\t\t\t{\n\t\t\t\t\t\t\t  breakpoint: 1025,\n\t\t\t\t\t\t\t  settings: {\n\t\t\t\t\t\t\t\tslidesToShow: 1,\n\t\t\t\t\t\t\t\tslidesToScroll: 1\n\t\t\t\t\t\t\t  }\n\t\t\t\t\t\t\t},\n\t\t\t\t\t\t\t{\n\t\t\t\t\t\t\t  breakpoint: 760,\n\t\t\t\t\t\t\t  settings: {\n\t\t\t\t\t\t\t\tslidesToShow: 1,\n\t\t\t\t\t\t\t\tslidesToScroll: 1\n\t\t\t\t\t\t\t  }\n\t\t\t\t\t\t\t}\n\t\t\t\t\t\t],pauseOnDotsHover: true,customPaging: function(slider, i) {\n                   return '<i type=\"button\" style= \"color:#333333;\" class=\"ultsl-record\" data-role=\"none\"><\/i>';\n                },});\n\t\t\t\t\t}\n\t\t\t\t});\n\t\t\t<\/script>\n\t\t\t[\/vc_column][\/vc_row][vc_section el_class=\u00a0\u00bbcaracteristicas-expander text-expander\u00a0\u00bb][vc_row el_class=\u00a0\u00bbtext-default-p\u00a0\u00bb][vc_column][vc_wp_text]<\/p>\n<p class=\"descargable-title title-1\">Caract\u00e9ristiques du syst\u00e8me<\/p>\n<p>[\/vc_wp_text][\/vc_column][\/vc_row][vc_row el_class=\u00a0\u00bbtext-default-p\u00a0\u00bb][vc_column width=\u00a0\u00bb1\/4&Prime;][vc_wp_text el_class=\u00a0\u00bbtitle-product-caract\u00a0\u00bb]Syst\u00e8me breakaway aimant\u00e9[\/vc_wp_text][\/vc_column][vc_column width=\u00a0\u00bb3\/4&Prime;][vc_wp_text el_class=\u00a0\u00bbtext-product-caract\u00a0\u00bb]Commande BA int\u00e9gr\u00e9e.<br \/>\nConforme \u00e0 la norme UNE EN-13120 sur la s\u00e9curit\u00e9 des enfants.<br \/>\nR\u00e9armement du BA. Syst\u00e8me d\u2019une grande facilit\u00e9 gr\u00e2ce \u00e0 un raccord autor\u00e9glable.<br \/>\nRuban auto-agrippante int\u00e9gr\u00e9 au couvercle de la commande.<br \/>\nApplication universelle. Plafond, mur et mur-mur.<br \/>\nBA sans vis apparente. Remplacement facile de l\u2019anneau de cha\u00eenette.<br \/>\nSyst\u00e8me certifi\u00e9 par un laboratoire ind\u00e9pendant Applus.<br \/>\nCommande 1:1. 3,5 kg \/ commande 1:4. 7,5 kg.[\/vc_wp_text][\/vc_column][\/vc_row][vc_row el_class=\u00a0\u00bbtext-default-p\u00a0\u00bb][vc_column width=\u00a0\u00bb1\/4&Prime;][vc_wp_text el_class=\u00a0\u00bbtitle-product-caract\u00a0\u00bb]Support magn\u00e9tique[\/vc_wp_text][\/vc_column][vc_column width=\u00a0\u00bb3\/4&Prime;][vc_wp_text el_class=\u00a0\u00bbtext-product-caract\u00a0\u00bb]La force de son aimant permet de suspendre et fixer le rail au plafond et au mur.<br \/>\nPermet \u00e0 un seul op\u00e9rateur d\u2019installer des rideaux d\u2019une longueur de 4 m.<br \/>\nFonctionnalit\u00e9 optimis\u00e9e pendant le montage et le d\u00e9montage.<br \/>\nAuto-centrage de plus d\u20191 cm pour compenser les tol\u00e9rances pendant l\u2019installation.[\/vc_wp_text][\/vc_column][\/vc_row][vc_row el_class=\u00a0\u00bbtext-default-p\u00a0\u00bb][vc_column width=\u00a0\u00bb1\/4&Prime;][vc_wp_text el_class=\u00a0\u00bbtitle-product-caract\u00a0\u00bb]Profil\u00e9[\/vc_wp_text][\/vc_column][vc_column width=\u00a0\u00bb3\/4&Prime;][vc_wp_text el_class=\u00a0\u00bbtext-product-caract\u00a0\u00bb]Profil\u00e9 semi-ouvert qui garantit un maniement facile du syst\u00e8me.<br \/>\nTous les composants sont int\u00e9gr\u00e9s au profil, sans vis apparentes.<br \/>\nComposants internes finition unifi\u00e9e transparente.<br \/>\nProfil\u00e9 robuste et haute qualit\u00e9.<br \/>\nPoids 413 g\/ml. Alliage aluminium 6063 T5. Dimensions 36 x 38 mm.<br \/>\nRuban auto-agrippante align\u00e9 sur la forme du profil\u00e9.[\/vc_wp_text][\/vc_column][\/vc_row][vc_row el_class=\u00a0\u00bbtext-default-p\u00a0\u00bb][vc_column width=\u00a0\u00bb1\/4&Prime;][vc_wp_text el_class=\u00a0\u00bbtitle-product-caract\u00a0\u00bb]Supports[\/vc_wp_text][\/vc_column][vc_column width=\u00a0\u00bb3\/4&Prime;][vc_wp_text el_class=\u00a0\u00bbtext-product-caract\u00a0\u00bb]Support clip \/ support universel \/ support \u00e0 came \/ support mural 8,5- 13,5 cm.<br \/>\nSupport clip \u00e0 languette pour un montage et d\u00e9montage facile et manuel du m\u00e9canisme.[\/vc_wp_text][\/vc_column][\/vc_row][vc_row el_class=\u00a0\u00bbtext-default-p\u00a0\u00bb][vc_column width=\u00a0\u00bb1\/4&Prime;][vc_wp_text el_class=\u00a0\u00bbtitle-product-caract\u00a0\u00bb]C\u00f4ne enroulement[\/vc_wp_text][\/vc_column][vc_column width=\u00a0\u00bb3\/4&Prime;][vc_wp_text el_class=\u00a0\u00bbtext-product-caract\u00a0\u00bb]Facilit\u00e9 d\u2019installation et de remplacement de la corde.<br \/>\nAnneaux int\u00e9gr\u00e9s pour faciliter le retrait et la pose du tissu (lavage).<br \/>\nSyst\u00e8me \u00e0 clip align\u00e9 pour une fixation facile de la corde.<br \/>\nSyst\u00e8me de fixation facile du c\u00f4ne cordon au profil.<br \/>\nC\u00f4ne conique qui garantit un fonctionnement doux et efficace du syst\u00e8me.<br \/>\nChute corde jusqu\u2019\u00e0 3,4 m\u00e8tres.[\/vc_wp_text][\/vc_column][\/vc_row][vc_row el_class=\u00a0\u00bbtext-default-p\u00a0\u00bb][vc_column width=\u00a0\u00bb1\/4&Prime;][vc_wp_text el_class=\u00a0\u00bbtitle-product-caract\u00a0\u00bb]Syst\u00e8me \u00e0 moteur[\/vc_wp_text][\/vc_column][vc_column width=\u00a0\u00bb3\/6&Prime;][vc_wp_text el_class=\u00a0\u00bbsistema-motorizado-solicitar-info\u00a0\u00bb]Options de motorisation disponibles pour syst\u00e8me de store AT500 dans collection Syst\u00e8mes \u00e0 moteur Moving Murtra.[\/vc_wp_text][\/vc_column][vc_column width=\u00a0\u00bb1\/5&Prime;][vc_column_text el_class=\u00a0\u00bbproduct-text product-text-no-height\u00a0\u00bb]<a class=\"link-product\" href=\"https:\/\/www.murtra.com\/fr\/produit\/deco\/moteur\/at500\/\">Consulter<\/a>[\/vc_column_text][\/vc_column][\/vc_row][\/vc_section][vc_row el_class=\u00a0\u00bbtext-default-p detalles-tecnicos-section-decor\u00a0\u00bb css=\u00a0\u00bb.vc_custom_1668448697608{margin-top: 45px !important;}\u00a0\u00bb][vc_column width=\u00a0\u00bb1\/3&Prime;][vc_wp_text]<\/p>\n<p class=\"descargable-title title-1\">D\u00e9tails techniques<\/p>\n<p>[\/vc_wp_text][\/vc_column][vc_column width=\u00a0\u00bb2\/3&Prime;]<div class=\"ult-spacer spacer-69e73e31eba13\" data-id=\"69e73e31eba13\" data-height=\"55\" data-height-mobile=\"0\" data-height-tab=\"0\" data-height-tab-portrait=\"0\" data-height-mobile-landscape=\"0\" style=\"clear:both;display:block;\"><\/div>[vc_wp_text]Poids maximum rideau: 7,5 kg<br \/>\nLargeur maximum rideau: 3 m<br \/>\nCouleur: Blanc<\/p>\n<p>Man\u0153uvres <img decoding=\"async\" class=\"detalles-tecnicos\" src=\"https:\/\/www.murtra.com\/wp-content\/uploads\/2022\/11\/icono_cadena.png\" \/> <img decoding=\"async\" class=\"detalles-tecnicos\" src=\"https:\/\/www.murtra.com\/wp-content\/uploads\/2022\/11\/icono_cadena-2.png\" \/> <img decoding=\"async\" class=\"detalles-tecnicos\" src=\"https:\/\/www.murtra.com\/wp-content\/uploads\/2022\/11\/icono_bateria.png\" \/><br \/>\n\u00c0 cha\u00eenette<br \/>\n\u00c0 moteur<\/p>\n<p>Cintrages: -[\/vc_wp_text][vc_column_text el_class=\u00a0\u00bbproduct-text\u00a0\u00bb]<a class=\"link-product\" href=\"https:\/\/www.murtra.com\/wp-content\/uploads\/2022\/11\/Enlace-Video-Estor-Plegable-AT500-EN.mp4\">Voir vid\u00e9o<\/a>[\/vc_column_text][\/vc_column][\/vc_row]<\/p>\n<\/div>","protected":false},"excerpt":{"rendered":"<p>[vc_row el_class=\u00a0\u00bbdisplay-none-desktop title-default-product\u00a0\u00bb][vc_column][vc_wp_text] AT500 [\/vc_wp_text][\/vc_column][\/vc_row][vc_row full_width=\u00a0\u00bbstretch_row\u00a0\u00bb el_class=\u00a0\u00bbsection-product-type-1&Prime;][vc_column width=\u00a0\u00bb1\/2&Prime;][vc_wp_text el_class=\u00a0\u00bbproduct-text\u00a0\u00bb] AT500 Produit brevet\u00e9 Fonctionnalit\u00e9 Technique Design La meilleure innovation en syst\u00e8mes \u00e0 accessoires magn\u00e9tiques. Le nouveau design du syst\u00e8me compact r\u00e9unit \u00e0 la perfection, la fonctionnalit\u00e9 des solutions incorpor\u00e9es avec une esth\u00e9tique soign\u00e9e, en cr\u00e9ant un syst\u00e8me enti\u00e8rement int\u00e9gr\u00e9 au design. Demander des informations[\/vc_wp_text][\/vc_column][vc_column width=\u00a0\u00bb1\/2&Prime; el_class=\u00a0\u00bbslider-imagen-cortada [&hellip;]<\/p>\n","protected":false},"featured_media":2758,"comment_status":"open","ping_status":"closed","template":"","meta":{"_acf_changed":false},"product_brand":[],"product_cat":[264],"product_tag":[],"class_list":{"0":"post-4553","1":"product","2":"type-product","3":"status-publish","4":"has-post-thumbnail","6":"product_cat-stores-bateaux","8":"first","9":"instock","10":"shipping-taxable","11":"product-type-simple"},"acf":[],"yoast_head":"<!-- This site is optimized with the Yoast SEO plugin v27.3 - https:\/\/yoast.com\/product\/yoast-seo-wordpress\/ -->\n<title>Stores Bateaux AT500<\/title>\n<meta name=\"description\" content=\"Store pliant compact, int\u00e9gr\u00e9 dans le design, avec ferrures magn\u00e9tiques\" \/>\n<meta name=\"robots\" content=\"index, follow, max-snippet:-1, max-image-preview:large, max-video-preview:-1\" \/>\n<link rel=\"canonical\" href=\"https:\/\/www.murtra.com\/fr\/produit\/decoration\/stores-bateaux\/at500\/\" \/>\n<meta property=\"og:locale\" content=\"fr_FR\" \/>\n<meta property=\"og:type\" content=\"article\" \/>\n<meta property=\"og:title\" content=\"Stores Bateaux AT500\" \/>\n<meta property=\"og:description\" content=\"Store pliant compact, int\u00e9gr\u00e9 dans le design, avec ferrures magn\u00e9tiques\" \/>\n<meta property=\"og:url\" content=\"https:\/\/www.murtra.com\/fr\/produit\/decoration\/stores-bateaux\/at500\/\" \/>\n<meta property=\"og:site_name\" content=\"Murtra\" \/>\n<meta property=\"article:modified_time\" content=\"2023-10-17T14:50:43+00:00\" \/>\n<meta property=\"og:image\" content=\"https:\/\/www.murtra.com\/wp-content\/uploads\/2022\/02\/AT500_1_BA.jpg\" \/>\n\t<meta property=\"og:image:width\" content=\"635\" \/>\n\t<meta property=\"og:image:height\" content=\"500\" \/>\n\t<meta property=\"og:image:type\" content=\"image\/jpeg\" \/>\n<meta name=\"twitter:card\" content=\"summary_large_image\" \/>\n<meta name=\"twitter:label1\" content=\"Dur\u00e9e de lecture estim\u00e9e\" \/>\n\t<meta name=\"twitter:data1\" content=\"3 minutes\" \/>\n<script type=\"application\/ld+json\" class=\"yoast-schema-graph\">{\"@context\":\"https:\\\/\\\/schema.org\",\"@graph\":[{\"@type\":\"WebPage\",\"@id\":\"https:\\\/\\\/www.murtra.com\\\/fr\\\/produit\\\/decoration\\\/stores-bateaux\\\/at500\\\/\",\"url\":\"https:\\\/\\\/www.murtra.com\\\/fr\\\/produit\\\/decoration\\\/stores-bateaux\\\/at500\\\/\",\"name\":\"Stores Bateaux AT500\",\"isPartOf\":{\"@id\":\"https:\\\/\\\/www.murtra.com\\\/fr\\\/#website\"},\"primaryImageOfPage\":{\"@id\":\"https:\\\/\\\/www.murtra.com\\\/fr\\\/produit\\\/decoration\\\/stores-bateaux\\\/at500\\\/#primaryimage\"},\"image\":{\"@id\":\"https:\\\/\\\/www.murtra.com\\\/fr\\\/produit\\\/decoration\\\/stores-bateaux\\\/at500\\\/#primaryimage\"},\"thumbnailUrl\":\"https:\\\/\\\/www.murtra.com\\\/wp-content\\\/uploads\\\/2022\\\/02\\\/AT500_1_BA.jpg\",\"datePublished\":\"2022-02-15T12:45:17+00:00\",\"dateModified\":\"2023-10-17T14:50:43+00:00\",\"description\":\"Store pliant compact, int\u00e9gr\u00e9 dans le design, avec ferrures magn\u00e9tiques\",\"breadcrumb\":{\"@id\":\"https:\\\/\\\/www.murtra.com\\\/fr\\\/produit\\\/decoration\\\/stores-bateaux\\\/at500\\\/#breadcrumb\"},\"inLanguage\":\"fr-FR\",\"potentialAction\":[{\"@type\":\"ReadAction\",\"target\":[\"https:\\\/\\\/www.murtra.com\\\/fr\\\/produit\\\/decoration\\\/stores-bateaux\\\/at500\\\/\"]}]},{\"@type\":\"ImageObject\",\"inLanguage\":\"fr-FR\",\"@id\":\"https:\\\/\\\/www.murtra.com\\\/fr\\\/produit\\\/decoration\\\/stores-bateaux\\\/at500\\\/#primaryimage\",\"url\":\"https:\\\/\\\/www.murtra.com\\\/wp-content\\\/uploads\\\/2022\\\/02\\\/AT500_1_BA.jpg\",\"contentUrl\":\"https:\\\/\\\/www.murtra.com\\\/wp-content\\\/uploads\\\/2022\\\/02\\\/AT500_1_BA.jpg\",\"width\":635,\"height\":500},{\"@type\":\"BreadcrumbList\",\"@id\":\"https:\\\/\\\/www.murtra.com\\\/fr\\\/produit\\\/decoration\\\/stores-bateaux\\\/at500\\\/#breadcrumb\",\"itemListElement\":[{\"@type\":\"ListItem\",\"position\":1,\"name\":\"Home\",\"item\":\"https:\\\/\\\/www.murtra.com\\\/fr\\\/\"},{\"@type\":\"ListItem\",\"position\":2,\"name\":\"D\u00e9coration\",\"item\":\"https:\\\/\\\/www.murtra.com\\\/fr\\\/categoria\\\/decoration-fr\\\/\"},{\"@type\":\"ListItem\",\"position\":3,\"name\":\"Stores Bateaux\",\"item\":\"https:\\\/\\\/www.murtra.com\\\/fr\\\/categorie\\\/stores-pliants\\\/\"},{\"@type\":\"ListItem\",\"position\":4,\"name\":\"AT500\"}]},{\"@type\":\"WebSite\",\"@id\":\"https:\\\/\\\/www.murtra.com\\\/fr\\\/#website\",\"url\":\"https:\\\/\\\/www.murtra.com\\\/fr\\\/\",\"name\":\"Murtra Grupo textil industrial\",\"description\":\"Murtra Grupo textil industrial\",\"publisher\":{\"@id\":\"https:\\\/\\\/www.murtra.com\\\/fr\\\/#organization\"},\"potentialAction\":[{\"@type\":\"SearchAction\",\"target\":{\"@type\":\"EntryPoint\",\"urlTemplate\":\"https:\\\/\\\/www.murtra.com\\\/fr\\\/?s={search_term_string}\"},\"query-input\":{\"@type\":\"PropertyValueSpecification\",\"valueRequired\":true,\"valueName\":\"search_term_string\"}}],\"inLanguage\":\"fr-FR\"},{\"@type\":\"Organization\",\"@id\":\"https:\\\/\\\/www.murtra.com\\\/fr\\\/#organization\",\"name\":\"Murtra\",\"url\":\"https:\\\/\\\/www.murtra.com\\\/fr\\\/\",\"logo\":{\"@type\":\"ImageObject\",\"inLanguage\":\"fr-FR\",\"@id\":\"https:\\\/\\\/www.murtra.com\\\/fr\\\/#\\\/schema\\\/logo\\\/image\\\/\",\"url\":\"https:\\\/\\\/www.murtra.com\\\/wp-content\\\/uploads\\\/2021\\\/11\\\/mutra-logo.png\",\"contentUrl\":\"https:\\\/\\\/www.murtra.com\\\/wp-content\\\/uploads\\\/2021\\\/11\\\/mutra-logo.png\",\"width\":156,\"height\":201,\"caption\":\"Murtra\"},\"image\":{\"@id\":\"https:\\\/\\\/www.murtra.com\\\/fr\\\/#\\\/schema\\\/logo\\\/image\\\/\"}}]}<\/script>\n<!-- \/ Yoast SEO plugin. -->","yoast_head_json":{"title":"Stores Bateaux AT500","description":"Store pliant compact, int\u00e9gr\u00e9 dans le design, avec ferrures magn\u00e9tiques","robots":{"index":"index","follow":"follow","max-snippet":"max-snippet:-1","max-image-preview":"max-image-preview:large","max-video-preview":"max-video-preview:-1"},"canonical":"https:\/\/www.murtra.com\/fr\/produit\/decoration\/stores-bateaux\/at500\/","og_locale":"fr_FR","og_type":"article","og_title":"Stores Bateaux AT500","og_description":"Store pliant compact, int\u00e9gr\u00e9 dans le design, avec ferrures magn\u00e9tiques","og_url":"https:\/\/www.murtra.com\/fr\/produit\/decoration\/stores-bateaux\/at500\/","og_site_name":"Murtra","article_modified_time":"2023-10-17T14:50:43+00:00","og_image":[{"width":635,"height":500,"url":"https:\/\/www.murtra.com\/wp-content\/uploads\/2022\/02\/AT500_1_BA.jpg","type":"image\/jpeg"}],"twitter_card":"summary_large_image","twitter_misc":{"Dur\u00e9e de lecture estim\u00e9e":"3 minutes"},"schema":{"@context":"https:\/\/schema.org","@graph":[{"@type":"WebPage","@id":"https:\/\/www.murtra.com\/fr\/produit\/decoration\/stores-bateaux\/at500\/","url":"https:\/\/www.murtra.com\/fr\/produit\/decoration\/stores-bateaux\/at500\/","name":"Stores Bateaux AT500","isPartOf":{"@id":"https:\/\/www.murtra.com\/fr\/#website"},"primaryImageOfPage":{"@id":"https:\/\/www.murtra.com\/fr\/produit\/decoration\/stores-bateaux\/at500\/#primaryimage"},"image":{"@id":"https:\/\/www.murtra.com\/fr\/produit\/decoration\/stores-bateaux\/at500\/#primaryimage"},"thumbnailUrl":"https:\/\/www.murtra.com\/wp-content\/uploads\/2022\/02\/AT500_1_BA.jpg","datePublished":"2022-02-15T12:45:17+00:00","dateModified":"2023-10-17T14:50:43+00:00","description":"Store pliant compact, int\u00e9gr\u00e9 dans le design, avec ferrures magn\u00e9tiques","breadcrumb":{"@id":"https:\/\/www.murtra.com\/fr\/produit\/decoration\/stores-bateaux\/at500\/#breadcrumb"},"inLanguage":"fr-FR","potentialAction":[{"@type":"ReadAction","target":["https:\/\/www.murtra.com\/fr\/produit\/decoration\/stores-bateaux\/at500\/"]}]},{"@type":"ImageObject","inLanguage":"fr-FR","@id":"https:\/\/www.murtra.com\/fr\/produit\/decoration\/stores-bateaux\/at500\/#primaryimage","url":"https:\/\/www.murtra.com\/wp-content\/uploads\/2022\/02\/AT500_1_BA.jpg","contentUrl":"https:\/\/www.murtra.com\/wp-content\/uploads\/2022\/02\/AT500_1_BA.jpg","width":635,"height":500},{"@type":"BreadcrumbList","@id":"https:\/\/www.murtra.com\/fr\/produit\/decoration\/stores-bateaux\/at500\/#breadcrumb","itemListElement":[{"@type":"ListItem","position":1,"name":"Home","item":"https:\/\/www.murtra.com\/fr\/"},{"@type":"ListItem","position":2,"name":"D\u00e9coration","item":"https:\/\/www.murtra.com\/fr\/categoria\/decoration-fr\/"},{"@type":"ListItem","position":3,"name":"Stores Bateaux","item":"https:\/\/www.murtra.com\/fr\/categorie\/stores-pliants\/"},{"@type":"ListItem","position":4,"name":"AT500"}]},{"@type":"WebSite","@id":"https:\/\/www.murtra.com\/fr\/#website","url":"https:\/\/www.murtra.com\/fr\/","name":"Murtra Grupo textil industrial","description":"Murtra Grupo textil industrial","publisher":{"@id":"https:\/\/www.murtra.com\/fr\/#organization"},"potentialAction":[{"@type":"SearchAction","target":{"@type":"EntryPoint","urlTemplate":"https:\/\/www.murtra.com\/fr\/?s={search_term_string}"},"query-input":{"@type":"PropertyValueSpecification","valueRequired":true,"valueName":"search_term_string"}}],"inLanguage":"fr-FR"},{"@type":"Organization","@id":"https:\/\/www.murtra.com\/fr\/#organization","name":"Murtra","url":"https:\/\/www.murtra.com\/fr\/","logo":{"@type":"ImageObject","inLanguage":"fr-FR","@id":"https:\/\/www.murtra.com\/fr\/#\/schema\/logo\/image\/","url":"https:\/\/www.murtra.com\/wp-content\/uploads\/2021\/11\/mutra-logo.png","contentUrl":"https:\/\/www.murtra.com\/wp-content\/uploads\/2021\/11\/mutra-logo.png","width":156,"height":201,"caption":"Murtra"},"image":{"@id":"https:\/\/www.murtra.com\/fr\/#\/schema\/logo\/image\/"}}]}},"_links":{"self":[{"href":"https:\/\/www.murtra.com\/fr\/wp-json\/wp\/v2\/product\/4553","targetHints":{"allow":["GET"]}}],"collection":[{"href":"https:\/\/www.murtra.com\/fr\/wp-json\/wp\/v2\/product"}],"about":[{"href":"https:\/\/www.murtra.com\/fr\/wp-json\/wp\/v2\/types\/product"}],"replies":[{"embeddable":true,"href":"https:\/\/www.murtra.com\/fr\/wp-json\/wp\/v2\/comments?post=4553"}],"wp:featuredmedia":[{"embeddable":true,"href":"https:\/\/www.murtra.com\/fr\/wp-json\/wp\/v2\/media\/2758"}],"wp:attachment":[{"href":"https:\/\/www.murtra.com\/fr\/wp-json\/wp\/v2\/media?parent=4553"}],"wp:term":[{"taxonomy":"product_brand","embeddable":true,"href":"https:\/\/www.murtra.com\/fr\/wp-json\/wp\/v2\/product_brand?post=4553"},{"taxonomy":"product_cat","embeddable":true,"href":"https:\/\/www.murtra.com\/fr\/wp-json\/wp\/v2\/product_cat?post=4553"},{"taxonomy":"product_tag","embeddable":true,"href":"https:\/\/www.murtra.com\/fr\/wp-json\/wp\/v2\/product_tag?post=4553"}],"curies":[{"name":"wp","href":"https:\/\/api.w.org\/{rel}","templated":true}]}}