{"id":4519,"date":"2022-09-23T07:53:08","date_gmt":"2022-09-23T07:53:08","guid":{"rendered":"https:\/\/www.murtra.com\/producto\/non%20class\u00e9\/at500-2\/"},"modified":"2024-03-06T10:19:31","modified_gmt":"2024-03-06T10:19:31","slug":"at500-2","status":"publish","type":"product","link":"https:\/\/www.murtra.com\/fr\/produit\/decoration\/rails-professionnels\/at622\/","title":{"rendered":"AT622"},"content":{"rendered":"<div class=\"wpb-content-wrapper\"><p>[vc_row el_class=\u00a0\u00bbdisplay-none-desktop title-default-product\u00a0\u00bb][vc_column][vc_wp_text]<\/p>\n<h1 class=\"title-product\">AT622<\/h1>\n<p>[\/vc_wp_text][\/vc_column][\/vc_row][vc_row full_width=\u00a0\u00bbstretch_row\u00a0\u00bb el_class=\u00a0\u00bbsection-product-type-1&Prime;][vc_column width=\u00a0\u00bb1\/2&Prime;][vc_wp_text el_class=\u00a0\u00bbproduct-text\u00a0\u00bb]<\/p>\n<h1 class=\"title-product display-none-responsive\">AT622<\/h1>\n<p>Produit brevet\u00e9 <img class=\"detalles-tecnicos\" \/><\/p>\n<p class=\"subtitle-product subtitle-product-big\">Fonctionnalit\u00e9<br \/>\nInstallation facile<br \/>\nInnovation<\/p>\n<p class=\"subtitle-product subtitle-max-width\">Le syst\u00e8me de rideau professionnel avec des d\u00e9tails et des accessoires innovants. Le syst\u00e8me est con\u00e7u pour les mouvements de rideaux fronc\u00e9s moyens \u00e0 lourds et se caract\u00e9rise par une installation facile et s\u00e9curis\u00e9e.<\/p>\n<p><a class=\"link-product\" href=\"#contacto\">Demander des informations<\/a>[\/vc_wp_text][\/vc_column][vc_column width=\u00a0\u00bb1\/2&Prime; el_class=\u00a0\u00bbslider-imagen-cortada slider-imagen-cortada-decor\u00a0\u00bb]<div id=\"ult-carousel-407396714369f4f9de287ef\" class=\"ult-carousel-wrapper  slider-default-product ult_horizontal\" data-gutter=\"15\" data-rtl=\"false\" ><div class=\"ult-carousel-79615240169f4f9de28713 \" >[vc_single_image image=\u00a0\u00bb2645&Prime; img_size=\u00a0\u00bbfull\u00a0\u00bb][vc_single_image image=\u00a0\u00bb2651&Prime; img_size=\u00a0\u00bbfull\u00a0\u00bb]<\/div><\/div>\t\t\t<script type=\"text\/javascript\">\n\t\t\t\tjQuery(document).ready(function ($) {\n\t\t\t\t\tif( typeof jQuery('.ult-carousel-79615240169f4f9de28713').slick == \"function\"){\n\t\t\t\t\t\t$('.ult-carousel-79615240169f4f9de28713').slick({dots: true,autoplaySpeed: \"5000\",speed: \"300\",infinite: true,arrows: false,slidesToScroll:1,slidesToShow:1,swipe: true,draggable: true,touchMove: true,pauseOnHover: true,pauseOnFocus: false,responsive: [\n\t\t\t\t\t\t\t{\n\t\t\t\t\t\t\t  breakpoint: 1026,\n\t\t\t\t\t\t\t  settings: {\n\t\t\t\t\t\t\t\tslidesToShow: 1,\n\t\t\t\t\t\t\t\tslidesToScroll: 1,  \n\t\t\t\t\t\t\t  }\n\t\t\t\t\t\t\t},\n\t\t\t\t\t\t\t{\n\t\t\t\t\t\t\t  breakpoint: 1025,\n\t\t\t\t\t\t\t  settings: {\n\t\t\t\t\t\t\t\tslidesToShow: 1,\n\t\t\t\t\t\t\t\tslidesToScroll: 1\n\t\t\t\t\t\t\t  }\n\t\t\t\t\t\t\t},\n\t\t\t\t\t\t\t{\n\t\t\t\t\t\t\t  breakpoint: 760,\n\t\t\t\t\t\t\t  settings: {\n\t\t\t\t\t\t\t\tslidesToShow: 1,\n\t\t\t\t\t\t\t\tslidesToScroll: 1\n\t\t\t\t\t\t\t  }\n\t\t\t\t\t\t\t}\n\t\t\t\t\t\t],pauseOnDotsHover: true,customPaging: function(slider, i) {\n                   return '<i type=\"button\" style= \"color:#333333;\" class=\"ultsl-record\" data-role=\"none\"><\/i>';\n                },});\n\t\t\t\t\t}\n\t\t\t\t});\n\t\t\t<\/script>\n\t\t\t[\/vc_column][\/vc_row][vc_section el_class=\u00a0\u00bbcaracteristicas-expander text-expander\u00a0\u00bb][vc_row el_class=\u00a0\u00bbtext-default-p\u00a0\u00bb][vc_column][vc_wp_text]<\/p>\n<p class=\"descargable-title title-1\">Caract\u00e9ristiques du syst\u00e8me<\/p>\n<p>[\/vc_wp_text][\/vc_column][\/vc_row][vc_row el_class=\u00a0\u00bbtext-default-p\u00a0\u00bb][vc_column width=\u00a0\u00bb1\/4&Prime;][vc_wp_text el_class=\u00a0\u00bbtitle-product-caract\u00a0\u00bb]Kit de poulie innovant[\/vc_wp_text][\/vc_column][vc_column width=\u00a0\u00bb3\/4&Prime;][vc_wp_text el_class=\u00a0\u00bbtext-product-caract\u00a0\u00bb]Kit de poulies innovant, permettant d\u2019ajouter ou \u00f4ter les courroies sans jamais avoir \u00e0 d\u00e9monter le syst\u00e8me.<br \/>\nSyst\u00e8me innovant de fixation \u00e0 poulies qui permet un acc\u00e8s direct au profil\u00e9.<br \/>\nPoulies \u00e0 structure m\u00e9tallique qui int\u00e8grent des supports pour fixation murale, facilement d\u00e9montables pendant la pose.<br \/>\nLe kit de poulies est con\u00e7u avec un kit de roulettes de chute et commande du cordon parfaitement align\u00e9es, permettant un d\u00e9placement doux et sans \u00e0-coups.[\/vc_wp_text][\/vc_column][\/vc_row][vc_row el_class=\u00a0\u00bbtext-default-p\u00a0\u00bb][vc_column width=\u00a0\u00bb1\/4&Prime;][vc_wp_text el_class=\u00a0\u00bbtitle-product-caract\u00a0\u00bb]Installation facile et versatile[\/vc_wp_text][\/vc_column][vc_column width=\u00a0\u00bb3\/4&Prime;][vc_wp_text el_class=\u00a0\u00bbtext-product-caract\u00a0\u00bb]Large gamme d\u2019accessoires pour couvrir diverses options de pose.<br \/>\nGlisseurs et chariots conducteurs coulissants et \u00e0 roulettes, avec axe en acier pour les installations exigeant une bonne r\u00e9sistance.[\/vc_wp_text][\/vc_column][\/vc_row][vc_row el_class=\u00a0\u00bbtext-default-p\u00a0\u00bb][vc_column width=\u00a0\u00bb1\/4&Prime;][vc_wp_text el_class=\u00a0\u00bbtitle-product-caract\u00a0\u00bb]Syst\u00e8me compact[\/vc_wp_text][\/vc_column][vc_column width=\u00a0\u00bb3\/4&Prime;][vc_wp_text el_class=\u00a0\u00bbtext-product-caract\u00a0\u00bb]Prestations haute qualit\u00e9 avec un profil de dimension r\u00e9duite (356 g\/ml).<br \/>\nMouvement optimal des cordons sans \u00e0-coups ou frottement.<br \/>\nCintrage facile et optimal.<br \/>\nNouveaux supports plafonds et muraux, avec came petit format incorpor\u00e9e, qui facilitent la fixation et augmentent la force d\u2019ancrage et de r\u00e9sistance face aux forces transversales du profil\u00e9.[\/vc_wp_text][\/vc_column][\/vc_row][vc_row el_class=\u00a0\u00bbtext-default-p\u00a0\u00bb][vc_column width=\u00a0\u00bb1\/4&Prime;][vc_wp_text el_class=\u00a0\u00bbtitle-product-caract\u00a0\u00bb]R\u00e8glementation de s\u00e9curit\u00e9[\/vc_wp_text][\/vc_column][vc_column width=\u00a0\u00bb3\/4&Prime;][vc_wp_text el_class=\u00a0\u00bbtext-product-caract\u00a0\u00bb]Conforme \u00e0 la norme UNE EN-13120 sur la s\u00e9curit\u00e9 des enfants.[\/vc_wp_text][\/vc_column][\/vc_row][\/vc_section][vc_row el_class=\u00a0\u00bbtext-default-p detalles-tecnicos-section-decor\u00a0\u00bb css=\u00a0\u00bb.vc_custom_1644937108365{margin-top: 45px !important;}\u00a0\u00bb][vc_column width=\u00a0\u00bb1\/3&Prime;][vc_wp_text]<\/p>\n<p class=\"descargable-title title-1\">D\u00e9tails techniques<\/p>\n<p>[\/vc_wp_text][\/vc_column][vc_column width=\u00a0\u00bb2\/3&Prime;]<div class=\"ult-spacer spacer-69f4f9de288ec\" data-id=\"69f4f9de288ec\" data-height=\"55\" data-height-mobile=\"0\" data-height-tab=\"0\" data-height-tab-portrait=\"0\" data-height-mobile-landscape=\"0\" style=\"clear:both;display:block;\"><\/div>[vc_wp_text]Poids maximum rideau: 18 kg<br \/>\nLargeur maximum rideau: 6 m<br \/>\nCouleur: Blanc<\/p>\n<p>Man\u0153uvres\u00a0\u00a0 <img loading=\"lazy\" decoding=\"async\" class=\"alignnone wp-image-2492\" src=\"https:\/\/www.murtra.com\/wp-content\/uploads\/2022\/09\/icono_manual-2.png\" alt=\"\" width=\"30\" height=\"30\" \/> \u00a0<img loading=\"lazy\" decoding=\"async\" class=\"alignnone wp-image-2408\" src=\"https:\/\/www.murtra.com\/wp-content\/uploads\/2022\/09\/thumbnail-1.png\" alt=\"\" width=\"30\" height=\"30\" \/><br \/>\nManuelle<br \/>\n\u00c0 cordon<\/p>\n<p>Onda parfaite: Surf et Onda<\/p>\n<p>Nombre de voies: 1<\/p>\n<p>Cintrages: R10 et R100\u00a0 <img loading=\"lazy\" decoding=\"async\" class=\"alignnone wp-image-2515\" src=\"https:\/\/www.murtra.com\/wp-content\/uploads\/2022\/09\/icono_curvas_R_10.png\" alt=\"\" width=\"30\" height=\"40\" \/><img loading=\"lazy\" decoding=\"async\" class=\"alignnone wp-image-2512\" src=\"https:\/\/www.murtra.com\/wp-content\/uploads\/2022\/09\/icono_curvas_2R_10.png\" alt=\"\" width=\"30\" height=\"40\" \/> <img loading=\"lazy\" decoding=\"async\" class=\"alignnone wp-image-2434\" src=\"https:\/\/www.murtra.com\/wp-content\/uploads\/2022\/09\/icono_curvas_R_100-1.png\" alt=\"\" width=\"30\" height=\"40\" \/>[\/vc_wp_text][\/vc_column][\/vc_row]<\/p>\n<\/div>","protected":false},"excerpt":{"rendered":"<p>[vc_row el_class=\u00a0\u00bbdisplay-none-desktop title-default-product\u00a0\u00bb][vc_column][vc_wp_text] AT622 [\/vc_wp_text][\/vc_column][\/vc_row][vc_row full_width=\u00a0\u00bbstretch_row\u00a0\u00bb el_class=\u00a0\u00bbsection-product-type-1&Prime;][vc_column width=\u00a0\u00bb1\/2&Prime;][vc_wp_text el_class=\u00a0\u00bbproduct-text\u00a0\u00bb] AT622 Produit brevet\u00e9 Fonctionnalit\u00e9 Installation facile Innovation Le syst\u00e8me de rideau professionnel avec des d\u00e9tails et des accessoires innovants. Le syst\u00e8me est con\u00e7u pour les mouvements de rideaux fronc\u00e9s moyens \u00e0 lourds et se caract\u00e9rise par une installation facile et s\u00e9curis\u00e9e. Demander des informations[\/vc_wp_text][\/vc_column][vc_column width=\u00a0\u00bb1\/2&Prime; el_class=\u00a0\u00bbslider-imagen-cortada [&hellip;]<\/p>\n","protected":false},"featured_media":2645,"comment_status":"open","ping_status":"closed","template":"","meta":{"_acf_changed":false},"product_brand":[],"product_cat":[262],"product_tag":[],"class_list":{"0":"post-4519","1":"product","2":"type-product","3":"status-publish","4":"has-post-thumbnail","6":"product_cat-rails-professionnels","8":"first","9":"instock","10":"shipping-taxable","11":"product-type-simple"},"acf":[],"yoast_head":"<!-- This site is optimized with the Yoast SEO plugin v27.3 - https:\/\/yoast.com\/product\/yoast-seo-wordpress\/ -->\n<title>rails professionnels AT622<\/title>\n<meta name=\"description\" content=\"Syst\u00e8me de rideau professionnel con\u00e7u pour le mouvement des rideaux \u00e0 volants\" \/>\n<meta name=\"robots\" content=\"index, follow, max-snippet:-1, max-image-preview:large, max-video-preview:-1\" \/>\n<link rel=\"canonical\" href=\"https:\/\/www.murtra.com\/fr\/produit\/decoration\/rails-professionnels\/at622\/\" \/>\n<meta property=\"og:locale\" content=\"fr_FR\" \/>\n<meta property=\"og:type\" content=\"article\" \/>\n<meta property=\"og:title\" content=\"rails professionnels AT622\" \/>\n<meta property=\"og:description\" content=\"Syst\u00e8me de rideau professionnel con\u00e7u pour le mouvement des rideaux \u00e0 volants\" \/>\n<meta property=\"og:url\" content=\"https:\/\/www.murtra.com\/fr\/produit\/decoration\/rails-professionnels\/at622\/\" \/>\n<meta property=\"og:site_name\" content=\"Murtra\" \/>\n<meta property=\"article:modified_time\" content=\"2024-03-06T10:19:31+00:00\" \/>\n<meta property=\"og:image\" content=\"https:\/\/www.murtra.com\/wp-content\/uploads\/2022\/09\/AT622_1_cordon.jpg\" \/>\n\t<meta property=\"og:image:width\" content=\"635\" \/>\n\t<meta property=\"og:image:height\" content=\"500\" \/>\n\t<meta property=\"og:image:type\" content=\"image\/jpeg\" \/>\n<meta name=\"twitter:card\" content=\"summary_large_image\" \/>\n<meta name=\"twitter:label1\" content=\"Dur\u00e9e de lecture estim\u00e9e\" \/>\n\t<meta name=\"twitter:data1\" content=\"4 minutes\" \/>\n<script type=\"application\/ld+json\" class=\"yoast-schema-graph\">{\"@context\":\"https:\\\/\\\/schema.org\",\"@graph\":[{\"@type\":\"WebPage\",\"@id\":\"https:\\\/\\\/www.murtra.com\\\/fr\\\/produit\\\/decoration\\\/rails-professionnels\\\/at622\\\/\",\"url\":\"https:\\\/\\\/www.murtra.com\\\/fr\\\/produit\\\/decoration\\\/rails-professionnels\\\/at622\\\/\",\"name\":\"rails professionnels AT622\",\"isPartOf\":{\"@id\":\"https:\\\/\\\/www.murtra.com\\\/fr\\\/#website\"},\"primaryImageOfPage\":{\"@id\":\"https:\\\/\\\/www.murtra.com\\\/fr\\\/produit\\\/decoration\\\/rails-professionnels\\\/at622\\\/#primaryimage\"},\"image\":{\"@id\":\"https:\\\/\\\/www.murtra.com\\\/fr\\\/produit\\\/decoration\\\/rails-professionnels\\\/at622\\\/#primaryimage\"},\"thumbnailUrl\":\"https:\\\/\\\/www.murtra.com\\\/wp-content\\\/uploads\\\/2022\\\/09\\\/AT622_1_cordon.jpg\",\"datePublished\":\"2022-09-23T07:53:08+00:00\",\"dateModified\":\"2024-03-06T10:19:31+00:00\",\"description\":\"Syst\u00e8me de rideau professionnel con\u00e7u pour le mouvement des rideaux \u00e0 volants\",\"breadcrumb\":{\"@id\":\"https:\\\/\\\/www.murtra.com\\\/fr\\\/produit\\\/decoration\\\/rails-professionnels\\\/at622\\\/#breadcrumb\"},\"inLanguage\":\"fr-FR\",\"potentialAction\":[{\"@type\":\"ReadAction\",\"target\":[\"https:\\\/\\\/www.murtra.com\\\/fr\\\/produit\\\/decoration\\\/rails-professionnels\\\/at622\\\/\"]}]},{\"@type\":\"ImageObject\",\"inLanguage\":\"fr-FR\",\"@id\":\"https:\\\/\\\/www.murtra.com\\\/fr\\\/produit\\\/decoration\\\/rails-professionnels\\\/at622\\\/#primaryimage\",\"url\":\"https:\\\/\\\/www.murtra.com\\\/wp-content\\\/uploads\\\/2022\\\/09\\\/AT622_1_cordon.jpg\",\"contentUrl\":\"https:\\\/\\\/www.murtra.com\\\/wp-content\\\/uploads\\\/2022\\\/09\\\/AT622_1_cordon.jpg\",\"width\":635,\"height\":500},{\"@type\":\"BreadcrumbList\",\"@id\":\"https:\\\/\\\/www.murtra.com\\\/fr\\\/produit\\\/decoration\\\/rails-professionnels\\\/at622\\\/#breadcrumb\",\"itemListElement\":[{\"@type\":\"ListItem\",\"position\":1,\"name\":\"Home\",\"item\":\"https:\\\/\\\/www.murtra.com\\\/fr\\\/\"},{\"@type\":\"ListItem\",\"position\":2,\"name\":\"D\u00e9coration\",\"item\":\"https:\\\/\\\/www.murtra.com\\\/fr\\\/categoria\\\/decoration-fr\\\/\"},{\"@type\":\"ListItem\",\"position\":3,\"name\":\"Rails Professionnels\",\"item\":\"https:\\\/\\\/www.murtra.com\\\/fr\\\/decor\\\/rails-professionnels\\\/\"},{\"@type\":\"ListItem\",\"position\":4,\"name\":\"AT622\"}]},{\"@type\":\"WebSite\",\"@id\":\"https:\\\/\\\/www.murtra.com\\\/fr\\\/#website\",\"url\":\"https:\\\/\\\/www.murtra.com\\\/fr\\\/\",\"name\":\"Murtra Grupo textil industrial\",\"description\":\"Murtra Grupo textil industrial\",\"publisher\":{\"@id\":\"https:\\\/\\\/www.murtra.com\\\/fr\\\/#organization\"},\"potentialAction\":[{\"@type\":\"SearchAction\",\"target\":{\"@type\":\"EntryPoint\",\"urlTemplate\":\"https:\\\/\\\/www.murtra.com\\\/fr\\\/?s={search_term_string}\"},\"query-input\":{\"@type\":\"PropertyValueSpecification\",\"valueRequired\":true,\"valueName\":\"search_term_string\"}}],\"inLanguage\":\"fr-FR\"},{\"@type\":\"Organization\",\"@id\":\"https:\\\/\\\/www.murtra.com\\\/fr\\\/#organization\",\"name\":\"Murtra\",\"url\":\"https:\\\/\\\/www.murtra.com\\\/fr\\\/\",\"logo\":{\"@type\":\"ImageObject\",\"inLanguage\":\"fr-FR\",\"@id\":\"https:\\\/\\\/www.murtra.com\\\/fr\\\/#\\\/schema\\\/logo\\\/image\\\/\",\"url\":\"https:\\\/\\\/www.murtra.com\\\/wp-content\\\/uploads\\\/2021\\\/11\\\/mutra-logo.png\",\"contentUrl\":\"https:\\\/\\\/www.murtra.com\\\/wp-content\\\/uploads\\\/2021\\\/11\\\/mutra-logo.png\",\"width\":156,\"height\":201,\"caption\":\"Murtra\"},\"image\":{\"@id\":\"https:\\\/\\\/www.murtra.com\\\/fr\\\/#\\\/schema\\\/logo\\\/image\\\/\"}}]}<\/script>\n<!-- \/ Yoast SEO plugin. -->","yoast_head_json":{"title":"rails professionnels AT622","description":"Syst\u00e8me de rideau professionnel con\u00e7u pour le mouvement des rideaux \u00e0 volants","robots":{"index":"index","follow":"follow","max-snippet":"max-snippet:-1","max-image-preview":"max-image-preview:large","max-video-preview":"max-video-preview:-1"},"canonical":"https:\/\/www.murtra.com\/fr\/produit\/decoration\/rails-professionnels\/at622\/","og_locale":"fr_FR","og_type":"article","og_title":"rails professionnels AT622","og_description":"Syst\u00e8me de rideau professionnel con\u00e7u pour le mouvement des rideaux \u00e0 volants","og_url":"https:\/\/www.murtra.com\/fr\/produit\/decoration\/rails-professionnels\/at622\/","og_site_name":"Murtra","article_modified_time":"2024-03-06T10:19:31+00:00","og_image":[{"width":635,"height":500,"url":"https:\/\/www.murtra.com\/wp-content\/uploads\/2022\/09\/AT622_1_cordon.jpg","type":"image\/jpeg"}],"twitter_card":"summary_large_image","twitter_misc":{"Dur\u00e9e de lecture estim\u00e9e":"4 minutes"},"schema":{"@context":"https:\/\/schema.org","@graph":[{"@type":"WebPage","@id":"https:\/\/www.murtra.com\/fr\/produit\/decoration\/rails-professionnels\/at622\/","url":"https:\/\/www.murtra.com\/fr\/produit\/decoration\/rails-professionnels\/at622\/","name":"rails professionnels AT622","isPartOf":{"@id":"https:\/\/www.murtra.com\/fr\/#website"},"primaryImageOfPage":{"@id":"https:\/\/www.murtra.com\/fr\/produit\/decoration\/rails-professionnels\/at622\/#primaryimage"},"image":{"@id":"https:\/\/www.murtra.com\/fr\/produit\/decoration\/rails-professionnels\/at622\/#primaryimage"},"thumbnailUrl":"https:\/\/www.murtra.com\/wp-content\/uploads\/2022\/09\/AT622_1_cordon.jpg","datePublished":"2022-09-23T07:53:08+00:00","dateModified":"2024-03-06T10:19:31+00:00","description":"Syst\u00e8me de rideau professionnel con\u00e7u pour le mouvement des rideaux \u00e0 volants","breadcrumb":{"@id":"https:\/\/www.murtra.com\/fr\/produit\/decoration\/rails-professionnels\/at622\/#breadcrumb"},"inLanguage":"fr-FR","potentialAction":[{"@type":"ReadAction","target":["https:\/\/www.murtra.com\/fr\/produit\/decoration\/rails-professionnels\/at622\/"]}]},{"@type":"ImageObject","inLanguage":"fr-FR","@id":"https:\/\/www.murtra.com\/fr\/produit\/decoration\/rails-professionnels\/at622\/#primaryimage","url":"https:\/\/www.murtra.com\/wp-content\/uploads\/2022\/09\/AT622_1_cordon.jpg","contentUrl":"https:\/\/www.murtra.com\/wp-content\/uploads\/2022\/09\/AT622_1_cordon.jpg","width":635,"height":500},{"@type":"BreadcrumbList","@id":"https:\/\/www.murtra.com\/fr\/produit\/decoration\/rails-professionnels\/at622\/#breadcrumb","itemListElement":[{"@type":"ListItem","position":1,"name":"Home","item":"https:\/\/www.murtra.com\/fr\/"},{"@type":"ListItem","position":2,"name":"D\u00e9coration","item":"https:\/\/www.murtra.com\/fr\/categoria\/decoration-fr\/"},{"@type":"ListItem","position":3,"name":"Rails Professionnels","item":"https:\/\/www.murtra.com\/fr\/decor\/rails-professionnels\/"},{"@type":"ListItem","position":4,"name":"AT622"}]},{"@type":"WebSite","@id":"https:\/\/www.murtra.com\/fr\/#website","url":"https:\/\/www.murtra.com\/fr\/","name":"Murtra Grupo textil industrial","description":"Murtra Grupo textil industrial","publisher":{"@id":"https:\/\/www.murtra.com\/fr\/#organization"},"potentialAction":[{"@type":"SearchAction","target":{"@type":"EntryPoint","urlTemplate":"https:\/\/www.murtra.com\/fr\/?s={search_term_string}"},"query-input":{"@type":"PropertyValueSpecification","valueRequired":true,"valueName":"search_term_string"}}],"inLanguage":"fr-FR"},{"@type":"Organization","@id":"https:\/\/www.murtra.com\/fr\/#organization","name":"Murtra","url":"https:\/\/www.murtra.com\/fr\/","logo":{"@type":"ImageObject","inLanguage":"fr-FR","@id":"https:\/\/www.murtra.com\/fr\/#\/schema\/logo\/image\/","url":"https:\/\/www.murtra.com\/wp-content\/uploads\/2021\/11\/mutra-logo.png","contentUrl":"https:\/\/www.murtra.com\/wp-content\/uploads\/2021\/11\/mutra-logo.png","width":156,"height":201,"caption":"Murtra"},"image":{"@id":"https:\/\/www.murtra.com\/fr\/#\/schema\/logo\/image\/"}}]}},"_links":{"self":[{"href":"https:\/\/www.murtra.com\/fr\/wp-json\/wp\/v2\/product\/4519","targetHints":{"allow":["GET"]}}],"collection":[{"href":"https:\/\/www.murtra.com\/fr\/wp-json\/wp\/v2\/product"}],"about":[{"href":"https:\/\/www.murtra.com\/fr\/wp-json\/wp\/v2\/types\/product"}],"replies":[{"embeddable":true,"href":"https:\/\/www.murtra.com\/fr\/wp-json\/wp\/v2\/comments?post=4519"}],"wp:featuredmedia":[{"embeddable":true,"href":"https:\/\/www.murtra.com\/fr\/wp-json\/wp\/v2\/media\/2645"}],"wp:attachment":[{"href":"https:\/\/www.murtra.com\/fr\/wp-json\/wp\/v2\/media?parent=4519"}],"wp:term":[{"taxonomy":"product_brand","embeddable":true,"href":"https:\/\/www.murtra.com\/fr\/wp-json\/wp\/v2\/product_brand?post=4519"},{"taxonomy":"product_cat","embeddable":true,"href":"https:\/\/www.murtra.com\/fr\/wp-json\/wp\/v2\/product_cat?post=4519"},{"taxonomy":"product_tag","embeddable":true,"href":"https:\/\/www.murtra.com\/fr\/wp-json\/wp\/v2\/product_tag?post=4519"}],"curies":[{"name":"wp","href":"https:\/\/api.w.org\/{rel}","templated":true}]}}