{"id":4450,"date":"2021-07-02T10:17:29","date_gmt":"2021-07-02T10:17:29","guid":{"rendered":"https:\/\/www.murtra.com\/producto\/non%20class\u00e9\/brida-textil\/"},"modified":"2023-07-19T12:21:28","modified_gmt":"2023-07-19T12:21:28","slug":"brida-textil","status":"publish","type":"product","link":"https:\/\/www.murtra.com\/fr\/produit\/industriel\/rubans-auto-agrippante\/straps\/collier-de-serrage\/","title":{"rendered":"COLLIER DE SERRAGE"},"content":{"rendered":"<div class=\"wpb-content-wrapper\"><p>[vc_row el_class=\u00a0\u00bbdisplay-none-desktop title-default-product\u00a0\u00bb][vc_column][vc_wp_text]<\/p>\n<h1 class=\"title-product\">COLLIER DE SERRAGE<\/h1>\n<p>[\/vc_wp_text][\/vc_column][\/vc_row][vc_row full_width=\u00a0\u00bbstretch_row\u00a0\u00bb el_class=\u00a0\u00bbsection-product-type-4&Prime;][vc_column width=\u00a0\u00bb1\/2&Prime;][vc_wp_text el_class=\u00a0\u00bbproduct-text\u00a0\u00bb]<\/p>\n<h1 class=\"title-product display-none-responsive\">COLLIER DE SERRAGE<\/h1>\n<p class=\"subtitle-product\">Description: Crochet plastique + velours<br \/>\nRuban: 100 % PA<br \/>\nLongueurs disponibles: 150, 200, 250 mm<br \/>\nCouleurs: Noir, blanc, carte couleurs et sp\u00e9ciales<br \/>\nPr\u00e9sentation: Blocs 100 unit\u00e9s<\/p>\n<p><img decoding=\"async\" class=\"detalles-tecnicos\" src=\"https:\/\/www.murtra.com\/wp-content\/uploads\/2022\/07\/brida-textil.png\" \/> <img decoding=\"async\" class=\"detalles-tecnicos\" src=\"https:\/\/www.murtra.com\/wp-content\/uploads\/2022\/07\/backtoback.png\" \/><\/p>\n<h2 class=\"title2-product\">Secteurs<\/h2>\n<div class=\"product-mini-logos\"><img decoding=\"async\" src=\"https:\/\/www.murtra.com\/wp-content\/uploads\/2022\/07\/hogar.png\" \/><br \/>\n<img decoding=\"async\" src=\"https:\/\/www.murtra.com\/wp-content\/uploads\/2022\/07\/industria.png\" \/><br \/>\n<img decoding=\"async\" src=\"https:\/\/www.murtra.com\/wp-content\/uploads\/2022\/07\/medico.png\" \/><\/div>\n<p class=\"subtitle-product less-height\">Autres pr\u00e9sentations \u00e0 consulter<\/p>\n<p><a class=\"link-product\" href=\"#contacto\">Demander information<\/a>[\/vc_wp_text][\/vc_column][vc_column width=\u00a0\u00bb1\/2&Prime; el_class=\u00a0\u00bblogo-murtra-straps\u00a0\u00bb]<div id=\"ult-carousel-352008196669de7c3e00177\" class=\"ult-carousel-wrapper  slider-products ult_horizontal\" data-gutter=\"15\" data-rtl=\"false\" ><div class=\"ult-carousel-213638231369de7c3e000c4 \" >[vc_single_image image=\u00a0\u00bb2906&Prime; img_size=\u00a0\u00bbfull\u00a0\u00bb]<\/div><\/div>\t\t\t<script type=\"text\/javascript\">\n\t\t\t\tjQuery(document).ready(function ($) {\n\t\t\t\t\tif( typeof jQuery('.ult-carousel-213638231369de7c3e000c4').slick == \"function\"){\n\t\t\t\t\t\t$('.ult-carousel-213638231369de7c3e000c4').slick({dots: true,autoplaySpeed: \"5000\",speed: \"300\",infinite: true,arrows: false,slidesToScroll:1,slidesToShow:1,swipe: true,draggable: true,touchMove: true,pauseOnHover: true,pauseOnFocus: false,responsive: [\n\t\t\t\t\t\t\t{\n\t\t\t\t\t\t\t  breakpoint: 1026,\n\t\t\t\t\t\t\t  settings: {\n\t\t\t\t\t\t\t\tslidesToShow: 1,\n\t\t\t\t\t\t\t\tslidesToScroll: 1,  \n\t\t\t\t\t\t\t  }\n\t\t\t\t\t\t\t},\n\t\t\t\t\t\t\t{\n\t\t\t\t\t\t\t  breakpoint: 1025,\n\t\t\t\t\t\t\t  settings: {\n\t\t\t\t\t\t\t\tslidesToShow: 1,\n\t\t\t\t\t\t\t\tslidesToScroll: 1\n\t\t\t\t\t\t\t  }\n\t\t\t\t\t\t\t},\n\t\t\t\t\t\t\t{\n\t\t\t\t\t\t\t  breakpoint: 760,\n\t\t\t\t\t\t\t  settings: {\n\t\t\t\t\t\t\t\tslidesToShow: 1,\n\t\t\t\t\t\t\t\tslidesToScroll: 1\n\t\t\t\t\t\t\t  }\n\t\t\t\t\t\t\t}\n\t\t\t\t\t\t],pauseOnDotsHover: true,customPaging: function(slider, i) {\n                   return '<i type=\"button\" style= \"color:#333333;\" class=\"ultsl-record\" data-role=\"none\"><\/i>';\n                },});\n\t\t\t\t\t}\n\t\t\t\t});\n\t\t\t<\/script>\n\t\t\t[\/vc_column][\/vc_row][vc_row full_width=\u00a0\u00bbstretch_row\u00a0\u00bb css=\u00a0\u00bb.vc_custom_1637226708499{margin-top: 75px !important;background-color: #f9f9fa !important;}\u00a0\u00bb el_class=\u00a0\u00bbdetalles-tecnicos-section\u00a0\u00bb][vc_column][vc_wp_text el_class=\u00a0\u00bbcontainer\u00a0\u00bb]<\/p>\n<h2 class=\"title-1\">D\u00e9tails techniques<\/h2>\n<p>[\/vc_wp_text][vc_row_inner el_class=\u00a0\u00bbproduct-tecnic-details-galeria\u00a0\u00bb][vc_column_inner width=\u00a0\u00bb1\/3&Prime;][vc_wp_text el_class=\u00a0\u00bbtecnical-details-title\u00a0\u00bb]Collier de serrage N\u00b0 1[\/vc_wp_text][vc_single_image image=\u00a0\u00bb4014&Prime; img_size=\u00a0\u00bbfull\u00a0\u00bb alignment=\u00a0\u00bbcenter\u00a0\u00bb][\/vc_column_inner][vc_column_inner width=\u00a0\u00bb1\/3&Prime;][vc_wp_text el_class=\u00a0\u00bbtecnical-details-title\u00a0\u00bb]Collier de serrage N\u00b0 2[\/vc_wp_text][vc_single_image image=\u00a0\u00bb4017&Prime; img_size=\u00a0\u00bbfull\u00a0\u00bb alignment=\u00a0\u00bbcenter\u00a0\u00bb][\/vc_column_inner][vc_column_inner width=\u00a0\u00bb1\/3&Prime;][vc_wp_text el_class=\u00a0\u00bbtecnical-details-title\u00a0\u00bb]Collier de serrage N\u00b0 3[\/vc_wp_text][vc_single_image image=\u00a0\u00bb4020&Prime; img_size=\u00a0\u00bbfull\u00a0\u00bb alignment=\u00a0\u00bbcenter\u00a0\u00bb][\/vc_column_inner][\/vc_row_inner][\/vc_column][\/vc_row]<\/p>\n<\/div>","protected":false},"excerpt":{"rendered":"<p>[vc_row el_class=\u00a0\u00bbdisplay-none-desktop title-default-product\u00a0\u00bb][vc_column][vc_wp_text] COLLIER DE SERRAGE [\/vc_wp_text][\/vc_column][\/vc_row][vc_row full_width=\u00a0\u00bbstretch_row\u00a0\u00bb el_class=\u00a0\u00bbsection-product-type-4&Prime;][vc_column width=\u00a0\u00bb1\/2&Prime;][vc_wp_text el_class=\u00a0\u00bbproduct-text\u00a0\u00bb] COLLIER DE SERRAGE Description: Crochet plastique + velours Ruban: 100 % PA Longueurs disponibles: 150, 200, 250 mm Couleurs: Noir, blanc, carte couleurs et sp\u00e9ciales Pr\u00e9sentation: Blocs 100 unit\u00e9s Secteurs Autres pr\u00e9sentations \u00e0 consulter Demander information[\/vc_wp_text][\/vc_column][vc_column width=\u00a0\u00bb1\/2&Prime; el_class=\u00a0\u00bblogo-murtra-straps\u00a0\u00bb][\/vc_column][\/vc_row][vc_row full_width=\u00a0\u00bbstretch_row\u00a0\u00bb css=\u00a0\u00bb.vc_custom_1637226708499{margin-top: 75px !important;background-color: #f9f9fa !important;}\u00a0\u00bb [&hellip;]<\/p>\n","protected":false},"featured_media":2906,"comment_status":"open","ping_status":"closed","template":"","meta":{"_acf_changed":false},"product_brand":[],"product_cat":[256],"product_tag":[],"class_list":{"0":"post-4450","1":"product","2":"type-product","3":"status-publish","4":"has-post-thumbnail","6":"product_cat-straps-fr-tapcro","8":"first","9":"instock","10":"shipping-taxable","11":"product-type-simple"},"acf":[],"yoast_head":"<!-- This site is optimized with the Yoast SEO plugin v27.3 - https:\/\/yoast.com\/product\/yoast-seo-wordpress\/ -->\n<title>collier de serrage<\/title>\n<meta name=\"robots\" content=\"index, follow, max-snippet:-1, max-image-preview:large, max-video-preview:-1\" \/>\n<link rel=\"canonical\" href=\"https:\/\/www.murtra.com\/fr\/produit\/industriel\/rubans-auto-agrippante\/straps\/collier-de-serrage\/\" \/>\n<meta property=\"og:locale\" content=\"fr_FR\" \/>\n<meta property=\"og:type\" content=\"article\" \/>\n<meta property=\"og:title\" content=\"collier de serrage\" \/>\n<meta property=\"og:description\" content=\"[vc_row el_class=\u00a0\u00bbdisplay-none-desktop title-default-product\u00a0\u00bb][vc_column][vc_wp_text] COLLIER DE SERRAGE [\/vc_wp_text][\/vc_column][\/vc_row][vc_row full_width=\u00a0\u00bbstretch_row\u00a0\u00bb el_class=\u00a0\u00bbsection-product-type-4&Prime;][vc_column width=\u00a0\u00bb1\/2&Prime;][vc_wp_text el_class=\u00a0\u00bbproduct-text\u00a0\u00bb] COLLIER DE SERRAGE Description: Crochet plastique + velours Ruban: 100 % PA Longueurs disponibles: 150, 200, 250 mm Couleurs: Noir, blanc, carte couleurs et sp\u00e9ciales Pr\u00e9sentation: Blocs 100 unit\u00e9s Secteurs Autres pr\u00e9sentations \u00e0 consulter Demander information[\/vc_wp_text][\/vc_column][vc_column width=\u00a0\u00bb1\/2&Prime; el_class=\u00a0\u00bblogo-murtra-straps\u00a0\u00bb][\/vc_column][\/vc_row][vc_row full_width=\u00a0\u00bbstretch_row\u00a0\u00bb css=\u00a0\u00bb.vc_custom_1637226708499{margin-top: 75px !important;background-color: #f9f9fa !important;}\u00a0\u00bb [&hellip;]\" \/>\n<meta property=\"og:url\" content=\"https:\/\/www.murtra.com\/fr\/produit\/industriel\/rubans-auto-agrippante\/straps\/collier-de-serrage\/\" \/>\n<meta property=\"og:site_name\" content=\"Murtra\" \/>\n<meta property=\"article:modified_time\" content=\"2023-07-19T12:21:28+00:00\" \/>\n<meta property=\"og:image\" content=\"https:\/\/www.murtra.com\/wp-content\/uploads\/2022\/07\/straps_brida_textil.jpg\" \/>\n\t<meta property=\"og:image:width\" content=\"536\" \/>\n\t<meta property=\"og:image:height\" content=\"536\" \/>\n\t<meta property=\"og:image:type\" content=\"image\/jpeg\" \/>\n<meta name=\"twitter:card\" content=\"summary_large_image\" \/>\n<meta name=\"twitter:label1\" content=\"Dur\u00e9e de lecture estim\u00e9e\" \/>\n\t<meta name=\"twitter:data1\" content=\"2 minutes\" \/>\n<script type=\"application\/ld+json\" class=\"yoast-schema-graph\">{\"@context\":\"https:\\\/\\\/schema.org\",\"@graph\":[{\"@type\":\"WebPage\",\"@id\":\"https:\\\/\\\/www.murtra.com\\\/fr\\\/produit\\\/industriel\\\/rubans-auto-agrippante\\\/straps\\\/collier-de-serrage\\\/\",\"url\":\"https:\\\/\\\/www.murtra.com\\\/fr\\\/produit\\\/industriel\\\/rubans-auto-agrippante\\\/straps\\\/collier-de-serrage\\\/\",\"name\":\"collier de serrage\",\"isPartOf\":{\"@id\":\"https:\\\/\\\/www.murtra.com\\\/fr\\\/#website\"},\"primaryImageOfPage\":{\"@id\":\"https:\\\/\\\/www.murtra.com\\\/fr\\\/produit\\\/industriel\\\/rubans-auto-agrippante\\\/straps\\\/collier-de-serrage\\\/#primaryimage\"},\"image\":{\"@id\":\"https:\\\/\\\/www.murtra.com\\\/fr\\\/produit\\\/industriel\\\/rubans-auto-agrippante\\\/straps\\\/collier-de-serrage\\\/#primaryimage\"},\"thumbnailUrl\":\"https:\\\/\\\/www.murtra.com\\\/wp-content\\\/uploads\\\/2022\\\/07\\\/straps_brida_textil.jpg\",\"datePublished\":\"2021-07-02T10:17:29+00:00\",\"dateModified\":\"2023-07-19T12:21:28+00:00\",\"breadcrumb\":{\"@id\":\"https:\\\/\\\/www.murtra.com\\\/fr\\\/produit\\\/industriel\\\/rubans-auto-agrippante\\\/straps\\\/collier-de-serrage\\\/#breadcrumb\"},\"inLanguage\":\"fr-FR\",\"potentialAction\":[{\"@type\":\"ReadAction\",\"target\":[\"https:\\\/\\\/www.murtra.com\\\/fr\\\/produit\\\/industriel\\\/rubans-auto-agrippante\\\/straps\\\/collier-de-serrage\\\/\"]}]},{\"@type\":\"ImageObject\",\"inLanguage\":\"fr-FR\",\"@id\":\"https:\\\/\\\/www.murtra.com\\\/fr\\\/produit\\\/industriel\\\/rubans-auto-agrippante\\\/straps\\\/collier-de-serrage\\\/#primaryimage\",\"url\":\"https:\\\/\\\/www.murtra.com\\\/wp-content\\\/uploads\\\/2022\\\/07\\\/straps_brida_textil.jpg\",\"contentUrl\":\"https:\\\/\\\/www.murtra.com\\\/wp-content\\\/uploads\\\/2022\\\/07\\\/straps_brida_textil.jpg\",\"width\":536,\"height\":536},{\"@type\":\"BreadcrumbList\",\"@id\":\"https:\\\/\\\/www.murtra.com\\\/fr\\\/produit\\\/industriel\\\/rubans-auto-agrippante\\\/straps\\\/collier-de-serrage\\\/#breadcrumb\",\"itemListElement\":[{\"@type\":\"ListItem\",\"position\":1,\"name\":\"Home\",\"item\":\"https:\\\/\\\/www.murtra.com\\\/fr\\\/\"},{\"@type\":\"ListItem\",\"position\":2,\"name\":\"Industriel\",\"item\":\"https:\\\/\\\/www.murtra.com\\\/fr\\\/categorie-industrielle\\\/\"},{\"@type\":\"ListItem\",\"position\":3,\"name\":\"Tapcro\",\"item\":\"https:\\\/\\\/www.murtra.com\\\/fr\\\/categorie\\\/tapcro-fr\\\/\"},{\"@type\":\"ListItem\",\"position\":4,\"name\":\"Straps\",\"item\":\"https:\\\/\\\/www.murtra.com\\\/fr\\\/categoria\\\/straps-fr\\\/\"},{\"@type\":\"ListItem\",\"position\":5,\"name\":\"COLLIER DE SERRAGE\"}]},{\"@type\":\"WebSite\",\"@id\":\"https:\\\/\\\/www.murtra.com\\\/fr\\\/#website\",\"url\":\"https:\\\/\\\/www.murtra.com\\\/fr\\\/\",\"name\":\"Murtra Grupo textil industrial\",\"description\":\"Murtra Grupo textil industrial\",\"publisher\":{\"@id\":\"https:\\\/\\\/www.murtra.com\\\/fr\\\/#organization\"},\"potentialAction\":[{\"@type\":\"SearchAction\",\"target\":{\"@type\":\"EntryPoint\",\"urlTemplate\":\"https:\\\/\\\/www.murtra.com\\\/fr\\\/?s={search_term_string}\"},\"query-input\":{\"@type\":\"PropertyValueSpecification\",\"valueRequired\":true,\"valueName\":\"search_term_string\"}}],\"inLanguage\":\"fr-FR\"},{\"@type\":\"Organization\",\"@id\":\"https:\\\/\\\/www.murtra.com\\\/fr\\\/#organization\",\"name\":\"Murtra\",\"url\":\"https:\\\/\\\/www.murtra.com\\\/fr\\\/\",\"logo\":{\"@type\":\"ImageObject\",\"inLanguage\":\"fr-FR\",\"@id\":\"https:\\\/\\\/www.murtra.com\\\/fr\\\/#\\\/schema\\\/logo\\\/image\\\/\",\"url\":\"https:\\\/\\\/www.murtra.com\\\/wp-content\\\/uploads\\\/2021\\\/11\\\/mutra-logo.png\",\"contentUrl\":\"https:\\\/\\\/www.murtra.com\\\/wp-content\\\/uploads\\\/2021\\\/11\\\/mutra-logo.png\",\"width\":156,\"height\":201,\"caption\":\"Murtra\"},\"image\":{\"@id\":\"https:\\\/\\\/www.murtra.com\\\/fr\\\/#\\\/schema\\\/logo\\\/image\\\/\"}}]}<\/script>\n<!-- \/ Yoast SEO plugin. -->","yoast_head_json":{"title":"collier de serrage","robots":{"index":"index","follow":"follow","max-snippet":"max-snippet:-1","max-image-preview":"max-image-preview:large","max-video-preview":"max-video-preview:-1"},"canonical":"https:\/\/www.murtra.com\/fr\/produit\/industriel\/rubans-auto-agrippante\/straps\/collier-de-serrage\/","og_locale":"fr_FR","og_type":"article","og_title":"collier de serrage","og_description":"[vc_row el_class=\u00a0\u00bbdisplay-none-desktop title-default-product\u00a0\u00bb][vc_column][vc_wp_text] COLLIER DE SERRAGE [\/vc_wp_text][\/vc_column][\/vc_row][vc_row full_width=\u00a0\u00bbstretch_row\u00a0\u00bb el_class=\u00a0\u00bbsection-product-type-4&Prime;][vc_column width=\u00a0\u00bb1\/2&Prime;][vc_wp_text el_class=\u00a0\u00bbproduct-text\u00a0\u00bb] COLLIER DE SERRAGE Description: Crochet plastique + velours Ruban: 100 % PA Longueurs disponibles: 150, 200, 250 mm Couleurs: Noir, blanc, carte couleurs et sp\u00e9ciales Pr\u00e9sentation: Blocs 100 unit\u00e9s Secteurs Autres pr\u00e9sentations \u00e0 consulter Demander information[\/vc_wp_text][\/vc_column][vc_column width=\u00a0\u00bb1\/2&Prime; el_class=\u00a0\u00bblogo-murtra-straps\u00a0\u00bb][\/vc_column][\/vc_row][vc_row full_width=\u00a0\u00bbstretch_row\u00a0\u00bb css=\u00a0\u00bb.vc_custom_1637226708499{margin-top: 75px !important;background-color: #f9f9fa !important;}\u00a0\u00bb [&hellip;]","og_url":"https:\/\/www.murtra.com\/fr\/produit\/industriel\/rubans-auto-agrippante\/straps\/collier-de-serrage\/","og_site_name":"Murtra","article_modified_time":"2023-07-19T12:21:28+00:00","og_image":[{"width":536,"height":536,"url":"https:\/\/www.murtra.com\/wp-content\/uploads\/2022\/07\/straps_brida_textil.jpg","type":"image\/jpeg"}],"twitter_card":"summary_large_image","twitter_misc":{"Dur\u00e9e de lecture estim\u00e9e":"2 minutes"},"schema":{"@context":"https:\/\/schema.org","@graph":[{"@type":"WebPage","@id":"https:\/\/www.murtra.com\/fr\/produit\/industriel\/rubans-auto-agrippante\/straps\/collier-de-serrage\/","url":"https:\/\/www.murtra.com\/fr\/produit\/industriel\/rubans-auto-agrippante\/straps\/collier-de-serrage\/","name":"collier de serrage","isPartOf":{"@id":"https:\/\/www.murtra.com\/fr\/#website"},"primaryImageOfPage":{"@id":"https:\/\/www.murtra.com\/fr\/produit\/industriel\/rubans-auto-agrippante\/straps\/collier-de-serrage\/#primaryimage"},"image":{"@id":"https:\/\/www.murtra.com\/fr\/produit\/industriel\/rubans-auto-agrippante\/straps\/collier-de-serrage\/#primaryimage"},"thumbnailUrl":"https:\/\/www.murtra.com\/wp-content\/uploads\/2022\/07\/straps_brida_textil.jpg","datePublished":"2021-07-02T10:17:29+00:00","dateModified":"2023-07-19T12:21:28+00:00","breadcrumb":{"@id":"https:\/\/www.murtra.com\/fr\/produit\/industriel\/rubans-auto-agrippante\/straps\/collier-de-serrage\/#breadcrumb"},"inLanguage":"fr-FR","potentialAction":[{"@type":"ReadAction","target":["https:\/\/www.murtra.com\/fr\/produit\/industriel\/rubans-auto-agrippante\/straps\/collier-de-serrage\/"]}]},{"@type":"ImageObject","inLanguage":"fr-FR","@id":"https:\/\/www.murtra.com\/fr\/produit\/industriel\/rubans-auto-agrippante\/straps\/collier-de-serrage\/#primaryimage","url":"https:\/\/www.murtra.com\/wp-content\/uploads\/2022\/07\/straps_brida_textil.jpg","contentUrl":"https:\/\/www.murtra.com\/wp-content\/uploads\/2022\/07\/straps_brida_textil.jpg","width":536,"height":536},{"@type":"BreadcrumbList","@id":"https:\/\/www.murtra.com\/fr\/produit\/industriel\/rubans-auto-agrippante\/straps\/collier-de-serrage\/#breadcrumb","itemListElement":[{"@type":"ListItem","position":1,"name":"Home","item":"https:\/\/www.murtra.com\/fr\/"},{"@type":"ListItem","position":2,"name":"Industriel","item":"https:\/\/www.murtra.com\/fr\/categorie-industrielle\/"},{"@type":"ListItem","position":3,"name":"Tapcro","item":"https:\/\/www.murtra.com\/fr\/categorie\/tapcro-fr\/"},{"@type":"ListItem","position":4,"name":"Straps","item":"https:\/\/www.murtra.com\/fr\/categoria\/straps-fr\/"},{"@type":"ListItem","position":5,"name":"COLLIER DE SERRAGE"}]},{"@type":"WebSite","@id":"https:\/\/www.murtra.com\/fr\/#website","url":"https:\/\/www.murtra.com\/fr\/","name":"Murtra Grupo textil industrial","description":"Murtra Grupo textil industrial","publisher":{"@id":"https:\/\/www.murtra.com\/fr\/#organization"},"potentialAction":[{"@type":"SearchAction","target":{"@type":"EntryPoint","urlTemplate":"https:\/\/www.murtra.com\/fr\/?s={search_term_string}"},"query-input":{"@type":"PropertyValueSpecification","valueRequired":true,"valueName":"search_term_string"}}],"inLanguage":"fr-FR"},{"@type":"Organization","@id":"https:\/\/www.murtra.com\/fr\/#organization","name":"Murtra","url":"https:\/\/www.murtra.com\/fr\/","logo":{"@type":"ImageObject","inLanguage":"fr-FR","@id":"https:\/\/www.murtra.com\/fr\/#\/schema\/logo\/image\/","url":"https:\/\/www.murtra.com\/wp-content\/uploads\/2021\/11\/mutra-logo.png","contentUrl":"https:\/\/www.murtra.com\/wp-content\/uploads\/2021\/11\/mutra-logo.png","width":156,"height":201,"caption":"Murtra"},"image":{"@id":"https:\/\/www.murtra.com\/fr\/#\/schema\/logo\/image\/"}}]}},"_links":{"self":[{"href":"https:\/\/www.murtra.com\/fr\/wp-json\/wp\/v2\/product\/4450","targetHints":{"allow":["GET"]}}],"collection":[{"href":"https:\/\/www.murtra.com\/fr\/wp-json\/wp\/v2\/product"}],"about":[{"href":"https:\/\/www.murtra.com\/fr\/wp-json\/wp\/v2\/types\/product"}],"replies":[{"embeddable":true,"href":"https:\/\/www.murtra.com\/fr\/wp-json\/wp\/v2\/comments?post=4450"}],"wp:featuredmedia":[{"embeddable":true,"href":"https:\/\/www.murtra.com\/fr\/wp-json\/wp\/v2\/media\/2906"}],"wp:attachment":[{"href":"https:\/\/www.murtra.com\/fr\/wp-json\/wp\/v2\/media?parent=4450"}],"wp:term":[{"taxonomy":"product_brand","embeddable":true,"href":"https:\/\/www.murtra.com\/fr\/wp-json\/wp\/v2\/product_brand?post=4450"},{"taxonomy":"product_cat","embeddable":true,"href":"https:\/\/www.murtra.com\/fr\/wp-json\/wp\/v2\/product_cat?post=4450"},{"taxonomy":"product_tag","embeddable":true,"href":"https:\/\/www.murtra.com\/fr\/wp-json\/wp\/v2\/product_tag?post=4450"}],"curies":[{"name":"wp","href":"https:\/\/api.w.org\/{rel}","templated":true}]}}