{"id":4259,"date":"2021-01-02T15:10:32","date_gmt":"2021-01-02T15:10:32","guid":{"rendered":"https:\/\/www.murtra.com\/producto\/non%20class\u00e9\/gancho-y-rizo-p70\/"},"modified":"2023-07-19T11:15:25","modified_gmt":"2023-07-19T11:15:25","slug":"gancho-y-rizo-p70","status":"publish","type":"product","link":"https:\/\/www.murtra.com\/fr\/produit\/industriel\/rubans-auto-agrippante\/ruban-a-coudre\/crochet-et-boucle-p70\/","title":{"rendered":"CROCHET ET BOUCLE P70"},"content":{"rendered":"<div class=\"wpb-content-wrapper\"><p>[vc_row el_class=\u00a0\u00bbdisplay-none-desktop title-default-product\u00a0\u00bb][vc_column][vc_wp_text]<\/p>\n<h1 class=\"title-product\">CROCHET ET BOUCLE P70<\/h1>\n<p>[\/vc_wp_text][\/vc_column][\/vc_row][vc_row full_width=\u00a0\u00bbstretch_row\u00a0\u00bb el_class=\u00a0\u00bbsection-product-type-4&Prime;][vc_column width=\u00a0\u00bb1\/2&Prime;][vc_wp_text el_class=\u00a0\u00bbproduct-text\u00a0\u00bb]<\/p>\n<h1 class=\"title-product display-none-responsive\">CROCHET ET BOUCLE P70<\/h1>\n<p class=\"subtitle-product\">Description: Crochet et boucle de couture<br \/>\nRuban: 30 % PA \/ 70 % PES<br \/>\nLargeurs disponibles: 16, 20, 25, 30, 38, 50, 100 mm<br \/>\nCouleurs: Noir, blanc, carte couleurs et sp\u00e9ciales<br \/>\nPr\u00e9sentation: Rouleaux 25 m.<\/p>\n<h2 class=\"title2-product\">Secteurs<\/h2>\n<div class=\"product-mini-logos\"><img decoding=\"async\" src=\"https:\/\/www.murtra.com\/wp-content\/uploads\/2022\/07\/hogar.png\" \/><br \/>\n<img decoding=\"async\" src=\"https:\/\/www.murtra.com\/wp-content\/uploads\/2022\/07\/confeccion.png\" \/><br \/>\n<img decoding=\"async\" src=\"https:\/\/www.murtra.com\/wp-content\/uploads\/2022\/07\/medico.png\" \/><br \/>\n<img decoding=\"async\" src=\"https:\/\/www.murtra.com\/wp-content\/uploads\/2022\/07\/embalaje.png\" \/><br \/>\n<img decoding=\"async\" src=\"https:\/\/www.murtra.com\/wp-content\/uploads\/2022\/07\/uniformes.png\" \/><br \/>\n<img decoding=\"async\" src=\"https:\/\/www.murtra.com\/wp-content\/uploads\/2022\/07\/automocion.png\" \/><br \/>\n<img decoding=\"async\" src=\"https:\/\/www.murtra.com\/wp-content\/uploads\/2022\/07\/industria.png\" \/><br \/>\n<img decoding=\"async\" src=\"https:\/\/www.murtra.com\/wp-content\/uploads\/2022\/07\/aviacion.png\" \/><\/div>\n<p class=\"subtitle-product less-height\">Autres pr\u00e9sentations \u00e0 consulter<\/p>\n<p><a class=\"link-product\" href=\"#contacto\">Demander information<\/a>[\/vc_wp_text][\/vc_column][vc_column width=\u00a0\u00bb1\/2&Prime; el_class=\u00a0\u00bblogo-murtra-gancho\u00a0\u00bb]<div id=\"ult-carousel-429450511469ddf5de97753\" class=\"ult-carousel-wrapper  slider-products ult_horizontal\" data-gutter=\"15\" data-rtl=\"false\" ><div class=\"ult-carousel-150093387269ddf5de9765c \" >[vc_single_image image=\u00a0\u00bb2808&Prime; img_size=\u00a0\u00bbfull\u00a0\u00bb]<\/div><\/div>\t\t\t<script type=\"text\/javascript\">\n\t\t\t\tjQuery(document).ready(function ($) {\n\t\t\t\t\tif( typeof jQuery('.ult-carousel-150093387269ddf5de9765c').slick == \"function\"){\n\t\t\t\t\t\t$('.ult-carousel-150093387269ddf5de9765c').slick({dots: true,autoplaySpeed: \"5000\",speed: \"300\",infinite: true,arrows: false,slidesToScroll:1,slidesToShow:1,swipe: true,draggable: true,touchMove: true,pauseOnHover: true,pauseOnFocus: false,responsive: [\n\t\t\t\t\t\t\t{\n\t\t\t\t\t\t\t  breakpoint: 1026,\n\t\t\t\t\t\t\t  settings: {\n\t\t\t\t\t\t\t\tslidesToShow: 1,\n\t\t\t\t\t\t\t\tslidesToScroll: 1,  \n\t\t\t\t\t\t\t  }\n\t\t\t\t\t\t\t},\n\t\t\t\t\t\t\t{\n\t\t\t\t\t\t\t  breakpoint: 1025,\n\t\t\t\t\t\t\t  settings: {\n\t\t\t\t\t\t\t\tslidesToShow: 1,\n\t\t\t\t\t\t\t\tslidesToScroll: 1\n\t\t\t\t\t\t\t  }\n\t\t\t\t\t\t\t},\n\t\t\t\t\t\t\t{\n\t\t\t\t\t\t\t  breakpoint: 760,\n\t\t\t\t\t\t\t  settings: {\n\t\t\t\t\t\t\t\tslidesToShow: 1,\n\t\t\t\t\t\t\t\tslidesToScroll: 1\n\t\t\t\t\t\t\t  }\n\t\t\t\t\t\t\t}\n\t\t\t\t\t\t],pauseOnDotsHover: true,customPaging: function(slider, i) {\n                   return '<i type=\"button\" style= \"color:#333333;\" class=\"ultsl-record\" data-role=\"none\"><\/i>';\n                },});\n\t\t\t\t\t}\n\t\t\t\t});\n\t\t\t<\/script>\n\t\t\t[\/vc_column][\/vc_row][vc_row full_width=\u00a0\u00bbstretch_row\u00a0\u00bb css=\u00a0\u00bb.vc_custom_1637226671713{margin-top: 75px !important;background-color: #f9f9fa !important;}\u00a0\u00bb el_class=\u00a0\u00bbdetalles-tecnicos-section\u00a0\u00bb][vc_column][vc_wp_text el_class=\u00a0\u00bbcontainer\u00a0\u00bb]<\/p>\n<h2 class=\"title-1\">D\u00e9tails techniques<\/h2>\n<p>[\/vc_wp_text][vc_wp_text el_class=\u00a0\u00bbproduct-table-default product-table-default-trapcro-a\u00a0\u00bb]<\/p>\n<table>\n<tbody>\n<tr>\n<th>Largeur<\/th>\n<th>Quantit\u00e9s par caisse<\/th>\n<th>Taille caisse<\/th>\n<\/tr>\n<tr>\n<td>16 mm<\/td>\n<td>1500 m<\/td>\n<td>52 x 26 x 58 cm<\/td>\n<\/tr>\n<tr>\n<td>20 mm<\/td>\n<td>1200 m<\/td>\n<td>52 x 26 x 58 cm<\/td>\n<\/tr>\n<tr>\n<td>25 mm<\/td>\n<td>1000 m<\/td>\n<td>52 x 26 x 58 cm<\/td>\n<\/tr>\n<tr>\n<td>30 mm<\/td>\n<td>800 m<\/td>\n<td>52 x 26 x 54 cm<\/td>\n<\/tr>\n<tr>\n<td>38 mm<\/td>\n<td>600 m<\/td>\n<td>52 x 26 x 54 cm<\/td>\n<\/tr>\n<tr>\n<td>50 mm<\/td>\n<td>500 m<\/td>\n<td>52 x 26 x 54 cm<\/td>\n<\/tr>\n<tr>\n<td>100 mm<\/td>\n<td>250 m<\/td>\n<td>52 x 26 x 54 cm<\/td>\n<\/tr>\n<tr>\n<td>150 mm<\/td>\n<td>150 m<\/td>\n<td>52 x 26 x 54 cm<\/td>\n<\/tr>\n<\/tbody>\n<\/table>\n<p>[\/vc_wp_text][\/vc_column][\/vc_row]<\/p>\n<\/div>","protected":false},"excerpt":{"rendered":"<p>[vc_row el_class=\u00a0\u00bbdisplay-none-desktop title-default-product\u00a0\u00bb][vc_column][vc_wp_text] CROCHET ET BOUCLE P70 [\/vc_wp_text][\/vc_column][\/vc_row][vc_row full_width=\u00a0\u00bbstretch_row\u00a0\u00bb el_class=\u00a0\u00bbsection-product-type-4&Prime;][vc_column width=\u00a0\u00bb1\/2&Prime;][vc_wp_text el_class=\u00a0\u00bbproduct-text\u00a0\u00bb] CROCHET ET BOUCLE P70 Description: Crochet et boucle de couture Ruban: 30 % PA \/ 70 % PES Largeurs disponibles: 16, 20, 25, 30, 38, 50, 100 mm Couleurs: Noir, blanc, carte couleurs et sp\u00e9ciales Pr\u00e9sentation: Rouleaux 25 m. Secteurs Autres pr\u00e9sentations \u00e0 [&hellip;]<\/p>\n","protected":false},"featured_media":2808,"comment_status":"open","ping_status":"closed","template":"","meta":{"_acf_changed":false},"product_brand":[],"product_cat":[242],"product_tag":[],"class_list":{"0":"post-4259","1":"product","2":"type-product","3":"status-publish","4":"has-post-thumbnail","6":"product_cat-cinta-coser-fr-tapcro","8":"first","9":"instock","10":"shipping-taxable","11":"product-type-simple"},"acf":[],"yoast_head":"<!-- This site is optimized with the Yoast SEO plugin v27.3 - https:\/\/yoast.com\/product\/yoast-seo-wordpress\/ -->\n<title>ruban \u00e0 coudre crochet et boucle p70<\/title>\n<meta name=\"robots\" content=\"index, follow, max-snippet:-1, max-image-preview:large, max-video-preview:-1\" \/>\n<link rel=\"canonical\" href=\"https:\/\/www.murtra.com\/fr\/produit\/industriel\/rubans-auto-agrippante\/ruban-a-coudre\/crochet-et-boucle-p70\/\" \/>\n<meta property=\"og:locale\" content=\"fr_FR\" \/>\n<meta property=\"og:type\" content=\"article\" \/>\n<meta property=\"og:title\" content=\"ruban \u00e0 coudre crochet et boucle p70\" \/>\n<meta property=\"og:description\" content=\"[vc_row el_class=\u00a0\u00bbdisplay-none-desktop title-default-product\u00a0\u00bb][vc_column][vc_wp_text] CROCHET ET BOUCLE P70 [\/vc_wp_text][\/vc_column][\/vc_row][vc_row full_width=\u00a0\u00bbstretch_row\u00a0\u00bb el_class=\u00a0\u00bbsection-product-type-4&Prime;][vc_column width=\u00a0\u00bb1\/2&Prime;][vc_wp_text el_class=\u00a0\u00bbproduct-text\u00a0\u00bb] CROCHET ET BOUCLE P70 Description: Crochet et boucle de couture Ruban: 30 % PA \/ 70 % PES Largeurs disponibles: 16, 20, 25, 30, 38, 50, 100 mm Couleurs: Noir, blanc, carte couleurs et sp\u00e9ciales Pr\u00e9sentation: Rouleaux 25 m. Secteurs Autres pr\u00e9sentations \u00e0 [&hellip;]\" \/>\n<meta property=\"og:url\" content=\"https:\/\/www.murtra.com\/fr\/produit\/industriel\/rubans-auto-agrippante\/ruban-a-coudre\/crochet-et-boucle-p70\/\" \/>\n<meta property=\"og:site_name\" content=\"Murtra\" \/>\n<meta property=\"article:modified_time\" content=\"2023-07-19T11:15:25+00:00\" \/>\n<meta property=\"og:image\" content=\"https:\/\/www.murtra.com\/wp-content\/uploads\/2021\/11\/cinta_coser_gancho_rizo_STD_MIX_P70-2.jpg\" \/>\n\t<meta property=\"og:image:width\" content=\"536\" \/>\n\t<meta property=\"og:image:height\" content=\"536\" \/>\n\t<meta property=\"og:image:type\" content=\"image\/jpeg\" \/>\n<meta name=\"twitter:card\" content=\"summary_large_image\" \/>\n<meta name=\"twitter:label1\" content=\"Dur\u00e9e de lecture estim\u00e9e\" \/>\n\t<meta name=\"twitter:data1\" content=\"3 minutes\" \/>\n<script type=\"application\/ld+json\" class=\"yoast-schema-graph\">{\"@context\":\"https:\\\/\\\/schema.org\",\"@graph\":[{\"@type\":\"WebPage\",\"@id\":\"https:\\\/\\\/www.murtra.com\\\/fr\\\/produit\\\/industriel\\\/rubans-auto-agrippante\\\/ruban-a-coudre\\\/crochet-et-boucle-p70\\\/\",\"url\":\"https:\\\/\\\/www.murtra.com\\\/fr\\\/produit\\\/industriel\\\/rubans-auto-agrippante\\\/ruban-a-coudre\\\/crochet-et-boucle-p70\\\/\",\"name\":\"ruban \u00e0 coudre crochet et boucle p70\",\"isPartOf\":{\"@id\":\"https:\\\/\\\/www.murtra.com\\\/fr\\\/#website\"},\"primaryImageOfPage\":{\"@id\":\"https:\\\/\\\/www.murtra.com\\\/fr\\\/produit\\\/industriel\\\/rubans-auto-agrippante\\\/ruban-a-coudre\\\/crochet-et-boucle-p70\\\/#primaryimage\"},\"image\":{\"@id\":\"https:\\\/\\\/www.murtra.com\\\/fr\\\/produit\\\/industriel\\\/rubans-auto-agrippante\\\/ruban-a-coudre\\\/crochet-et-boucle-p70\\\/#primaryimage\"},\"thumbnailUrl\":\"https:\\\/\\\/www.murtra.com\\\/wp-content\\\/uploads\\\/2021\\\/11\\\/cinta_coser_gancho_rizo_STD_MIX_P70-2.jpg\",\"datePublished\":\"2021-01-02T15:10:32+00:00\",\"dateModified\":\"2023-07-19T11:15:25+00:00\",\"breadcrumb\":{\"@id\":\"https:\\\/\\\/www.murtra.com\\\/fr\\\/produit\\\/industriel\\\/rubans-auto-agrippante\\\/ruban-a-coudre\\\/crochet-et-boucle-p70\\\/#breadcrumb\"},\"inLanguage\":\"fr-FR\",\"potentialAction\":[{\"@type\":\"ReadAction\",\"target\":[\"https:\\\/\\\/www.murtra.com\\\/fr\\\/produit\\\/industriel\\\/rubans-auto-agrippante\\\/ruban-a-coudre\\\/crochet-et-boucle-p70\\\/\"]}]},{\"@type\":\"ImageObject\",\"inLanguage\":\"fr-FR\",\"@id\":\"https:\\\/\\\/www.murtra.com\\\/fr\\\/produit\\\/industriel\\\/rubans-auto-agrippante\\\/ruban-a-coudre\\\/crochet-et-boucle-p70\\\/#primaryimage\",\"url\":\"https:\\\/\\\/www.murtra.com\\\/wp-content\\\/uploads\\\/2021\\\/11\\\/cinta_coser_gancho_rizo_STD_MIX_P70-2.jpg\",\"contentUrl\":\"https:\\\/\\\/www.murtra.com\\\/wp-content\\\/uploads\\\/2021\\\/11\\\/cinta_coser_gancho_rizo_STD_MIX_P70-2.jpg\",\"width\":536,\"height\":536},{\"@type\":\"BreadcrumbList\",\"@id\":\"https:\\\/\\\/www.murtra.com\\\/fr\\\/produit\\\/industriel\\\/rubans-auto-agrippante\\\/ruban-a-coudre\\\/crochet-et-boucle-p70\\\/#breadcrumb\",\"itemListElement\":[{\"@type\":\"ListItem\",\"position\":1,\"name\":\"Home\",\"item\":\"https:\\\/\\\/www.murtra.com\\\/fr\\\/\"},{\"@type\":\"ListItem\",\"position\":2,\"name\":\"Industriel\",\"item\":\"https:\\\/\\\/www.murtra.com\\\/fr\\\/categorie-industrielle\\\/\"},{\"@type\":\"ListItem\",\"position\":3,\"name\":\"Tapcro\",\"item\":\"https:\\\/\\\/www.murtra.com\\\/fr\\\/categorie\\\/tapcro-fr\\\/\"},{\"@type\":\"ListItem\",\"position\":4,\"name\":\"Ruban \u00e0 Coudre\",\"item\":\"https:\\\/\\\/www.murtra.com\\\/fr\\\/categoria\\\/cinta-coser-fr\\\/\"},{\"@type\":\"ListItem\",\"position\":5,\"name\":\"CROCHET ET BOUCLE P70\"}]},{\"@type\":\"WebSite\",\"@id\":\"https:\\\/\\\/www.murtra.com\\\/fr\\\/#website\",\"url\":\"https:\\\/\\\/www.murtra.com\\\/fr\\\/\",\"name\":\"Murtra Grupo textil industrial\",\"description\":\"Murtra Grupo textil industrial\",\"publisher\":{\"@id\":\"https:\\\/\\\/www.murtra.com\\\/fr\\\/#organization\"},\"potentialAction\":[{\"@type\":\"SearchAction\",\"target\":{\"@type\":\"EntryPoint\",\"urlTemplate\":\"https:\\\/\\\/www.murtra.com\\\/fr\\\/?s={search_term_string}\"},\"query-input\":{\"@type\":\"PropertyValueSpecification\",\"valueRequired\":true,\"valueName\":\"search_term_string\"}}],\"inLanguage\":\"fr-FR\"},{\"@type\":\"Organization\",\"@id\":\"https:\\\/\\\/www.murtra.com\\\/fr\\\/#organization\",\"name\":\"Murtra\",\"url\":\"https:\\\/\\\/www.murtra.com\\\/fr\\\/\",\"logo\":{\"@type\":\"ImageObject\",\"inLanguage\":\"fr-FR\",\"@id\":\"https:\\\/\\\/www.murtra.com\\\/fr\\\/#\\\/schema\\\/logo\\\/image\\\/\",\"url\":\"https:\\\/\\\/www.murtra.com\\\/wp-content\\\/uploads\\\/2021\\\/11\\\/mutra-logo.png\",\"contentUrl\":\"https:\\\/\\\/www.murtra.com\\\/wp-content\\\/uploads\\\/2021\\\/11\\\/mutra-logo.png\",\"width\":156,\"height\":201,\"caption\":\"Murtra\"},\"image\":{\"@id\":\"https:\\\/\\\/www.murtra.com\\\/fr\\\/#\\\/schema\\\/logo\\\/image\\\/\"}}]}<\/script>\n<!-- \/ Yoast SEO plugin. -->","yoast_head_json":{"title":"ruban \u00e0 coudre crochet et boucle p70","robots":{"index":"index","follow":"follow","max-snippet":"max-snippet:-1","max-image-preview":"max-image-preview:large","max-video-preview":"max-video-preview:-1"},"canonical":"https:\/\/www.murtra.com\/fr\/produit\/industriel\/rubans-auto-agrippante\/ruban-a-coudre\/crochet-et-boucle-p70\/","og_locale":"fr_FR","og_type":"article","og_title":"ruban \u00e0 coudre crochet et boucle p70","og_description":"[vc_row el_class=\u00a0\u00bbdisplay-none-desktop title-default-product\u00a0\u00bb][vc_column][vc_wp_text] CROCHET ET BOUCLE P70 [\/vc_wp_text][\/vc_column][\/vc_row][vc_row full_width=\u00a0\u00bbstretch_row\u00a0\u00bb el_class=\u00a0\u00bbsection-product-type-4&Prime;][vc_column width=\u00a0\u00bb1\/2&Prime;][vc_wp_text el_class=\u00a0\u00bbproduct-text\u00a0\u00bb] CROCHET ET BOUCLE P70 Description: Crochet et boucle de couture Ruban: 30 % PA \/ 70 % PES Largeurs disponibles: 16, 20, 25, 30, 38, 50, 100 mm Couleurs: Noir, blanc, carte couleurs et sp\u00e9ciales Pr\u00e9sentation: Rouleaux 25 m. Secteurs Autres pr\u00e9sentations \u00e0 [&hellip;]","og_url":"https:\/\/www.murtra.com\/fr\/produit\/industriel\/rubans-auto-agrippante\/ruban-a-coudre\/crochet-et-boucle-p70\/","og_site_name":"Murtra","article_modified_time":"2023-07-19T11:15:25+00:00","og_image":[{"width":536,"height":536,"url":"https:\/\/www.murtra.com\/wp-content\/uploads\/2021\/11\/cinta_coser_gancho_rizo_STD_MIX_P70-2.jpg","type":"image\/jpeg"}],"twitter_card":"summary_large_image","twitter_misc":{"Dur\u00e9e de lecture estim\u00e9e":"3 minutes"},"schema":{"@context":"https:\/\/schema.org","@graph":[{"@type":"WebPage","@id":"https:\/\/www.murtra.com\/fr\/produit\/industriel\/rubans-auto-agrippante\/ruban-a-coudre\/crochet-et-boucle-p70\/","url":"https:\/\/www.murtra.com\/fr\/produit\/industriel\/rubans-auto-agrippante\/ruban-a-coudre\/crochet-et-boucle-p70\/","name":"ruban \u00e0 coudre crochet et boucle p70","isPartOf":{"@id":"https:\/\/www.murtra.com\/fr\/#website"},"primaryImageOfPage":{"@id":"https:\/\/www.murtra.com\/fr\/produit\/industriel\/rubans-auto-agrippante\/ruban-a-coudre\/crochet-et-boucle-p70\/#primaryimage"},"image":{"@id":"https:\/\/www.murtra.com\/fr\/produit\/industriel\/rubans-auto-agrippante\/ruban-a-coudre\/crochet-et-boucle-p70\/#primaryimage"},"thumbnailUrl":"https:\/\/www.murtra.com\/wp-content\/uploads\/2021\/11\/cinta_coser_gancho_rizo_STD_MIX_P70-2.jpg","datePublished":"2021-01-02T15:10:32+00:00","dateModified":"2023-07-19T11:15:25+00:00","breadcrumb":{"@id":"https:\/\/www.murtra.com\/fr\/produit\/industriel\/rubans-auto-agrippante\/ruban-a-coudre\/crochet-et-boucle-p70\/#breadcrumb"},"inLanguage":"fr-FR","potentialAction":[{"@type":"ReadAction","target":["https:\/\/www.murtra.com\/fr\/produit\/industriel\/rubans-auto-agrippante\/ruban-a-coudre\/crochet-et-boucle-p70\/"]}]},{"@type":"ImageObject","inLanguage":"fr-FR","@id":"https:\/\/www.murtra.com\/fr\/produit\/industriel\/rubans-auto-agrippante\/ruban-a-coudre\/crochet-et-boucle-p70\/#primaryimage","url":"https:\/\/www.murtra.com\/wp-content\/uploads\/2021\/11\/cinta_coser_gancho_rizo_STD_MIX_P70-2.jpg","contentUrl":"https:\/\/www.murtra.com\/wp-content\/uploads\/2021\/11\/cinta_coser_gancho_rizo_STD_MIX_P70-2.jpg","width":536,"height":536},{"@type":"BreadcrumbList","@id":"https:\/\/www.murtra.com\/fr\/produit\/industriel\/rubans-auto-agrippante\/ruban-a-coudre\/crochet-et-boucle-p70\/#breadcrumb","itemListElement":[{"@type":"ListItem","position":1,"name":"Home","item":"https:\/\/www.murtra.com\/fr\/"},{"@type":"ListItem","position":2,"name":"Industriel","item":"https:\/\/www.murtra.com\/fr\/categorie-industrielle\/"},{"@type":"ListItem","position":3,"name":"Tapcro","item":"https:\/\/www.murtra.com\/fr\/categorie\/tapcro-fr\/"},{"@type":"ListItem","position":4,"name":"Ruban \u00e0 Coudre","item":"https:\/\/www.murtra.com\/fr\/categoria\/cinta-coser-fr\/"},{"@type":"ListItem","position":5,"name":"CROCHET ET BOUCLE P70"}]},{"@type":"WebSite","@id":"https:\/\/www.murtra.com\/fr\/#website","url":"https:\/\/www.murtra.com\/fr\/","name":"Murtra Grupo textil industrial","description":"Murtra Grupo textil industrial","publisher":{"@id":"https:\/\/www.murtra.com\/fr\/#organization"},"potentialAction":[{"@type":"SearchAction","target":{"@type":"EntryPoint","urlTemplate":"https:\/\/www.murtra.com\/fr\/?s={search_term_string}"},"query-input":{"@type":"PropertyValueSpecification","valueRequired":true,"valueName":"search_term_string"}}],"inLanguage":"fr-FR"},{"@type":"Organization","@id":"https:\/\/www.murtra.com\/fr\/#organization","name":"Murtra","url":"https:\/\/www.murtra.com\/fr\/","logo":{"@type":"ImageObject","inLanguage":"fr-FR","@id":"https:\/\/www.murtra.com\/fr\/#\/schema\/logo\/image\/","url":"https:\/\/www.murtra.com\/wp-content\/uploads\/2021\/11\/mutra-logo.png","contentUrl":"https:\/\/www.murtra.com\/wp-content\/uploads\/2021\/11\/mutra-logo.png","width":156,"height":201,"caption":"Murtra"},"image":{"@id":"https:\/\/www.murtra.com\/fr\/#\/schema\/logo\/image\/"}}]}},"_links":{"self":[{"href":"https:\/\/www.murtra.com\/fr\/wp-json\/wp\/v2\/product\/4259","targetHints":{"allow":["GET"]}}],"collection":[{"href":"https:\/\/www.murtra.com\/fr\/wp-json\/wp\/v2\/product"}],"about":[{"href":"https:\/\/www.murtra.com\/fr\/wp-json\/wp\/v2\/types\/product"}],"replies":[{"embeddable":true,"href":"https:\/\/www.murtra.com\/fr\/wp-json\/wp\/v2\/comments?post=4259"}],"wp:featuredmedia":[{"embeddable":true,"href":"https:\/\/www.murtra.com\/fr\/wp-json\/wp\/v2\/media\/2808"}],"wp:attachment":[{"href":"https:\/\/www.murtra.com\/fr\/wp-json\/wp\/v2\/media?parent=4259"}],"wp:term":[{"taxonomy":"product_brand","embeddable":true,"href":"https:\/\/www.murtra.com\/fr\/wp-json\/wp\/v2\/product_brand?post=4259"},{"taxonomy":"product_cat","embeddable":true,"href":"https:\/\/www.murtra.com\/fr\/wp-json\/wp\/v2\/product_cat?post=4259"},{"taxonomy":"product_tag","embeddable":true,"href":"https:\/\/www.murtra.com\/fr\/wp-json\/wp\/v2\/product_tag?post=4259"}],"curies":[{"name":"wp","href":"https:\/\/api.w.org\/{rel}","templated":true}]}}