{"id":3385,"date":"2022-02-02T14:54:22","date_gmt":"2022-02-02T14:54:22","guid":{"rendered":"https:\/\/www.murtra.com\/producto\/uncategorized\/sistemas-grua\/"},"modified":"2023-06-22T11:13:35","modified_gmt":"2023-06-22T11:13:35","slug":"sistemas-grua","status":"publish","type":"product","link":"https:\/\/www.murtra.com\/fr\/produit\/industriel\/levage\/elingue-extremites-metalliques\/systemes-a-grue\/","title":{"rendered":"Syst\u00e8mes \u00e0 grue"},"content":{"rendered":"<div class=\"wpb-content-wrapper\"><p>[vc_row el_class=\u00a0\u00bbdisplay-none-desktop title-default-product\u00a0\u00bb][vc_column][vc_wp_text]<\/p>\n<h1 class=\"title-product\">Syst\u00e8mes \u00e0 grue<\/h1>\n<p>[\/vc_wp_text][\/vc_column][\/vc_row][vc_row full_width=\u00a0\u00bbstretch_row\u00a0\u00bb el_class=\u00a0\u00bbsection-product-type-1&Prime;][vc_column width=\u00a0\u00bb1\/2&Prime;][vc_wp_text el_class=\u00a0\u00bbproduct-text\u00a0\u00bb]<\/p>\n<h1 class=\"title-product display-none-responsive\">Syst\u00e8mes \u00e0 grue<\/h1>\n<p>&nbsp;<\/p>\n<h4>CL GL<\/h4>\n<p><img decoding=\"async\" src=\"https:\/\/www.murtra.com\/wp-content\/uploads\/2022\/07\/CL_GL.png\" \/><\/p>\n<h4>CL GL + A<\/h4>\n<p><img decoding=\"async\" src=\"https:\/\/www.murtra.com\/wp-content\/uploads\/2022\/07\/CL_GL_A.png\" \/><\/p>\n<h4>CL GS<\/h4>\n<p><img decoding=\"async\" src=\"https:\/\/www.murtra.com\/wp-content\/uploads\/2022\/07\/CL_GS.png\" \/><\/p>\n<h4>CL GS + A<\/h4>\n<p><img decoding=\"async\" src=\"https:\/\/www.murtra.com\/wp-content\/uploads\/2022\/07\/CL_GS_A.png\" \/><\/p>\n<p><a class=\"link-product\" href=\"#contacto\">Demander des informations<\/a>[\/vc_wp_text][\/vc_column][vc_column width=\u00a0\u00bb1\/2&Prime; el_class=\u00a0\u00bbslider-imagen-cortada\u00a0\u00bb]<div id=\"ult-carousel-358203567169f2423a146f4\" class=\"ult-carousel-wrapper  slider-default-product ult_horizontal\" data-gutter=\"15\" data-rtl=\"false\" ><div class=\"ult-carousel-232618647369f2423a1459a \" >[vc_single_image image=\u00a0\u00bb1851&Prime; img_size=\u00a0\u00bbfull\u00a0\u00bb][vc_single_image image=\u00a0\u00bb1869&Prime; img_size=\u00a0\u00bbfull\u00a0\u00bb][vc_single_image image=\u00a0\u00bb1871&Prime; img_size=\u00a0\u00bbfull\u00a0\u00bb][vc_single_image image=\u00a0\u00bb1873&Prime; img_size=\u00a0\u00bbfull\u00a0\u00bb]<\/div><\/div>\t\t\t<script type=\"text\/javascript\">\n\t\t\t\tjQuery(document).ready(function ($) {\n\t\t\t\t\tif( typeof jQuery('.ult-carousel-232618647369f2423a1459a').slick == \"function\"){\n\t\t\t\t\t\t$('.ult-carousel-232618647369f2423a1459a').slick({dots: true,autoplaySpeed: \"5000\",speed: \"300\",infinite: true,arrows: false,slidesToScroll:1,slidesToShow:1,swipe: true,draggable: true,touchMove: true,pauseOnHover: true,pauseOnFocus: false,responsive: [\n\t\t\t\t\t\t\t{\n\t\t\t\t\t\t\t  breakpoint: 1026,\n\t\t\t\t\t\t\t  settings: {\n\t\t\t\t\t\t\t\tslidesToShow: 1,\n\t\t\t\t\t\t\t\tslidesToScroll: 1,  \n\t\t\t\t\t\t\t  }\n\t\t\t\t\t\t\t},\n\t\t\t\t\t\t\t{\n\t\t\t\t\t\t\t  breakpoint: 1025,\n\t\t\t\t\t\t\t  settings: {\n\t\t\t\t\t\t\t\tslidesToShow: 1,\n\t\t\t\t\t\t\t\tslidesToScroll: 1\n\t\t\t\t\t\t\t  }\n\t\t\t\t\t\t\t},\n\t\t\t\t\t\t\t{\n\t\t\t\t\t\t\t  breakpoint: 760,\n\t\t\t\t\t\t\t  settings: {\n\t\t\t\t\t\t\t\tslidesToShow: 1,\n\t\t\t\t\t\t\t\tslidesToScroll: 1\n\t\t\t\t\t\t\t  }\n\t\t\t\t\t\t\t}\n\t\t\t\t\t\t],pauseOnDotsHover: true,customPaging: function(slider, i) {\n                   return '<i type=\"button\" style= \"color:#333333;\" class=\"ultsl-record\" data-role=\"none\"><\/i>';\n                },});\n\t\t\t\t\t}\n\t\t\t\t});\n\t\t\t<\/script>\n\t\t\t[\/vc_column][\/vc_row][vc_row full_width=\u00a0\u00bbstretch_row\u00a0\u00bb css=\u00a0\u00bb.vc_custom_1637077091293{background-color: #f9f9fa !important;}\u00a0\u00bb el_class=\u00a0\u00bbdetalles-tecnicos-section\u00a0\u00bb][vc_column][vc_wp_text el_class=\u00a0\u00bbcontainer\u00a0\u00bb]<\/p>\n<h2 class=\"title-1\">Tableau d\u00e9tails techniques<\/h2>\n<p>[\/vc_wp_text][vc_wp_text el_class=\u00a0\u00bbproduct-table-section tabla-ead table-gl tabla-normativa-gris\u00a0\u00bb]<\/p>\n<table class=\"product-table-last-big\">\n<tbody>\n<tr>\n<th><\/th>\n<th><\/th>\n<th colspan=\"2\">Composants: \u00c9lingues crochet \u00e0 mousqueton + boucle renforc\u00e9e<\/th>\n<\/tr>\n<tr>\n<td><\/td>\n<td><\/td>\n<td class=\"td-grey\">Longueur<\/td>\n<th class=\"icono-picto\"><span class=\"icono-picto-text\">Charge de travail x1<\/span><\/th>\n<\/tr>\n<tr>\n<td>E &#8211; GL 1.1<\/td>\n<td><span style=\"background: #7030a0;\">color<\/span><\/td>\n<td>1 m<\/td>\n<td>1000 kg<\/td>\n<\/tr>\n<tr>\n<td>E &#8211; GL 2.1<\/td>\n<td><span style=\"background: #6fad48;\">color<\/span><\/td>\n<td>1 m<\/td>\n<td>2000 kg<\/td>\n<\/tr>\n<tr>\n<td>E &#8211; GL 3.1<\/td>\n<td><span style=\"background: #ffdc10;\">color<\/span><\/td>\n<td>1 m<\/td>\n<td>3000 kg<\/td>\n<\/tr>\n<tr>\n<td>E &#8211; GL 5.1<\/td>\n<td><span style=\"background: #fd0100;\">color<\/span><\/td>\n<td>1 m<\/td>\n<td>5000 kg<\/td>\n<\/tr>\n<tr class=\"ead-last-columna\">\n<td><\/td>\n<td colspan=\"3\">Norme EN 1492:1 \/ EN 1677 \/ S.F. 5:1<\/td>\n<\/tr>\n<\/tbody>\n<\/table>\n<p>[\/vc_wp_text][vc_wp_text el_class=\u00a0\u00bbproduct-table-section tabla-ead table-gl tabla-normativa-gris\u00a0\u00bb]<\/p>\n<table class=\"product-table-last-big\">\n<tbody>\n<tr>\n<th><\/th>\n<th><\/th>\n<th colspan=\"2\">Composants: \u00c9lingue crochet mousqueton + anneau<\/th>\n<\/tr>\n<tr>\n<td><\/td>\n<td><\/td>\n<td class=\"td-grey\">Longueur<\/td>\n<th class=\"icono-picto\"><span class=\"icono-picto-text\">Charge de travail x1<\/span><\/th>\n<\/tr>\n<tr>\n<td>E &#8211; GL + A 2.1<\/td>\n<td><span style=\"background: #71af4c;\">color<\/span><\/td>\n<td>1 m<\/td>\n<td>2000 kg<\/td>\n<\/tr>\n<tr>\n<td>E &#8211; GL + A 3.1<\/td>\n<td><span style=\"background: #fdc200;\">color<\/span><\/td>\n<td>1 m<\/td>\n<td>3000 kg<\/td>\n<\/tr>\n<tr class=\"ead-last-columna\">\n<td><\/td>\n<td colspan=\"3\">Norme EN 1492:1 \/ EN 1677 \/ S.F. 5:1<\/td>\n<\/tr>\n<\/tbody>\n<\/table>\n<p>[\/vc_wp_text][vc_wp_text el_class=\u00a0\u00bbproduct-table-section tabla-ead table-gl tabla-normativa-gris\u00a0\u00bb]<\/p>\n<table class=\"product-table-last-big\">\n<tbody>\n<tr>\n<th><\/th>\n<th><\/th>\n<th colspan=\"2\">Composants: \u00c9lingue crochet s\u00e9curit\u00e9 + boucle renforc\u00e9e<\/th>\n<\/tr>\n<tr>\n<td><\/td>\n<td><\/td>\n<td class=\"td-grey\">Longueur<\/td>\n<th class=\"icono-picto\"><span class=\"icono-picto-text\">Charge de travail x1<\/span><\/th>\n<\/tr>\n<tr>\n<td>E &#8211; GS 1.1<\/td>\n<td><span style=\"background: #722fa3;\">color<\/span><\/td>\n<td>1 m<\/td>\n<td>1000 kg<\/td>\n<\/tr>\n<tr>\n<td>E &#8211; GS 2.1<\/td>\n<td><span style=\"background: #6daf45;\">color<\/span><\/td>\n<td>1 m<\/td>\n<td>2000 kg<\/td>\n<\/tr>\n<tr>\n<td>E &#8211; GS 3.1<\/td>\n<td><span style=\"background: #ffc300;\">color<\/span><\/td>\n<td>1 m<\/td>\n<td>3000 kg<\/td>\n<\/tr>\n<tr>\n<td>E &#8211; GS 5.1<\/td>\n<td><span style=\"background: #f80300;\">color<\/span><\/td>\n<td>1 m<\/td>\n<td>5000 kg<\/td>\n<\/tr>\n<tr class=\"ead-last-columna\">\n<td><\/td>\n<td colspan=\"3\">Norme EN 1492:1 \/ EN 1677 \/ S.F. 5:1<\/td>\n<\/tr>\n<\/tbody>\n<\/table>\n<p>[\/vc_wp_text][vc_wp_text el_class=\u00a0\u00bbproduct-table-section tabla-ead table-gl tabla-normativa-gris\u00a0\u00bb]<\/p>\n<table class=\"product-table-last-big\">\n<tbody>\n<tr>\n<th><\/th>\n<th><\/th>\n<th colspan=\"2\">Composants: \u00c9lingue crochet s\u00e9curit\u00e9 + anneau<\/th>\n<\/tr>\n<tr>\n<td><\/td>\n<td><\/td>\n<td class=\"td-grey\">Longueur<\/td>\n<th class=\"icono-picto\"><span class=\"icono-picto-text\">Charge de travail x1<\/span><\/th>\n<\/tr>\n<tr>\n<td>E &#8211; GS + A 2.1<\/td>\n<td><span style=\"background: #72ac46;\">color<\/span><\/td>\n<td>1 m<\/td>\n<td>2000 kg<\/td>\n<\/tr>\n<tr>\n<td>E &#8211; GS + A 3.1<\/td>\n<td><span style=\"background: #f7b700;\">color<\/span><\/td>\n<td>1 m<\/td>\n<td>3000 kg<\/td>\n<\/tr>\n<tr class=\"ead-last-columna\">\n<td><\/td>\n<td colspan=\"3\">Norme EN 1492:1 \/ EN 1677 \/ S.F. 5:1<\/td>\n<\/tr>\n<\/tbody>\n<\/table>\n<p>[\/vc_wp_text][\/vc_column][\/vc_row]<\/p>\n<\/div>","protected":false},"excerpt":{"rendered":"<p>[vc_row el_class=\u00a0\u00bbdisplay-none-desktop title-default-product\u00a0\u00bb][vc_column][vc_wp_text] Syst\u00e8mes \u00e0 grue [\/vc_wp_text][\/vc_column][\/vc_row][vc_row full_width=\u00a0\u00bbstretch_row\u00a0\u00bb el_class=\u00a0\u00bbsection-product-type-1&Prime;][vc_column width=\u00a0\u00bb1\/2&Prime;][vc_wp_text el_class=\u00a0\u00bbproduct-text\u00a0\u00bb] Syst\u00e8mes \u00e0 grue &nbsp; CL GL CL GL + A CL GS CL GS + A Demander des informations[\/vc_wp_text][\/vc_column][vc_column width=\u00a0\u00bb1\/2&Prime; el_class=\u00a0\u00bbslider-imagen-cortada\u00a0\u00bb][\/vc_column][\/vc_row][vc_row full_width=\u00a0\u00bbstretch_row\u00a0\u00bb css=\u00a0\u00bb.vc_custom_1637077091293{background-color: #f9f9fa !important;}\u00a0\u00bb el_class=\u00a0\u00bbdetalles-tecnicos-section\u00a0\u00bb][vc_column][vc_wp_text el_class=\u00a0\u00bbcontainer\u00a0\u00bb] Tableau d\u00e9tails techniques [\/vc_wp_text][vc_wp_text el_class=\u00a0\u00bbproduct-table-section tabla-ead table-gl tabla-normativa-gris\u00a0\u00bb] Composants: \u00c9lingues crochet \u00e0 mousqueton + boucle renforc\u00e9e Longueur [&hellip;]<\/p>\n","protected":false},"featured_media":1851,"comment_status":"open","ping_status":"closed","template":"","meta":{"_acf_changed":false},"product_brand":[],"product_cat":[169],"product_tag":[],"class_list":{"0":"post-3385","1":"product","2":"type-product","3":"status-publish","4":"has-post-thumbnail","6":"product_cat-elingues-extremites-metalliques","8":"first","9":"instock","10":"shipping-taxable","11":"product-type-simple"},"acf":[],"yoast_head":"<!-- This site is optimized with the Yoast SEO plugin v27.3 - https:\/\/yoast.com\/product\/yoast-seo-wordpress\/ -->\n<title>Syst\u00e8mes \u00e0 grue<\/title>\n<meta name=\"robots\" content=\"index, follow, max-snippet:-1, max-image-preview:large, max-video-preview:-1\" \/>\n<link rel=\"canonical\" href=\"https:\/\/www.murtra.com\/fr\/produit\/industriel\/levage\/elingue-extremites-metalliques\/systemes-a-grue\/\" \/>\n<meta property=\"og:locale\" content=\"fr_FR\" \/>\n<meta property=\"og:type\" content=\"article\" \/>\n<meta property=\"og:title\" content=\"Syst\u00e8mes \u00e0 grue\" \/>\n<meta property=\"og:description\" content=\"[vc_row el_class=\u00a0\u00bbdisplay-none-desktop title-default-product\u00a0\u00bb][vc_column][vc_wp_text] Syst\u00e8mes \u00e0 grue [\/vc_wp_text][\/vc_column][\/vc_row][vc_row full_width=\u00a0\u00bbstretch_row\u00a0\u00bb el_class=\u00a0\u00bbsection-product-type-1&Prime;][vc_column width=\u00a0\u00bb1\/2&Prime;][vc_wp_text el_class=\u00a0\u00bbproduct-text\u00a0\u00bb] Syst\u00e8mes \u00e0 grue &nbsp; CL GL CL GL + A CL GS CL GS + A Demander des informations[\/vc_wp_text][\/vc_column][vc_column width=\u00a0\u00bb1\/2&Prime; el_class=\u00a0\u00bbslider-imagen-cortada\u00a0\u00bb][\/vc_column][\/vc_row][vc_row full_width=\u00a0\u00bbstretch_row\u00a0\u00bb css=\u00a0\u00bb.vc_custom_1637077091293{background-color: #f9f9fa !important;}\u00a0\u00bb el_class=\u00a0\u00bbdetalles-tecnicos-section\u00a0\u00bb][vc_column][vc_wp_text el_class=\u00a0\u00bbcontainer\u00a0\u00bb] Tableau d\u00e9tails techniques [\/vc_wp_text][vc_wp_text el_class=\u00a0\u00bbproduct-table-section tabla-ead table-gl tabla-normativa-gris\u00a0\u00bb] Composants: \u00c9lingues crochet \u00e0 mousqueton + boucle renforc\u00e9e Longueur [&hellip;]\" \/>\n<meta property=\"og:url\" content=\"https:\/\/www.murtra.com\/fr\/produit\/industriel\/levage\/elingue-extremites-metalliques\/systemes-a-grue\/\" \/>\n<meta property=\"og:site_name\" content=\"Murtra\" \/>\n<meta property=\"article:modified_time\" content=\"2023-06-22T11:13:35+00:00\" \/>\n<meta property=\"og:image\" content=\"https:\/\/www.murtra.com\/wp-content\/uploads\/2022\/09\/eslingas_terminales_metalicos_sistemas_grua_CL_GL-1.jpg\" \/>\n\t<meta property=\"og:image:width\" content=\"635\" \/>\n\t<meta property=\"og:image:height\" content=\"500\" \/>\n\t<meta property=\"og:image:type\" content=\"image\/jpeg\" \/>\n<meta name=\"twitter:card\" content=\"summary_large_image\" \/>\n<meta name=\"twitter:label1\" content=\"Dur\u00e9e de lecture estim\u00e9e\" \/>\n\t<meta name=\"twitter:data1\" content=\"2 minutes\" \/>\n<script type=\"application\/ld+json\" class=\"yoast-schema-graph\">{\"@context\":\"https:\\\/\\\/schema.org\",\"@graph\":[{\"@type\":\"WebPage\",\"@id\":\"https:\\\/\\\/www.murtra.com\\\/fr\\\/produit\\\/industriel\\\/levage\\\/elingue-extremites-metalliques\\\/systemes-a-grue\\\/\",\"url\":\"https:\\\/\\\/www.murtra.com\\\/fr\\\/produit\\\/industriel\\\/levage\\\/elingue-extremites-metalliques\\\/systemes-a-grue\\\/\",\"name\":\"Syst\u00e8mes \u00e0 grue\",\"isPartOf\":{\"@id\":\"https:\\\/\\\/www.murtra.com\\\/fr\\\/#website\"},\"primaryImageOfPage\":{\"@id\":\"https:\\\/\\\/www.murtra.com\\\/fr\\\/produit\\\/industriel\\\/levage\\\/elingue-extremites-metalliques\\\/systemes-a-grue\\\/#primaryimage\"},\"image\":{\"@id\":\"https:\\\/\\\/www.murtra.com\\\/fr\\\/produit\\\/industriel\\\/levage\\\/elingue-extremites-metalliques\\\/systemes-a-grue\\\/#primaryimage\"},\"thumbnailUrl\":\"https:\\\/\\\/www.murtra.com\\\/wp-content\\\/uploads\\\/2022\\\/09\\\/eslingas_terminales_metalicos_sistemas_grua_CL_GL-1.jpg\",\"datePublished\":\"2022-02-02T14:54:22+00:00\",\"dateModified\":\"2023-06-22T11:13:35+00:00\",\"breadcrumb\":{\"@id\":\"https:\\\/\\\/www.murtra.com\\\/fr\\\/produit\\\/industriel\\\/levage\\\/elingue-extremites-metalliques\\\/systemes-a-grue\\\/#breadcrumb\"},\"inLanguage\":\"fr-FR\",\"potentialAction\":[{\"@type\":\"ReadAction\",\"target\":[\"https:\\\/\\\/www.murtra.com\\\/fr\\\/produit\\\/industriel\\\/levage\\\/elingue-extremites-metalliques\\\/systemes-a-grue\\\/\"]}]},{\"@type\":\"ImageObject\",\"inLanguage\":\"fr-FR\",\"@id\":\"https:\\\/\\\/www.murtra.com\\\/fr\\\/produit\\\/industriel\\\/levage\\\/elingue-extremites-metalliques\\\/systemes-a-grue\\\/#primaryimage\",\"url\":\"https:\\\/\\\/www.murtra.com\\\/wp-content\\\/uploads\\\/2022\\\/09\\\/eslingas_terminales_metalicos_sistemas_grua_CL_GL-1.jpg\",\"contentUrl\":\"https:\\\/\\\/www.murtra.com\\\/wp-content\\\/uploads\\\/2022\\\/09\\\/eslingas_terminales_metalicos_sistemas_grua_CL_GL-1.jpg\",\"width\":635,\"height\":500},{\"@type\":\"BreadcrumbList\",\"@id\":\"https:\\\/\\\/www.murtra.com\\\/fr\\\/produit\\\/industriel\\\/levage\\\/elingue-extremites-metalliques\\\/systemes-a-grue\\\/#breadcrumb\",\"itemListElement\":[{\"@type\":\"ListItem\",\"position\":1,\"name\":\"Home\",\"item\":\"https:\\\/\\\/www.murtra.com\\\/fr\\\/\"},{\"@type\":\"ListItem\",\"position\":2,\"name\":\"Industriel\",\"item\":\"https:\\\/\\\/www.murtra.com\\\/fr\\\/categorie-industrielle\\\/\"},{\"@type\":\"ListItem\",\"position\":3,\"name\":\"Levage\",\"item\":\"https:\\\/\\\/www.murtra.com\\\/fr\\\/categorie\\\/industriel\\\/elevation\\\/\"},{\"@type\":\"ListItem\",\"position\":4,\"name\":\"\u00c9lingues extr\u00e9mit\u00e9s m\u00e9talliques\",\"item\":\"https:\\\/\\\/www.murtra.com\\\/fr\\\/categorie\\\/industriel\\\/elevation\\\/elingues-bornes-metalliques\\\/\"},{\"@type\":\"ListItem\",\"position\":5,\"name\":\"Syst\u00e8mes \u00e0 grue\"}]},{\"@type\":\"WebSite\",\"@id\":\"https:\\\/\\\/www.murtra.com\\\/fr\\\/#website\",\"url\":\"https:\\\/\\\/www.murtra.com\\\/fr\\\/\",\"name\":\"Murtra Grupo textil industrial\",\"description\":\"Murtra Grupo textil industrial\",\"publisher\":{\"@id\":\"https:\\\/\\\/www.murtra.com\\\/fr\\\/#organization\"},\"potentialAction\":[{\"@type\":\"SearchAction\",\"target\":{\"@type\":\"EntryPoint\",\"urlTemplate\":\"https:\\\/\\\/www.murtra.com\\\/fr\\\/?s={search_term_string}\"},\"query-input\":{\"@type\":\"PropertyValueSpecification\",\"valueRequired\":true,\"valueName\":\"search_term_string\"}}],\"inLanguage\":\"fr-FR\"},{\"@type\":\"Organization\",\"@id\":\"https:\\\/\\\/www.murtra.com\\\/fr\\\/#organization\",\"name\":\"Murtra\",\"url\":\"https:\\\/\\\/www.murtra.com\\\/fr\\\/\",\"logo\":{\"@type\":\"ImageObject\",\"inLanguage\":\"fr-FR\",\"@id\":\"https:\\\/\\\/www.murtra.com\\\/fr\\\/#\\\/schema\\\/logo\\\/image\\\/\",\"url\":\"https:\\\/\\\/www.murtra.com\\\/wp-content\\\/uploads\\\/2021\\\/11\\\/mutra-logo.png\",\"contentUrl\":\"https:\\\/\\\/www.murtra.com\\\/wp-content\\\/uploads\\\/2021\\\/11\\\/mutra-logo.png\",\"width\":156,\"height\":201,\"caption\":\"Murtra\"},\"image\":{\"@id\":\"https:\\\/\\\/www.murtra.com\\\/fr\\\/#\\\/schema\\\/logo\\\/image\\\/\"}}]}<\/script>\n<!-- \/ Yoast SEO plugin. -->","yoast_head_json":{"title":"Syst\u00e8mes \u00e0 grue","robots":{"index":"index","follow":"follow","max-snippet":"max-snippet:-1","max-image-preview":"max-image-preview:large","max-video-preview":"max-video-preview:-1"},"canonical":"https:\/\/www.murtra.com\/fr\/produit\/industriel\/levage\/elingue-extremites-metalliques\/systemes-a-grue\/","og_locale":"fr_FR","og_type":"article","og_title":"Syst\u00e8mes \u00e0 grue","og_description":"[vc_row el_class=\u00a0\u00bbdisplay-none-desktop title-default-product\u00a0\u00bb][vc_column][vc_wp_text] Syst\u00e8mes \u00e0 grue [\/vc_wp_text][\/vc_column][\/vc_row][vc_row full_width=\u00a0\u00bbstretch_row\u00a0\u00bb el_class=\u00a0\u00bbsection-product-type-1&Prime;][vc_column width=\u00a0\u00bb1\/2&Prime;][vc_wp_text el_class=\u00a0\u00bbproduct-text\u00a0\u00bb] Syst\u00e8mes \u00e0 grue &nbsp; CL GL CL GL + A CL GS CL GS + A Demander des informations[\/vc_wp_text][\/vc_column][vc_column width=\u00a0\u00bb1\/2&Prime; el_class=\u00a0\u00bbslider-imagen-cortada\u00a0\u00bb][\/vc_column][\/vc_row][vc_row full_width=\u00a0\u00bbstretch_row\u00a0\u00bb css=\u00a0\u00bb.vc_custom_1637077091293{background-color: #f9f9fa !important;}\u00a0\u00bb el_class=\u00a0\u00bbdetalles-tecnicos-section\u00a0\u00bb][vc_column][vc_wp_text el_class=\u00a0\u00bbcontainer\u00a0\u00bb] Tableau d\u00e9tails techniques [\/vc_wp_text][vc_wp_text el_class=\u00a0\u00bbproduct-table-section tabla-ead table-gl tabla-normativa-gris\u00a0\u00bb] Composants: \u00c9lingues crochet \u00e0 mousqueton + boucle renforc\u00e9e Longueur [&hellip;]","og_url":"https:\/\/www.murtra.com\/fr\/produit\/industriel\/levage\/elingue-extremites-metalliques\/systemes-a-grue\/","og_site_name":"Murtra","article_modified_time":"2023-06-22T11:13:35+00:00","og_image":[{"width":635,"height":500,"url":"https:\/\/www.murtra.com\/wp-content\/uploads\/2022\/09\/eslingas_terminales_metalicos_sistemas_grua_CL_GL-1.jpg","type":"image\/jpeg"}],"twitter_card":"summary_large_image","twitter_misc":{"Dur\u00e9e de lecture estim\u00e9e":"2 minutes"},"schema":{"@context":"https:\/\/schema.org","@graph":[{"@type":"WebPage","@id":"https:\/\/www.murtra.com\/fr\/produit\/industriel\/levage\/elingue-extremites-metalliques\/systemes-a-grue\/","url":"https:\/\/www.murtra.com\/fr\/produit\/industriel\/levage\/elingue-extremites-metalliques\/systemes-a-grue\/","name":"Syst\u00e8mes \u00e0 grue","isPartOf":{"@id":"https:\/\/www.murtra.com\/fr\/#website"},"primaryImageOfPage":{"@id":"https:\/\/www.murtra.com\/fr\/produit\/industriel\/levage\/elingue-extremites-metalliques\/systemes-a-grue\/#primaryimage"},"image":{"@id":"https:\/\/www.murtra.com\/fr\/produit\/industriel\/levage\/elingue-extremites-metalliques\/systemes-a-grue\/#primaryimage"},"thumbnailUrl":"https:\/\/www.murtra.com\/wp-content\/uploads\/2022\/09\/eslingas_terminales_metalicos_sistemas_grua_CL_GL-1.jpg","datePublished":"2022-02-02T14:54:22+00:00","dateModified":"2023-06-22T11:13:35+00:00","breadcrumb":{"@id":"https:\/\/www.murtra.com\/fr\/produit\/industriel\/levage\/elingue-extremites-metalliques\/systemes-a-grue\/#breadcrumb"},"inLanguage":"fr-FR","potentialAction":[{"@type":"ReadAction","target":["https:\/\/www.murtra.com\/fr\/produit\/industriel\/levage\/elingue-extremites-metalliques\/systemes-a-grue\/"]}]},{"@type":"ImageObject","inLanguage":"fr-FR","@id":"https:\/\/www.murtra.com\/fr\/produit\/industriel\/levage\/elingue-extremites-metalliques\/systemes-a-grue\/#primaryimage","url":"https:\/\/www.murtra.com\/wp-content\/uploads\/2022\/09\/eslingas_terminales_metalicos_sistemas_grua_CL_GL-1.jpg","contentUrl":"https:\/\/www.murtra.com\/wp-content\/uploads\/2022\/09\/eslingas_terminales_metalicos_sistemas_grua_CL_GL-1.jpg","width":635,"height":500},{"@type":"BreadcrumbList","@id":"https:\/\/www.murtra.com\/fr\/produit\/industriel\/levage\/elingue-extremites-metalliques\/systemes-a-grue\/#breadcrumb","itemListElement":[{"@type":"ListItem","position":1,"name":"Home","item":"https:\/\/www.murtra.com\/fr\/"},{"@type":"ListItem","position":2,"name":"Industriel","item":"https:\/\/www.murtra.com\/fr\/categorie-industrielle\/"},{"@type":"ListItem","position":3,"name":"Levage","item":"https:\/\/www.murtra.com\/fr\/categorie\/industriel\/elevation\/"},{"@type":"ListItem","position":4,"name":"\u00c9lingues extr\u00e9mit\u00e9s m\u00e9talliques","item":"https:\/\/www.murtra.com\/fr\/categorie\/industriel\/elevation\/elingues-bornes-metalliques\/"},{"@type":"ListItem","position":5,"name":"Syst\u00e8mes \u00e0 grue"}]},{"@type":"WebSite","@id":"https:\/\/www.murtra.com\/fr\/#website","url":"https:\/\/www.murtra.com\/fr\/","name":"Murtra Grupo textil industrial","description":"Murtra Grupo textil industrial","publisher":{"@id":"https:\/\/www.murtra.com\/fr\/#organization"},"potentialAction":[{"@type":"SearchAction","target":{"@type":"EntryPoint","urlTemplate":"https:\/\/www.murtra.com\/fr\/?s={search_term_string}"},"query-input":{"@type":"PropertyValueSpecification","valueRequired":true,"valueName":"search_term_string"}}],"inLanguage":"fr-FR"},{"@type":"Organization","@id":"https:\/\/www.murtra.com\/fr\/#organization","name":"Murtra","url":"https:\/\/www.murtra.com\/fr\/","logo":{"@type":"ImageObject","inLanguage":"fr-FR","@id":"https:\/\/www.murtra.com\/fr\/#\/schema\/logo\/image\/","url":"https:\/\/www.murtra.com\/wp-content\/uploads\/2021\/11\/mutra-logo.png","contentUrl":"https:\/\/www.murtra.com\/wp-content\/uploads\/2021\/11\/mutra-logo.png","width":156,"height":201,"caption":"Murtra"},"image":{"@id":"https:\/\/www.murtra.com\/fr\/#\/schema\/logo\/image\/"}}]}},"_links":{"self":[{"href":"https:\/\/www.murtra.com\/fr\/wp-json\/wp\/v2\/product\/3385","targetHints":{"allow":["GET"]}}],"collection":[{"href":"https:\/\/www.murtra.com\/fr\/wp-json\/wp\/v2\/product"}],"about":[{"href":"https:\/\/www.murtra.com\/fr\/wp-json\/wp\/v2\/types\/product"}],"replies":[{"embeddable":true,"href":"https:\/\/www.murtra.com\/fr\/wp-json\/wp\/v2\/comments?post=3385"}],"wp:featuredmedia":[{"embeddable":true,"href":"https:\/\/www.murtra.com\/fr\/wp-json\/wp\/v2\/media\/1851"}],"wp:attachment":[{"href":"https:\/\/www.murtra.com\/fr\/wp-json\/wp\/v2\/media?parent=3385"}],"wp:term":[{"taxonomy":"product_brand","embeddable":true,"href":"https:\/\/www.murtra.com\/fr\/wp-json\/wp\/v2\/product_brand?post=3385"},{"taxonomy":"product_cat","embeddable":true,"href":"https:\/\/www.murtra.com\/fr\/wp-json\/wp\/v2\/product_cat?post=3385"},{"taxonomy":"product_tag","embeddable":true,"href":"https:\/\/www.murtra.com\/fr\/wp-json\/wp\/v2\/product_tag?post=3385"}],"curies":[{"name":"wp","href":"https:\/\/api.w.org\/{rel}","templated":true}]}}