{"id":3369,"date":"2022-02-02T14:31:57","date_gmt":"2022-02-02T14:31:57","guid":{"rendered":"https:\/\/www.murtra.com\/producto\/uncategorized\/tub-zc\/"},"modified":"2023-06-22T10:59:35","modified_gmt":"2023-06-22T10:59:35","slug":"tub-zc","status":"publish","type":"product","link":"https:\/\/www.murtra.com\/fr\/produit\/industriel\/levage\/elingue-ronde\/tub-zc\/","title":{"rendered":"TUB ZC"},"content":{"rendered":"<div class=\"wpb-content-wrapper\"><p>[vc_row el_class=\u00a0\u00bbdisplay-none-desktop title-default-product\u00a0\u00bb][vc_column][vc_wp_text]<\/p>\n<h1 class=\"title-product\">TUB ZC<\/h1>\n<p>[\/vc_wp_text][\/vc_column][\/vc_row][vc_row full_width=\u00a0\u00bbstretch_row\u00a0\u00bb el_class=\u00a0\u00bbsection-product-type-1&Prime;][vc_column width=\u00a0\u00bb1\/2&Prime;][vc_wp_text el_class=\u00a0\u00bbproduct-text\u00a0\u00bb]<img decoding=\"async\" src=\"https:\/\/www.murtra.com\/wp-content\/uploads\/2022\/07\/TUBZC.png\" \/><\/p>\n<h1 class=\"title-product display-none-responsive\">TUB ZC<\/h1>\n<p class=\"subtitle-product\">\u00c9lingue tubulaire sans fin<\/p>\n<p><a class=\"link-product\" href=\"#contacto\">Demander des informations<\/a>[\/vc_wp_text][\/vc_column][vc_column width=\u00a0\u00bb1\/2&Prime; el_class=\u00a0\u00bbslider-imagen-cortada\u00a0\u00bb]<div id=\"ult-carousel-113525512069eeb1d011007\" class=\"ult-carousel-wrapper  slider-default-product ult_horizontal\" data-gutter=\"15\" data-rtl=\"false\" ><div class=\"ult-carousel-86970953069eeb1d010e68 \" >[vc_single_image image=\u00a0\u00bb1841&Prime; img_size=\u00a0\u00bbfull\u00a0\u00bb]<\/div><\/div>\t\t\t<script type=\"text\/javascript\">\n\t\t\t\tjQuery(document).ready(function ($) {\n\t\t\t\t\tif( typeof jQuery('.ult-carousel-86970953069eeb1d010e68').slick == \"function\"){\n\t\t\t\t\t\t$('.ult-carousel-86970953069eeb1d010e68').slick({dots: true,autoplaySpeed: \"5000\",speed: \"300\",infinite: true,arrows: false,slidesToScroll:1,slidesToShow:1,swipe: true,draggable: true,touchMove: true,pauseOnHover: true,pauseOnFocus: false,responsive: [\n\t\t\t\t\t\t\t{\n\t\t\t\t\t\t\t  breakpoint: 1026,\n\t\t\t\t\t\t\t  settings: {\n\t\t\t\t\t\t\t\tslidesToShow: 1,\n\t\t\t\t\t\t\t\tslidesToScroll: 1,  \n\t\t\t\t\t\t\t  }\n\t\t\t\t\t\t\t},\n\t\t\t\t\t\t\t{\n\t\t\t\t\t\t\t  breakpoint: 1025,\n\t\t\t\t\t\t\t  settings: {\n\t\t\t\t\t\t\t\tslidesToShow: 1,\n\t\t\t\t\t\t\t\tslidesToScroll: 1\n\t\t\t\t\t\t\t  }\n\t\t\t\t\t\t\t},\n\t\t\t\t\t\t\t{\n\t\t\t\t\t\t\t  breakpoint: 760,\n\t\t\t\t\t\t\t  settings: {\n\t\t\t\t\t\t\t\tslidesToShow: 1,\n\t\t\t\t\t\t\t\tslidesToScroll: 1\n\t\t\t\t\t\t\t  }\n\t\t\t\t\t\t\t}\n\t\t\t\t\t\t],pauseOnDotsHover: true,customPaging: function(slider, i) {\n                   return '<i type=\"button\" style= \"color:#333333;\" class=\"ultsl-record\" data-role=\"none\"><\/i>';\n                },});\n\t\t\t\t\t}\n\t\t\t\t});\n\t\t\t<\/script>\n\t\t\t[\/vc_column][\/vc_row][vc_row full_width=\u00a0\u00bbstretch_row\u00a0\u00bb css=\u00a0\u00bb.vc_custom_1637077091293{background-color: #f9f9fa !important;}\u00a0\u00bb el_class=\u00a0\u00bbdetalles-tecnicos-section\u00a0\u00bb][vc_column][vc_wp_text el_class=\u00a0\u00bbcontainer\u00a0\u00bb]<\/p>\n<h2 class=\"title-1\">Tableau d\u00e9tails techniques<\/h2>\n<p>[\/vc_wp_text][vc_wp_text el_class=\u00a0\u00bbproduct-table-section tabla-ead tabla-tub-za tabla-normativa-gris\u00a0\u00bb]<\/p>\n<table class=\"product-table-last-big\">\n<tbody>\n<tr>\n<th><\/th>\n<th><\/th>\n<th>Diam\u00e8tre<\/th>\n<th>Largeur<\/th>\n<th class=\"icono-picto\"><span class=\"icono-picto-text\">Charge de travail x1<\/span><\/th>\n<\/tr>\n<tr>\n<td>ZC 1000<\/td>\n<td><span style=\"background: #7030a0;\">color<\/span><\/td>\n<td>\u00d8 30<\/td>\n<td>45 mm<\/td>\n<td>1000 kg<\/td>\n<\/tr>\n<tr>\n<td>ZC 2000<\/td>\n<td><span style=\"background: #70ad46;\">color<\/span><\/td>\n<td>\u00d8 34<\/td>\n<td>50 mm<\/td>\n<td>2000 kg<\/td>\n<\/tr>\n<tr>\n<td>ZC 3000<\/td>\n<td><span style=\"background: #ffc000;\">color<\/span><\/td>\n<td>\u00d8 35<\/td>\n<td>60 mm<\/td>\n<td>3000 kg<\/td>\n<\/tr>\n<tr>\n<td>ZC 4000<\/td>\n<td><span style=\"background: #c5bcbf;\">color<\/span><\/td>\n<td>\u00d8 46<\/td>\n<td>70 mm<\/td>\n<td>4000 kg<\/td>\n<\/tr>\n<tr>\n<td>ZC 5000<\/td>\n<td><span style=\"background: #fe0000;\">color<\/span><\/td>\n<td>\u00d8 50<\/td>\n<td>75 mm<\/td>\n<td>5000 kg<\/td>\n<\/tr>\n<tr>\n<td>ZC 6000<\/td>\n<td><span style=\"background: #833d0c;\">color<\/span><\/td>\n<td>\u00d8 55<\/td>\n<td>85 mm<\/td>\n<td>6000 kg<\/td>\n<\/tr>\n<tr>\n<td>ZC 8000<\/td>\n<td><span style=\"background: #0071c8;\">color<\/span><\/td>\n<td>\u00d8 60<\/td>\n<td>95 mm<\/td>\n<td>8000 kg<\/td>\n<\/tr>\n<tr>\n<td>ZC 10 000<\/td>\n<td><span style=\"background: #ec7e33;\">color<\/span><\/td>\n<td>\u00d8 66<\/td>\n<td>110 mm<\/td>\n<td>10 000 kg<\/td>\n<\/tr>\n<tr>\n<td>ZC 12 000<\/td>\n<td><span style=\"background: #ec7e33;\">color<\/span><\/td>\n<td>\u00d8 73<\/td>\n<td>115 mm<\/td>\n<td>12 000 kg<\/td>\n<\/tr>\n<tr>\n<td>ZC 15 000<\/td>\n<td><span style=\"background: #ec7e33;\">color<\/span><\/td>\n<td>\u00d8 97<\/td>\n<td>152 mm<\/td>\n<td>15 000 kg<\/td>\n<\/tr>\n<tr>\n<td>ZC 20 000<\/td>\n<td><span style=\"background: #ec7e33;\">color<\/span><\/td>\n<td>\u00d8 97<\/td>\n<td>152 mm<\/td>\n<td>20 000 kg<\/td>\n<\/tr>\n<tr>\n<td>ZC 25 000<\/td>\n<td><span style=\"background: #ec7e33;\">color<\/span><\/td>\n<td>\u00d8 115<\/td>\n<td>175 mm<\/td>\n<td>25 000 kg<\/td>\n<\/tr>\n<tr>\n<td>ZC 30 000<\/td>\n<td><span style=\"background: #ec7e33;\">color<\/span><\/td>\n<td>\u00d8 115<\/td>\n<td>175 mm<\/td>\n<td>30 000 kg<\/td>\n<\/tr>\n<tr>\n<td>ZC 40 000<\/td>\n<td><span style=\"background: #ec7e33;\">color<\/span><\/td>\n<td>\u00d8 155<\/td>\n<td>240 mm<\/td>\n<td>40 000 kg<\/td>\n<\/tr>\n<tr>\n<td>ZC 50 000<\/td>\n<td><span style=\"background: #ec7e33;\">color<\/span><\/td>\n<td>\u00d8 155<\/td>\n<td>240 mm<\/td>\n<td>50 000 kg<\/td>\n<\/tr>\n<tr>\n<td>ZC 60 000<\/td>\n<td><span style=\"background: #ec7e33;\">color<\/span><\/td>\n<td>\u00d8 195<\/td>\n<td>305 mm<\/td>\n<td>60 000 kg<\/td>\n<\/tr>\n<tr class=\"ead-last-columna\">\n<td><\/td>\n<td colspan=\"3\">Norme EN 1492:2 \/ S.F. 7:1<\/td>\n<\/tr>\n<\/tbody>\n<\/table>\n<p>[\/vc_wp_text][\/vc_column][\/vc_row]<\/p>\n<\/div>","protected":false},"excerpt":{"rendered":"<p>[vc_row el_class=\u00a0\u00bbdisplay-none-desktop title-default-product\u00a0\u00bb][vc_column][vc_wp_text] TUB ZC [\/vc_wp_text][\/vc_column][\/vc_row][vc_row full_width=\u00a0\u00bbstretch_row\u00a0\u00bb el_class=\u00a0\u00bbsection-product-type-1&Prime;][vc_column width=\u00a0\u00bb1\/2&Prime;][vc_wp_text el_class=\u00a0\u00bbproduct-text\u00a0\u00bb] TUB ZC \u00c9lingue tubulaire sans fin Demander des informations[\/vc_wp_text][\/vc_column][vc_column width=\u00a0\u00bb1\/2&Prime; el_class=\u00a0\u00bbslider-imagen-cortada\u00a0\u00bb][\/vc_column][\/vc_row][vc_row full_width=\u00a0\u00bbstretch_row\u00a0\u00bb css=\u00a0\u00bb.vc_custom_1637077091293{background-color: #f9f9fa !important;}\u00a0\u00bb el_class=\u00a0\u00bbdetalles-tecnicos-section\u00a0\u00bb][vc_column][vc_wp_text el_class=\u00a0\u00bbcontainer\u00a0\u00bb] Tableau d\u00e9tails techniques [\/vc_wp_text][vc_wp_text el_class=\u00a0\u00bbproduct-table-section tabla-ead tabla-tub-za tabla-normativa-gris\u00a0\u00bb] Diam\u00e8tre Largeur Charge de travail x1 ZC 1000 color \u00d8 30 45 mm 1000 kg ZC 2000 color \u00d8 34 [&hellip;]<\/p>\n","protected":false},"featured_media":1841,"comment_status":"open","ping_status":"closed","template":"","meta":{"_acf_changed":false},"product_brand":[],"product_cat":[167],"product_tag":[],"class_list":{"0":"post-3369","1":"product","2":"type-product","3":"status-publish","4":"has-post-thumbnail","6":"product_cat-elingues-rondes","8":"first","9":"instock","10":"shipping-taxable","11":"product-type-simple"},"acf":[],"yoast_head":"<!-- This site is optimized with the Yoast SEO plugin v27.3 - https:\/\/yoast.com\/product\/yoast-seo-wordpress\/ -->\n<title>\u00c9lingue tubulaire sans fin<\/title>\n<meta name=\"description\" content=\"\u00c9lingue tubulaire sans fin\" \/>\n<meta name=\"robots\" content=\"index, follow, max-snippet:-1, max-image-preview:large, max-video-preview:-1\" \/>\n<link rel=\"canonical\" href=\"https:\/\/www.murtra.com\/fr\/produit\/industriel\/levage\/elingue-ronde\/tub-zc\/\" \/>\n<meta property=\"og:locale\" content=\"fr_FR\" \/>\n<meta property=\"og:type\" content=\"article\" \/>\n<meta property=\"og:title\" content=\"\u00c9lingue tubulaire sans fin\" \/>\n<meta property=\"og:description\" content=\"\u00c9lingue tubulaire sans fin\" \/>\n<meta property=\"og:url\" content=\"https:\/\/www.murtra.com\/fr\/produit\/industriel\/levage\/elingue-ronde\/tub-zc\/\" \/>\n<meta property=\"og:site_name\" content=\"Murtra\" \/>\n<meta property=\"article:modified_time\" content=\"2023-06-22T10:59:35+00:00\" \/>\n<meta property=\"og:image\" content=\"https:\/\/www.murtra.com\/wp-content\/uploads\/2022\/02\/eslingas_tubulares_TUB_ZC-2.jpg\" \/>\n\t<meta property=\"og:image:width\" content=\"635\" \/>\n\t<meta property=\"og:image:height\" content=\"500\" \/>\n\t<meta property=\"og:image:type\" content=\"image\/jpeg\" \/>\n<meta name=\"twitter:card\" content=\"summary_large_image\" \/>\n<meta name=\"twitter:label1\" content=\"Dur\u00e9e de lecture estim\u00e9e\" \/>\n\t<meta name=\"twitter:data1\" content=\"2 minutes\" \/>\n<script type=\"application\/ld+json\" class=\"yoast-schema-graph\">{\"@context\":\"https:\\\/\\\/schema.org\",\"@graph\":[{\"@type\":\"WebPage\",\"@id\":\"https:\\\/\\\/www.murtra.com\\\/fr\\\/produit\\\/industriel\\\/levage\\\/elingue-ronde\\\/tub-zc\\\/\",\"url\":\"https:\\\/\\\/www.murtra.com\\\/fr\\\/produit\\\/industriel\\\/levage\\\/elingue-ronde\\\/tub-zc\\\/\",\"name\":\"\u00c9lingue tubulaire sans fin\",\"isPartOf\":{\"@id\":\"https:\\\/\\\/www.murtra.com\\\/fr\\\/#website\"},\"primaryImageOfPage\":{\"@id\":\"https:\\\/\\\/www.murtra.com\\\/fr\\\/produit\\\/industriel\\\/levage\\\/elingue-ronde\\\/tub-zc\\\/#primaryimage\"},\"image\":{\"@id\":\"https:\\\/\\\/www.murtra.com\\\/fr\\\/produit\\\/industriel\\\/levage\\\/elingue-ronde\\\/tub-zc\\\/#primaryimage\"},\"thumbnailUrl\":\"https:\\\/\\\/www.murtra.com\\\/wp-content\\\/uploads\\\/2022\\\/02\\\/eslingas_tubulares_TUB_ZC-2.jpg\",\"datePublished\":\"2022-02-02T14:31:57+00:00\",\"dateModified\":\"2023-06-22T10:59:35+00:00\",\"description\":\"\u00c9lingue tubulaire sans fin\",\"breadcrumb\":{\"@id\":\"https:\\\/\\\/www.murtra.com\\\/fr\\\/produit\\\/industriel\\\/levage\\\/elingue-ronde\\\/tub-zc\\\/#breadcrumb\"},\"inLanguage\":\"fr-FR\",\"potentialAction\":[{\"@type\":\"ReadAction\",\"target\":[\"https:\\\/\\\/www.murtra.com\\\/fr\\\/produit\\\/industriel\\\/levage\\\/elingue-ronde\\\/tub-zc\\\/\"]}]},{\"@type\":\"ImageObject\",\"inLanguage\":\"fr-FR\",\"@id\":\"https:\\\/\\\/www.murtra.com\\\/fr\\\/produit\\\/industriel\\\/levage\\\/elingue-ronde\\\/tub-zc\\\/#primaryimage\",\"url\":\"https:\\\/\\\/www.murtra.com\\\/wp-content\\\/uploads\\\/2022\\\/02\\\/eslingas_tubulares_TUB_ZC-2.jpg\",\"contentUrl\":\"https:\\\/\\\/www.murtra.com\\\/wp-content\\\/uploads\\\/2022\\\/02\\\/eslingas_tubulares_TUB_ZC-2.jpg\",\"width\":635,\"height\":500},{\"@type\":\"BreadcrumbList\",\"@id\":\"https:\\\/\\\/www.murtra.com\\\/fr\\\/produit\\\/industriel\\\/levage\\\/elingue-ronde\\\/tub-zc\\\/#breadcrumb\",\"itemListElement\":[{\"@type\":\"ListItem\",\"position\":1,\"name\":\"Home\",\"item\":\"https:\\\/\\\/www.murtra.com\\\/fr\\\/\"},{\"@type\":\"ListItem\",\"position\":2,\"name\":\"Industriel\",\"item\":\"https:\\\/\\\/www.murtra.com\\\/fr\\\/categorie-industrielle\\\/\"},{\"@type\":\"ListItem\",\"position\":3,\"name\":\"Levage\",\"item\":\"https:\\\/\\\/www.murtra.com\\\/fr\\\/categorie\\\/industriel\\\/elevation\\\/\"},{\"@type\":\"ListItem\",\"position\":4,\"name\":\"\u00c9lingues rondes\",\"item\":\"https:\\\/\\\/www.murtra.com\\\/fr\\\/categorie\\\/industriel\\\/elevation\\\/elingues-tubulaires\\\/\"},{\"@type\":\"ListItem\",\"position\":5,\"name\":\"TUB ZC\"}]},{\"@type\":\"WebSite\",\"@id\":\"https:\\\/\\\/www.murtra.com\\\/fr\\\/#website\",\"url\":\"https:\\\/\\\/www.murtra.com\\\/fr\\\/\",\"name\":\"Murtra Grupo textil industrial\",\"description\":\"Murtra Grupo textil industrial\",\"publisher\":{\"@id\":\"https:\\\/\\\/www.murtra.com\\\/fr\\\/#organization\"},\"potentialAction\":[{\"@type\":\"SearchAction\",\"target\":{\"@type\":\"EntryPoint\",\"urlTemplate\":\"https:\\\/\\\/www.murtra.com\\\/fr\\\/?s={search_term_string}\"},\"query-input\":{\"@type\":\"PropertyValueSpecification\",\"valueRequired\":true,\"valueName\":\"search_term_string\"}}],\"inLanguage\":\"fr-FR\"},{\"@type\":\"Organization\",\"@id\":\"https:\\\/\\\/www.murtra.com\\\/fr\\\/#organization\",\"name\":\"Murtra\",\"url\":\"https:\\\/\\\/www.murtra.com\\\/fr\\\/\",\"logo\":{\"@type\":\"ImageObject\",\"inLanguage\":\"fr-FR\",\"@id\":\"https:\\\/\\\/www.murtra.com\\\/fr\\\/#\\\/schema\\\/logo\\\/image\\\/\",\"url\":\"https:\\\/\\\/www.murtra.com\\\/wp-content\\\/uploads\\\/2021\\\/11\\\/mutra-logo.png\",\"contentUrl\":\"https:\\\/\\\/www.murtra.com\\\/wp-content\\\/uploads\\\/2021\\\/11\\\/mutra-logo.png\",\"width\":156,\"height\":201,\"caption\":\"Murtra\"},\"image\":{\"@id\":\"https:\\\/\\\/www.murtra.com\\\/fr\\\/#\\\/schema\\\/logo\\\/image\\\/\"}}]}<\/script>\n<!-- \/ Yoast SEO plugin. -->","yoast_head_json":{"title":"\u00c9lingue tubulaire sans fin","description":"\u00c9lingue tubulaire sans fin","robots":{"index":"index","follow":"follow","max-snippet":"max-snippet:-1","max-image-preview":"max-image-preview:large","max-video-preview":"max-video-preview:-1"},"canonical":"https:\/\/www.murtra.com\/fr\/produit\/industriel\/levage\/elingue-ronde\/tub-zc\/","og_locale":"fr_FR","og_type":"article","og_title":"\u00c9lingue tubulaire sans fin","og_description":"\u00c9lingue tubulaire sans fin","og_url":"https:\/\/www.murtra.com\/fr\/produit\/industriel\/levage\/elingue-ronde\/tub-zc\/","og_site_name":"Murtra","article_modified_time":"2023-06-22T10:59:35+00:00","og_image":[{"width":635,"height":500,"url":"https:\/\/www.murtra.com\/wp-content\/uploads\/2022\/02\/eslingas_tubulares_TUB_ZC-2.jpg","type":"image\/jpeg"}],"twitter_card":"summary_large_image","twitter_misc":{"Dur\u00e9e de lecture estim\u00e9e":"2 minutes"},"schema":{"@context":"https:\/\/schema.org","@graph":[{"@type":"WebPage","@id":"https:\/\/www.murtra.com\/fr\/produit\/industriel\/levage\/elingue-ronde\/tub-zc\/","url":"https:\/\/www.murtra.com\/fr\/produit\/industriel\/levage\/elingue-ronde\/tub-zc\/","name":"\u00c9lingue tubulaire sans fin","isPartOf":{"@id":"https:\/\/www.murtra.com\/fr\/#website"},"primaryImageOfPage":{"@id":"https:\/\/www.murtra.com\/fr\/produit\/industriel\/levage\/elingue-ronde\/tub-zc\/#primaryimage"},"image":{"@id":"https:\/\/www.murtra.com\/fr\/produit\/industriel\/levage\/elingue-ronde\/tub-zc\/#primaryimage"},"thumbnailUrl":"https:\/\/www.murtra.com\/wp-content\/uploads\/2022\/02\/eslingas_tubulares_TUB_ZC-2.jpg","datePublished":"2022-02-02T14:31:57+00:00","dateModified":"2023-06-22T10:59:35+00:00","description":"\u00c9lingue tubulaire sans fin","breadcrumb":{"@id":"https:\/\/www.murtra.com\/fr\/produit\/industriel\/levage\/elingue-ronde\/tub-zc\/#breadcrumb"},"inLanguage":"fr-FR","potentialAction":[{"@type":"ReadAction","target":["https:\/\/www.murtra.com\/fr\/produit\/industriel\/levage\/elingue-ronde\/tub-zc\/"]}]},{"@type":"ImageObject","inLanguage":"fr-FR","@id":"https:\/\/www.murtra.com\/fr\/produit\/industriel\/levage\/elingue-ronde\/tub-zc\/#primaryimage","url":"https:\/\/www.murtra.com\/wp-content\/uploads\/2022\/02\/eslingas_tubulares_TUB_ZC-2.jpg","contentUrl":"https:\/\/www.murtra.com\/wp-content\/uploads\/2022\/02\/eslingas_tubulares_TUB_ZC-2.jpg","width":635,"height":500},{"@type":"BreadcrumbList","@id":"https:\/\/www.murtra.com\/fr\/produit\/industriel\/levage\/elingue-ronde\/tub-zc\/#breadcrumb","itemListElement":[{"@type":"ListItem","position":1,"name":"Home","item":"https:\/\/www.murtra.com\/fr\/"},{"@type":"ListItem","position":2,"name":"Industriel","item":"https:\/\/www.murtra.com\/fr\/categorie-industrielle\/"},{"@type":"ListItem","position":3,"name":"Levage","item":"https:\/\/www.murtra.com\/fr\/categorie\/industriel\/elevation\/"},{"@type":"ListItem","position":4,"name":"\u00c9lingues rondes","item":"https:\/\/www.murtra.com\/fr\/categorie\/industriel\/elevation\/elingues-tubulaires\/"},{"@type":"ListItem","position":5,"name":"TUB ZC"}]},{"@type":"WebSite","@id":"https:\/\/www.murtra.com\/fr\/#website","url":"https:\/\/www.murtra.com\/fr\/","name":"Murtra Grupo textil industrial","description":"Murtra Grupo textil industrial","publisher":{"@id":"https:\/\/www.murtra.com\/fr\/#organization"},"potentialAction":[{"@type":"SearchAction","target":{"@type":"EntryPoint","urlTemplate":"https:\/\/www.murtra.com\/fr\/?s={search_term_string}"},"query-input":{"@type":"PropertyValueSpecification","valueRequired":true,"valueName":"search_term_string"}}],"inLanguage":"fr-FR"},{"@type":"Organization","@id":"https:\/\/www.murtra.com\/fr\/#organization","name":"Murtra","url":"https:\/\/www.murtra.com\/fr\/","logo":{"@type":"ImageObject","inLanguage":"fr-FR","@id":"https:\/\/www.murtra.com\/fr\/#\/schema\/logo\/image\/","url":"https:\/\/www.murtra.com\/wp-content\/uploads\/2021\/11\/mutra-logo.png","contentUrl":"https:\/\/www.murtra.com\/wp-content\/uploads\/2021\/11\/mutra-logo.png","width":156,"height":201,"caption":"Murtra"},"image":{"@id":"https:\/\/www.murtra.com\/fr\/#\/schema\/logo\/image\/"}}]}},"_links":{"self":[{"href":"https:\/\/www.murtra.com\/fr\/wp-json\/wp\/v2\/product\/3369","targetHints":{"allow":["GET"]}}],"collection":[{"href":"https:\/\/www.murtra.com\/fr\/wp-json\/wp\/v2\/product"}],"about":[{"href":"https:\/\/www.murtra.com\/fr\/wp-json\/wp\/v2\/types\/product"}],"replies":[{"embeddable":true,"href":"https:\/\/www.murtra.com\/fr\/wp-json\/wp\/v2\/comments?post=3369"}],"wp:featuredmedia":[{"embeddable":true,"href":"https:\/\/www.murtra.com\/fr\/wp-json\/wp\/v2\/media\/1841"}],"wp:attachment":[{"href":"https:\/\/www.murtra.com\/fr\/wp-json\/wp\/v2\/media?parent=3369"}],"wp:term":[{"taxonomy":"product_brand","embeddable":true,"href":"https:\/\/www.murtra.com\/fr\/wp-json\/wp\/v2\/product_brand?post=3369"},{"taxonomy":"product_cat","embeddable":true,"href":"https:\/\/www.murtra.com\/fr\/wp-json\/wp\/v2\/product_cat?post=3369"},{"taxonomy":"product_tag","embeddable":true,"href":"https:\/\/www.murtra.com\/fr\/wp-json\/wp\/v2\/product_tag?post=3369"}],"curies":[{"name":"wp","href":"https:\/\/api.w.org\/{rel}","templated":true}]}}