{"id":3338,"date":"2021-11-11T16:14:34","date_gmt":"2021-11-11T16:14:34","guid":{"rendered":"https:\/\/www.murtra.com\/producto\/uncategorized\/ead\/"},"modified":"2023-06-22T10:28:12","modified_gmt":"2023-06-22T10:28:12","slug":"ead","status":"publish","type":"product","link":"https:\/\/www.murtra.com\/fr\/produit\/industriel\/levage\/elingue-plate\/ead\/","title":{"rendered":"EAD"},"content":{"rendered":"<div class=\"wpb-content-wrapper\"><p>[vc_row el_class=\u00a0\u00bbdisplay-none-desktop title-default-product\u00a0\u00bb][vc_column][vc_wp_text]<\/p>\n<h1 class=\"title-product\">EAD<\/h1>\n<p>[\/vc_wp_text][\/vc_column][\/vc_row][vc_row full_width=\u00a0\u00bbstretch_row\u00a0\u00bb el_class=\u00a0\u00bbsection-product-type-1&Prime;][vc_column width=\u00a0\u00bb1\/2&Prime;][vc_wp_text el_class=\u00a0\u00bbproduct-text\u00a0\u00bb]<img decoding=\"async\" src=\"https:\/\/www.murtra.com\/wp-content\/uploads\/2021\/11\/EAD.png\" \/><\/p>\n<h1 class=\"title-product display-none-responsive\">EAD<\/h1>\n<p class=\"subtitle-product\">\u00c9lingue textile ouverte 2 \u00e9paisseur \u00e0 boucles<\/p>\n<p><a class=\"link-product\" href=\"#contacto\">Demander des informations<\/a>[\/vc_wp_text][\/vc_column][vc_column width=\u00a0\u00bb1\/2&Prime; el_class=\u00a0\u00bbslider-imagen-cortada\u00a0\u00bb]<div id=\"ult-carousel-130967298469f2423f66cda\" class=\"ult-carousel-wrapper  slider-default-product ult_horizontal\" data-gutter=\"15\" data-rtl=\"false\" ><div class=\"ult-carousel-2232824269f2423f66c43 \" >[vc_single_image image=\u00a0\u00bb1805&Prime; img_size=\u00a0\u00bbfull\u00a0\u00bb]<\/div><\/div>\t\t\t<script type=\"text\/javascript\">\n\t\t\t\tjQuery(document).ready(function ($) {\n\t\t\t\t\tif( typeof jQuery('.ult-carousel-2232824269f2423f66c43').slick == \"function\"){\n\t\t\t\t\t\t$('.ult-carousel-2232824269f2423f66c43').slick({dots: true,autoplaySpeed: \"5000\",speed: \"300\",infinite: true,arrows: false,slidesToScroll:1,slidesToShow:1,swipe: true,draggable: true,touchMove: true,pauseOnHover: true,pauseOnFocus: false,responsive: [\n\t\t\t\t\t\t\t{\n\t\t\t\t\t\t\t  breakpoint: 1026,\n\t\t\t\t\t\t\t  settings: {\n\t\t\t\t\t\t\t\tslidesToShow: 1,\n\t\t\t\t\t\t\t\tslidesToScroll: 1,  \n\t\t\t\t\t\t\t  }\n\t\t\t\t\t\t\t},\n\t\t\t\t\t\t\t{\n\t\t\t\t\t\t\t  breakpoint: 1025,\n\t\t\t\t\t\t\t  settings: {\n\t\t\t\t\t\t\t\tslidesToShow: 1,\n\t\t\t\t\t\t\t\tslidesToScroll: 1\n\t\t\t\t\t\t\t  }\n\t\t\t\t\t\t\t},\n\t\t\t\t\t\t\t{\n\t\t\t\t\t\t\t  breakpoint: 760,\n\t\t\t\t\t\t\t  settings: {\n\t\t\t\t\t\t\t\tslidesToShow: 1,\n\t\t\t\t\t\t\t\tslidesToScroll: 1\n\t\t\t\t\t\t\t  }\n\t\t\t\t\t\t\t}\n\t\t\t\t\t\t],pauseOnDotsHover: true,customPaging: function(slider, i) {\n                   return '<i type=\"button\" style= \"color:#333333;\" class=\"ultsl-record\" data-role=\"none\"><\/i>';\n                },});\n\t\t\t\t\t}\n\t\t\t\t});\n\t\t\t<\/script>\n\t\t\t[\/vc_column][\/vc_row][vc_row full_width=\u00a0\u00bbstretch_row\u00a0\u00bb css=\u00a0\u00bb.vc_custom_1637077091293{background-color: #f9f9fa !important;}\u00a0\u00bb el_class=\u00a0\u00bbdetalles-tecnicos-section\u00a0\u00bb][vc_column][vc_wp_text el_class=\u00a0\u00bbcontainer\u00a0\u00bb]<\/p>\n<h2 class=\"title-1\">Tableau d\u00e9tails techniques<\/h2>\n<p>[\/vc_wp_text][vc_wp_text el_class=\u00a0\u00bbproduct-table-section tabla-ead\u00a0\u00bb]<\/p>\n<table class=\"product-table-last-big\">\n<tbody>\n<tr>\n<th><\/th>\n<th><\/th>\n<th>Largeur<\/th>\n<th class=\"icono-picto\"><span class=\"icono-picto-text\">Charge de travail x1<\/span><\/th>\n<\/tr>\n<tr>\n<td>EAD 1000<\/td>\n<td><span style=\"background: #732fa0;\">color<\/span><\/td>\n<td>30 mm<\/td>\n<td>1000 kg<\/td>\n<\/tr>\n<tr>\n<td>EAD 2000<\/td>\n<td><span style=\"background: #70ad46;\">color<\/span><\/td>\n<td>60 mm<\/td>\n<td>2000 kg<\/td>\n<\/tr>\n<tr>\n<td>EAD 3000<\/td>\n<td><span style=\"background: #ffbf03;\">color<\/span><\/td>\n<td>90 mm<\/td>\n<td>3000 kg<\/td>\n<\/tr>\n<tr>\n<td>EAD 4000<\/td>\n<td><span style=\"background: #bfbfbf;\">color<\/span><\/td>\n<td>120 mm<\/td>\n<td>4000 kg<\/td>\n<\/tr>\n<tr>\n<td>EAD 5000<\/td>\n<td><span style=\"background: #fe0000;\">color<\/span><\/td>\n<td>150 mm<\/td>\n<td>5000 kg<\/td>\n<\/tr>\n<tr>\n<td>EAD 6000<\/td>\n<td><span style=\"background: #813d0e;\">color<\/span><\/td>\n<td>180 mm<\/td>\n<td>6000 kg<\/td>\n<\/tr>\n<tr>\n<td>EAD 8000<\/td>\n<td><span style=\"background: #0071c1;\">color<\/span><\/td>\n<td>240 mm<\/td>\n<td>8000 kg<\/td>\n<\/tr>\n<tr>\n<td>EAD 10 000<\/td>\n<td><span style=\"background: #ea7e35;\">color<\/span><\/td>\n<td>300 mm<\/td>\n<td>10 000 kg<\/td>\n<\/tr>\n<tr>\n<td>EAD 12 000<\/td>\n<td><span style=\"background: #e97d35;\">color<\/span><\/td>\n<td>300 mm<\/td>\n<td>12 000 kg<\/td>\n<\/tr>\n<tr class=\"ead-last-columna\">\n<td><\/td>\n<td class=\"background-reverse-table\" colspan=\"3\">Norme EN 1492:1 \/ S.F. 7:1<\/td>\n<\/tr>\n<\/tbody>\n<\/table>\n<p>[\/vc_wp_text][\/vc_column][\/vc_row]<\/p>\n<\/div>","protected":false},"excerpt":{"rendered":"<p>[vc_row el_class=\u00a0\u00bbdisplay-none-desktop title-default-product\u00a0\u00bb][vc_column][vc_wp_text] EAD [\/vc_wp_text][\/vc_column][\/vc_row][vc_row full_width=\u00a0\u00bbstretch_row\u00a0\u00bb el_class=\u00a0\u00bbsection-product-type-1&Prime;][vc_column width=\u00a0\u00bb1\/2&Prime;][vc_wp_text el_class=\u00a0\u00bbproduct-text\u00a0\u00bb] EAD \u00c9lingue textile ouverte 2 \u00e9paisseur \u00e0 boucles Demander des informations[\/vc_wp_text][\/vc_column][vc_column width=\u00a0\u00bb1\/2&Prime; el_class=\u00a0\u00bbslider-imagen-cortada\u00a0\u00bb][\/vc_column][\/vc_row][vc_row full_width=\u00a0\u00bbstretch_row\u00a0\u00bb css=\u00a0\u00bb.vc_custom_1637077091293{background-color: #f9f9fa !important;}\u00a0\u00bb el_class=\u00a0\u00bbdetalles-tecnicos-section\u00a0\u00bb][vc_column][vc_wp_text el_class=\u00a0\u00bbcontainer\u00a0\u00bb] Tableau d\u00e9tails techniques [\/vc_wp_text][vc_wp_text el_class=\u00a0\u00bbproduct-table-section tabla-ead\u00a0\u00bb] Largeur Charge de travail x1 EAD 1000 color 30 mm 1000 kg EAD 2000 color 60 mm 2000 kg EAD 3000 [&hellip;]<\/p>\n","protected":false},"featured_media":1805,"comment_status":"open","ping_status":"closed","template":"","meta":{"_acf_changed":false},"product_brand":[],"product_cat":[165],"product_tag":[],"class_list":{"0":"post-3338","1":"product","2":"type-product","3":"status-publish","4":"has-post-thumbnail","6":"product_cat-elingues-plates","8":"first","9":"instock","10":"shipping-taxable","11":"product-type-simple"},"acf":[],"yoast_head":"<!-- This site is optimized with the Yoast SEO plugin v27.3 - https:\/\/yoast.com\/product\/yoast-seo-wordpress\/ -->\n<title>\u00c9lingue textile ouverte 2 \u00e9paisseur \u00e0 boucles EAD<\/title>\n<meta name=\"description\" content=\"\u00c9lingue textile ouverte 2 \u00e9paisseur \u00e0 boucles\" \/>\n<meta name=\"robots\" content=\"index, follow, max-snippet:-1, max-image-preview:large, max-video-preview:-1\" \/>\n<link rel=\"canonical\" href=\"https:\/\/www.murtra.com\/fr\/produit\/industriel\/levage\/elingue-plate\/ead\/\" \/>\n<meta property=\"og:locale\" content=\"fr_FR\" \/>\n<meta property=\"og:type\" content=\"article\" \/>\n<meta property=\"og:title\" content=\"\u00c9lingue textile ouverte 2 \u00e9paisseur \u00e0 boucles EAD\" \/>\n<meta property=\"og:description\" content=\"\u00c9lingue textile ouverte 2 \u00e9paisseur \u00e0 boucles\" \/>\n<meta property=\"og:url\" content=\"https:\/\/www.murtra.com\/fr\/produit\/industriel\/levage\/elingue-plate\/ead\/\" \/>\n<meta property=\"og:site_name\" content=\"Murtra\" \/>\n<meta property=\"article:modified_time\" content=\"2023-06-22T10:28:12+00:00\" \/>\n<meta property=\"og:image\" content=\"https:\/\/www.murtra.com\/wp-content\/uploads\/2021\/11\/eslingas_planas_EAD-1.jpg\" \/>\n\t<meta property=\"og:image:width\" content=\"635\" \/>\n\t<meta property=\"og:image:height\" content=\"500\" \/>\n\t<meta property=\"og:image:type\" content=\"image\/jpeg\" \/>\n<meta name=\"twitter:card\" content=\"summary_large_image\" \/>\n<meta name=\"twitter:label1\" content=\"Dur\u00e9e de lecture estim\u00e9e\" \/>\n\t<meta name=\"twitter:data1\" content=\"1 minute\" \/>\n<script type=\"application\/ld+json\" class=\"yoast-schema-graph\">{\"@context\":\"https:\\\/\\\/schema.org\",\"@graph\":[{\"@type\":\"WebPage\",\"@id\":\"https:\\\/\\\/www.murtra.com\\\/fr\\\/produit\\\/industriel\\\/levage\\\/elingue-plate\\\/ead\\\/\",\"url\":\"https:\\\/\\\/www.murtra.com\\\/fr\\\/produit\\\/industriel\\\/levage\\\/elingue-plate\\\/ead\\\/\",\"name\":\"\u00c9lingue textile ouverte 2 \u00e9paisseur \u00e0 boucles EAD\",\"isPartOf\":{\"@id\":\"https:\\\/\\\/www.murtra.com\\\/fr\\\/#website\"},\"primaryImageOfPage\":{\"@id\":\"https:\\\/\\\/www.murtra.com\\\/fr\\\/produit\\\/industriel\\\/levage\\\/elingue-plate\\\/ead\\\/#primaryimage\"},\"image\":{\"@id\":\"https:\\\/\\\/www.murtra.com\\\/fr\\\/produit\\\/industriel\\\/levage\\\/elingue-plate\\\/ead\\\/#primaryimage\"},\"thumbnailUrl\":\"https:\\\/\\\/www.murtra.com\\\/wp-content\\\/uploads\\\/2021\\\/11\\\/eslingas_planas_EAD-1.jpg\",\"datePublished\":\"2021-11-11T16:14:34+00:00\",\"dateModified\":\"2023-06-22T10:28:12+00:00\",\"description\":\"\u00c9lingue textile ouverte 2 \u00e9paisseur \u00e0 boucles\",\"breadcrumb\":{\"@id\":\"https:\\\/\\\/www.murtra.com\\\/fr\\\/produit\\\/industriel\\\/levage\\\/elingue-plate\\\/ead\\\/#breadcrumb\"},\"inLanguage\":\"fr-FR\",\"potentialAction\":[{\"@type\":\"ReadAction\",\"target\":[\"https:\\\/\\\/www.murtra.com\\\/fr\\\/produit\\\/industriel\\\/levage\\\/elingue-plate\\\/ead\\\/\"]}]},{\"@type\":\"ImageObject\",\"inLanguage\":\"fr-FR\",\"@id\":\"https:\\\/\\\/www.murtra.com\\\/fr\\\/produit\\\/industriel\\\/levage\\\/elingue-plate\\\/ead\\\/#primaryimage\",\"url\":\"https:\\\/\\\/www.murtra.com\\\/wp-content\\\/uploads\\\/2021\\\/11\\\/eslingas_planas_EAD-1.jpg\",\"contentUrl\":\"https:\\\/\\\/www.murtra.com\\\/wp-content\\\/uploads\\\/2021\\\/11\\\/eslingas_planas_EAD-1.jpg\",\"width\":635,\"height\":500},{\"@type\":\"BreadcrumbList\",\"@id\":\"https:\\\/\\\/www.murtra.com\\\/fr\\\/produit\\\/industriel\\\/levage\\\/elingue-plate\\\/ead\\\/#breadcrumb\",\"itemListElement\":[{\"@type\":\"ListItem\",\"position\":1,\"name\":\"Home\",\"item\":\"https:\\\/\\\/www.murtra.com\\\/fr\\\/\"},{\"@type\":\"ListItem\",\"position\":2,\"name\":\"Industriel\",\"item\":\"https:\\\/\\\/www.murtra.com\\\/fr\\\/categorie-industrielle\\\/\"},{\"@type\":\"ListItem\",\"position\":3,\"name\":\"Levage\",\"item\":\"https:\\\/\\\/www.murtra.com\\\/fr\\\/categorie\\\/industriel\\\/elevation\\\/\"},{\"@type\":\"ListItem\",\"position\":4,\"name\":\"\u00c9lingues plates\",\"item\":\"https:\\\/\\\/www.murtra.com\\\/fr\\\/categorie\\\/industriel\\\/levage\\\/elingues-plates\\\/\"},{\"@type\":\"ListItem\",\"position\":5,\"name\":\"EAD\"}]},{\"@type\":\"WebSite\",\"@id\":\"https:\\\/\\\/www.murtra.com\\\/fr\\\/#website\",\"url\":\"https:\\\/\\\/www.murtra.com\\\/fr\\\/\",\"name\":\"Murtra Grupo textil industrial\",\"description\":\"Murtra Grupo textil industrial\",\"publisher\":{\"@id\":\"https:\\\/\\\/www.murtra.com\\\/fr\\\/#organization\"},\"potentialAction\":[{\"@type\":\"SearchAction\",\"target\":{\"@type\":\"EntryPoint\",\"urlTemplate\":\"https:\\\/\\\/www.murtra.com\\\/fr\\\/?s={search_term_string}\"},\"query-input\":{\"@type\":\"PropertyValueSpecification\",\"valueRequired\":true,\"valueName\":\"search_term_string\"}}],\"inLanguage\":\"fr-FR\"},{\"@type\":\"Organization\",\"@id\":\"https:\\\/\\\/www.murtra.com\\\/fr\\\/#organization\",\"name\":\"Murtra\",\"url\":\"https:\\\/\\\/www.murtra.com\\\/fr\\\/\",\"logo\":{\"@type\":\"ImageObject\",\"inLanguage\":\"fr-FR\",\"@id\":\"https:\\\/\\\/www.murtra.com\\\/fr\\\/#\\\/schema\\\/logo\\\/image\\\/\",\"url\":\"https:\\\/\\\/www.murtra.com\\\/wp-content\\\/uploads\\\/2021\\\/11\\\/mutra-logo.png\",\"contentUrl\":\"https:\\\/\\\/www.murtra.com\\\/wp-content\\\/uploads\\\/2021\\\/11\\\/mutra-logo.png\",\"width\":156,\"height\":201,\"caption\":\"Murtra\"},\"image\":{\"@id\":\"https:\\\/\\\/www.murtra.com\\\/fr\\\/#\\\/schema\\\/logo\\\/image\\\/\"}}]}<\/script>\n<!-- \/ Yoast SEO plugin. -->","yoast_head_json":{"title":"\u00c9lingue textile ouverte 2 \u00e9paisseur \u00e0 boucles EAD","description":"\u00c9lingue textile ouverte 2 \u00e9paisseur \u00e0 boucles","robots":{"index":"index","follow":"follow","max-snippet":"max-snippet:-1","max-image-preview":"max-image-preview:large","max-video-preview":"max-video-preview:-1"},"canonical":"https:\/\/www.murtra.com\/fr\/produit\/industriel\/levage\/elingue-plate\/ead\/","og_locale":"fr_FR","og_type":"article","og_title":"\u00c9lingue textile ouverte 2 \u00e9paisseur \u00e0 boucles EAD","og_description":"\u00c9lingue textile ouverte 2 \u00e9paisseur \u00e0 boucles","og_url":"https:\/\/www.murtra.com\/fr\/produit\/industriel\/levage\/elingue-plate\/ead\/","og_site_name":"Murtra","article_modified_time":"2023-06-22T10:28:12+00:00","og_image":[{"width":635,"height":500,"url":"https:\/\/www.murtra.com\/wp-content\/uploads\/2021\/11\/eslingas_planas_EAD-1.jpg","type":"image\/jpeg"}],"twitter_card":"summary_large_image","twitter_misc":{"Dur\u00e9e de lecture estim\u00e9e":"1 minute"},"schema":{"@context":"https:\/\/schema.org","@graph":[{"@type":"WebPage","@id":"https:\/\/www.murtra.com\/fr\/produit\/industriel\/levage\/elingue-plate\/ead\/","url":"https:\/\/www.murtra.com\/fr\/produit\/industriel\/levage\/elingue-plate\/ead\/","name":"\u00c9lingue textile ouverte 2 \u00e9paisseur \u00e0 boucles EAD","isPartOf":{"@id":"https:\/\/www.murtra.com\/fr\/#website"},"primaryImageOfPage":{"@id":"https:\/\/www.murtra.com\/fr\/produit\/industriel\/levage\/elingue-plate\/ead\/#primaryimage"},"image":{"@id":"https:\/\/www.murtra.com\/fr\/produit\/industriel\/levage\/elingue-plate\/ead\/#primaryimage"},"thumbnailUrl":"https:\/\/www.murtra.com\/wp-content\/uploads\/2021\/11\/eslingas_planas_EAD-1.jpg","datePublished":"2021-11-11T16:14:34+00:00","dateModified":"2023-06-22T10:28:12+00:00","description":"\u00c9lingue textile ouverte 2 \u00e9paisseur \u00e0 boucles","breadcrumb":{"@id":"https:\/\/www.murtra.com\/fr\/produit\/industriel\/levage\/elingue-plate\/ead\/#breadcrumb"},"inLanguage":"fr-FR","potentialAction":[{"@type":"ReadAction","target":["https:\/\/www.murtra.com\/fr\/produit\/industriel\/levage\/elingue-plate\/ead\/"]}]},{"@type":"ImageObject","inLanguage":"fr-FR","@id":"https:\/\/www.murtra.com\/fr\/produit\/industriel\/levage\/elingue-plate\/ead\/#primaryimage","url":"https:\/\/www.murtra.com\/wp-content\/uploads\/2021\/11\/eslingas_planas_EAD-1.jpg","contentUrl":"https:\/\/www.murtra.com\/wp-content\/uploads\/2021\/11\/eslingas_planas_EAD-1.jpg","width":635,"height":500},{"@type":"BreadcrumbList","@id":"https:\/\/www.murtra.com\/fr\/produit\/industriel\/levage\/elingue-plate\/ead\/#breadcrumb","itemListElement":[{"@type":"ListItem","position":1,"name":"Home","item":"https:\/\/www.murtra.com\/fr\/"},{"@type":"ListItem","position":2,"name":"Industriel","item":"https:\/\/www.murtra.com\/fr\/categorie-industrielle\/"},{"@type":"ListItem","position":3,"name":"Levage","item":"https:\/\/www.murtra.com\/fr\/categorie\/industriel\/elevation\/"},{"@type":"ListItem","position":4,"name":"\u00c9lingues plates","item":"https:\/\/www.murtra.com\/fr\/categorie\/industriel\/levage\/elingues-plates\/"},{"@type":"ListItem","position":5,"name":"EAD"}]},{"@type":"WebSite","@id":"https:\/\/www.murtra.com\/fr\/#website","url":"https:\/\/www.murtra.com\/fr\/","name":"Murtra Grupo textil industrial","description":"Murtra Grupo textil industrial","publisher":{"@id":"https:\/\/www.murtra.com\/fr\/#organization"},"potentialAction":[{"@type":"SearchAction","target":{"@type":"EntryPoint","urlTemplate":"https:\/\/www.murtra.com\/fr\/?s={search_term_string}"},"query-input":{"@type":"PropertyValueSpecification","valueRequired":true,"valueName":"search_term_string"}}],"inLanguage":"fr-FR"},{"@type":"Organization","@id":"https:\/\/www.murtra.com\/fr\/#organization","name":"Murtra","url":"https:\/\/www.murtra.com\/fr\/","logo":{"@type":"ImageObject","inLanguage":"fr-FR","@id":"https:\/\/www.murtra.com\/fr\/#\/schema\/logo\/image\/","url":"https:\/\/www.murtra.com\/wp-content\/uploads\/2021\/11\/mutra-logo.png","contentUrl":"https:\/\/www.murtra.com\/wp-content\/uploads\/2021\/11\/mutra-logo.png","width":156,"height":201,"caption":"Murtra"},"image":{"@id":"https:\/\/www.murtra.com\/fr\/#\/schema\/logo\/image\/"}}]}},"_links":{"self":[{"href":"https:\/\/www.murtra.com\/fr\/wp-json\/wp\/v2\/product\/3338","targetHints":{"allow":["GET"]}}],"collection":[{"href":"https:\/\/www.murtra.com\/fr\/wp-json\/wp\/v2\/product"}],"about":[{"href":"https:\/\/www.murtra.com\/fr\/wp-json\/wp\/v2\/types\/product"}],"replies":[{"embeddable":true,"href":"https:\/\/www.murtra.com\/fr\/wp-json\/wp\/v2\/comments?post=3338"}],"wp:featuredmedia":[{"embeddable":true,"href":"https:\/\/www.murtra.com\/fr\/wp-json\/wp\/v2\/media\/1805"}],"wp:attachment":[{"href":"https:\/\/www.murtra.com\/fr\/wp-json\/wp\/v2\/media?parent=3338"}],"wp:term":[{"taxonomy":"product_brand","embeddable":true,"href":"https:\/\/www.murtra.com\/fr\/wp-json\/wp\/v2\/product_brand?post=3338"},{"taxonomy":"product_cat","embeddable":true,"href":"https:\/\/www.murtra.com\/fr\/wp-json\/wp\/v2\/product_cat?post=3338"},{"taxonomy":"product_tag","embeddable":true,"href":"https:\/\/www.murtra.com\/fr\/wp-json\/wp\/v2\/product_tag?post=3338"}],"curies":[{"name":"wp","href":"https:\/\/api.w.org\/{rel}","templated":true}]}}