{"id":7084,"date":"2023-12-04T12:16:56","date_gmt":"2023-12-04T12:16:56","guid":{"rendered":"https:\/\/www.murtra.com\/canal-etico\/"},"modified":"2023-12-04T12:45:45","modified_gmt":"2023-12-04T12:45:45","slug":"canal-etico","status":"publish","type":"page","link":"https:\/\/www.murtra.com\/fr\/plateforme-de-lancement-dalertes\/","title":{"rendered":"Plateforme de Lancement d\u2019Alertes"},"content":{"rendered":"<div class=\"wpb-content-wrapper\"><p>[vc_row][vc_column][vc_wp_text el_class=\u00a0\u00bbcondiciones-text\u00a0\u00bb]Chez <strong>INDUSTRIES MURTRA, S.A.<\/strong> nous croyons fermement en l\u2019importance de favoriser un environnement s\u00fbr, \u00e9thique, \u00e9gal et confiant pour tous nos employ\u00e9s, clients et partenaires en g\u00e9n\u00e9ral.<\/p>\n<p>C\u2019est pour cette raison que nous avons mis en place une <strong>plateforme de lancement d\u2019alertes<\/strong>. Une solide plateforme o\u00f9 toute non-conformit\u00e9 ou irr\u00e9gularit\u00e9 \u00e9ventuelle dans l&rsquo;organisation peut \u00eatre signal\u00e9e, comme d\u00e9crit dans la <strong>loi espagnole 2\/2023 du 20 f\u00e9vrier<\/strong>, r\u00e9glementant la protection des lanceurs d\u2019alertes, de personnes qui signalent des infractions r\u00e9glementaires et la lutte contre la corruption.<\/p>\n<p>&nbsp;<\/p>\n<p><u>QUELS FAITS PEUVENT \u00caTRE NOTIFI\u00c9S ?<\/u><\/p>\n<p>Vous pouvez signaler via le Plateforme tout \u00e9v\u00e9nement qui, selon vous, pourrait constituer une violation des dispositions l\u00e9gales, du Code d&rsquo;\u00c9thique ou de tout r\u00e8glement int\u00e9rieur en vigueur, tel que\u00a0:<\/p>\n<ul>\n<li>Comportement li\u00e9 \u00e0 la fraude et \u00e0 la corruption.<\/li>\n<li>Conduite li\u00e9e \u00e0 la s\u00e9curit\u00e9, \u00e0 la sant\u00e9 et \u00e0 l&rsquo;hygi\u00e8ne au travail.<\/li>\n<li>Discrimination et harc\u00e8lement sur le lieu de travail.<\/li>\n<li>Conduite li\u00e9e \u00e0 la s\u00e9curit\u00e9 de l&rsquo;information, \u00e0 la protection des donn\u00e9es et aux march\u00e9s de valeurs mobili\u00e8res.<\/li>\n<li>Pratiques anticoncurrentielles.<\/li>\n<li>Conduite contraire aux droits de l&rsquo;homme ou atteinte \u00e0 l&rsquo;environnement.<\/li>\n<li>Autres infractions p\u00e9nales ou administratives possibles.<\/li>\n<\/ul>\n<p><u>CARACT\u00c9RISTIQUES PRINCIPALES:<\/u><\/p>\n<p><strong>Confidentialit\u00e9<\/strong>\u00a0: Nous comprenons que la confidentialit\u00e9 est essentielle pour encourager les gens \u00e0 porter plainte. Nous garantissons une confidentialit\u00e9 absolue tout au long du processus et prot\u00e9geons l\u2019identit\u00e9 du plaignant dans la mesure permise par la loi. La possibilit\u00e9 de faire l&rsquo;alerte de mani\u00e8re anonyme est incluse.<\/p>\n<p><strong>Processus d&rsquo;enqu\u00eate impartial<\/strong> : Une fois la plainte d\u00e9pos\u00e9e, notre \u00e9quipe d&rsquo;experts enqu\u00eatera de mani\u00e8re approfondie sur l&rsquo;affaire, de mani\u00e8re objective et diligente, conform\u00e9ment au r\u00e8glement int\u00e9rieur et \u00e0 la l\u00e9gislation applicable. Tout au long du processus, les droits des personnes impliqu\u00e9es seront respect\u00e9s, notamment la pr\u00e9somption d&rsquo;innocence.<\/p>\n<p><strong>Protection contre les repr\u00e9sailles<\/strong> : Nous ne tol\u00e9rons aucune forme de repr\u00e9sailles contre les lanceurs d\u2019alerte de bonne foi. Nous nous engageons \u00e0 prot\u00e9ger les droits et l\u2019int\u00e9grit\u00e9 de ceux qui osent signaler toute irr\u00e9gularit\u00e9. Nous prendrons les mesures disciplinaires appropri\u00e9es \u00e0 l&rsquo;encontre de toute personne qui exercerait des repr\u00e9sailles contre un lanceur d&rsquo;alerte.<\/p>\n<p><strong>R\u00e9solution et suivi<\/strong>\u00a0: Une fois l&rsquo;enqu\u00eate termin\u00e9e, nous prendrons les mesures n\u00e9cessaires pour r\u00e9soudre le probl\u00e8me identifi\u00e9 et, si possible, prendrons des mesures correctives pour pr\u00e9venir de futures violations. De plus, nous nous engageons \u00e0 tenir le plaignant inform\u00e9 de l&rsquo;\u00e9volution et de la r\u00e9solution de sa plainte, lorsque cela est possible et permis par la loi.<\/p>\n<p><u>COMMENT ENVOYER UNE COMMUNICATION ?<\/u><\/p>\n<p>Il y a 2 options.<\/p>\n<ul>\n<li>\u00c0 l&rsquo;aide de l&rsquo;app co-resol:<\/li>\n<\/ul>\n<p>[\/vc_wp_text][vc_row_inner][vc_column_inner width=\u00a0\u00bb1\/2&Prime;][vc_single_image image=\u00a0\u00bb7110&Prime; img_size=\u00a0\u00bbfull\u00a0\u00bb alignment=\u00a0\u00bbcenter\u00a0\u00bb el_class=\u00a0\u00bbimages-canal-etico\u00a0\u00bb][\/vc_column_inner][vc_column_inner width=\u00a0\u00bb1\/2&Prime;][vc_single_image image=\u00a0\u00bb7113&Prime; img_size=\u00a0\u00bbfull\u00a0\u00bb alignment=\u00a0\u00bbcenter\u00a0\u00bb el_class=\u00a0\u00bbimages-canal-etico\u00a0\u00bb][\/vc_column_inner][\/vc_row_inner][vc_wp_text el_class=\u00a0\u00bbcondiciones-text\u00a0\u00bb]<\/p>\n<ol>\n<li>T\u00e9l\u00e9chargez l&rsquo;application co-resol en acceptant les notifications. Elle est gratuite et disponible sur l&rsquo;App Store et Google Play.<\/li>\n<li>Appuyez sur le bouton \u00ab Faites un Click \u00bb puis entrez le code <strong>MURTRA<\/strong><\/li>\n<li>S\u00e9lectionnez le bouton de cha\u00eene.<\/li>\n<li>R\u00e9digez votre message en \u00e9tant aussi pr\u00e9cis que possible. Vous pouvez joindre \u00e0 la fois des images et de la documentation.<\/li>\n<li>Identifiez-vous ou s\u00e9lectionnez l&rsquo;option d&rsquo;anonymat. Dans tous les cas, vous devez accepter la politique de confidentialit\u00e9.<\/li>\n<li>Une fois ces \u00e9tapes r\u00e9alis\u00e9es, vous recevrez un message accusant r\u00e9ception de votre click.<\/li>\n<li>La communication pour suivre le click se fera via un chat s\u00e9curis\u00e9 (vous pouvez y acc\u00e9der depuis le bouton de chat sur l&rsquo;\u00e9cran d&rsquo;accueil de l&rsquo;application) jusqu&rsquo;\u00e0 sa fermeture.<\/li>\n<\/ol>\n<p>&nbsp;<\/p>\n<ul>\n<li><strong> \u00c0 l&rsquo;aide d\u2019une page Web:<\/strong><\/li>\n<\/ul>\n<p>[\/vc_wp_text][vc_single_image image=\u00a0\u00bb7116&Prime; img_size=\u00a0\u00bbfull\u00a0\u00bb alignment=\u00a0\u00bbcenter\u00a0\u00bb el_class=\u00a0\u00bbimages-canal-etico\u00a0\u00bb][vc_wp_text el_class=\u00a0\u00bbcondiciones-text\u00a0\u00bb]Vous pouvez y acc\u00e9der via ce lien:<\/p>\n<p><a href=\"https:\/\/co-resol.bcnresol.com\/fr\/webclick\" target=\"!blank\" rel=\"noopener\">https:\/\/co-resol.bcnresol.com\/fr\/webclick<\/a><\/p>\n<ol>\n<li>Appuyez sur le bouton \u00ab\u00a0Faites un Click \u00bb puis entrez le code <strong>MURTRA<\/strong><\/li>\n<li>S\u00e9lectionnez le bouton de cha\u00eene.<\/li>\n<li>R\u00e9digez votre message en \u00e9tant aussi pr\u00e9cis que possible. Vous pouvez joindre \u00e0 la fois des images et de la documentation.<\/li>\n<li>Identifiez-vous ou s\u00e9lectionnez l&rsquo;option d&rsquo;anonymat. Dans tous les cas, vous devez accepter la politique de confidentialit\u00e9.<\/li>\n<li>Dans ce cas, vous recevrez un code d&rsquo;identification unique et un mot de passe que vous devrez enregistrer pour maintenir la communication, via un chat s\u00e9curis\u00e9, sur l&rsquo;\u00e9tat de votre click.<\/li>\n<li>Chaque fois que vous souhaitez savoir si vous avez un nouveau message dans le chat ou si vous souhaitez fournir plus d&rsquo;informations, pour garantir la confidentialit\u00e9, vous devez saisir ce code et ce mot de passe sur la page d&rsquo;accueil, dans le bouton \u00ab Acc\u00e9der \u00e0 un click pr\u00e9c\u00e9dent \u00bb.<\/li>\n<\/ol>\n<p>&nbsp;<\/p>\n<p><strong>Important:<\/strong><\/p>\n<p>Cette plateforme n&rsquo;est pas un service d&rsquo;urgence. Ce canal ne doit pas \u00eatre utilis\u00e9 pour signaler des situations impliquant une menace imm\u00e9diate. Si vous avez besoin d&rsquo;aide dans une situation de ce type, veuillez contacter vos autorit\u00e9s locales et utiliser les canaux d\u00e9finis \u00e0 cet effet.[\/vc_wp_text][\/vc_column][\/vc_row]<\/p>\n<\/div>","protected":false},"excerpt":{"rendered":"<p>[vc_row][vc_column][vc_wp_text el_class=\u00a0\u00bbcondiciones-text\u00a0\u00bb]Chez INDUSTRIES MURTRA, S.A. nous croyons fermement en l\u2019importance de favoriser un environnement s\u00fbr, \u00e9thique, \u00e9gal et confiant pour tous nos employ\u00e9s, clients et partenaires en g\u00e9n\u00e9ral. C\u2019est pour cette raison que nous avons mis en place une plateforme de lancement d\u2019alertes. Une solide plateforme o\u00f9 toute non-conformit\u00e9 ou irr\u00e9gularit\u00e9 \u00e9ventuelle dans l&rsquo;organisation peut [&hellip;]<\/p>\n","protected":false},"author":1,"featured_media":0,"parent":0,"menu_order":0,"comment_status":"closed","ping_status":"closed","template":"","meta":{"_acf_changed":false,"footnotes":""},"class_list":["post-7084","page","type-page","status-publish","hentry"],"acf":[],"yoast_head":"<!-- This site is optimized with the Yoast SEO plugin v27.3 - https:\/\/yoast.com\/product\/yoast-seo-wordpress\/ -->\n<title>Plateforme de Lancement d\u2019Alertes<\/title>\n<meta name=\"robots\" content=\"index, follow, max-snippet:-1, max-image-preview:large, max-video-preview:-1\" \/>\n<link rel=\"canonical\" href=\"https:\/\/www.murtra.com\/fr\/plateforme-de-lancement-dalertes\/\" \/>\n<meta property=\"og:locale\" content=\"fr_FR\" \/>\n<meta property=\"og:type\" content=\"article\" \/>\n<meta property=\"og:title\" content=\"Plateforme de Lancement d\u2019Alertes\" \/>\n<meta property=\"og:description\" content=\"[vc_row][vc_column][vc_wp_text el_class=\u00a0\u00bbcondiciones-text\u00a0\u00bb]Chez INDUSTRIES MURTRA, S.A. nous croyons fermement en l\u2019importance de favoriser un environnement s\u00fbr, \u00e9thique, \u00e9gal et confiant pour tous nos employ\u00e9s, clients et partenaires en g\u00e9n\u00e9ral. C\u2019est pour cette raison que nous avons mis en place une plateforme de lancement d\u2019alertes. Une solide plateforme o\u00f9 toute non-conformit\u00e9 ou irr\u00e9gularit\u00e9 \u00e9ventuelle dans l&rsquo;organisation peut [&hellip;]\" \/>\n<meta property=\"og:url\" content=\"https:\/\/www.murtra.com\/fr\/plateforme-de-lancement-dalertes\/\" \/>\n<meta property=\"og:site_name\" content=\"Murtra\" \/>\n<meta property=\"article:modified_time\" content=\"2023-12-04T12:45:45+00:00\" \/>\n<meta name=\"twitter:card\" content=\"summary_large_image\" \/>\n<meta name=\"twitter:label1\" content=\"Dur\u00e9e de lecture estim\u00e9e\" \/>\n\t<meta name=\"twitter:data1\" content=\"4 minutes\" \/>\n<script type=\"application\/ld+json\" class=\"yoast-schema-graph\">{\"@context\":\"https:\\\/\\\/schema.org\",\"@graph\":[{\"@type\":\"WebPage\",\"@id\":\"https:\\\/\\\/www.murtra.com\\\/fr\\\/plateforme-de-lancement-dalertes\\\/\",\"url\":\"https:\\\/\\\/www.murtra.com\\\/fr\\\/plateforme-de-lancement-dalertes\\\/\",\"name\":\"Plateforme de Lancement d\u2019Alertes\",\"isPartOf\":{\"@id\":\"https:\\\/\\\/www.murtra.com\\\/fr\\\/#website\"},\"datePublished\":\"2023-12-04T12:16:56+00:00\",\"dateModified\":\"2023-12-04T12:45:45+00:00\",\"breadcrumb\":{\"@id\":\"https:\\\/\\\/www.murtra.com\\\/fr\\\/plateforme-de-lancement-dalertes\\\/#breadcrumb\"},\"inLanguage\":\"fr-FR\",\"potentialAction\":[{\"@type\":\"ReadAction\",\"target\":[\"https:\\\/\\\/www.murtra.com\\\/fr\\\/plateforme-de-lancement-dalertes\\\/\"]}]},{\"@type\":\"BreadcrumbList\",\"@id\":\"https:\\\/\\\/www.murtra.com\\\/fr\\\/plateforme-de-lancement-dalertes\\\/#breadcrumb\",\"itemListElement\":[{\"@type\":\"ListItem\",\"position\":1,\"name\":\"Home\",\"item\":\"https:\\\/\\\/www.murtra.com\\\/fr\\\/\"},{\"@type\":\"ListItem\",\"position\":2,\"name\":\"Plateforme de Lancement d\u2019Alertes\"}]},{\"@type\":\"WebSite\",\"@id\":\"https:\\\/\\\/www.murtra.com\\\/fr\\\/#website\",\"url\":\"https:\\\/\\\/www.murtra.com\\\/fr\\\/\",\"name\":\"Murtra Grupo textil industrial\",\"description\":\"Murtra Grupo textil industrial\",\"publisher\":{\"@id\":\"https:\\\/\\\/www.murtra.com\\\/fr\\\/#organization\"},\"potentialAction\":[{\"@type\":\"SearchAction\",\"target\":{\"@type\":\"EntryPoint\",\"urlTemplate\":\"https:\\\/\\\/www.murtra.com\\\/fr\\\/?s={search_term_string}\"},\"query-input\":{\"@type\":\"PropertyValueSpecification\",\"valueRequired\":true,\"valueName\":\"search_term_string\"}}],\"inLanguage\":\"fr-FR\"},{\"@type\":\"Organization\",\"@id\":\"https:\\\/\\\/www.murtra.com\\\/fr\\\/#organization\",\"name\":\"Murtra\",\"url\":\"https:\\\/\\\/www.murtra.com\\\/fr\\\/\",\"logo\":{\"@type\":\"ImageObject\",\"inLanguage\":\"fr-FR\",\"@id\":\"https:\\\/\\\/www.murtra.com\\\/fr\\\/#\\\/schema\\\/logo\\\/image\\\/\",\"url\":\"https:\\\/\\\/www.murtra.com\\\/wp-content\\\/uploads\\\/2021\\\/11\\\/mutra-logo.png\",\"contentUrl\":\"https:\\\/\\\/www.murtra.com\\\/wp-content\\\/uploads\\\/2021\\\/11\\\/mutra-logo.png\",\"width\":156,\"height\":201,\"caption\":\"Murtra\"},\"image\":{\"@id\":\"https:\\\/\\\/www.murtra.com\\\/fr\\\/#\\\/schema\\\/logo\\\/image\\\/\"}}]}<\/script>\n<!-- \/ Yoast SEO plugin. -->","yoast_head_json":{"title":"Plateforme de Lancement d\u2019Alertes","robots":{"index":"index","follow":"follow","max-snippet":"max-snippet:-1","max-image-preview":"max-image-preview:large","max-video-preview":"max-video-preview:-1"},"canonical":"https:\/\/www.murtra.com\/fr\/plateforme-de-lancement-dalertes\/","og_locale":"fr_FR","og_type":"article","og_title":"Plateforme de Lancement d\u2019Alertes","og_description":"[vc_row][vc_column][vc_wp_text el_class=\u00a0\u00bbcondiciones-text\u00a0\u00bb]Chez INDUSTRIES MURTRA, S.A. nous croyons fermement en l\u2019importance de favoriser un environnement s\u00fbr, \u00e9thique, \u00e9gal et confiant pour tous nos employ\u00e9s, clients et partenaires en g\u00e9n\u00e9ral. C\u2019est pour cette raison que nous avons mis en place une plateforme de lancement d\u2019alertes. Une solide plateforme o\u00f9 toute non-conformit\u00e9 ou irr\u00e9gularit\u00e9 \u00e9ventuelle dans l&rsquo;organisation peut [&hellip;]","og_url":"https:\/\/www.murtra.com\/fr\/plateforme-de-lancement-dalertes\/","og_site_name":"Murtra","article_modified_time":"2023-12-04T12:45:45+00:00","twitter_card":"summary_large_image","twitter_misc":{"Dur\u00e9e de lecture estim\u00e9e":"4 minutes"},"schema":{"@context":"https:\/\/schema.org","@graph":[{"@type":"WebPage","@id":"https:\/\/www.murtra.com\/fr\/plateforme-de-lancement-dalertes\/","url":"https:\/\/www.murtra.com\/fr\/plateforme-de-lancement-dalertes\/","name":"Plateforme de Lancement d\u2019Alertes","isPartOf":{"@id":"https:\/\/www.murtra.com\/fr\/#website"},"datePublished":"2023-12-04T12:16:56+00:00","dateModified":"2023-12-04T12:45:45+00:00","breadcrumb":{"@id":"https:\/\/www.murtra.com\/fr\/plateforme-de-lancement-dalertes\/#breadcrumb"},"inLanguage":"fr-FR","potentialAction":[{"@type":"ReadAction","target":["https:\/\/www.murtra.com\/fr\/plateforme-de-lancement-dalertes\/"]}]},{"@type":"BreadcrumbList","@id":"https:\/\/www.murtra.com\/fr\/plateforme-de-lancement-dalertes\/#breadcrumb","itemListElement":[{"@type":"ListItem","position":1,"name":"Home","item":"https:\/\/www.murtra.com\/fr\/"},{"@type":"ListItem","position":2,"name":"Plateforme de Lancement d\u2019Alertes"}]},{"@type":"WebSite","@id":"https:\/\/www.murtra.com\/fr\/#website","url":"https:\/\/www.murtra.com\/fr\/","name":"Murtra Grupo textil industrial","description":"Murtra Grupo textil industrial","publisher":{"@id":"https:\/\/www.murtra.com\/fr\/#organization"},"potentialAction":[{"@type":"SearchAction","target":{"@type":"EntryPoint","urlTemplate":"https:\/\/www.murtra.com\/fr\/?s={search_term_string}"},"query-input":{"@type":"PropertyValueSpecification","valueRequired":true,"valueName":"search_term_string"}}],"inLanguage":"fr-FR"},{"@type":"Organization","@id":"https:\/\/www.murtra.com\/fr\/#organization","name":"Murtra","url":"https:\/\/www.murtra.com\/fr\/","logo":{"@type":"ImageObject","inLanguage":"fr-FR","@id":"https:\/\/www.murtra.com\/fr\/#\/schema\/logo\/image\/","url":"https:\/\/www.murtra.com\/wp-content\/uploads\/2021\/11\/mutra-logo.png","contentUrl":"https:\/\/www.murtra.com\/wp-content\/uploads\/2021\/11\/mutra-logo.png","width":156,"height":201,"caption":"Murtra"},"image":{"@id":"https:\/\/www.murtra.com\/fr\/#\/schema\/logo\/image\/"}}]}},"_links":{"self":[{"href":"https:\/\/www.murtra.com\/fr\/wp-json\/wp\/v2\/pages\/7084","targetHints":{"allow":["GET"]}}],"collection":[{"href":"https:\/\/www.murtra.com\/fr\/wp-json\/wp\/v2\/pages"}],"about":[{"href":"https:\/\/www.murtra.com\/fr\/wp-json\/wp\/v2\/types\/page"}],"author":[{"embeddable":true,"href":"https:\/\/www.murtra.com\/fr\/wp-json\/wp\/v2\/users\/1"}],"replies":[{"embeddable":true,"href":"https:\/\/www.murtra.com\/fr\/wp-json\/wp\/v2\/comments?post=7084"}],"version-history":[{"count":0,"href":"https:\/\/www.murtra.com\/fr\/wp-json\/wp\/v2\/pages\/7084\/revisions"}],"wp:attachment":[{"href":"https:\/\/www.murtra.com\/fr\/wp-json\/wp\/v2\/media?parent=7084"}],"curies":[{"name":"wp","href":"https:\/\/api.w.org\/{rel}","templated":true}]}}