{"id":6065,"date":"2023-06-08T06:33:26","date_gmt":"2023-06-08T06:33:26","guid":{"rendered":"https:\/\/www.murtra.com\/industrial-2\/"},"modified":"2024-06-25T08:21:28","modified_gmt":"2024-06-25T08:21:28","slug":"industrial-2","status":"publish","type":"page","link":"https:\/\/www.murtra.com\/fr\/industrial\/","title":{"rendered":"Industriel"},"content":{"rendered":"<div class=\"wpb-content-wrapper\"><p>[vc_row full_width=\u00a0\u00bbstretch_row\u00a0\u00bb full_height=\u00a0\u00bbyes\u00a0\u00bb css=\u00a0\u00bb.vc_custom_1638352764425{background-image: url(https:\/\/www.murtra.com\/wp-content\/uploads\/2021\/12\/murtra-industrial-slider.png?id=330) !important;}\u00a0\u00bb el_class=\u00a0\u00bbslider-industrial-default\u00a0\u00bb][vc_column el_class=\u00a0\u00bbproduct-text category-slider\u00a0\u00bb][vc_wp_text]<\/p>\n<h1 class=\"title-category\" style=\"text-align: center !important;\">INDUSTRIEL<\/h1>\n<p>[\/vc_wp_text][vc_wp_text el_class=\u00a0\u00bbtext-default-p\u00a0\u00bb]La division Industriel du Groupe Murtra est sp\u00e9cialis\u00e9e et apporte des solutions techniques pour l\u2019industrie. Design, d\u00e9veloppement, production et commercialisation d\u2019une gamme compl\u00e8te de sangles techniques, fils, accessoires et slings pour travaux de levage, d\u2019arrimage de charges et de s\u00e9curit\u00e9 au travail. Depuis les rubans rigides \u00e0 usage industriel et les slings aux harnais ou \u00e9quipements militaires, entre autres.[\/vc_wp_text][vc_wp_text el_class=\u00a0\u00bbslider-big-subtitle\u00a0\u00bb]We work for your safety.[\/vc_wp_text][vc_single_image image=\u00a0\u00bb1561&Prime; img_size=\u00a0\u00bbfull\u00a0\u00bb alignment=\u00a0\u00bbcenter\u00a0\u00bb onclick=\u00a0\u00bbcustom_link\u00a0\u00bb el_class=\u00a0\u00bbslider-down-img\u00a0\u00bb][\/vc_column][\/vc_row][vc_section full_width=\u00a0\u00bbstretch_row_content\u00a0\u00bb css=\u00a0\u00bb.vc_custom_1640948675945{margin-top: 75px !important;margin-bottom: 150px !important;}\u00a0\u00bb el_class=\u00a0\u00bbsection-industrial-cat\u00a0\u00bb][vc_row][vc_column][vc_wp_text el_class=\u00a0\u00bbdelete-p-responsive\u00a0\u00bb]<\/p>\n<h2 class=\"title-category title-left-responsive\" style=\"text-align: center; color: var(--primary-color-1);\">Nos Produits<\/h2>\n<p>[\/vc_wp_text][\/vc_column][\/vc_row][vc_row full_width=\u00a0\u00bbstretch_row_content_no_spaces\u00a0\u00bb gap=\u00a0\u00bb1&Prime; equal_height=\u00a0\u00bbyes\u00a0\u00bb][vc_column width=\u00a0\u00bb1\/3&Prime;]<div class='our-products-category cat-products-319' style='background-image: url(https:\/\/www.murtra.com\/wp-content\/uploads\/2021\/12\/murtra-our-products.png);'><div class='category-section'><div class='category-subsection'><div class='title-cat-section'><span class='disabled-link'>Levage<\/span><\/div><div class='cat-section-div'><div class='subcat-section' style='order: 1;'><a href='https:\/\/www.murtra.com\/fr\/categorie\/industriel\/levage\/elingues-plates\/'>\u00c9lingues plates<span class='fas fa-chevron-right'><\/span><\/a><\/div><div class='subcat-section' style='order: 2;'><a href='https:\/\/www.murtra.com\/fr\/categorie\/industriel\/elevation\/elingues-tubulaires\/'>\u00c9lingues rondes<span class='fas fa-chevron-right'><\/span><\/a><\/div><div class='subcat-section' style='order: 3;'><a href='https:\/\/www.murtra.com\/fr\/categorie\/industriel\/elevation\/elingues-bornes-metalliques\/'>\u00c9lingues extr\u00e9mit\u00e9s m\u00e9talliques<span class='fas fa-chevron-right'><\/span><\/a><\/div><div class='subcat-section' style='order: 4;'><a href='https:\/\/www.murtra.com\/fr\/categoria\/industriel\/elevation\/accessoires-elevation\/'>Accessoires<span class='fas fa-chevron-right'><\/span><\/a><\/div><\/div><\/div><\/div><\/div>[\/vc_column][vc_column width=\u00a0\u00bb1\/3&Prime;]<div class='our-products-category cat-products-306' style='background-image: url(https:\/\/www.murtra.com\/wp-content\/uploads\/2023\/05\/nuestros_productos_amarre-1.jpg);'><div class='category-section'><div class='category-subsection'><div class='title-cat-section'><span class='disabled-link'>Arrimage<\/span><\/div><div class='cat-section-div'><div class='subcat-section' style='order: 1;'><a href='https:\/\/www.murtra.com\/fr\/categorie\/industriel\/amarrage\/systemes-pro\/'>Syst\u00e8mes Pro<span class='fas fa-chevron-right'><\/span><\/a><\/div><div class='subcat-section' style='order: 2;'><a href='https:\/\/www.murtra.com\/fr\/categorie\/industriel\/amarrage\/brico-systemes\/'>Syst\u00e8mes Brico<span class='fas fa-chevron-right'><\/span><\/a><\/div><div class='subcat-section' style='order: 3;'><a href='https:\/\/www.murtra.com\/fr\/categorie\/industriel\/amarrage\/automobile\/'>Automobile<span class='fas fa-chevron-right'><\/span><\/a><\/div><div class='subcat-section' style='order: 4;'><a href='https:\/\/www.murtra.com\/fr\/categorie\/industriel\/amarrage\/domestique\/'>Domestique<span class='fas fa-chevron-right'><\/span><\/a><\/div><div class='subcat-section' style='order: 5;'><a href='https:\/\/www.murtra.com\/fr\/categorie\/industriel\/amarrage\/accessoires\/'>Accessoires<span class='fas fa-chevron-right'><\/span><\/a><\/div><\/div><\/div><\/div><\/div>[\/vc_column][vc_column width=\u00a0\u00bb1\/3&Prime;]<div class='our-products-category cat-products-333' style='background-image: url(https:\/\/www.murtra.com\/wp-content\/uploads\/2022\/09\/nuestros_productos_seguridad-1.jpg);'><div class='category-section'><div class='category-subsection'><div class='title-cat-section'><span class='disabled-link'>S\u00e9curit\u00e9<\/span><\/div><div class='cat-section-div'><div class='subcat-section' style='order: 1;'><a href='https:\/\/www.murtra.com\/fr\/categorie\/industriel\/securite\/harnais\/'>Harnais<span class='fas fa-chevron-right'><\/span><\/a><\/div><div class='subcat-section' style='order: 2;'><a href='https:\/\/www.murtra.com\/fr\/categoria\/industriel\/securite\/accessoires-de-securite\/'>Accessoires<span class='fas fa-chevron-right'><\/span><\/a><\/div><\/div><\/div><\/div><\/div>[\/vc_column][\/vc_row][vc_row full_width=\u00a0\u00bbstretch_row_content_no_spaces\u00a0\u00bb gap=\u00a0\u00bb1&Prime; equal_height=\u00a0\u00bbyes\u00a0\u00bb][vc_column width=\u00a0\u00bb1\/3&Prime;]<div class='our-products-category cat-products-39' style='background-image: url(https:\/\/www.murtra.com\/wp-content\/uploads\/2022\/09\/nuestros_productos_tapcro-1.jpg);'><div class='category-section'><div class='category-subsection'><div class='title-cat-section'><a href='https:\/\/www.murtra.com\/industrial\/tapcro\/'>Tapcro<\/a><\/div><div class='cat-section-div'><\/div><\/div><\/div><\/div>[\/vc_column][vc_column width=\u00a0\u00bb1\/3&Prime;]<div class='our-products-category cat-products-339' style='background-image: url(https:\/\/www.murtra.com\/wp-content\/uploads\/2022\/09\/nuestros_productos_hilo-1.jpg);'><div class='category-section'><div class='category-subsection'><div class='title-cat-section'><a href='https:\/\/www.murtra.com\/fr\/industriel\/fil-industriel\/'>Fil Industriel<\/a><\/div><div class='cat-section-div'><\/div><\/div><\/div><\/div>[\/vc_column][vc_column width=\u00a0\u00bb1\/3&Prime;]<div class='our-products-category cat-products-316' style='background-image: url(https:\/\/www.murtra.com\/wp-content\/uploads\/2022\/10\/categoria_cinta-1.jpg);'><div class='category-section'><div class='category-subsection'><div class='title-cat-section'><a href='https:\/\/www.murtra.com\/fr\/rubans-industriels\/industriels\/'>Sangles Industriels<\/a><\/div><div class='cat-section-div'><\/div><\/div><\/div><\/div>[\/vc_column][\/vc_row][\/vc_section][vc_row full_width=\u00a0\u00bbstretch_row\u00a0\u00bb css=\u00a0\u00bb.vc_custom_1662918023460{background-image: url(https:\/\/www.murtra.com\/wp-content\/uploads\/2022\/09\/confeccion_portada-1.jpg?id=1427) !important;}\u00a0\u00bb el_class=\u00a0\u00bbcintas-confeccion-medida\u00a0\u00bb][vc_column][vc_row_inner el_class=\u00a0\u00bbcintas-confeccion-medida-subsection\u00a0\u00bb][vc_column_inner width=\u00a0\u00bb1\/3&Prime;][vc_wp_text]<\/p>\n<h2 class=\"title-category\">Fabrication industrielle<br \/>\nsur mesure<\/h2>\n<p>[\/vc_wp_text][\/vc_column_inner][vc_column_inner width=\u00a0\u00bb2\/3&Prime;][vc_wp_text el_class=\u00a0\u00bbtext-default-p\u00a0\u00bb]Industrias Murtra ne fabrique et commercialise pas uniquement des rubans mais offre un service de confection sur mesure pour tous les produits pouvant \u00eatre associ\u00e9s \u00e0 ces rubans.[\/vc_wp_text][vc_wp_text]<\/p>\n<p style=\"line-height: 0px !important;\"><a class=\"link-product\" href=\"https:\/\/www.murtra.com\/fr\/industriel\/confiserie-industriel\/\">En savoir plus<\/a><\/p>\n<p>[\/vc_wp_text][\/vc_column_inner][\/vc_row_inner][\/vc_column][\/vc_row][vc_row full_width=\u00a0\u00bbstretch_row_content_no_spaces\u00a0\u00bb css=\u00a0\u00bb.vc_custom_1640948780857{margin-top: 125px !important;margin-bottom: 125px !important;}\u00a0\u00bb el_class=\u00a0\u00bbindustrial-posts-relacionados\u00a0\u00bb][vc_column][\/vc_column][\/vc_row][vc_row][vc_column]<div class=\"templatera_shortcode\"><style type=\"text\/css\" data-type=\"vc_shortcodes-custom-css\">.vc_custom_1663077599735{background-color: #4b4f54 !important;}<\/style><div data-vc-full-width=\"true\" data-vc-full-width-temp=\"true\" data-vc-full-width-init=\"false\" class=\"vc_row wpb_row vc_row-fluid contact-width-us contact-width-us-industrial-new contact-white-industrial-template vc_custom_1663077599735 vc_row-has-fill\"><div class=\"search-filter-results-image wpb_column vc_column_container vc_col-sm-6\"><div class=\"vc_column-inner\"><div class=\"wpb_wrapper\"><div  class=\"vc_wp_text wpb_content_element delete-p\"><div class=\"widget widget_text\">\t\t\t<div class=\"textwidget\"><h1 id=\"contacto\" class=\"title-1 section-white\">Contactez-nous<\/h1>\n<\/div>\n\t\t<\/div><\/div><div  class=\"vc_wp_text wpb_content_element contact-text\"><div class=\"widget widget_text\">\t\t\t<div class=\"textwidget\"><p>Notre \u00e9quipe commerciale est \u00e0 votre disposition pour r\u00e9pondre \u00e0 vos besoins. Faites-nous part de vos suggestions et nous vous contacterons dans les plus brefs d\u00e9lais.<\/p>\n<\/div>\n\t\t<\/div><\/div><\/div><\/div><\/div><div class=\"contact-width-us-formulario wpb_column vc_column_container vc_col-sm-6\"><div class=\"vc_column-inner\"><div class=\"wpb_wrapper\">\n<div class=\"wpcf7 no-js\" id=\"wpcf7-f4501-o1\" lang=\"es-ES\" dir=\"ltr\" data-wpcf7-id=\"4501\">\n<div class=\"screen-reader-response\"><p role=\"status\" aria-live=\"polite\" aria-atomic=\"true\"><\/p> <ul><\/ul><\/div>\n<form action=\"\/fr\/wp-json\/wp\/v2\/pages\/6065#wpcf7-f4501-o1\" method=\"post\" class=\"wpcf7-form init\" aria-label=\"Formulario de contacto\" novalidate=\"novalidate\" data-status=\"init\">\n<fieldset class=\"hidden-fields-container\"><input type=\"hidden\" name=\"_wpcf7\" value=\"4501\" \/><input type=\"hidden\" name=\"_wpcf7_version\" value=\"6.1.5\" \/><input type=\"hidden\" name=\"_wpcf7_locale\" value=\"es_ES\" \/><input type=\"hidden\" name=\"_wpcf7_unit_tag\" value=\"wpcf7-f4501-o1\" \/><input type=\"hidden\" name=\"_wpcf7_container_post\" value=\"0\" \/><input type=\"hidden\" name=\"_wpcf7_posted_data_hash\" value=\"\" \/><input type=\"hidden\" name=\"_wpcf7_recaptcha_response\" value=\"\" \/>\n<\/fieldset>\n<div class=\"formulario-default\">\n\t<div class=\"row\">\n\t\t<div class=\"column-1\">\n\t\t\t<p><span class=\"wpcf7-form-control-wrap\" data-name=\"my-name\"><input size=\"40\" maxlength=\"400\" class=\"wpcf7-form-control wpcf7-text wpcf7-validates-as-required\" aria-required=\"true\" aria-invalid=\"false\" placeholder=\"Pr\u00e9nom et nom*\" value=\"\" type=\"text\" name=\"my-name\" \/><\/span>\n\t\t\t<\/p>\n\t\t<\/div>\n\t<\/div>\n\t<div class=\"row\">\n\t\t<div class=\"column-2\">\n\t\t\t<p><span class=\"wpcf7-form-control-wrap\" data-name=\"email\"><input size=\"40\" maxlength=\"400\" class=\"wpcf7-form-control wpcf7-email wpcf7-validates-as-required wpcf7-text wpcf7-validates-as-email\" aria-required=\"true\" aria-invalid=\"false\" placeholder=\"Courriel*\" value=\"\" type=\"email\" name=\"email\" \/><\/span>\n\t\t\t<\/p>\n\t\t<\/div>\n\t\t<div class=\"column-2\">\n\t\t\t<p><span class=\"wpcf7-form-control-wrap\" data-name=\"company\"><input size=\"40\" maxlength=\"400\" class=\"wpcf7-form-control wpcf7-text\" aria-invalid=\"false\" placeholder=\"Entreprise\" value=\"\" type=\"text\" name=\"company\" \/><\/span>\n\t\t\t<\/p>\n\t\t<\/div>\n\t<\/div>\n\t<div class=\"row\">\n\t\t<div class=\"column-1\">\n\t\t\t<p><span class=\"wpcf7-form-control-wrap\" data-name=\"mensaje\"><textarea cols=\"40\" rows=\"10\" maxlength=\"2000\" class=\"wpcf7-form-control wpcf7-textarea wpcf7-validates-as-required\" aria-required=\"true\" aria-invalid=\"false\" placeholder=\"Message*\" name=\"mensaje\"><\/textarea><\/span>\n\t\t\t<\/p>\n\t\t<\/div>\n\t<\/div>\n\t<div class=\"row campos-obligatorios\">\n\t\t<div class=\"column-2\">\n\t\t\t<p><label class=\"privacy-label\"><span class=\"wpcf7-form-control-wrap\" data-name=\"politica-privacidad\"><span class=\"wpcf7-form-control wpcf7-checkbox wpcf7-validates-as-required\"><span class=\"wpcf7-list-item first last\"><input type=\"checkbox\" name=\"politica-privacidad[]\" value=\"\" \/><span class=\"wpcf7-list-item-label\"><\/span><\/span><\/span><\/span> <span class=\"privacy-text\">J'ai lu et j'accepte la <a href=\"https:\/\/www.murtra.com\/fr\/avertissment-legal\/\" target=\"!blank\">Politique de confidentialit\u00e9<\/a>.<\/span><\/label><br \/>\n<label class=\"privacy-label\"><input type='checkbox' id='KLCF_gdpr' name='KLCF_gdpr' value='1'>\n\t\t<label for='KLCF_gdpr'> I agree to receive updates about products or services via email.<\/label><span class=\"privacy-text\">Abonnez-vous \u00e0 la newsletter<\/span><\/label>\n\t\t\t<\/p>\n\t\t<\/div>\n\t\t<div class=\"column-2\">\n\t\t\t<p class=\"campos-obligatorios\">*Champs obligatoires\n\t\t\t<\/p>\n\t\t<\/div>\n\t<\/div>\n\t<div class=\"row\">\n\t\t<div class=\"column-2\">\n\t\t<span class=\"wpcf7-form-control-wrap recaptcha\" data-name=\"recaptcha\"><span data-sitekey=\"6LeKLyIdAAAAAOjIfNndrBtLKHRMpJkhN48PbiZ1\" class=\"wpcf7-form-control wpcf7-recaptcha g-recaptcha\"><\/span>\r\n<noscript>\r\n\t<div class=\"grecaptcha-noscript\">\r\n\t\t<iframe loading=\"lazy\" src=\"https:\/\/www.google.com\/recaptcha\/api\/fallback?k=6LeKLyIdAAAAAOjIfNndrBtLKHRMpJkhN48PbiZ1\" frameborder=\"0\" scrolling=\"no\" width=\"310\" height=\"430\">\r\n\t\t<\/iframe>\r\n\t\t<textarea name=\"g-recaptcha-response\" rows=\"3\" cols=\"40\" placeholder=\"Aqu\u00ed la respuesta de reCAPTCHA\">\r\n\t\t<\/textarea>\r\n\t<\/div>\r\n<\/noscript>\r\n<\/span>\n\t\t<\/div>\n\t\t<div class=\"column-2 boton-enviar\">\n\t\t\t<p><input class=\"wpcf7-form-control wpcf7-submit has-spinner\" type=\"submit\" value=\"Envoyer\" \/>\n\t\t\t<\/p>\n\t\t<\/div>\n\t<\/div>\n<\/div><div class=\"wpcf7-response-output\" aria-hidden=\"true\"><\/div>\n<\/form>\n<\/div>\n<\/div><\/div><\/div><\/div><div class=\"vc_row-full-width vc_clearfix\"><\/div><\/div>[\/vc_column][\/vc_row]<\/p>\n<\/div>","protected":false},"excerpt":{"rendered":"INDUSTRIEL La division Industriel du Groupe Murtra est sp\u00e9cialis\u00e9e et apporte des solutions techniques pour l\u2019industrie. Design, d\u00e9veloppement, production et commercialisation d\u2019une gamme compl\u00e8te de sangles techniques, fils, accessoires et slings pour travaux de levage, d\u2019arrimage de charges et de s\u00e9curit\u00e9 au travail. Depuis les rubans rigides \u00e0 usage industriel et les slings aux harnais [...]","protected":false},"author":1,"featured_media":0,"parent":0,"menu_order":0,"comment_status":"closed","ping_status":"closed","template":"template-industrial-home.php","meta":{"_acf_changed":false,"footnotes":""},"class_list":["post-6065","page","type-page","status-publish","hentry"],"acf":[],"yoast_head":"<!-- This site is optimized with the Yoast SEO plugin v27.3 - https:\/\/yoast.com\/product\/yoast-seo-wordpress\/ -->\n<title>Industriel<\/title>\n<meta name=\"description\" content=\"La division industrielle du groupe Murtra s&#039;est sp\u00e9cialis\u00e9e dans la fourniture de solutions techniques pour l&#039;industrie\" \/>\n<meta name=\"robots\" content=\"index, follow, max-snippet:-1, max-image-preview:large, max-video-preview:-1\" \/>\n<link rel=\"canonical\" href=\"https:\/\/www.murtra.com\/fr\/industrial\/\" \/>\n<meta property=\"og:locale\" content=\"fr_FR\" \/>\n<meta property=\"og:type\" content=\"article\" \/>\n<meta property=\"og:title\" content=\"Industriel\" \/>\n<meta property=\"og:description\" content=\"La division industrielle du groupe Murtra s&#039;est sp\u00e9cialis\u00e9e dans la fourniture de solutions techniques pour l&#039;industrie\" \/>\n<meta property=\"og:url\" content=\"https:\/\/www.murtra.com\/fr\/industrial\/\" \/>\n<meta property=\"og:site_name\" content=\"Murtra\" \/>\n<meta property=\"article:modified_time\" content=\"2024-06-25T08:21:28+00:00\" \/>\n<meta name=\"twitter:card\" content=\"summary_large_image\" \/>\n<meta name=\"twitter:label1\" content=\"Dur\u00e9e de lecture estim\u00e9e\" \/>\n\t<meta name=\"twitter:data1\" content=\"1 minute\" \/>\n<script type=\"application\/ld+json\" class=\"yoast-schema-graph\">{\"@context\":\"https:\\\/\\\/schema.org\",\"@graph\":[{\"@type\":\"WebPage\",\"@id\":\"https:\\\/\\\/www.murtra.com\\\/fr\\\/industrial\\\/\",\"url\":\"https:\\\/\\\/www.murtra.com\\\/fr\\\/industrial\\\/\",\"name\":\"Industriel\",\"isPartOf\":{\"@id\":\"https:\\\/\\\/www.murtra.com\\\/fr\\\/#website\"},\"datePublished\":\"2023-06-08T06:33:26+00:00\",\"dateModified\":\"2024-06-25T08:21:28+00:00\",\"description\":\"La division industrielle du groupe Murtra s'est sp\u00e9cialis\u00e9e dans la fourniture de solutions techniques pour l'industrie\",\"breadcrumb\":{\"@id\":\"https:\\\/\\\/www.murtra.com\\\/fr\\\/industrial\\\/#breadcrumb\"},\"inLanguage\":\"fr-FR\",\"potentialAction\":[{\"@type\":\"ReadAction\",\"target\":[\"https:\\\/\\\/www.murtra.com\\\/fr\\\/industrial\\\/\"]}]},{\"@type\":\"BreadcrumbList\",\"@id\":\"https:\\\/\\\/www.murtra.com\\\/fr\\\/industrial\\\/#breadcrumb\",\"itemListElement\":[{\"@type\":\"ListItem\",\"position\":1,\"name\":\"Home\",\"item\":\"https:\\\/\\\/www.murtra.com\\\/fr\\\/\"},{\"@type\":\"ListItem\",\"position\":2,\"name\":\"Industriel\"}]},{\"@type\":\"WebSite\",\"@id\":\"https:\\\/\\\/www.murtra.com\\\/fr\\\/#website\",\"url\":\"https:\\\/\\\/www.murtra.com\\\/fr\\\/\",\"name\":\"Murtra Grupo textil industrial\",\"description\":\"Murtra Grupo textil industrial\",\"publisher\":{\"@id\":\"https:\\\/\\\/www.murtra.com\\\/fr\\\/#organization\"},\"potentialAction\":[{\"@type\":\"SearchAction\",\"target\":{\"@type\":\"EntryPoint\",\"urlTemplate\":\"https:\\\/\\\/www.murtra.com\\\/fr\\\/?s={search_term_string}\"},\"query-input\":{\"@type\":\"PropertyValueSpecification\",\"valueRequired\":true,\"valueName\":\"search_term_string\"}}],\"inLanguage\":\"fr-FR\"},{\"@type\":\"Organization\",\"@id\":\"https:\\\/\\\/www.murtra.com\\\/fr\\\/#organization\",\"name\":\"Murtra\",\"url\":\"https:\\\/\\\/www.murtra.com\\\/fr\\\/\",\"logo\":{\"@type\":\"ImageObject\",\"inLanguage\":\"fr-FR\",\"@id\":\"https:\\\/\\\/www.murtra.com\\\/fr\\\/#\\\/schema\\\/logo\\\/image\\\/\",\"url\":\"https:\\\/\\\/www.murtra.com\\\/wp-content\\\/uploads\\\/2021\\\/11\\\/mutra-logo.png\",\"contentUrl\":\"https:\\\/\\\/www.murtra.com\\\/wp-content\\\/uploads\\\/2021\\\/11\\\/mutra-logo.png\",\"width\":156,\"height\":201,\"caption\":\"Murtra\"},\"image\":{\"@id\":\"https:\\\/\\\/www.murtra.com\\\/fr\\\/#\\\/schema\\\/logo\\\/image\\\/\"}}]}<\/script>\n<!-- \/ Yoast SEO plugin. -->","yoast_head_json":{"title":"Industriel","description":"La division industrielle du groupe Murtra s'est sp\u00e9cialis\u00e9e dans la fourniture de solutions techniques pour l'industrie","robots":{"index":"index","follow":"follow","max-snippet":"max-snippet:-1","max-image-preview":"max-image-preview:large","max-video-preview":"max-video-preview:-1"},"canonical":"https:\/\/www.murtra.com\/fr\/industrial\/","og_locale":"fr_FR","og_type":"article","og_title":"Industriel","og_description":"La division industrielle du groupe Murtra s'est sp\u00e9cialis\u00e9e dans la fourniture de solutions techniques pour l'industrie","og_url":"https:\/\/www.murtra.com\/fr\/industrial\/","og_site_name":"Murtra","article_modified_time":"2024-06-25T08:21:28+00:00","twitter_card":"summary_large_image","twitter_misc":{"Dur\u00e9e de lecture estim\u00e9e":"1 minute"},"schema":{"@context":"https:\/\/schema.org","@graph":[{"@type":"WebPage","@id":"https:\/\/www.murtra.com\/fr\/industrial\/","url":"https:\/\/www.murtra.com\/fr\/industrial\/","name":"Industriel","isPartOf":{"@id":"https:\/\/www.murtra.com\/fr\/#website"},"datePublished":"2023-06-08T06:33:26+00:00","dateModified":"2024-06-25T08:21:28+00:00","description":"La division industrielle du groupe Murtra s'est sp\u00e9cialis\u00e9e dans la fourniture de solutions techniques pour l'industrie","breadcrumb":{"@id":"https:\/\/www.murtra.com\/fr\/industrial\/#breadcrumb"},"inLanguage":"fr-FR","potentialAction":[{"@type":"ReadAction","target":["https:\/\/www.murtra.com\/fr\/industrial\/"]}]},{"@type":"BreadcrumbList","@id":"https:\/\/www.murtra.com\/fr\/industrial\/#breadcrumb","itemListElement":[{"@type":"ListItem","position":1,"name":"Home","item":"https:\/\/www.murtra.com\/fr\/"},{"@type":"ListItem","position":2,"name":"Industriel"}]},{"@type":"WebSite","@id":"https:\/\/www.murtra.com\/fr\/#website","url":"https:\/\/www.murtra.com\/fr\/","name":"Murtra Grupo textil industrial","description":"Murtra Grupo textil industrial","publisher":{"@id":"https:\/\/www.murtra.com\/fr\/#organization"},"potentialAction":[{"@type":"SearchAction","target":{"@type":"EntryPoint","urlTemplate":"https:\/\/www.murtra.com\/fr\/?s={search_term_string}"},"query-input":{"@type":"PropertyValueSpecification","valueRequired":true,"valueName":"search_term_string"}}],"inLanguage":"fr-FR"},{"@type":"Organization","@id":"https:\/\/www.murtra.com\/fr\/#organization","name":"Murtra","url":"https:\/\/www.murtra.com\/fr\/","logo":{"@type":"ImageObject","inLanguage":"fr-FR","@id":"https:\/\/www.murtra.com\/fr\/#\/schema\/logo\/image\/","url":"https:\/\/www.murtra.com\/wp-content\/uploads\/2021\/11\/mutra-logo.png","contentUrl":"https:\/\/www.murtra.com\/wp-content\/uploads\/2021\/11\/mutra-logo.png","width":156,"height":201,"caption":"Murtra"},"image":{"@id":"https:\/\/www.murtra.com\/fr\/#\/schema\/logo\/image\/"}}]}},"_links":{"self":[{"href":"https:\/\/www.murtra.com\/fr\/wp-json\/wp\/v2\/pages\/6065","targetHints":{"allow":["GET"]}}],"collection":[{"href":"https:\/\/www.murtra.com\/fr\/wp-json\/wp\/v2\/pages"}],"about":[{"href":"https:\/\/www.murtra.com\/fr\/wp-json\/wp\/v2\/types\/page"}],"author":[{"embeddable":true,"href":"https:\/\/www.murtra.com\/fr\/wp-json\/wp\/v2\/users\/1"}],"replies":[{"embeddable":true,"href":"https:\/\/www.murtra.com\/fr\/wp-json\/wp\/v2\/comments?post=6065"}],"version-history":[{"count":0,"href":"https:\/\/www.murtra.com\/fr\/wp-json\/wp\/v2\/pages\/6065\/revisions"}],"wp:attachment":[{"href":"https:\/\/www.murtra.com\/fr\/wp-json\/wp\/v2\/media?parent=6065"}],"curies":[{"name":"wp","href":"https:\/\/api.w.org\/{rel}","templated":true}]}}