{"id":5547,"date":"2022-02-07T10:27:54","date_gmt":"2022-02-07T10:27:54","guid":{"rendered":"https:\/\/www.murtra.com\/responsabilidad-social-corporativa\/"},"modified":"2023-09-28T07:28:48","modified_gmt":"2023-09-28T07:28:48","slug":"responsabilidad-social-corporativa","status":"publish","type":"page","link":"https:\/\/www.murtra.com\/fr\/corporate-social-responsibility\/","title":{"rendered":"Responsabilit\u00e9 Sociale de l\u2019Enterprise"},"content":{"rendered":"<div class=\"wpb-content-wrapper\"><p>[vc_row][vc_column][vc_wp_text el_class=\u00a0\u00bbcondiciones-text\u00a0\u00bb]<\/p>\n<h1>RESPONSABILIT\u00c9 SOCIALE DE L\u2019ENTREPRISE<\/h1>\n<p>Code de conduite interne d\u2019Industrias Murtra<\/p>\n<h2>EMPLOY\u00c9S<\/h2>\n<p>Industrias Murtra n\u2019emploie aucun travailleur n\u2019ayant pas atteint l\u2019\u00e2ge l\u00e9gal.<br \/>\nAucune personne employ\u00e9e chez Industrias Murtra n\u2019est discrimin\u00e9e pour des raisons ethniques, de handicap physique, religieuses, d\u2019\u00e2ge, de nationalit\u00e9 ou de sexe.<br \/>\nLes employ\u00e9s d\u2019Industrias Murtra sont pleinement assist\u00e9s de leur droit d\u2019organisation, d\u2019association et de n\u00e9gociation collective.<br \/>\nChez Industrias Murtra, aucune forme de harc\u00e8lement ou d\u2019abus physique, sexuel, psychologique ou verbal n\u2019est autoris\u00e9e.<br \/>\nLe saliare par\u00e7u par les employ\u00e9s d\u2019Industrias Murtra est conforme \u00e0 la fonction exerc\u00e9e, dans le respect des conventions internes de chaque secteur.<br \/>\nIndustrias Murtra garantit \u00e0 ses employ\u00e9s la r\u00e9alisation de leur activit\u00e9 dans un cadre s\u00fbr et sain.<br \/>\nIndustrias Murtra fait part de son engagement pour le respect du pacte mondial selon lequel \u00ab\u00a0les entreprises s\u2019engagent \u00e0 lutter contre la corruption sous toutes ses formes, y compris l\u2019extorsion et les pots-de-vin\u00a0\u00bb.<br \/>\nSi l\u2019un de nos collaborateurs \u00e0 connaissance d\u2019un pacte, d\u2019un pr\u00e9sent ou d\u2019une malversation, il est tenu d\u2019en informer la direction g\u00e9n\u00e9rale.<br \/>\nToute forme de pr\u00e9sent visant \u00e0 influer sur l\u2019ind\u00e9pendance d\u2019un juge ou \u00e0 induire un quelconque type de faveur est formellement interdite.<br \/>\nFace \u00e0 n\u2019importe quelle discrimination, harc\u00e8lement, abus physique, sexuel ou psychologique, l\u2019entreprise Industrias Murtra, apr\u00e8s en avoir inform\u00e9 le comit\u00e9 d\u2019entreprise, imposera aux responsables les sanctions vis\u00e9es par la l\u00e9gislation en vigueur.<br \/>\nTout travailleur qui constaterait un comportement contraire \u00e0 cette politique de responsailit\u00e9 de l\u2019entreprise, doit d\u00e9noncer les faits \u00e0 son sup\u00e9rieur imm\u00e9diat ou, \u00e0 d\u00e9faut, au responsable des RH.<br \/>\nIndustrias Murtra reconna\u00eet les principes fondamentaux de la d\u00e9claration universelle des droits de l\u2019homme ainsi que les principes fondamentaux du travail qui prot\u00e8gent les droits des travailleurs, tel que d\u00e9fini par la d\u00e9claration sur les principes et les droits fondamentaux au travail de l\u2019OIT (Organisation internationale du travail).<\/p>\n<h2>FOURNISSEURS<\/h2>\n<p>Les fournisseurs d\u2019Industrias Murtra sont tenus de respecter les termes \u00e9nonc\u00e9s dans les paragraphes concernant les employ\u00e9s et les clients de ce code. Ils doivent permettre, entre autres, \u00e0 Industrias Murtra, ou aux tiers autoris\u00e9s, de proc\u00e9der aux examens n\u00e9cessaires pour en v\u00e9rifier le respect.<\/p>\n<h2>CLIENTS<\/h2>\n<p>Industrias Murtra s\u2019engage \u00e0 offir \u00e0 tous ses clients des standards d\u2019excellence pour tous ses produits mais aussi \u00e0 garantir qu\u2019ils n\u2019impliquent aucun risque pour leur s\u00e9curit\u00e9 ou leur sant\u00e9.<\/p>\n<h2>SOCI\u00c9T\u00c9<\/h2>\n<p>Industrias Murtra s\u2019engage \u00e0 collaborer avec les communaut\u00e9s locales, nationales ou internatinales o\u00f9 elle est pr\u00e9sente.[\/vc_wp_text][\/vc_column][\/vc_row]<\/p>\n<\/div>","protected":false},"excerpt":{"rendered":"<p>[vc_row][vc_column][vc_wp_text el_class=\u00a0\u00bbcondiciones-text\u00a0\u00bb] RESPONSABILIT\u00c9 SOCIALE DE L\u2019ENTREPRISE Code de conduite interne d\u2019Industrias Murtra EMPLOY\u00c9S Industrias Murtra n\u2019emploie aucun travailleur n\u2019ayant pas atteint l\u2019\u00e2ge l\u00e9gal. Aucune personne employ\u00e9e chez Industrias Murtra n\u2019est discrimin\u00e9e pour des raisons ethniques, de handicap physique, religieuses, d\u2019\u00e2ge, de nationalit\u00e9 ou de sexe. Les employ\u00e9s d\u2019Industrias Murtra sont pleinement assist\u00e9s de leur droit [&hellip;]<\/p>\n","protected":false},"author":1,"featured_media":0,"parent":0,"menu_order":0,"comment_status":"closed","ping_status":"closed","template":"","meta":{"_acf_changed":false,"footnotes":""},"class_list":["post-5547","page","type-page","status-publish","hentry"],"acf":[],"yoast_head":"<!-- This site is optimized with the Yoast SEO plugin v27.3 - https:\/\/yoast.com\/product\/yoast-seo-wordpress\/ -->\n<title>Responsabilit\u00e9 Sociale de l\u2019Enterprise - Murtra<\/title>\n<meta name=\"robots\" content=\"index, follow, max-snippet:-1, max-image-preview:large, max-video-preview:-1\" \/>\n<link rel=\"canonical\" href=\"https:\/\/www.murtra.com\/fr\/corporate-social-responsibility\/\" \/>\n<meta property=\"og:locale\" content=\"fr_FR\" \/>\n<meta property=\"og:type\" content=\"article\" \/>\n<meta property=\"og:title\" content=\"Responsabilit\u00e9 Sociale de l\u2019Enterprise - Murtra\" \/>\n<meta property=\"og:description\" content=\"[vc_row][vc_column][vc_wp_text el_class=\u00a0\u00bbcondiciones-text\u00a0\u00bb] RESPONSABILIT\u00c9 SOCIALE DE L\u2019ENTREPRISE Code de conduite interne d\u2019Industrias Murtra EMPLOY\u00c9S Industrias Murtra n\u2019emploie aucun travailleur n\u2019ayant pas atteint l\u2019\u00e2ge l\u00e9gal. Aucune personne employ\u00e9e chez Industrias Murtra n\u2019est discrimin\u00e9e pour des raisons ethniques, de handicap physique, religieuses, d\u2019\u00e2ge, de nationalit\u00e9 ou de sexe. Les employ\u00e9s d\u2019Industrias Murtra sont pleinement assist\u00e9s de leur droit [&hellip;]\" \/>\n<meta property=\"og:url\" content=\"https:\/\/www.murtra.com\/fr\/corporate-social-responsibility\/\" \/>\n<meta property=\"og:site_name\" content=\"Murtra\" \/>\n<meta property=\"article:modified_time\" content=\"2023-09-28T07:28:48+00:00\" \/>\n<meta name=\"twitter:card\" content=\"summary_large_image\" \/>\n<meta name=\"twitter:label1\" content=\"Dur\u00e9e de lecture estim\u00e9e\" \/>\n\t<meta name=\"twitter:data1\" content=\"2 minutes\" \/>\n<script type=\"application\/ld+json\" class=\"yoast-schema-graph\">{\"@context\":\"https:\\\/\\\/schema.org\",\"@graph\":[{\"@type\":\"WebPage\",\"@id\":\"https:\\\/\\\/www.murtra.com\\\/fr\\\/corporate-social-responsibility\\\/\",\"url\":\"https:\\\/\\\/www.murtra.com\\\/fr\\\/corporate-social-responsibility\\\/\",\"name\":\"Responsabilit\u00e9 Sociale de l\u2019Enterprise - Murtra\",\"isPartOf\":{\"@id\":\"https:\\\/\\\/www.murtra.com\\\/fr\\\/#website\"},\"datePublished\":\"2022-02-07T10:27:54+00:00\",\"dateModified\":\"2023-09-28T07:28:48+00:00\",\"breadcrumb\":{\"@id\":\"https:\\\/\\\/www.murtra.com\\\/fr\\\/corporate-social-responsibility\\\/#breadcrumb\"},\"inLanguage\":\"fr-FR\",\"potentialAction\":[{\"@type\":\"ReadAction\",\"target\":[\"https:\\\/\\\/www.murtra.com\\\/fr\\\/corporate-social-responsibility\\\/\"]}]},{\"@type\":\"BreadcrumbList\",\"@id\":\"https:\\\/\\\/www.murtra.com\\\/fr\\\/corporate-social-responsibility\\\/#breadcrumb\",\"itemListElement\":[{\"@type\":\"ListItem\",\"position\":1,\"name\":\"Home\",\"item\":\"https:\\\/\\\/www.murtra.com\\\/fr\\\/\"},{\"@type\":\"ListItem\",\"position\":2,\"name\":\"Responsabilit\u00e9 Sociale de l\u2019Enterprise\"}]},{\"@type\":\"WebSite\",\"@id\":\"https:\\\/\\\/www.murtra.com\\\/fr\\\/#website\",\"url\":\"https:\\\/\\\/www.murtra.com\\\/fr\\\/\",\"name\":\"Murtra Grupo textil industrial\",\"description\":\"Murtra Grupo textil industrial\",\"publisher\":{\"@id\":\"https:\\\/\\\/www.murtra.com\\\/fr\\\/#organization\"},\"potentialAction\":[{\"@type\":\"SearchAction\",\"target\":{\"@type\":\"EntryPoint\",\"urlTemplate\":\"https:\\\/\\\/www.murtra.com\\\/fr\\\/?s={search_term_string}\"},\"query-input\":{\"@type\":\"PropertyValueSpecification\",\"valueRequired\":true,\"valueName\":\"search_term_string\"}}],\"inLanguage\":\"fr-FR\"},{\"@type\":\"Organization\",\"@id\":\"https:\\\/\\\/www.murtra.com\\\/fr\\\/#organization\",\"name\":\"Murtra\",\"url\":\"https:\\\/\\\/www.murtra.com\\\/fr\\\/\",\"logo\":{\"@type\":\"ImageObject\",\"inLanguage\":\"fr-FR\",\"@id\":\"https:\\\/\\\/www.murtra.com\\\/fr\\\/#\\\/schema\\\/logo\\\/image\\\/\",\"url\":\"https:\\\/\\\/www.murtra.com\\\/wp-content\\\/uploads\\\/2021\\\/11\\\/mutra-logo.png\",\"contentUrl\":\"https:\\\/\\\/www.murtra.com\\\/wp-content\\\/uploads\\\/2021\\\/11\\\/mutra-logo.png\",\"width\":156,\"height\":201,\"caption\":\"Murtra\"},\"image\":{\"@id\":\"https:\\\/\\\/www.murtra.com\\\/fr\\\/#\\\/schema\\\/logo\\\/image\\\/\"}}]}<\/script>\n<!-- \/ Yoast SEO plugin. -->","yoast_head_json":{"title":"Responsabilit\u00e9 Sociale de l\u2019Enterprise - Murtra","robots":{"index":"index","follow":"follow","max-snippet":"max-snippet:-1","max-image-preview":"max-image-preview:large","max-video-preview":"max-video-preview:-1"},"canonical":"https:\/\/www.murtra.com\/fr\/corporate-social-responsibility\/","og_locale":"fr_FR","og_type":"article","og_title":"Responsabilit\u00e9 Sociale de l\u2019Enterprise - Murtra","og_description":"[vc_row][vc_column][vc_wp_text el_class=\u00a0\u00bbcondiciones-text\u00a0\u00bb] RESPONSABILIT\u00c9 SOCIALE DE L\u2019ENTREPRISE Code de conduite interne d\u2019Industrias Murtra EMPLOY\u00c9S Industrias Murtra n\u2019emploie aucun travailleur n\u2019ayant pas atteint l\u2019\u00e2ge l\u00e9gal. Aucune personne employ\u00e9e chez Industrias Murtra n\u2019est discrimin\u00e9e pour des raisons ethniques, de handicap physique, religieuses, d\u2019\u00e2ge, de nationalit\u00e9 ou de sexe. Les employ\u00e9s d\u2019Industrias Murtra sont pleinement assist\u00e9s de leur droit [&hellip;]","og_url":"https:\/\/www.murtra.com\/fr\/corporate-social-responsibility\/","og_site_name":"Murtra","article_modified_time":"2023-09-28T07:28:48+00:00","twitter_card":"summary_large_image","twitter_misc":{"Dur\u00e9e de lecture estim\u00e9e":"2 minutes"},"schema":{"@context":"https:\/\/schema.org","@graph":[{"@type":"WebPage","@id":"https:\/\/www.murtra.com\/fr\/corporate-social-responsibility\/","url":"https:\/\/www.murtra.com\/fr\/corporate-social-responsibility\/","name":"Responsabilit\u00e9 Sociale de l\u2019Enterprise - Murtra","isPartOf":{"@id":"https:\/\/www.murtra.com\/fr\/#website"},"datePublished":"2022-02-07T10:27:54+00:00","dateModified":"2023-09-28T07:28:48+00:00","breadcrumb":{"@id":"https:\/\/www.murtra.com\/fr\/corporate-social-responsibility\/#breadcrumb"},"inLanguage":"fr-FR","potentialAction":[{"@type":"ReadAction","target":["https:\/\/www.murtra.com\/fr\/corporate-social-responsibility\/"]}]},{"@type":"BreadcrumbList","@id":"https:\/\/www.murtra.com\/fr\/corporate-social-responsibility\/#breadcrumb","itemListElement":[{"@type":"ListItem","position":1,"name":"Home","item":"https:\/\/www.murtra.com\/fr\/"},{"@type":"ListItem","position":2,"name":"Responsabilit\u00e9 Sociale de l\u2019Enterprise"}]},{"@type":"WebSite","@id":"https:\/\/www.murtra.com\/fr\/#website","url":"https:\/\/www.murtra.com\/fr\/","name":"Murtra Grupo textil industrial","description":"Murtra Grupo textil industrial","publisher":{"@id":"https:\/\/www.murtra.com\/fr\/#organization"},"potentialAction":[{"@type":"SearchAction","target":{"@type":"EntryPoint","urlTemplate":"https:\/\/www.murtra.com\/fr\/?s={search_term_string}"},"query-input":{"@type":"PropertyValueSpecification","valueRequired":true,"valueName":"search_term_string"}}],"inLanguage":"fr-FR"},{"@type":"Organization","@id":"https:\/\/www.murtra.com\/fr\/#organization","name":"Murtra","url":"https:\/\/www.murtra.com\/fr\/","logo":{"@type":"ImageObject","inLanguage":"fr-FR","@id":"https:\/\/www.murtra.com\/fr\/#\/schema\/logo\/image\/","url":"https:\/\/www.murtra.com\/wp-content\/uploads\/2021\/11\/mutra-logo.png","contentUrl":"https:\/\/www.murtra.com\/wp-content\/uploads\/2021\/11\/mutra-logo.png","width":156,"height":201,"caption":"Murtra"},"image":{"@id":"https:\/\/www.murtra.com\/fr\/#\/schema\/logo\/image\/"}}]}},"_links":{"self":[{"href":"https:\/\/www.murtra.com\/fr\/wp-json\/wp\/v2\/pages\/5547","targetHints":{"allow":["GET"]}}],"collection":[{"href":"https:\/\/www.murtra.com\/fr\/wp-json\/wp\/v2\/pages"}],"about":[{"href":"https:\/\/www.murtra.com\/fr\/wp-json\/wp\/v2\/types\/page"}],"author":[{"embeddable":true,"href":"https:\/\/www.murtra.com\/fr\/wp-json\/wp\/v2\/users\/1"}],"replies":[{"embeddable":true,"href":"https:\/\/www.murtra.com\/fr\/wp-json\/wp\/v2\/comments?post=5547"}],"version-history":[{"count":0,"href":"https:\/\/www.murtra.com\/fr\/wp-json\/wp\/v2\/pages\/5547\/revisions"}],"wp:attachment":[{"href":"https:\/\/www.murtra.com\/fr\/wp-json\/wp\/v2\/media?parent=5547"}],"curies":[{"name":"wp","href":"https:\/\/api.w.org\/{rel}","templated":true}]}}