{"id":5533,"date":"2022-02-07T10:18:23","date_gmt":"2022-02-07T10:18:23","guid":{"rendered":"https:\/\/www.murtra.com\/politica-medioambiental\/"},"modified":"2023-07-21T07:12:38","modified_gmt":"2023-07-21T07:12:38","slug":"politica-medioambiental","status":"publish","type":"page","link":"https:\/\/www.murtra.com\/fr\/politique-environnementale\/","title":{"rendered":"Politique Environnementale"},"content":{"rendered":"<div class=\"wpb-content-wrapper\"><p>[vc_row][vc_column][vc_wp_text el_class=\u00a0\u00bbcondiciones-text\u00a0\u00bb]<\/p>\n<h1><strong><u>POLITIQUE ENVIRONNEMENTALE<\/u><\/strong><\/h1>\n<p>La direction g\u00e9n\u00e9rale d\u2019Industrias Murtra consid\u00e8re que l\u2019excellence dans la gestion de l\u2019ensemble des processus et des ressources est un levier optimal pour cr\u00e9er de la valeur pour les personnes: actionnaires, clients, employ\u00e9s et autres parties prenantes.<\/p>\n<p><strong>OBJET<\/strong><\/p>\n<p>Le mod\u00e8le de cr\u00e9ation de valeur d\u2019Industrias Murtra repose sur une croissance durable, \u00e9quitable et engag\u00e9e envers la satisfaction du client, le respect de ses exigences, des exigences l\u00e9gales, r\u00e8glementaires, environnementales, de s\u00e9curit\u00e9 et sant\u00e9 au travail, et la gestion de la cha\u00eene de responsabilit\u00e9.<\/p>\n<p>La direction appuie et coordonne le respect de cette politique gr\u00e2ce au processus de planification strat\u00e9gique.<\/p>\n<p><strong>\u00a0<\/strong><\/p>\n<p><strong>PRINCIPES D\u2019ACTION \u00c9L\u00c9MENTAIRES<\/strong><\/p>\n<p>La direction d\u2019Industrias Murtra appuie et coordonne le respect de cette politique environnementale gr\u00e2ce \u00e0:<\/p>\n<ul>\n<li>Respect des lois et des r\u00e8glementations en mati\u00e8re environnementale applicables.<\/li>\n<li>La r\u00e9alisation d\u2019am\u00e9liorations continues appliqu\u00e9es aux processus, aux produits et aux transports pour r\u00e9duire son impact environnemental.<\/li>\n<li>En donnant la priorit\u00e9 \u00e0 la meilleure alternative environnementale disponible en investissant en nouvelles technologies.<\/li>\n<li>En recherchant les alternatives environnementales les plus durables lorsqu\u2019elle introduit de nouvelles mati\u00e8res premi\u00e8res.<\/li>\n<li>En s\u2019effor\u00e7ant de r\u00e9duire sa consommation en \u00e9nergie par unit\u00e9 produite.<\/li>\n<li>En s\u2019effor\u00e7ant de r\u00e9duire la quantit\u00e9 de d\u00e9chets g\u00e9n\u00e9r\u00e9s par unit\u00e9 produite.<\/li>\n<li>En d\u00e9veloppant la conscience environnementale de ses employ\u00e9s.<\/li>\n<\/ul>\n<p>[\/vc_wp_text][\/vc_column][\/vc_row]<\/p>\n<\/div>","protected":false},"excerpt":{"rendered":"<p>[vc_row][vc_column][vc_wp_text el_class=\u00a0\u00bbcondiciones-text\u00a0\u00bb] POLITIQUE ENVIRONNEMENTALE La direction g\u00e9n\u00e9rale d\u2019Industrias Murtra consid\u00e8re que l\u2019excellence dans la gestion de l\u2019ensemble des processus et des ressources est un levier optimal pour cr\u00e9er de la valeur pour les personnes: actionnaires, clients, employ\u00e9s et autres parties prenantes. OBJET Le mod\u00e8le de cr\u00e9ation de valeur d\u2019Industrias Murtra repose sur une croissance durable, [&hellip;]<\/p>\n","protected":false},"author":1,"featured_media":0,"parent":0,"menu_order":0,"comment_status":"closed","ping_status":"closed","template":"","meta":{"_acf_changed":false,"footnotes":""},"class_list":["post-5533","page","type-page","status-publish","hentry"],"acf":[],"yoast_head":"<!-- This site is optimized with the Yoast SEO plugin v27.3 - https:\/\/yoast.com\/product\/yoast-seo-wordpress\/ -->\n<title>Politique Environnementale - Murtra<\/title>\n<meta name=\"robots\" content=\"index, follow, max-snippet:-1, max-image-preview:large, max-video-preview:-1\" \/>\n<link rel=\"canonical\" href=\"https:\/\/www.murtra.com\/fr\/politique-environnementale\/\" \/>\n<meta property=\"og:locale\" content=\"fr_FR\" \/>\n<meta property=\"og:type\" content=\"article\" \/>\n<meta property=\"og:title\" content=\"Politique Environnementale - Murtra\" \/>\n<meta property=\"og:description\" content=\"[vc_row][vc_column][vc_wp_text el_class=\u00a0\u00bbcondiciones-text\u00a0\u00bb] POLITIQUE ENVIRONNEMENTALE La direction g\u00e9n\u00e9rale d\u2019Industrias Murtra consid\u00e8re que l\u2019excellence dans la gestion de l\u2019ensemble des processus et des ressources est un levier optimal pour cr\u00e9er de la valeur pour les personnes: actionnaires, clients, employ\u00e9s et autres parties prenantes. OBJET Le mod\u00e8le de cr\u00e9ation de valeur d\u2019Industrias Murtra repose sur une croissance durable, [&hellip;]\" \/>\n<meta property=\"og:url\" content=\"https:\/\/www.murtra.com\/fr\/politique-environnementale\/\" \/>\n<meta property=\"og:site_name\" content=\"Murtra\" \/>\n<meta property=\"article:modified_time\" content=\"2023-07-21T07:12:38+00:00\" \/>\n<meta name=\"twitter:card\" content=\"summary_large_image\" \/>\n<meta name=\"twitter:label1\" content=\"Dur\u00e9e de lecture estim\u00e9e\" \/>\n\t<meta name=\"twitter:data1\" content=\"1 minute\" \/>\n<script type=\"application\/ld+json\" class=\"yoast-schema-graph\">{\"@context\":\"https:\\\/\\\/schema.org\",\"@graph\":[{\"@type\":\"WebPage\",\"@id\":\"https:\\\/\\\/www.murtra.com\\\/fr\\\/politique-environnementale\\\/\",\"url\":\"https:\\\/\\\/www.murtra.com\\\/fr\\\/politique-environnementale\\\/\",\"name\":\"Politique Environnementale - Murtra\",\"isPartOf\":{\"@id\":\"https:\\\/\\\/www.murtra.com\\\/fr\\\/#website\"},\"datePublished\":\"2022-02-07T10:18:23+00:00\",\"dateModified\":\"2023-07-21T07:12:38+00:00\",\"breadcrumb\":{\"@id\":\"https:\\\/\\\/www.murtra.com\\\/fr\\\/politique-environnementale\\\/#breadcrumb\"},\"inLanguage\":\"fr-FR\",\"potentialAction\":[{\"@type\":\"ReadAction\",\"target\":[\"https:\\\/\\\/www.murtra.com\\\/fr\\\/politique-environnementale\\\/\"]}]},{\"@type\":\"BreadcrumbList\",\"@id\":\"https:\\\/\\\/www.murtra.com\\\/fr\\\/politique-environnementale\\\/#breadcrumb\",\"itemListElement\":[{\"@type\":\"ListItem\",\"position\":1,\"name\":\"Home\",\"item\":\"https:\\\/\\\/www.murtra.com\\\/fr\\\/\"},{\"@type\":\"ListItem\",\"position\":2,\"name\":\"Politique Environnementale\"}]},{\"@type\":\"WebSite\",\"@id\":\"https:\\\/\\\/www.murtra.com\\\/fr\\\/#website\",\"url\":\"https:\\\/\\\/www.murtra.com\\\/fr\\\/\",\"name\":\"Murtra Grupo textil industrial\",\"description\":\"Murtra Grupo textil industrial\",\"publisher\":{\"@id\":\"https:\\\/\\\/www.murtra.com\\\/fr\\\/#organization\"},\"potentialAction\":[{\"@type\":\"SearchAction\",\"target\":{\"@type\":\"EntryPoint\",\"urlTemplate\":\"https:\\\/\\\/www.murtra.com\\\/fr\\\/?s={search_term_string}\"},\"query-input\":{\"@type\":\"PropertyValueSpecification\",\"valueRequired\":true,\"valueName\":\"search_term_string\"}}],\"inLanguage\":\"fr-FR\"},{\"@type\":\"Organization\",\"@id\":\"https:\\\/\\\/www.murtra.com\\\/fr\\\/#organization\",\"name\":\"Murtra\",\"url\":\"https:\\\/\\\/www.murtra.com\\\/fr\\\/\",\"logo\":{\"@type\":\"ImageObject\",\"inLanguage\":\"fr-FR\",\"@id\":\"https:\\\/\\\/www.murtra.com\\\/fr\\\/#\\\/schema\\\/logo\\\/image\\\/\",\"url\":\"https:\\\/\\\/www.murtra.com\\\/wp-content\\\/uploads\\\/2021\\\/11\\\/mutra-logo.png\",\"contentUrl\":\"https:\\\/\\\/www.murtra.com\\\/wp-content\\\/uploads\\\/2021\\\/11\\\/mutra-logo.png\",\"width\":156,\"height\":201,\"caption\":\"Murtra\"},\"image\":{\"@id\":\"https:\\\/\\\/www.murtra.com\\\/fr\\\/#\\\/schema\\\/logo\\\/image\\\/\"}}]}<\/script>\n<!-- \/ Yoast SEO plugin. -->","yoast_head_json":{"title":"Politique Environnementale - Murtra","robots":{"index":"index","follow":"follow","max-snippet":"max-snippet:-1","max-image-preview":"max-image-preview:large","max-video-preview":"max-video-preview:-1"},"canonical":"https:\/\/www.murtra.com\/fr\/politique-environnementale\/","og_locale":"fr_FR","og_type":"article","og_title":"Politique Environnementale - Murtra","og_description":"[vc_row][vc_column][vc_wp_text el_class=\u00a0\u00bbcondiciones-text\u00a0\u00bb] POLITIQUE ENVIRONNEMENTALE La direction g\u00e9n\u00e9rale d\u2019Industrias Murtra consid\u00e8re que l\u2019excellence dans la gestion de l\u2019ensemble des processus et des ressources est un levier optimal pour cr\u00e9er de la valeur pour les personnes: actionnaires, clients, employ\u00e9s et autres parties prenantes. OBJET Le mod\u00e8le de cr\u00e9ation de valeur d\u2019Industrias Murtra repose sur une croissance durable, [&hellip;]","og_url":"https:\/\/www.murtra.com\/fr\/politique-environnementale\/","og_site_name":"Murtra","article_modified_time":"2023-07-21T07:12:38+00:00","twitter_card":"summary_large_image","twitter_misc":{"Dur\u00e9e de lecture estim\u00e9e":"1 minute"},"schema":{"@context":"https:\/\/schema.org","@graph":[{"@type":"WebPage","@id":"https:\/\/www.murtra.com\/fr\/politique-environnementale\/","url":"https:\/\/www.murtra.com\/fr\/politique-environnementale\/","name":"Politique Environnementale - Murtra","isPartOf":{"@id":"https:\/\/www.murtra.com\/fr\/#website"},"datePublished":"2022-02-07T10:18:23+00:00","dateModified":"2023-07-21T07:12:38+00:00","breadcrumb":{"@id":"https:\/\/www.murtra.com\/fr\/politique-environnementale\/#breadcrumb"},"inLanguage":"fr-FR","potentialAction":[{"@type":"ReadAction","target":["https:\/\/www.murtra.com\/fr\/politique-environnementale\/"]}]},{"@type":"BreadcrumbList","@id":"https:\/\/www.murtra.com\/fr\/politique-environnementale\/#breadcrumb","itemListElement":[{"@type":"ListItem","position":1,"name":"Home","item":"https:\/\/www.murtra.com\/fr\/"},{"@type":"ListItem","position":2,"name":"Politique Environnementale"}]},{"@type":"WebSite","@id":"https:\/\/www.murtra.com\/fr\/#website","url":"https:\/\/www.murtra.com\/fr\/","name":"Murtra Grupo textil industrial","description":"Murtra Grupo textil industrial","publisher":{"@id":"https:\/\/www.murtra.com\/fr\/#organization"},"potentialAction":[{"@type":"SearchAction","target":{"@type":"EntryPoint","urlTemplate":"https:\/\/www.murtra.com\/fr\/?s={search_term_string}"},"query-input":{"@type":"PropertyValueSpecification","valueRequired":true,"valueName":"search_term_string"}}],"inLanguage":"fr-FR"},{"@type":"Organization","@id":"https:\/\/www.murtra.com\/fr\/#organization","name":"Murtra","url":"https:\/\/www.murtra.com\/fr\/","logo":{"@type":"ImageObject","inLanguage":"fr-FR","@id":"https:\/\/www.murtra.com\/fr\/#\/schema\/logo\/image\/","url":"https:\/\/www.murtra.com\/wp-content\/uploads\/2021\/11\/mutra-logo.png","contentUrl":"https:\/\/www.murtra.com\/wp-content\/uploads\/2021\/11\/mutra-logo.png","width":156,"height":201,"caption":"Murtra"},"image":{"@id":"https:\/\/www.murtra.com\/fr\/#\/schema\/logo\/image\/"}}]}},"_links":{"self":[{"href":"https:\/\/www.murtra.com\/fr\/wp-json\/wp\/v2\/pages\/5533","targetHints":{"allow":["GET"]}}],"collection":[{"href":"https:\/\/www.murtra.com\/fr\/wp-json\/wp\/v2\/pages"}],"about":[{"href":"https:\/\/www.murtra.com\/fr\/wp-json\/wp\/v2\/types\/page"}],"author":[{"embeddable":true,"href":"https:\/\/www.murtra.com\/fr\/wp-json\/wp\/v2\/users\/1"}],"replies":[{"embeddable":true,"href":"https:\/\/www.murtra.com\/fr\/wp-json\/wp\/v2\/comments?post=5533"}],"version-history":[{"count":0,"href":"https:\/\/www.murtra.com\/fr\/wp-json\/wp\/v2\/pages\/5533\/revisions"}],"wp:attachment":[{"href":"https:\/\/www.murtra.com\/fr\/wp-json\/wp\/v2\/media?parent=5533"}],"curies":[{"name":"wp","href":"https:\/\/api.w.org\/{rel}","templated":true}]}}