{"id":5527,"date":"2022-02-07T10:22:12","date_gmt":"2022-02-07T10:22:12","guid":{"rendered":"https:\/\/www.murtra.com\/politica-de-seguridad-y-salud-laboral\/"},"modified":"2023-05-03T07:34:10","modified_gmt":"2023-05-03T07:34:10","slug":"politica-de-seguridad-y-salud-laboral","status":"publish","type":"page","link":"https:\/\/www.murtra.com\/fr\/politique-de-sante-et-de-securite-au-travail\/","title":{"rendered":"Politique de Sant\u00e9 et de S\u00e9curit\u00e9 au Travail"},"content":{"rendered":"<div class=\"wpb-content-wrapper\"><p>[vc_row][vc_column][vc_wp_text el_class=\u00a0\u00bbcondiciones-text\u00a0\u00bb]<\/p>\n<h1>POLITIQUE SANT\u00c9 ET S\u00c9CURIT\u00c9 AU TRAVAIL<\/h1>\n<p>La \u00ab\u00a0politique de s\u00e9curit\u00e9 et sant\u00e9 au travail\u00a0\u00bb vise \u00e0 garantir la s\u00e9curit\u00e9 et la sant\u00e9 au travail de nos travailleurs, en assurant un cadre de travai s\u00fbr et sain, en adoptant les mesures n\u00e9cessaires \u00e0 \u00e9viter les accidents et\/ou les maladies d\u00e9riv\u00e9es du travail.<\/p>\n<p>Pour ce faire, Industrias Murtra assume et promeut les principes fondamentaux suivants, qui doivent r\u00e9gir toutes ses activit\u00e9s:<\/p>\n<ul>\n<li>La qualit\u00e9, la productivit\u00e9 et la rentabilit\u00e9 de ses activit\u00e9s sont aussi importantes que la s\u00e9curit\u00e9 et la sant\u00e9 de ses travailleurs.<\/li>\n<li>La s\u00e9curit\u00e9 des travailleurs doit toujours passer en premier. Tous les accidents doivent \u00eatre \u00e9vit\u00e9s, en y affectant les ressources n\u00e9cessaires et en poursuivant l\u2019objectif \u00ab\u00a0z\u00e9ro accidents\u00a0\u00bb.<\/li>\n<li>G\u00e9rer au sein de chacun des d\u00e9partements de l\u2019entreprise, les risques d\u00e9riv\u00e9s de son activit\u00e9.<\/li>\n<li>Implanter un syst\u00e8me de management qui permette l\u2019identification et la pr\u00e9vention des risques.<\/li>\n<li>Fournir aux travailleurs une protection efficace en mati\u00e8re de sant\u00e9 et de s\u00e9curit\u00e9 au travail.<\/li>\n<li>L\u2019ad\u00e9quation entre employ\u00e9 et poste de travail par la surveillance de la sant\u00e9 et la formation des travailleurs.<\/li>\n<li>La formation et la qualification continue des employ\u00e9s afin d\u2019impliquer chacun des travailleurs et de les sensibiliser \u00e0 l\u2019importance de leur travail sur la s\u00e9curit\u00e9 des personnes, des processus et des installations.<\/li>\n<li>Favorier la participation de tous les travailleurs, en d\u00e9montrant collaboration et pleine conscience.<\/li>\n<li>Collaborer avec les fournisseurs et les sous-traitants en assurant le respect de la r\u00e8glementation applicable en mati\u00e8re de pr\u00e9vention des risques professionnels.<\/li>\n<\/ul>\n<p>[\/vc_wp_text][\/vc_column][\/vc_row]<\/p>\n<\/div>","protected":false},"excerpt":{"rendered":"<p>[vc_row][vc_column][vc_wp_text el_class=\u00a0\u00bbcondiciones-text\u00a0\u00bb] POLITIQUE SANT\u00c9 ET S\u00c9CURIT\u00c9 AU TRAVAIL La \u00ab\u00a0politique de s\u00e9curit\u00e9 et sant\u00e9 au travail\u00a0\u00bb vise \u00e0 garantir la s\u00e9curit\u00e9 et la sant\u00e9 au travail de nos travailleurs, en assurant un cadre de travai s\u00fbr et sain, en adoptant les mesures n\u00e9cessaires \u00e0 \u00e9viter les accidents et\/ou les maladies d\u00e9riv\u00e9es du travail. Pour ce [&hellip;]<\/p>\n","protected":false},"author":1,"featured_media":0,"parent":0,"menu_order":0,"comment_status":"closed","ping_status":"closed","template":"","meta":{"_acf_changed":false,"footnotes":""},"class_list":["post-5527","page","type-page","status-publish","hentry"],"acf":[],"yoast_head":"<!-- This site is optimized with the Yoast SEO plugin v27.3 - https:\/\/yoast.com\/product\/yoast-seo-wordpress\/ -->\n<title>Politique de Sant\u00e9 et de S\u00e9curit\u00e9 au Travail - Murtra<\/title>\n<meta name=\"robots\" content=\"index, follow, max-snippet:-1, max-image-preview:large, max-video-preview:-1\" \/>\n<link rel=\"canonical\" href=\"https:\/\/www.murtra.com\/fr\/politique-de-sante-et-de-securite-au-travail\/\" \/>\n<meta property=\"og:locale\" content=\"fr_FR\" \/>\n<meta property=\"og:type\" content=\"article\" \/>\n<meta property=\"og:title\" content=\"Politique de Sant\u00e9 et de S\u00e9curit\u00e9 au Travail - Murtra\" \/>\n<meta property=\"og:description\" content=\"[vc_row][vc_column][vc_wp_text el_class=\u00a0\u00bbcondiciones-text\u00a0\u00bb] POLITIQUE SANT\u00c9 ET S\u00c9CURIT\u00c9 AU TRAVAIL La \u00ab\u00a0politique de s\u00e9curit\u00e9 et sant\u00e9 au travail\u00a0\u00bb vise \u00e0 garantir la s\u00e9curit\u00e9 et la sant\u00e9 au travail de nos travailleurs, en assurant un cadre de travai s\u00fbr et sain, en adoptant les mesures n\u00e9cessaires \u00e0 \u00e9viter les accidents et\/ou les maladies d\u00e9riv\u00e9es du travail. Pour ce [&hellip;]\" \/>\n<meta property=\"og:url\" content=\"https:\/\/www.murtra.com\/fr\/politique-de-sante-et-de-securite-au-travail\/\" \/>\n<meta property=\"og:site_name\" content=\"Murtra\" \/>\n<meta property=\"article:modified_time\" content=\"2023-05-03T07:34:10+00:00\" \/>\n<meta name=\"twitter:card\" content=\"summary_large_image\" \/>\n<meta name=\"twitter:label1\" content=\"Dur\u00e9e de lecture estim\u00e9e\" \/>\n\t<meta name=\"twitter:data1\" content=\"2 minutes\" \/>\n<script type=\"application\/ld+json\" class=\"yoast-schema-graph\">{\"@context\":\"https:\\\/\\\/schema.org\",\"@graph\":[{\"@type\":\"WebPage\",\"@id\":\"https:\\\/\\\/www.murtra.com\\\/fr\\\/politique-de-sante-et-de-securite-au-travail\\\/\",\"url\":\"https:\\\/\\\/www.murtra.com\\\/fr\\\/politique-de-sante-et-de-securite-au-travail\\\/\",\"name\":\"Politique de Sant\u00e9 et de S\u00e9curit\u00e9 au Travail - Murtra\",\"isPartOf\":{\"@id\":\"https:\\\/\\\/www.murtra.com\\\/fr\\\/#website\"},\"datePublished\":\"2022-02-07T10:22:12+00:00\",\"dateModified\":\"2023-05-03T07:34:10+00:00\",\"breadcrumb\":{\"@id\":\"https:\\\/\\\/www.murtra.com\\\/fr\\\/politique-de-sante-et-de-securite-au-travail\\\/#breadcrumb\"},\"inLanguage\":\"fr-FR\",\"potentialAction\":[{\"@type\":\"ReadAction\",\"target\":[\"https:\\\/\\\/www.murtra.com\\\/fr\\\/politique-de-sante-et-de-securite-au-travail\\\/\"]}]},{\"@type\":\"BreadcrumbList\",\"@id\":\"https:\\\/\\\/www.murtra.com\\\/fr\\\/politique-de-sante-et-de-securite-au-travail\\\/#breadcrumb\",\"itemListElement\":[{\"@type\":\"ListItem\",\"position\":1,\"name\":\"Home\",\"item\":\"https:\\\/\\\/www.murtra.com\\\/fr\\\/\"},{\"@type\":\"ListItem\",\"position\":2,\"name\":\"Politique de Sant\u00e9 et de S\u00e9curit\u00e9 au Travail\"}]},{\"@type\":\"WebSite\",\"@id\":\"https:\\\/\\\/www.murtra.com\\\/fr\\\/#website\",\"url\":\"https:\\\/\\\/www.murtra.com\\\/fr\\\/\",\"name\":\"Murtra Grupo textil industrial\",\"description\":\"Murtra Grupo textil industrial\",\"publisher\":{\"@id\":\"https:\\\/\\\/www.murtra.com\\\/fr\\\/#organization\"},\"potentialAction\":[{\"@type\":\"SearchAction\",\"target\":{\"@type\":\"EntryPoint\",\"urlTemplate\":\"https:\\\/\\\/www.murtra.com\\\/fr\\\/?s={search_term_string}\"},\"query-input\":{\"@type\":\"PropertyValueSpecification\",\"valueRequired\":true,\"valueName\":\"search_term_string\"}}],\"inLanguage\":\"fr-FR\"},{\"@type\":\"Organization\",\"@id\":\"https:\\\/\\\/www.murtra.com\\\/fr\\\/#organization\",\"name\":\"Murtra\",\"url\":\"https:\\\/\\\/www.murtra.com\\\/fr\\\/\",\"logo\":{\"@type\":\"ImageObject\",\"inLanguage\":\"fr-FR\",\"@id\":\"https:\\\/\\\/www.murtra.com\\\/fr\\\/#\\\/schema\\\/logo\\\/image\\\/\",\"url\":\"https:\\\/\\\/www.murtra.com\\\/wp-content\\\/uploads\\\/2021\\\/11\\\/mutra-logo.png\",\"contentUrl\":\"https:\\\/\\\/www.murtra.com\\\/wp-content\\\/uploads\\\/2021\\\/11\\\/mutra-logo.png\",\"width\":156,\"height\":201,\"caption\":\"Murtra\"},\"image\":{\"@id\":\"https:\\\/\\\/www.murtra.com\\\/fr\\\/#\\\/schema\\\/logo\\\/image\\\/\"}}]}<\/script>\n<!-- \/ Yoast SEO plugin. -->","yoast_head_json":{"title":"Politique de Sant\u00e9 et de S\u00e9curit\u00e9 au Travail - Murtra","robots":{"index":"index","follow":"follow","max-snippet":"max-snippet:-1","max-image-preview":"max-image-preview:large","max-video-preview":"max-video-preview:-1"},"canonical":"https:\/\/www.murtra.com\/fr\/politique-de-sante-et-de-securite-au-travail\/","og_locale":"fr_FR","og_type":"article","og_title":"Politique de Sant\u00e9 et de S\u00e9curit\u00e9 au Travail - Murtra","og_description":"[vc_row][vc_column][vc_wp_text el_class=\u00a0\u00bbcondiciones-text\u00a0\u00bb] POLITIQUE SANT\u00c9 ET S\u00c9CURIT\u00c9 AU TRAVAIL La \u00ab\u00a0politique de s\u00e9curit\u00e9 et sant\u00e9 au travail\u00a0\u00bb vise \u00e0 garantir la s\u00e9curit\u00e9 et la sant\u00e9 au travail de nos travailleurs, en assurant un cadre de travai s\u00fbr et sain, en adoptant les mesures n\u00e9cessaires \u00e0 \u00e9viter les accidents et\/ou les maladies d\u00e9riv\u00e9es du travail. Pour ce [&hellip;]","og_url":"https:\/\/www.murtra.com\/fr\/politique-de-sante-et-de-securite-au-travail\/","og_site_name":"Murtra","article_modified_time":"2023-05-03T07:34:10+00:00","twitter_card":"summary_large_image","twitter_misc":{"Dur\u00e9e de lecture estim\u00e9e":"2 minutes"},"schema":{"@context":"https:\/\/schema.org","@graph":[{"@type":"WebPage","@id":"https:\/\/www.murtra.com\/fr\/politique-de-sante-et-de-securite-au-travail\/","url":"https:\/\/www.murtra.com\/fr\/politique-de-sante-et-de-securite-au-travail\/","name":"Politique de Sant\u00e9 et de S\u00e9curit\u00e9 au Travail - Murtra","isPartOf":{"@id":"https:\/\/www.murtra.com\/fr\/#website"},"datePublished":"2022-02-07T10:22:12+00:00","dateModified":"2023-05-03T07:34:10+00:00","breadcrumb":{"@id":"https:\/\/www.murtra.com\/fr\/politique-de-sante-et-de-securite-au-travail\/#breadcrumb"},"inLanguage":"fr-FR","potentialAction":[{"@type":"ReadAction","target":["https:\/\/www.murtra.com\/fr\/politique-de-sante-et-de-securite-au-travail\/"]}]},{"@type":"BreadcrumbList","@id":"https:\/\/www.murtra.com\/fr\/politique-de-sante-et-de-securite-au-travail\/#breadcrumb","itemListElement":[{"@type":"ListItem","position":1,"name":"Home","item":"https:\/\/www.murtra.com\/fr\/"},{"@type":"ListItem","position":2,"name":"Politique de Sant\u00e9 et de S\u00e9curit\u00e9 au Travail"}]},{"@type":"WebSite","@id":"https:\/\/www.murtra.com\/fr\/#website","url":"https:\/\/www.murtra.com\/fr\/","name":"Murtra Grupo textil industrial","description":"Murtra Grupo textil industrial","publisher":{"@id":"https:\/\/www.murtra.com\/fr\/#organization"},"potentialAction":[{"@type":"SearchAction","target":{"@type":"EntryPoint","urlTemplate":"https:\/\/www.murtra.com\/fr\/?s={search_term_string}"},"query-input":{"@type":"PropertyValueSpecification","valueRequired":true,"valueName":"search_term_string"}}],"inLanguage":"fr-FR"},{"@type":"Organization","@id":"https:\/\/www.murtra.com\/fr\/#organization","name":"Murtra","url":"https:\/\/www.murtra.com\/fr\/","logo":{"@type":"ImageObject","inLanguage":"fr-FR","@id":"https:\/\/www.murtra.com\/fr\/#\/schema\/logo\/image\/","url":"https:\/\/www.murtra.com\/wp-content\/uploads\/2021\/11\/mutra-logo.png","contentUrl":"https:\/\/www.murtra.com\/wp-content\/uploads\/2021\/11\/mutra-logo.png","width":156,"height":201,"caption":"Murtra"},"image":{"@id":"https:\/\/www.murtra.com\/fr\/#\/schema\/logo\/image\/"}}]}},"_links":{"self":[{"href":"https:\/\/www.murtra.com\/fr\/wp-json\/wp\/v2\/pages\/5527","targetHints":{"allow":["GET"]}}],"collection":[{"href":"https:\/\/www.murtra.com\/fr\/wp-json\/wp\/v2\/pages"}],"about":[{"href":"https:\/\/www.murtra.com\/fr\/wp-json\/wp\/v2\/types\/page"}],"author":[{"embeddable":true,"href":"https:\/\/www.murtra.com\/fr\/wp-json\/wp\/v2\/users\/1"}],"replies":[{"embeddable":true,"href":"https:\/\/www.murtra.com\/fr\/wp-json\/wp\/v2\/comments?post=5527"}],"version-history":[{"count":0,"href":"https:\/\/www.murtra.com\/fr\/wp-json\/wp\/v2\/pages\/5527\/revisions"}],"wp:attachment":[{"href":"https:\/\/www.murtra.com\/fr\/wp-json\/wp\/v2\/media?parent=5527"}],"curies":[{"name":"wp","href":"https:\/\/api.w.org\/{rel}","templated":true}]}}