{"id":5322,"date":"2022-02-10T07:46:03","date_gmt":"2022-02-10T07:46:03","guid":{"rendered":"https:\/\/www.murtra.com\/decoracion\/"},"modified":"2023-10-26T13:50:46","modified_gmt":"2023-10-26T13:50:46","slug":"decoracion","status":"publish","type":"page","link":"https:\/\/www.murtra.com\/fr\/decoration\/","title":{"rendered":"D\u00e9coration"},"content":{"rendered":"<div class=\"wpb-content-wrapper\"><p>[vc_row full_width=\u00a0\u00bbstretch_row\u00a0\u00bb full_height=\u00a0\u00bbyes\u00a0\u00bb css=\u00a0\u00bb.vc_custom_1668721293329{background-image: url(https:\/\/www.murtra.com\/wp-content\/uploads\/2022\/11\/slider_decoracion-1-1.jpg?id=4119) !important;}\u00a0\u00bb el_class=\u00a0\u00bbslider-industrial-default\u00a0\u00bb][vc_column el_class=\u00a0\u00bbproduct-text category-slider\u00a0\u00bb][vc_wp_text]<\/p>\n<h1 class=\"title-category\" style=\"text-align: center !important;\">D\u00e9coration<\/h1>\n<p>[\/vc_wp_text][vc_wp_text el_class=\u00a0\u00bbtext-default-p\u00a0\u00bb]La division D\u00e9coration du Groupe Murtra est sp\u00e9cialis\u00e9e et apporte des solutions pour la d\u00e9coration de vos fen\u00eatres. Depuis les produits techniques aux articles textiles d\u00e9coratifs: Accessoires, rails, tringles, rideaux et compl\u00e9ments, standard et sur mesure. Con\u00e7us pour satisfaire tous les besoins.[\/vc_wp_text][vc_wp_text el_class=\u00a0\u00bbslider-big-subtitle\u00a0\u00bb]<strong>One window, One solution.<\/strong>[\/vc_wp_text][vc_single_image image=\u00a0\u00bb1561&Prime; img_size=\u00a0\u00bbfull\u00a0\u00bb alignment=\u00a0\u00bbcenter\u00a0\u00bb onclick=\u00a0\u00bbcustom_link\u00a0\u00bb el_class=\u00a0\u00bbslider-down-img\u00a0\u00bb][\/vc_column][\/vc_row][vc_section full_width=\u00a0\u00bbstretch_row_content\u00a0\u00bb css=\u00a0\u00bb.vc_custom_1644481834253{margin-top: 75px !important;margin-bottom: 100px !important;}\u00a0\u00bb el_class=\u00a0\u00bbsection-industrial-cat\u00a0\u00bb][vc_row][vc_column][vc_wp_text el_class=\u00a0\u00bbdelete-p-responsive\u00a0\u00bb]<\/p>\n<h2 class=\"title-category title-left-responsive\" style=\"text-align: center; color: var(--primary-color-1);\">Nos Produits<\/h2>\n<p>[\/vc_wp_text][\/vc_column][\/vc_row][vc_row full_width=\u00a0\u00bbstretch_row_content_no_spaces\u00a0\u00bb gap=\u00a0\u00bb1&Prime; equal_height=\u00a0\u00bbyes\u00a0\u00bb el_class=\u00a0\u00bbhome-decor-cats\u00a0\u00bb][vc_column width=\u00a0\u00bb1\/4&Prime;]<div class='our-products-category cat-products-260' style='background-image: url(https:\/\/www.murtra.com\/wp-content\/uploads\/2023\/05\/e578df28-1a18-4432-85c2-96fabde7cc9e-1.jpg);'><div class='category-section'><div class='category-subsection'><div class='title-cat-section'><a href='https:\/\/www.murtra.com\/fr\/decoration\/rails-decoratifs\/'>Rails D\u00e9coratifs<\/a><\/div><div class='cat-section-div'><div class='subcat-section'><a href='https:\/\/www.murtra.com\/fr\/produit\/decoration\/rails-decoratifs\/rev\/'>REV<span class='fas fa-chevron-right'><\/span><\/a><\/div><div class='subcat-section'><a href='https:\/\/www.murtra.com\/fr\/produit\/decoration\/rails-decoratifs\/at750\/'>AT750<span class='fas fa-chevron-right'><\/span><\/a><\/div><div class='subcat-section'><a href='https:\/\/www.murtra.com\/fr\/produit\/decoration\/rails-decoratifs\/project\/'>PROJECT<span class='fas fa-chevron-right'><\/span><\/a><\/div><\/div><\/div><\/div><\/div>[\/vc_column][vc_column width=\u00a0\u00bb1\/4&Prime;]<div class='our-products-category cat-products-262' style='background-image: url(https:\/\/www.murtra.com\/wp-content\/uploads\/2022\/11\/Decoracion-1.jpg);'><div class='category-section'><div class='category-subsection'><div class='title-cat-section'><a href='https:\/\/www.murtra.com\/fr\/decor\/rails-professionnels\/'>Rails Professionnels<\/a><\/div><div class='cat-section-div'><div class='subcat-section'><a href='https:\/\/www.murtra.com\/fr\/produit\/decoration\/rails-professionnels\/at622\/'>AT622<span class='fas fa-chevron-right'><\/span><\/a><\/div><div class='subcat-section'><a href='https:\/\/www.murtra.com\/fr\/produit\/decoration\/rails-professionnels\/at621\/'>AT621<span class='fas fa-chevron-right'><\/span><\/a><\/div><div class='subcat-section'><a href='https:\/\/www.murtra.com\/fr\/produit\/decoration\/rails-professionnels\/contract\/'>CONTRACT<span class='fas fa-chevron-right'><\/span><\/a><\/div><div class='subcat-section'><a href='https:\/\/www.murtra.com\/fr\/produit\/decoration\/rails-professionnels\/at423\/'>AT423<span class='fas fa-chevron-right'><\/span><\/a><\/div><div class='subcat-section'><a href='https:\/\/www.murtra.com\/fr\/produit\/decoration\/rails-professionnels\/at410\/'>AT410<span class='fas fa-chevron-right'><\/span><\/a><\/div><div class='subcat-section'><a href='https:\/\/www.murtra.com\/fr\/produit\/decoration\/rails-professionnels\/at400\/'>AT400<span class='fas fa-chevron-right'><\/span><\/a><\/div><div class='subcat-section'><a href='https:\/\/www.murtra.com\/fr\/produit\/decoration\/rails-professionnels\/im3\/'>IM3<span class='fas fa-chevron-right'><\/span><\/a><\/div><div class='subcat-section'><a href='https:\/\/www.murtra.com\/fr\/produit\/decoration\/rails-professionnels\/im-professionnel\/'>IM PROFESSIONNEL<span class='fas fa-chevron-right'><\/span><\/a><\/div><\/div><\/div><\/div><\/div>[\/vc_column][vc_column width=\u00a0\u00bb1\/4&Prime;]<div class='our-products-category cat-products-264' style='background-image: url(https:\/\/www.murtra.com\/wp-content\/uploads\/2022\/11\/nuestros_productos_estores_plegables-1.jpg);'><div class='category-section'><div class='category-subsection'><div class='title-cat-section'><a href='https:\/\/www.murtra.com\/fr\/categorie\/stores-pliants\/'>Stores Bateaux<\/a><\/div><div class='cat-section-div'><div class='subcat-section'><a href='https:\/\/www.murtra.com\/fr\/produit\/decoration\/stores-bateaux\/at500\/'>AT500<span class='fas fa-chevron-right'><\/span><\/a><\/div><div class='subcat-section'><a href='https:\/\/www.murtra.com\/fr\/produit\/decoration\/stores-bateaux\/at430\/'>AT430<span class='fas fa-chevron-right'><\/span><\/a><\/div><\/div><\/div><\/div><\/div>[\/vc_column][vc_column width=\u00a0\u00bb1\/4&Prime;]<div class='our-products-category cat-products-268' style='background-image: url(https:\/\/www.murtra.com\/wp-content\/uploads\/2022\/11\/nuestros_productos_panel_japones-1.jpg);'><div class='category-section'><div class='category-subsection'><div class='title-cat-section'><a href='https:\/\/www.murtra.com\/fr\/decoration\/panneau-japonais\/'>Paroi Japonaise<\/a><\/div><div class='cat-section-div'><div class='subcat-section'><a href='https:\/\/www.murtra.com\/fr\/produit\/decoracion\/paroi-japonaise\/at8xx\/'>AT8XX<span class='fas fa-chevron-right'><\/span><\/a><\/div><\/div><\/div><\/div><\/div>[\/vc_column][\/vc_row][vc_row full_width=\u00a0\u00bbstretch_row_content_no_spaces\u00a0\u00bb gap=\u00a0\u00bb1&Prime; equal_height=\u00a0\u00bbyes\u00a0\u00bb el_class=\u00a0\u00bbhome-decor-cats\u00a0\u00bb][vc_column width=\u00a0\u00bb1\/4&Prime;]<div class='our-products-category cat-products-270' style='background-image: url(https:\/\/www.murtra.com\/wp-content\/uploads\/2022\/11\/nuestros_productos_estores_enrollables-1.jpg);'><div class='category-section'><div class='category-subsection'><div class='title-cat-section'><a href='https:\/\/www.murtra.com\/fr\/decoration\/volets-roulants\/'>Stores Enrouleurs<\/a><\/div><div class='cat-section-div'><\/div><\/div><\/div><\/div>[\/vc_column][vc_column width=\u00a0\u00bb1\/4&Prime;]<div class='our-products-category cat-products-266' style='background-image: url(https:\/\/www.murtra.com\/wp-content\/uploads\/2022\/11\/nuestros_productos_motorizados_moving_murtra-1.jpg);'><div class='category-section'><div class='category-subsection'><div class='title-cat-section'><a href='https:\/\/www.murtra.com\/fr\/decoration\/motorise\/'>Syst\u00e8mes \u00e0 Moteur Moving Murtra<\/a><\/div><div class='cat-section-div'><div class='subcat-section'><a href='https:\/\/www.murtra.com\/fr\/produit\/decoration\/moteur\/heavy-duty\/'>RAILS PROFESSIONNELS HEAVY DUTY<span class='fas fa-chevron-right'><\/span><\/a><\/div><div class='subcat-section'><a href='https:\/\/www.murtra.com\/fr\/produit\/deco\/moteur\/at943-at944-at945\/'>RAILS PROFESSIONNELS<span class='fas fa-chevron-right'><\/span><\/a><\/div><div class='subcat-section'><a href='https:\/\/www.murtra.com\/fr\/produit\/deco\/moteur\/at500\/'>STORES BATEAUX<span class='fas fa-chevron-right'><\/span><\/a><\/div><div class='subcat-section'><a href='https:\/\/www.murtra.com\/fr\/produit\/decoration\/motorise\/at520\/'>STORES BATEAUX HEAVY DUTY<span class='fas fa-chevron-right'><\/span><\/a><\/div><div class='subcat-section'><a href='https:\/\/www.murtra.com\/fr\/produit\/deco\/motoriser\/at8x9\/'>PAROI JAPONAISE<span class='fas fa-chevron-right'><\/span><\/a><\/div><div class='subcat-section'><a href='https:\/\/www.murtra.com\/fr\/produit\/deco\/motoriser\/at342\/'>STORES ENROULEURS<span class='fas fa-chevron-right'><\/span><\/a><\/div><\/div><\/div><\/div><\/div>[\/vc_column][vc_column width=\u00a0\u00bb1\/4&Prime; el_class=\u00a0\u00bbdecoracion-cintas-complementos-confeccion\u00a0\u00bb]<div class='our-products-category cat-products-287' style='background-image: url(https:\/\/www.murtra.com\/wp-content\/uploads\/2022\/11\/nuestros_productos_cintas_complementos_confeccion-1.jpg);'><div class='category-section'><div class='category-subsection'><div class='title-cat-section'><a href='https:\/\/www.murtra.com\/fr\/decoration\/rubans-et-complements-couture\/'>Rubans et Accessoires de Confection<\/a><\/div><div class='cat-section-div'><div class='subcat-section'><a href='https:\/\/www.murtra.com\/fr\/producto\/decoracion\/cintas-y-complementos-confeccion\/onda\/'>Onda<span class='fas fa-chevron-right'><\/span><\/a><\/div><div class='subcat-section'><a href='https:\/\/www.murtra.com\/fr\/produit\/decoration\/rubans-et-accessoires-de-confection\/fronceurs\/'>Fronceurs<span class='fas fa-chevron-right'><\/span><\/a><\/div><div class='subcat-section'><a href='https:\/\/www.murtra.com\/fr\/produit\/decoration\/rubans-et-accessoires-de-confection\/renfort\/'>Renfort<span class='fas fa-chevron-right'><\/span><\/a><\/div><div class='subcat-section'><a href='https:\/\/www.murtra.com\/fr\/produit\/decoration\/rubans-et-accessoires-de-confection\/yo-yo\/'>Yo-Yo<span class='fas fa-chevron-right'><\/span><\/a><\/div><div class='subcat-section'><a href='https:\/\/www.murtra.com\/fr\/producto\/decoracion\/cintas-y-complementos-confeccion\/sabidecor\/'>Sabidecor<span class='fas fa-chevron-right'><\/span><\/a><\/div><div class='subcat-section'><a href='https:\/\/www.murtra.com\/fr\/produit\/decoration\/rubans-et-accessoires-de-confection\/thermotape\/'>Thermotape<span class='fas fa-chevron-right'><\/span><\/a><\/div><div class='subcat-section'><a href='https:\/\/www.murtra.com\/fr\/produit\/decoration\/rubans-et-accessoires-de-confection\/accessoires-de-confection\/'>Accessoires de confection<span class='fas fa-chevron-right'><\/span><\/a><\/div><\/div><\/div><\/div><\/div>[\/vc_column][vc_column width=\u00a0\u00bb1\/4&Prime;]<div class='our-products-category cat-products-289' style='background-image: url(https:\/\/www.murtra.com\/wp-content\/uploads\/2023\/05\/nuestros_productos_barras_accesorios_decorativos-1.jpg);'><div class='category-section'><div class='category-subsection'><div class='title-cat-section'><a href='https:\/\/www.murtra.com\/fr\/deco\/barres-et-accessoires-deco\/'>Tringles et Accessoires D\u00e9coratifs<\/a><\/div><div class='cat-section-div'><div class='subcat-section'><a href='https:\/\/www.murtra.com\/fr\/produit\/decoration\/tringle-decorative-air\/barra-decorativa-air-2\/'>TRINGLE D\u00c9CORATIVE AIR<span class='fas fa-chevron-right'><\/span><\/a><\/div><div class='subcat-section'><a href='https:\/\/www.murtra.com\/fr\/produit\/decoration\/tringles-et-accessoires-decoratifs\/tringles-de-vitrage\/'>TRINGLES DE VITRAGE<span class='fas fa-chevron-right'><\/span><\/a><\/div><div class='subcat-section'><a href='https:\/\/www.murtra.com\/fr\/produit\/tringles-et-accessoires-decoratifs\/tringle-salle-de-bains\/'>TRINGLE SALLE DE BAINS<span class='fas fa-chevron-right'><\/span><\/a><\/div><div class='subcat-section'><a href='https:\/\/www.murtra.com\/fr\/produit\/decoration\/tringles-et-accessoires-decoratifs\/sets-de-table\/'>SETS DE TABLE<span class='fas fa-chevron-right'><\/span><\/a><\/div><div class='subcat-section'><a href='https:\/\/www.murtra.com\/fr\/produit\/decoration\/tringles-et-accessoires-decoratifs\/tissu-occultant-muropac\/'>TISSU OCCULTANT MUROPAC<span class='fas fa-chevron-right'><\/span><\/a><\/div><\/div><\/div><\/div><\/div>[\/vc_column][\/vc_row][\/vc_section][vc_row full_width=\u00a0\u00bbstretch_row_content_no_spaces\u00a0\u00bb css=\u00a0\u00bb.vc_custom_1644481804684{margin-top: 0px !important;margin-bottom: 75px !important;}\u00a0\u00bb el_class=\u00a0\u00bbindustrial-posts-relacionados\u00a0\u00bb][vc_column][\/vc_column][\/vc_row][vc_row][vc_column]<div class=\"templatera_shortcode\"><style type=\"text\/css\" data-type=\"vc_shortcodes-custom-css\">.vc_custom_1641973278038{background-color: #4b4f54 !important;}<\/style><div data-vc-full-width=\"true\" data-vc-full-width-temp=\"true\" data-vc-full-width-init=\"false\" class=\"vc_row wpb_row vc_row-fluid contact-width-us contact-width-us-industrial-new contact-white-industrial-template vc_custom_1641973278038 vc_row-has-fill\"><div class=\"search-filter-results-image wpb_column vc_column_container vc_col-sm-6\"><div class=\"vc_column-inner\"><div class=\"wpb_wrapper\"><div  class=\"vc_wp_text wpb_content_element delete-p\"><div class=\"widget widget_text\">\t\t\t<div class=\"textwidget\"><h1 id=\"contacto\" class=\"title-1 section-white\">Contactez-nous<\/h1>\n<\/div>\n\t\t<\/div><\/div><div  class=\"vc_wp_text wpb_content_element contact-text\"><div class=\"widget widget_text\">\t\t\t<div class=\"textwidget\"><p>Notre \u00e9quipe commerciale est \u00e0 votre disposition pour r\u00e9pondre \u00e0 vos besoins. Faites-nous part de vos suggestions et nous vous contacterons dans les plus brefs d\u00e9lais.<\/p>\n<\/div>\n\t\t<\/div><\/div><\/div><\/div><\/div><div class=\"contact-width-us-formulario wpb_column vc_column_container vc_col-sm-6\"><div class=\"vc_column-inner\"><div class=\"wpb_wrapper\">\n<div class=\"wpcf7 no-js\" id=\"wpcf7-f4503-o1\" lang=\"es-ES\" dir=\"ltr\" data-wpcf7-id=\"4503\">\n<div class=\"screen-reader-response\"><p role=\"status\" aria-live=\"polite\" aria-atomic=\"true\"><\/p> <ul><\/ul><\/div>\n<form action=\"\/fr\/wp-json\/wp\/v2\/pages\/5322#wpcf7-f4503-o1\" method=\"post\" class=\"wpcf7-form init\" aria-label=\"Formulario de contacto\" novalidate=\"novalidate\" data-status=\"init\">\n<fieldset class=\"hidden-fields-container\"><input type=\"hidden\" name=\"_wpcf7\" value=\"4503\" \/><input type=\"hidden\" name=\"_wpcf7_version\" value=\"6.1.5\" \/><input type=\"hidden\" name=\"_wpcf7_locale\" value=\"es_ES\" \/><input type=\"hidden\" name=\"_wpcf7_unit_tag\" value=\"wpcf7-f4503-o1\" \/><input type=\"hidden\" name=\"_wpcf7_container_post\" value=\"0\" \/><input type=\"hidden\" name=\"_wpcf7_posted_data_hash\" value=\"\" \/><input type=\"hidden\" name=\"_wpcf7_recaptcha_response\" value=\"\" \/>\n<\/fieldset>\n<div class=\"formulario-default\">\n\t<div class=\"row\">\n\t\t<div class=\"column-1\">\n\t\t\t<p><span class=\"wpcf7-form-control-wrap\" data-name=\"my-name\"><input size=\"40\" maxlength=\"400\" class=\"wpcf7-form-control wpcf7-text wpcf7-validates-as-required\" aria-required=\"true\" aria-invalid=\"false\" placeholder=\"Pr\u00e9nom et nom*\" value=\"\" type=\"text\" name=\"my-name\" \/><\/span>\n\t\t\t<\/p>\n\t\t<\/div>\n\t<\/div>\n\t<div class=\"row\">\n\t\t<div class=\"column-2\">\n\t\t\t<p><span class=\"wpcf7-form-control-wrap\" data-name=\"email\"><input size=\"40\" maxlength=\"400\" class=\"wpcf7-form-control wpcf7-email wpcf7-validates-as-required wpcf7-text wpcf7-validates-as-email\" aria-required=\"true\" aria-invalid=\"false\" placeholder=\"Courriel*\" value=\"\" type=\"email\" name=\"email\" \/><\/span>\n\t\t\t<\/p>\n\t\t<\/div>\n\t\t<div class=\"column-2\">\n\t\t\t<p><span class=\"wpcf7-form-control-wrap\" data-name=\"company\"><input size=\"40\" maxlength=\"400\" class=\"wpcf7-form-control wpcf7-text\" aria-invalid=\"false\" placeholder=\"Entreprise\" value=\"\" type=\"text\" name=\"company\" \/><\/span>\n\t\t\t<\/p>\n\t\t<\/div>\n\t<\/div>\n\t<div class=\"row\">\n\t\t<div class=\"column-1\">\n\t\t\t<p><span class=\"wpcf7-form-control-wrap\" data-name=\"mensaje\"><textarea cols=\"40\" rows=\"10\" maxlength=\"2000\" class=\"wpcf7-form-control wpcf7-textarea wpcf7-validates-as-required\" aria-required=\"true\" aria-invalid=\"false\" placeholder=\"Message*\" name=\"mensaje\"><\/textarea><\/span>\n\t\t\t<\/p>\n\t\t<\/div>\n\t<\/div>\n\t<div class=\"row campos-obligatorios\">\n\t\t<div class=\"column-2\">\n\t\t\t<p><label class=\"privacy-label\"><span class=\"wpcf7-form-control-wrap\" data-name=\"politica-privacidad\"><span class=\"wpcf7-form-control wpcf7-checkbox wpcf7-validates-as-required\"><span class=\"wpcf7-list-item first last\"><input type=\"checkbox\" name=\"politica-privacidad[]\" value=\"\" \/><span class=\"wpcf7-list-item-label\"><\/span><\/span><\/span><\/span> <span class=\"privacy-text\">J'ai lu et j'accepte la <a href=\"https:\/\/www.murtra.com\/fr\/avertissment-legal\/\" target=\"!blank\">Politique de confidentialit\u00e9<\/a>.<\/span><\/label><br \/>\n<label class=\"privacy-label\"><input type='checkbox' id='KLCF_gdpr' name='KLCF_gdpr' value='1'>\n\t\t<label for='KLCF_gdpr'> I agree to receive updates about products or services via email.<\/label><span class=\"privacy-text\">Abonnez-vous \u00e0 la newsletter<\/span><\/label>\n\t\t\t<\/p>\n\t\t<\/div>\n\t\t<div class=\"column-2\">\n\t\t\t<p class=\"campos-obligatorios\">*Champs obligatoires\n\t\t\t<\/p>\n\t\t<\/div>\n\t<\/div>\n\t<div class=\"row\">\n\t\t<div class=\"column-2\">\n\t\t<span class=\"wpcf7-form-control-wrap recaptcha\" data-name=\"recaptcha\"><span data-sitekey=\"6LeKLyIdAAAAAOjIfNndrBtLKHRMpJkhN48PbiZ1\" class=\"wpcf7-form-control wpcf7-recaptcha g-recaptcha\"><\/span>\r\n<noscript>\r\n\t<div class=\"grecaptcha-noscript\">\r\n\t\t<iframe loading=\"lazy\" src=\"https:\/\/www.google.com\/recaptcha\/api\/fallback?k=6LeKLyIdAAAAAOjIfNndrBtLKHRMpJkhN48PbiZ1\" frameborder=\"0\" scrolling=\"no\" width=\"310\" height=\"430\">\r\n\t\t<\/iframe>\r\n\t\t<textarea name=\"g-recaptcha-response\" rows=\"3\" cols=\"40\" placeholder=\"Aqu\u00ed la respuesta de reCAPTCHA\">\r\n\t\t<\/textarea>\r\n\t<\/div>\r\n<\/noscript>\r\n<\/span>\n\t\t<\/div>\n\t\t<div class=\"column-2 boton-enviar\">\n\t\t\t<p><input class=\"wpcf7-form-control wpcf7-submit has-spinner\" type=\"submit\" value=\"Envoyer\" \/>\n\t\t\t<\/p>\n\t\t<\/div>\n\t<\/div>\n<\/div><div class=\"wpcf7-response-output\" aria-hidden=\"true\"><\/div>\n<\/form>\n<\/div>\n<\/div><\/div><\/div><\/div><div class=\"vc_row-full-width vc_clearfix\"><\/div><\/div>[\/vc_column][\/vc_row]<\/p>\n<\/div>","protected":false},"excerpt":{"rendered":"Tissu occultant muropac &nbsp; MUROPAC\u00ae est un tissu 100 % opaque d\u2019Industrias Murtra, sp\u00e9cialement con\u00e7u pour rideaux classiques et contract. Disponible en gamme standard et ignifuge avec certificats Classe 1 (UNE EN 13773:2003). Sp\u00e9cialement con\u00e7u pour obscurcir une pi\u00e8ce sans poser de volet. La composition de MUROPAC\u00ae d\u2019Industrias Murtra est 80 % polyester et 20 [...]","protected":false},"author":1,"featured_media":0,"parent":0,"menu_order":0,"comment_status":"closed","ping_status":"closed","template":"template-decoracion-home.php","meta":{"_acf_changed":false,"footnotes":""},"class_list":["post-5322","page","type-page","status-publish","hentry"],"acf":[],"yoast_head":"<!-- This site is optimized with the Yoast SEO plugin v27.3 - https:\/\/yoast.com\/product\/yoast-seo-wordpress\/ -->\n<title>D\u00e9coration - Murtra<\/title>\n<meta name=\"robots\" content=\"index, follow, max-snippet:-1, max-image-preview:large, max-video-preview:-1\" \/>\n<link rel=\"canonical\" href=\"https:\/\/www.murtra.com\/fr\/decoration\/\" \/>\n<meta property=\"og:locale\" content=\"fr_FR\" \/>\n<meta property=\"og:type\" content=\"article\" \/>\n<meta property=\"og:title\" content=\"D\u00e9coration - Murtra\" \/>\n<meta property=\"og:url\" content=\"https:\/\/www.murtra.com\/fr\/decoration\/\" \/>\n<meta property=\"og:site_name\" content=\"Murtra\" \/>\n<meta property=\"article:modified_time\" content=\"2023-10-26T13:50:46+00:00\" \/>\n<meta name=\"twitter:card\" content=\"summary_large_image\" \/>\n<meta name=\"twitter:label1\" content=\"Dur\u00e9e de lecture estim\u00e9e\" \/>\n\t<meta name=\"twitter:data1\" content=\"1 minute\" \/>\n<script type=\"application\/ld+json\" class=\"yoast-schema-graph\">{\"@context\":\"https:\\\/\\\/schema.org\",\"@graph\":[{\"@type\":\"WebPage\",\"@id\":\"https:\\\/\\\/www.murtra.com\\\/fr\\\/decoration\\\/\",\"url\":\"https:\\\/\\\/www.murtra.com\\\/fr\\\/decoration\\\/\",\"name\":\"D\u00e9coration - Murtra\",\"isPartOf\":{\"@id\":\"https:\\\/\\\/www.murtra.com\\\/fr\\\/#website\"},\"datePublished\":\"2022-02-10T07:46:03+00:00\",\"dateModified\":\"2023-10-26T13:50:46+00:00\",\"breadcrumb\":{\"@id\":\"https:\\\/\\\/www.murtra.com\\\/fr\\\/decoration\\\/#breadcrumb\"},\"inLanguage\":\"fr-FR\",\"potentialAction\":[{\"@type\":\"ReadAction\",\"target\":[\"https:\\\/\\\/www.murtra.com\\\/fr\\\/decoration\\\/\"]}]},{\"@type\":\"BreadcrumbList\",\"@id\":\"https:\\\/\\\/www.murtra.com\\\/fr\\\/decoration\\\/#breadcrumb\",\"itemListElement\":[{\"@type\":\"ListItem\",\"position\":1,\"name\":\"Home\",\"item\":\"https:\\\/\\\/www.murtra.com\\\/fr\\\/\"},{\"@type\":\"ListItem\",\"position\":2,\"name\":\"D\u00e9coration\"}]},{\"@type\":\"WebSite\",\"@id\":\"https:\\\/\\\/www.murtra.com\\\/fr\\\/#website\",\"url\":\"https:\\\/\\\/www.murtra.com\\\/fr\\\/\",\"name\":\"Murtra Grupo textil industrial\",\"description\":\"Murtra Grupo textil industrial\",\"publisher\":{\"@id\":\"https:\\\/\\\/www.murtra.com\\\/fr\\\/#organization\"},\"potentialAction\":[{\"@type\":\"SearchAction\",\"target\":{\"@type\":\"EntryPoint\",\"urlTemplate\":\"https:\\\/\\\/www.murtra.com\\\/fr\\\/?s={search_term_string}\"},\"query-input\":{\"@type\":\"PropertyValueSpecification\",\"valueRequired\":true,\"valueName\":\"search_term_string\"}}],\"inLanguage\":\"fr-FR\"},{\"@type\":\"Organization\",\"@id\":\"https:\\\/\\\/www.murtra.com\\\/fr\\\/#organization\",\"name\":\"Murtra\",\"url\":\"https:\\\/\\\/www.murtra.com\\\/fr\\\/\",\"logo\":{\"@type\":\"ImageObject\",\"inLanguage\":\"fr-FR\",\"@id\":\"https:\\\/\\\/www.murtra.com\\\/fr\\\/#\\\/schema\\\/logo\\\/image\\\/\",\"url\":\"https:\\\/\\\/www.murtra.com\\\/wp-content\\\/uploads\\\/2021\\\/11\\\/mutra-logo.png\",\"contentUrl\":\"https:\\\/\\\/www.murtra.com\\\/wp-content\\\/uploads\\\/2021\\\/11\\\/mutra-logo.png\",\"width\":156,\"height\":201,\"caption\":\"Murtra\"},\"image\":{\"@id\":\"https:\\\/\\\/www.murtra.com\\\/fr\\\/#\\\/schema\\\/logo\\\/image\\\/\"}}]}<\/script>\n<!-- \/ Yoast SEO plugin. -->","yoast_head_json":{"title":"D\u00e9coration - Murtra","robots":{"index":"index","follow":"follow","max-snippet":"max-snippet:-1","max-image-preview":"max-image-preview:large","max-video-preview":"max-video-preview:-1"},"canonical":"https:\/\/www.murtra.com\/fr\/decoration\/","og_locale":"fr_FR","og_type":"article","og_title":"D\u00e9coration - Murtra","og_url":"https:\/\/www.murtra.com\/fr\/decoration\/","og_site_name":"Murtra","article_modified_time":"2023-10-26T13:50:46+00:00","twitter_card":"summary_large_image","twitter_misc":{"Dur\u00e9e de lecture estim\u00e9e":"1 minute"},"schema":{"@context":"https:\/\/schema.org","@graph":[{"@type":"WebPage","@id":"https:\/\/www.murtra.com\/fr\/decoration\/","url":"https:\/\/www.murtra.com\/fr\/decoration\/","name":"D\u00e9coration - Murtra","isPartOf":{"@id":"https:\/\/www.murtra.com\/fr\/#website"},"datePublished":"2022-02-10T07:46:03+00:00","dateModified":"2023-10-26T13:50:46+00:00","breadcrumb":{"@id":"https:\/\/www.murtra.com\/fr\/decoration\/#breadcrumb"},"inLanguage":"fr-FR","potentialAction":[{"@type":"ReadAction","target":["https:\/\/www.murtra.com\/fr\/decoration\/"]}]},{"@type":"BreadcrumbList","@id":"https:\/\/www.murtra.com\/fr\/decoration\/#breadcrumb","itemListElement":[{"@type":"ListItem","position":1,"name":"Home","item":"https:\/\/www.murtra.com\/fr\/"},{"@type":"ListItem","position":2,"name":"D\u00e9coration"}]},{"@type":"WebSite","@id":"https:\/\/www.murtra.com\/fr\/#website","url":"https:\/\/www.murtra.com\/fr\/","name":"Murtra Grupo textil industrial","description":"Murtra Grupo textil industrial","publisher":{"@id":"https:\/\/www.murtra.com\/fr\/#organization"},"potentialAction":[{"@type":"SearchAction","target":{"@type":"EntryPoint","urlTemplate":"https:\/\/www.murtra.com\/fr\/?s={search_term_string}"},"query-input":{"@type":"PropertyValueSpecification","valueRequired":true,"valueName":"search_term_string"}}],"inLanguage":"fr-FR"},{"@type":"Organization","@id":"https:\/\/www.murtra.com\/fr\/#organization","name":"Murtra","url":"https:\/\/www.murtra.com\/fr\/","logo":{"@type":"ImageObject","inLanguage":"fr-FR","@id":"https:\/\/www.murtra.com\/fr\/#\/schema\/logo\/image\/","url":"https:\/\/www.murtra.com\/wp-content\/uploads\/2021\/11\/mutra-logo.png","contentUrl":"https:\/\/www.murtra.com\/wp-content\/uploads\/2021\/11\/mutra-logo.png","width":156,"height":201,"caption":"Murtra"},"image":{"@id":"https:\/\/www.murtra.com\/fr\/#\/schema\/logo\/image\/"}}]}},"_links":{"self":[{"href":"https:\/\/www.murtra.com\/fr\/wp-json\/wp\/v2\/pages\/5322","targetHints":{"allow":["GET"]}}],"collection":[{"href":"https:\/\/www.murtra.com\/fr\/wp-json\/wp\/v2\/pages"}],"about":[{"href":"https:\/\/www.murtra.com\/fr\/wp-json\/wp\/v2\/types\/page"}],"author":[{"embeddable":true,"href":"https:\/\/www.murtra.com\/fr\/wp-json\/wp\/v2\/users\/1"}],"replies":[{"embeddable":true,"href":"https:\/\/www.murtra.com\/fr\/wp-json\/wp\/v2\/comments?post=5322"}],"version-history":[{"count":0,"href":"https:\/\/www.murtra.com\/fr\/wp-json\/wp\/v2\/pages\/5322\/revisions"}],"wp:attachment":[{"href":"https:\/\/www.murtra.com\/fr\/wp-json\/wp\/v2\/media?parent=5322"}],"curies":[{"name":"wp","href":"https:\/\/api.w.org\/{rel}","templated":true}]}}