{"id":2070,"date":"2021-11-08T11:18:46","date_gmt":"2021-11-08T11:18:46","guid":{"rendered":"https:\/\/www.murtra.com\/home\/"},"modified":"2023-07-21T09:17:18","modified_gmt":"2023-07-21T09:17:18","slug":"home","status":"publish","type":"page","link":"https:\/\/www.murtra.com\/fr\/","title":{"rendered":"Maison"},"content":{"rendered":"<div class=\"wpb-content-wrapper\"><p>[vc_row full_width=\u00a0\u00bbstretch_row_content_no_spaces\u00a0\u00bb full_height=\u00a0\u00bbyes\u00a0\u00bb columns_placement=\u00a0\u00bbstretch\u00a0\u00bb equal_height=\u00a0\u00bbyes\u00a0\u00bb el_class=\u00a0\u00bbfirst-section-home\u00a0\u00bb css=\u00a0\u00bb.vc_custom_1638459677086{margin-bottom: 100px !important;}\u00a0\u00bb][vc_column width=\u00a0\u00bb1\/2&Prime;]<div class='module-home-first-section' style='background-image: url(https:\/\/www.murtra.com\/wp-content\/uploads\/2022\/11\/Decoracion-1.jpg)'><a href='https:\/\/www.murtra.com\/fr\/decor\/'><div class='module-hover' style='background: #b7a99a;'><\/div><div class='module-content'><div class='module-title'>D\u00e9coration<\/div><div class='module-text'>La division D\u00e9coration du Groupe Murtra est sp\u00e9cialis\u00e9e et apporte des solutions pour la d\u00e9coration de vos fen\u00eatres. Depuis les produits techniques aux articles textiles d\u00e9coratifs : accessoires, rails, tringles, rideaux et compl\u00e9ments, standard et sur mesure.<\/div><div class='module-subtitle'><span class='span-link'>One window, One solution.<span class='fas fa-chevron-right'><\/span><\/span><\/div><\/div><\/a><\/div>[\/vc_column][vc_column width=\u00a0\u00bb1\/2&Prime;]<div class='module-home-first-section' style='background-image: url(https:\/\/www.murtra.com\/wp-content\/uploads\/2022\/11\/Industrial-1.jpg)'><a href='https:\/\/www.murtra.com\/fr\/industriel\/'><div class='module-hover' style='background: #ffc845;'><\/div><div class='module-content'><div class='module-title'>Industrielle<\/div><div class='module-text'>La division Industriel du Groupe Murtra est sp\u00e9cialis\u00e9e et apporte des solutions techniques pour l\u2019industrie. Depuis les rubans rigides \u00e0 usage industriel et les slings aux harnais ou \u00e9quipements militaires, entre autres.<\/div><div class='module-subtitle'><span class='span-link'>We work for your safety.<span class='fas fa-chevron-right'><\/span><\/span><\/div><\/div><\/a><\/div>[\/vc_column][\/vc_row][vc_row el_class=\u00a0\u00bbdisplay-none-desktop home-quienes-somos home-quienes-somos-1&Prime;][vc_column el_class=\u00a0\u00bbproduct-text quienes-somos-text\u00a0\u00bb][vc_wp_text]<\/p>\n<h1 class=\"title-category\">ENTREPRISE<\/h1>\n<p>[\/vc_wp_text][\/vc_column][\/vc_row][vc_row full_width=\u00a0\u00bbstretch_row_content_no_spaces\u00a0\u00bb equal_height=\u00a0\u00bbyes\u00a0\u00bb el_class=\u00a0\u00bbhome-quienes-somos home-quienes-somos-2&Prime;][vc_column width=\u00a0\u00bb1\/2&Prime; css=\u00a0\u00bb.vc_custom_1669015273594{background-image: url(https:\/\/www.murtra.com\/wp-content\/uploads\/2022\/11\/Empresa-1.jpg?id=4161) !important;}\u00a0\u00bb el_class=\u00a0\u00bbquienes-somos-image\u00a0\u00bb][\/vc_column][vc_column width=\u00a0\u00bb1\/2&Prime; el_class=\u00a0\u00bbproduct-text quienes-somos-text\u00a0\u00bb][vc_wp_text el_class=\u00a0\u00bbdisplay-none-responsive\u00a0\u00bb]<\/p>\n<h1 class=\"title-category\">ENTREPRISE<\/h1>\n<p>[\/vc_wp_text][vc_wp_text el_class=\u00a0\u00bbtext-default-p\u00a0\u00bb]En droite ligne avec l\u2019innovation et fort de plus de 125 ans d\u2019histoire, Industrias Murtra fabrique et con\u00e7oit des \u00e9lingues et des rubans pour le secteur de l\u2019industrie et des rubans, composants et accessoires d\u00e9coratifs pour l\u2019installation et la confection de rideaux. Le tout dans l\u2019optique de d\u00e9velopper la meilleure mani\u00e8re de faire les choses, \u00e0 la recherche de la perfection, et d\u2019en faire un mod\u00e8le \u00e0 suivre pour affronter les nouveaux d\u00e9fis.[\/vc_wp_text][vc_wp_text el_class=\u00a0\u00bbproduct-text\u00a0\u00bb]<a class=\"link-product link-product-no-padding\" href=\"https:\/\/www.murtra.com\/fr\/entreprise\/\">En savoir plus<\/a>[\/vc_wp_text][\/vc_column][\/vc_row][vc_row full_width=\u00a0\u00bbstretch_row_content_no_spaces\u00a0\u00bb css=\u00a0\u00bb.vc_custom_1640951521211{margin-top: 125px !important;margin-bottom: 125px !important;}\u00a0\u00bb el_class=\u00a0\u00bbindustrial-posts-relacionados\u00a0\u00bb][vc_column][\/vc_column][\/vc_row][vc_row][vc_column]<div class=\"templatera_shortcode\"><style type=\"text\/css\" data-type=\"vc_shortcodes-custom-css\">.vc_custom_1641973278038{background-color: #4b4f54 !important;}<\/style><div data-vc-full-width=\"true\" data-vc-full-width-temp=\"true\" data-vc-full-width-init=\"false\" class=\"vc_row wpb_row vc_row-fluid contact-width-us contact-width-us-industrial-new contact-white-industrial-template vc_custom_1641973278038 vc_row-has-fill\"><div class=\"search-filter-results-image wpb_column vc_column_container vc_col-sm-6\"><div class=\"vc_column-inner\"><div class=\"wpb_wrapper\"><div  class=\"vc_wp_text wpb_content_element delete-p\"><div class=\"widget widget_text\">\t\t\t<div class=\"textwidget\"><h1 id=\"contacto\" class=\"title-1 section-white\">Contactez-nous<\/h1>\n<\/div>\n\t\t<\/div><\/div><div  class=\"vc_wp_text wpb_content_element contact-text\"><div class=\"widget widget_text\">\t\t\t<div class=\"textwidget\"><p>Notre \u00e9quipe commerciale est \u00e0 votre disposition pour r\u00e9pondre \u00e0 vos besoins. Faites-nous part de vos suggestions et nous vous contacterons dans les plus brefs d\u00e9lais.<\/p>\n<\/div>\n\t\t<\/div><\/div><\/div><\/div><\/div><div class=\"contact-width-us-formulario wpb_column vc_column_container vc_col-sm-6\"><div class=\"vc_column-inner\"><div class=\"wpb_wrapper\">\n<div class=\"wpcf7 no-js\" id=\"wpcf7-f5555-o1\" lang=\"es-ES\" dir=\"ltr\" data-wpcf7-id=\"5555\">\n<div class=\"screen-reader-response\"><p role=\"status\" aria-live=\"polite\" aria-atomic=\"true\"><\/p> <ul><\/ul><\/div>\n<form action=\"\/fr\/wp-json\/wp\/v2\/pages\/2070#wpcf7-f5555-o1\" method=\"post\" class=\"wpcf7-form init\" aria-label=\"Formulario de contacto\" novalidate=\"novalidate\" data-status=\"init\">\n<fieldset class=\"hidden-fields-container\"><input type=\"hidden\" name=\"_wpcf7\" value=\"5555\" \/><input type=\"hidden\" name=\"_wpcf7_version\" value=\"6.1.5\" \/><input type=\"hidden\" name=\"_wpcf7_locale\" value=\"es_ES\" \/><input type=\"hidden\" name=\"_wpcf7_unit_tag\" value=\"wpcf7-f5555-o1\" \/><input type=\"hidden\" name=\"_wpcf7_container_post\" value=\"0\" \/><input type=\"hidden\" name=\"_wpcf7_posted_data_hash\" value=\"\" \/><input type=\"hidden\" name=\"_wpcf7_recaptcha_response\" value=\"\" \/>\n<\/fieldset>\n<div class=\"formulario-default\">\n\t<div class=\"row\">\n\t\t<div class=\"column-1\">\n\t\t\t<p><span class=\"wpcf7-form-control-wrap\" data-name=\"my-name\"><input size=\"40\" maxlength=\"400\" class=\"wpcf7-form-control wpcf7-text wpcf7-validates-as-required\" aria-required=\"true\" aria-invalid=\"false\" placeholder=\"Pr\u00e9nom et nom*\" value=\"\" type=\"text\" name=\"my-name\" \/><\/span>\n\t\t\t<\/p>\n\t\t<\/div>\n\t<\/div>\n\t<div class=\"row\">\n\t\t<div class=\"column-2\">\n\t\t\t<p><span class=\"wpcf7-form-control-wrap\" data-name=\"email\"><input size=\"40\" maxlength=\"400\" class=\"wpcf7-form-control wpcf7-email wpcf7-validates-as-required wpcf7-text wpcf7-validates-as-email\" aria-required=\"true\" aria-invalid=\"false\" placeholder=\"Courriel*\" value=\"\" type=\"email\" name=\"email\" \/><\/span>\n\t\t\t<\/p>\n\t\t<\/div>\n\t\t<div class=\"column-2\">\n\t\t\t<p><span class=\"wpcf7-form-control-wrap\" data-name=\"company\"><input size=\"40\" maxlength=\"400\" class=\"wpcf7-form-control wpcf7-text\" aria-invalid=\"false\" placeholder=\"Entreprise\" value=\"\" type=\"text\" name=\"company\" \/><\/span>\n\t\t\t<\/p>\n\t\t<\/div>\n\t<\/div>\n\t<div class=\"row\">\n\t\t<div class=\"column-2\">\n\t\t\t<p><span class=\"wpcf7-form-control-wrap\" data-name=\"subject\"><input size=\"40\" maxlength=\"400\" class=\"wpcf7-form-control wpcf7-text wpcf7-validates-as-required\" aria-required=\"true\" aria-invalid=\"false\" placeholder=\"Objet\" value=\"\" type=\"text\" name=\"subject\" \/><\/span>\n\t\t\t<\/p>\n\t\t<\/div>\n\t\t<div class=\"column-2\">\n\t\t\t<p><span class=\"wpcf7-form-control-wrap\" data-name=\"division\"><select class=\"wpcf7-form-control wpcf7-select wpcf7-validates-as-required\" aria-required=\"true\" aria-invalid=\"false\" name=\"division\"><option value=\"\">&#8212;Por favor, elige una opci\u00f3n&#8212;<\/option><option value=\"D\u00e9cor\">D\u00e9cor<\/option><option value=\"Industriel\">Industriel<\/option><\/select><\/span>\n\t\t\t<\/p>\n\t\t<\/div>\n\t<\/div>\n\t<div class=\"row\">\n\t\t<div class=\"column-1\">\n\t\t\t<p><span class=\"wpcf7-form-control-wrap\" data-name=\"mensaje\"><textarea cols=\"40\" rows=\"10\" maxlength=\"2000\" class=\"wpcf7-form-control wpcf7-textarea wpcf7-validates-as-required\" aria-required=\"true\" aria-invalid=\"false\" placeholder=\"Message*\" name=\"mensaje\"><\/textarea><\/span>\n\t\t\t<\/p>\n\t\t<\/div>\n\t<\/div>\n\t<div class=\"row campos-obligatorios\">\n\t\t<div class=\"column-2\">\n\t\t\t<p><label class=\"privacy-label\"><span class=\"wpcf7-form-control-wrap\" data-name=\"politica-privacidad\"><span class=\"wpcf7-form-control wpcf7-checkbox wpcf7-validates-as-required\"><span class=\"wpcf7-list-item first last\"><input type=\"checkbox\" name=\"politica-privacidad[]\" value=\"\" \/><span class=\"wpcf7-list-item-label\"><\/span><\/span><\/span><\/span> <span class=\"privacy-text\">J'ai lu et accepte la <a href=\"https:\/\/www.murtra.com\/fr\/avertissment-legal\/\" target=\"!blank\">Politique de Confidentialit\u00e9<\/a>.<\/span><\/label><br \/>\n<label class=\"privacy-label\"><span class=\"privacy-text\">Abonnez-vous \u00e0 la newsletter<\/span><\/label>\n\t\t\t<\/p>\n\t\t<\/div>\n\t\t<div class=\"column-2\">\n\t\t\t<p class=\"campos-obligatorios\">* Les champs obligatoires\n\t\t\t<\/p>\n\t\t<\/div>\n\t<\/div>\n\t<div class=\"row\">\n\t\t<div class=\"column-2\">\n\t\t<span class=\"wpcf7-form-control-wrap recaptcha\" data-name=\"recaptcha\"><span data-sitekey=\"6LeKLyIdAAAAAOjIfNndrBtLKHRMpJkhN48PbiZ1\" class=\"wpcf7-form-control wpcf7-recaptcha g-recaptcha\"><\/span>\r\n<noscript>\r\n\t<div class=\"grecaptcha-noscript\">\r\n\t\t<iframe loading=\"lazy\" src=\"https:\/\/www.google.com\/recaptcha\/api\/fallback?k=6LeKLyIdAAAAAOjIfNndrBtLKHRMpJkhN48PbiZ1\" frameborder=\"0\" scrolling=\"no\" width=\"310\" height=\"430\">\r\n\t\t<\/iframe>\r\n\t\t<textarea name=\"g-recaptcha-response\" rows=\"3\" cols=\"40\" placeholder=\"Aqu\u00ed la respuesta de reCAPTCHA\">\r\n\t\t<\/textarea>\r\n\t<\/div>\r\n<\/noscript>\r\n<\/span>\n\t\t<\/div>\n\t\t<div class=\"column-2 boton-enviar\">\n\t\t\t<p><input class=\"wpcf7-form-control wpcf7-submit has-spinner\" type=\"submit\" value=\"Envoyer\" \/>\n\t\t\t<\/p>\n\t\t<\/div>\n\t<\/div>\n<\/div>\n<div class=\"display-none\">\n\t<p><span class=\"wpcf7-form-control-wrap\" data-name=\"correo-enviar\"><input size=\"40\" maxlength=\"400\" class=\"wpcf7-form-control wpcf7-text wpcf7-validates-as-required enviar-correo\" aria-required=\"true\" aria-invalid=\"false\" value=\"\" type=\"text\" name=\"correo-enviar\" \/><\/span>\n\t<\/p>\n<\/div>\n<p><script>\njQuery(document).ready(function($){\nfunction comprobarCampo(){\nlet divisionText = $(\".division > select option\").filter(':selected').val();\nif(divisionText == \"Decoraci\u00f3n\"){\n$(\".correo-enviar > input\").val(\"decoracion@murtra.com\");\n}\nelse if(divisionText == \"Industrial\"){\n$(\".correo-enviar > input\").val(\"industrial@murtra.com\");\n}\n}\ncomprobarCampo();\n$(\".division > select\").change(function() {\n comprobarCampo();\n});\n});\n<\/script>\n<\/p><div class=\"wpcf7-response-output\" aria-hidden=\"true\"><\/div>\n<\/form>\n<\/div>\n<\/div><\/div><\/div><\/div><div class=\"vc_row-full-width vc_clearfix\"><\/div><\/div>[\/vc_column][\/vc_row]<\/p>\n<\/div>","protected":false},"excerpt":{"rendered":"D\u00e9corationLa division D\u00e9coration du Groupe Murtra est sp\u00e9cialis\u00e9e et apporte des solutions pour la d\u00e9coration de vos fen\u00eatres. Depuis les produits techniques aux articles textiles d\u00e9coratifs : accessoires, rails, tringles, rideaux et compl\u00e9ments, standard et sur mesure.One window, One solution.IndustrielleLa division Industriel du Groupe Murtra est sp\u00e9cialis\u00e9e et apporte des solutions techniques pour l\u2019industrie. Depuis [...]","protected":false},"author":1,"featured_media":0,"parent":0,"menu_order":0,"comment_status":"closed","ping_status":"closed","template":"template-default-home.php","meta":{"_acf_changed":false,"footnotes":""},"class_list":["post-2070","page","type-page","status-publish","hentry"],"acf":[],"yoast_head":"<!-- This site is optimized with the Yoast SEO plugin v27.3 - https:\/\/yoast.com\/product\/yoast-seo-wordpress\/ -->\n<title>Maison - Murtra<\/title>\n<meta name=\"robots\" content=\"index, follow, max-snippet:-1, max-image-preview:large, max-video-preview:-1\" \/>\n<link rel=\"canonical\" href=\"https:\/\/www.murtra.com\/fr\/\" \/>\n<meta property=\"og:locale\" content=\"fr_FR\" \/>\n<meta property=\"og:type\" content=\"article\" \/>\n<meta property=\"og:title\" content=\"Maison - Murtra\" \/>\n<meta property=\"og:url\" content=\"https:\/\/www.murtra.com\/fr\/\" \/>\n<meta property=\"og:site_name\" content=\"Murtra\" \/>\n<meta property=\"article:modified_time\" content=\"2023-07-21T09:17:18+00:00\" \/>\n<meta name=\"twitter:card\" content=\"summary_large_image\" \/>\n<meta name=\"twitter:label1\" content=\"Dur\u00e9e de lecture estim\u00e9e\" \/>\n\t<meta name=\"twitter:data1\" content=\"1 minute\" \/>\n<script type=\"application\/ld+json\" class=\"yoast-schema-graph\">{\"@context\":\"https:\\\/\\\/schema.org\",\"@graph\":[{\"@type\":\"WebPage\",\"@id\":\"https:\\\/\\\/www.murtra.com\\\/fr\\\/\",\"url\":\"https:\\\/\\\/www.murtra.com\\\/fr\\\/\",\"name\":\"Maison - Murtra\",\"isPartOf\":{\"@id\":\"https:\\\/\\\/www.murtra.com\\\/fr\\\/#website\"},\"datePublished\":\"2021-11-08T11:18:46+00:00\",\"dateModified\":\"2023-07-21T09:17:18+00:00\",\"breadcrumb\":{\"@id\":\"https:\\\/\\\/www.murtra.com\\\/fr\\\/#breadcrumb\"},\"inLanguage\":\"fr-FR\",\"potentialAction\":[{\"@type\":\"ReadAction\",\"target\":[\"https:\\\/\\\/www.murtra.com\\\/fr\\\/\"]}]},{\"@type\":\"BreadcrumbList\",\"@id\":\"https:\\\/\\\/www.murtra.com\\\/fr\\\/#breadcrumb\",\"itemListElement\":[{\"@type\":\"ListItem\",\"position\":1,\"name\":\"Home\",\"item\":\"https:\\\/\\\/www.murtra.com\\\/fr\\\/\"},{\"@type\":\"ListItem\",\"position\":2,\"name\":\"Maison\"}]},{\"@type\":\"WebSite\",\"@id\":\"https:\\\/\\\/www.murtra.com\\\/fr\\\/#website\",\"url\":\"https:\\\/\\\/www.murtra.com\\\/fr\\\/\",\"name\":\"Murtra Grupo textil industrial\",\"description\":\"Murtra Grupo textil industrial\",\"publisher\":{\"@id\":\"https:\\\/\\\/www.murtra.com\\\/fr\\\/#organization\"},\"potentialAction\":[{\"@type\":\"SearchAction\",\"target\":{\"@type\":\"EntryPoint\",\"urlTemplate\":\"https:\\\/\\\/www.murtra.com\\\/fr\\\/?s={search_term_string}\"},\"query-input\":{\"@type\":\"PropertyValueSpecification\",\"valueRequired\":true,\"valueName\":\"search_term_string\"}}],\"inLanguage\":\"fr-FR\"},{\"@type\":\"Organization\",\"@id\":\"https:\\\/\\\/www.murtra.com\\\/fr\\\/#organization\",\"name\":\"Murtra\",\"url\":\"https:\\\/\\\/www.murtra.com\\\/fr\\\/\",\"logo\":{\"@type\":\"ImageObject\",\"inLanguage\":\"fr-FR\",\"@id\":\"https:\\\/\\\/www.murtra.com\\\/fr\\\/#\\\/schema\\\/logo\\\/image\\\/\",\"url\":\"https:\\\/\\\/www.murtra.com\\\/wp-content\\\/uploads\\\/2021\\\/11\\\/mutra-logo.png\",\"contentUrl\":\"https:\\\/\\\/www.murtra.com\\\/wp-content\\\/uploads\\\/2021\\\/11\\\/mutra-logo.png\",\"width\":156,\"height\":201,\"caption\":\"Murtra\"},\"image\":{\"@id\":\"https:\\\/\\\/www.murtra.com\\\/fr\\\/#\\\/schema\\\/logo\\\/image\\\/\"}}]}<\/script>\n<!-- \/ Yoast SEO plugin. -->","yoast_head_json":{"title":"Maison - Murtra","robots":{"index":"index","follow":"follow","max-snippet":"max-snippet:-1","max-image-preview":"max-image-preview:large","max-video-preview":"max-video-preview:-1"},"canonical":"https:\/\/www.murtra.com\/fr\/","og_locale":"fr_FR","og_type":"article","og_title":"Maison - Murtra","og_url":"https:\/\/www.murtra.com\/fr\/","og_site_name":"Murtra","article_modified_time":"2023-07-21T09:17:18+00:00","twitter_card":"summary_large_image","twitter_misc":{"Dur\u00e9e de lecture estim\u00e9e":"1 minute"},"schema":{"@context":"https:\/\/schema.org","@graph":[{"@type":"WebPage","@id":"https:\/\/www.murtra.com\/fr\/","url":"https:\/\/www.murtra.com\/fr\/","name":"Maison - Murtra","isPartOf":{"@id":"https:\/\/www.murtra.com\/fr\/#website"},"datePublished":"2021-11-08T11:18:46+00:00","dateModified":"2023-07-21T09:17:18+00:00","breadcrumb":{"@id":"https:\/\/www.murtra.com\/fr\/#breadcrumb"},"inLanguage":"fr-FR","potentialAction":[{"@type":"ReadAction","target":["https:\/\/www.murtra.com\/fr\/"]}]},{"@type":"BreadcrumbList","@id":"https:\/\/www.murtra.com\/fr\/#breadcrumb","itemListElement":[{"@type":"ListItem","position":1,"name":"Home","item":"https:\/\/www.murtra.com\/fr\/"},{"@type":"ListItem","position":2,"name":"Maison"}]},{"@type":"WebSite","@id":"https:\/\/www.murtra.com\/fr\/#website","url":"https:\/\/www.murtra.com\/fr\/","name":"Murtra Grupo textil industrial","description":"Murtra Grupo textil industrial","publisher":{"@id":"https:\/\/www.murtra.com\/fr\/#organization"},"potentialAction":[{"@type":"SearchAction","target":{"@type":"EntryPoint","urlTemplate":"https:\/\/www.murtra.com\/fr\/?s={search_term_string}"},"query-input":{"@type":"PropertyValueSpecification","valueRequired":true,"valueName":"search_term_string"}}],"inLanguage":"fr-FR"},{"@type":"Organization","@id":"https:\/\/www.murtra.com\/fr\/#organization","name":"Murtra","url":"https:\/\/www.murtra.com\/fr\/","logo":{"@type":"ImageObject","inLanguage":"fr-FR","@id":"https:\/\/www.murtra.com\/fr\/#\/schema\/logo\/image\/","url":"https:\/\/www.murtra.com\/wp-content\/uploads\/2021\/11\/mutra-logo.png","contentUrl":"https:\/\/www.murtra.com\/wp-content\/uploads\/2021\/11\/mutra-logo.png","width":156,"height":201,"caption":"Murtra"},"image":{"@id":"https:\/\/www.murtra.com\/fr\/#\/schema\/logo\/image\/"}}]}},"_links":{"self":[{"href":"https:\/\/www.murtra.com\/fr\/wp-json\/wp\/v2\/pages\/2070","targetHints":{"allow":["GET"]}}],"collection":[{"href":"https:\/\/www.murtra.com\/fr\/wp-json\/wp\/v2\/pages"}],"about":[{"href":"https:\/\/www.murtra.com\/fr\/wp-json\/wp\/v2\/types\/page"}],"author":[{"embeddable":true,"href":"https:\/\/www.murtra.com\/fr\/wp-json\/wp\/v2\/users\/1"}],"replies":[{"embeddable":true,"href":"https:\/\/www.murtra.com\/fr\/wp-json\/wp\/v2\/comments?post=2070"}],"version-history":[{"count":0,"href":"https:\/\/www.murtra.com\/fr\/wp-json\/wp\/v2\/pages\/2070\/revisions"}],"wp:attachment":[{"href":"https:\/\/www.murtra.com\/fr\/wp-json\/wp\/v2\/media?parent=2070"}],"curies":[{"name":"wp","href":"https:\/\/api.w.org\/{rel}","templated":true}]}}